{"id":5945,"date":"2025-07-29T06:29:07","date_gmt":"2025-07-29T06:29:07","guid":{"rendered":"https:\/\/puffvapestore.com\/?post_type=product&#038;p=5945"},"modified":"2026-02-05T03:54:29","modified_gmt":"2026-02-05T03:54:29","slug":"raspberry-mojito-peach-ice-strawberry-watermelon-kiwi-passion-fruit-guava-bang-leader-80k","status":"publish","type":"product","link":"https:\/\/puffvapestore.com\/es\/product\/frambuesa-mojito-melocoton-helado-fresa-sandia-kiwi-fruta-de-la-pasion-guayaba-bang-leader-80k\/","title":{"rendered":"Frambuesa Mojito Melocot\u00f3n Helado y Fresa Sand\u00eda y Kiwi Fruta de la Pasi\u00f3n Guayaba - Bang Leader 80K 3 en 1 Triple Sabor"},"content":{"rendered":"<div data-elementor-type=\"wp-post\" data-elementor-id=\"5945\" class=\"elementor elementor-5945\">\n\t\t\t\t<div class=\"elementor-element elementor-element-08c26f9 e-flex e-con-boxed e-con e-parent\" data-id=\"08c26f9\" data-element_type=\"container\" data-e-type=\"container\">\n\t\t\t\t\t<div class=\"e-con-inner\">\n\t\t\t\t<div class=\"elementor-element elementor-element-a005a97 elementor-widget elementor-widget-text-editor\" data-id=\"a005a97\" data-element_type=\"widget\" data-e-type=\"widget\" data-widget_type=\"text-editor.default\">\n\t\t\t\t<div class=\"elementor-widget-container\">\n\t\t\t\t\t\t\t\t\t<p>Bang Leader 80000 3 en 1 Raspberry Mojito Iced Peach &amp; Strawberry Watermelon &amp; Kiwi Passion Fruit Guava ofrece una combinaci\u00f3n de tres sabores tropicales y afrutados: \u00abRaspberry Mojito Iced Peach\u00bb, \u00abStrawberry Watermelon\u00bb y \u00abKiwi Passion Fruit Guava\u00bb. Este sabor de cigarrillo electr\u00f3nico tres en uno ofrece una fusi\u00f3n de frutas, un equilibrio agridulce y una sensaci\u00f3n helada, con matices complejos pero claros, ideal para los aficionados a los cigarrillos electr\u00f3nicos que disfrutan con los sabores afrutados.<\/p><h2>Mojito helado de frambuesa y melocot\u00f3n<\/h2><p>Refrescante base de Mojito: Los elementos cl\u00e1sicos del Mojito - lima y menta - proporcionan un refrescante frescor nada m\u00e1s inhalar, dando la impresi\u00f3n de estar disfrutando de una bebida helada junto al mar en pleno verano.<\/p><p>El sabor picante a frambuesa es potente y penetrante, con una acidez \u00fanica y un aroma a frutos rojos muy refrescante.<\/p><p>El melocot\u00f3n es redondo y suavemente equilibrado: su sabor no es exagerado, sino m\u00e1s bien una dulzura c\u00e1lida, como un pur\u00e9 de frutas, que neutraliza delicadamente la acidez de la menta al principio del paladar, haciendo que el conjunto sea m\u00e1s completo.<\/p><p>La sensaci\u00f3n de frescor en el final persiste durante largo tiempo, con un ligero regusto a menta.<\/p><h2>Sand\u00eda Fresa<\/h2><p>La sand\u00eda es el ingrediente principal, con un dulzor pleno y refrescante: a diferencia de los caramelos artificiales de sand\u00eda, este sabor a sand\u00eda se parece m\u00e1s al zumo de la pulpa de fruta fresca.<\/p><p>La fresa realza el aroma, el dulzor y la suavidad: la fresa revela un toque l\u00e1cteo que se funde con los aromas afrutados, haciendo que el dulzor general sea m\u00e1s agradable y no graso.<\/p><h2>Kiwi, fruta de la pasi\u00f3n, guayaba<\/h2><p>El kiwi tiene una base acidulada y perfumada, con una ligera sensaci\u00f3n cut\u00e1nea: desde la primera inhalaci\u00f3n produce una ligera sensaci\u00f3n cut\u00e1nea, muy similar a la del kiwi real.<\/p><p>La fruta de la pasi\u00f3n enciende el aroma en su coraz\u00f3n: su potente aroma es explosivo, con una ligera sensaci\u00f3n de frescor, como un puesto de frutas bajo el sol tropical.<\/p><p>La guayaba aporta una sensaci\u00f3n de espesor y un final ligeramente l\u00e1cteo y dulce: a\u00f1ade un intenso sabor a pur\u00e9 de frutas, mientras que el rabo es m\u00e1s lleno y largo.<\/p><p>M\u00e1s \u00e1cido que dulce, tiene un sabor t\u00edpico de \u00abtormenta tropical\u00bb: su impacto \u00e1cido y refrescante es evidente, ideal para las personas de gustos fuertes que aprecian el verdadero sabor de la fruta tropical.<\/p><h2>Tres sistemas de cambio de sabor, gran dep\u00f3sito de e-l\u00edquido de 78 ml<\/h2><p>El Bang Leader 80000 Raspberry Mojito Peach Ice &amp; Strawberry Watermelon &amp; Kiwi Passion Fruit Guava adopta un innovador dise\u00f1o tres en uno, con tres dep\u00f3sitos de e-l\u00edquido integrados independientes, cada uno con una capacidad de 26 ml, para un total de 78 ml de l\u00edquido. El selector de sabores facilita el cambio de sabores, y los tres sabores aparecen simult\u00e1neamente en el mismo cigarrillo electr\u00f3nico, d\u00e1ndole la libertad de cambiar de humor y de sabor en cualquier momento.<\/p><p>Excepcionalmente duradero entre los desechables, cada cigarrillo electr\u00f3nico Bang Leader 80000 Raspberry Mojito Peach Ice &amp; Strawberry Watermelon &amp; Kiwi Passion Fruit Guava puede proporcionar hasta 80K caladas, lo que lo convierte en la elecci\u00f3n ideal para los vapeadores habituales. Disfrute de un uso duradero y reduzca las sustituciones frecuentes.<\/p><p>Hasta cuatro intensidades de nicotina disponibles: 0 %, 2 %, 3 %, 5 %. Tanto si buscas una experiencia refrescante sin nicotina como si eres un fumador que busca un golpe de garganta muy concentrado, encontrar\u00e1s la intensidad que se adapte a ti y se adaptar\u00e1 f\u00e1cilmente a tus necesidades para dejar de fumar o a tus cambios de gusto.<\/p><h2>Resistencia de malla de 1,0 \u03a9, exquisito sabor del siguiente nivel.<\/h2><p>El Bang Leader 80000 Raspberry Mojito Peach Ice &amp; Strawberry Watermelon &amp; Kiwi Passion Fruit Guava incorpora una resistencia de malla de 1,0 \u03a9 de alto rendimiento, que calienta de forma m\u00e1s uniforme y atomiza mejor que las resistencias tradicionales, para obtener un humo intenso y no irritante. Cada calada es suave y cremosa, maximizando la liberaci\u00f3n del aut\u00e9ntico sabor del e-l\u00edquido.<\/p><h2>Bater\u00eda Type-C de carga r\u00e1pida de 850 mAh, salida estable sin interrupci\u00f3n de la alimentaci\u00f3n<\/h2><p>Bater\u00eda de litio recargable de 850 mAh de alta capacidad integrada, compatible con la interfaz de carga r\u00e1pida Type-C, para un tiempo de carga de unos 60 minutos. Su bater\u00eda de larga duraci\u00f3n y carga eficiente te permiten mantener la motivaci\u00f3n y disfrutar de una experiencia de vapeo de alto rendimiento sin interrupciones.<\/p><p>Ligero y port\u00e1til, su carcasa integrada combina ergonom\u00eda y resistencia al desgaste, por lo que es ideal para el transporte diario y el uso intensivo. Su dise\u00f1o tres en uno no s\u00f3lo lo hace m\u00e1s pr\u00e1ctico, sino que tambi\u00e9n reduce el peso que supone llevar varios cigarrillos electr\u00f3nicos. Imprescindible para los amantes de los sabores intensos.<\/p>\t\t\t\t\t\t\t\t<\/div>\n\t\t\t\t<\/div>\n\t\t\t\t\t<\/div>\n\t\t\t\t<\/div>\n\t\t\t\t<\/div>","protected":false},"excerpt":{"rendered":"<p>Le Bang Leader 80000 3 en 1 Framboise Mojito P\u00eache Glac\u00e9e &amp; Fraise Past\u00e8que &amp; Kiwi Fruit de la Passion Goyave propose une combinaison de trois saveurs tropicales et fruit\u00e9es\u00a0: \u00ab\u00a0Framboise Mojito P\u00eache Glac\u00e9e\u00a0\u00bb, \u00ab\u00a0Fraise Past\u00e8que\u00a0\u00bb et \u00ab\u00a0Kiwi Fruit de la Passion Goyave\u00a0\u00bb. Cet ar\u00f4me trois-en-un pour cigarette \u00e9lectronique offre une fusion de fruits, un [&hellip;]<\/p>\n","protected":false},"featured_media":5724,"comment_status":"open","ping_status":"closed","template":"","meta":{"site-sidebar-layout":"no-sidebar","site-content-layout":"page-builder","ast-site-content-layout":"normal-width-container","site-content-style":"default","site-sidebar-style":"default","ast-global-header-display":"","ast-banner-title-visibility":"","ast-main-header-display":"","ast-hfb-above-header-display":"","ast-hfb-below-header-display":"","ast-hfb-mobile-header-display":"","site-post-title":"disabled","ast-breadcrumbs-content":"","ast-featured-img":"disabled","footer-sml-layout":"","ast-disable-related-posts":"","theme-transparent-header-meta":"default","adv-header-id-meta":"","stick-header-meta":"default","header-above-stick-meta":"","header-main-stick-meta":"","header-below-stick-meta":"","astra-migrate-meta-layouts":"set","ast-page-background-enabled":"default","ast-page-background-meta":{"desktop":{"background-color":"","background-image":"","background-repeat":"repeat","background-position":"center center","background-size":"auto","background-attachment":"scroll","background-type":"","background-media":"","overlay-type":"","overlay-color":"","overlay-opacity":"","overlay-gradient":""},"tablet":{"background-color":"","background-image":"","background-repeat":"repeat","background-position":"center center","background-size":"auto","background-attachment":"scroll","background-type":"","background-media":"","overlay-type":"","overlay-color":"","overlay-opacity":"","overlay-gradient":""},"mobile":{"background-color":"","background-image":"","background-repeat":"repeat","background-position":"center center","background-size":"auto","background-attachment":"scroll","background-type":"","background-media":"","overlay-type":"","overlay-color":"","overlay-opacity":"","overlay-gradient":""}},"ast-content-background-meta":{"desktop":{"background-color":"var(--ast-global-color-5)","background-image":"","background-repeat":"repeat","background-position":"center center","background-size":"auto","background-attachment":"scroll","background-type":"","background-media":"","overlay-type":"","overlay-color":"","overlay-opacity":"","overlay-gradient":""},"tablet":{"background-color":"var(--ast-global-color-5)","background-image":"","background-repeat":"repeat","background-position":"center center","background-size":"auto","background-attachment":"scroll","background-type":"","background-media":"","overlay-type":"","overlay-color":"","overlay-opacity":"","overlay-gradient":""},"mobile":{"background-color":"var(--ast-global-color-5)","background-image":"","background-repeat":"repeat","background-position":"center center","background-size":"auto","background-attachment":"scroll","background-type":"","background-media":"","overlay-type":"","overlay-color":"","overlay-opacity":"","overlay-gradient":""}}},"product_brand":[53],"product_cat":[54,106,15],"product_tag":[],"class_list":{"0":"post-5945","1":"product","2":"type-product","3":"status-publish","4":"has-post-thumbnail","6":"product_brand-bang-cree-une-cigarette-electronique-plus-confortable","7":"product_cat-bang-leader-80k-dispose-de-trois-reservoirs-de-liquide-independants-integres","8":"product_cat-puff-80k","9":"product_cat-magasin-cigarette-electronique","10":"desktop-align-center","11":"tablet-align-center","12":"mobile-align-center","13":"ast-product-gallery-layout-horizontal","14":"ast-product-gallery-with-no-image","15":"ast-product-single-variable","16":"ast-product-tabs-layout-horizontal","17":"ast-qv-on-image","19":"first","20":"outofstock","21":"sale","22":"shipping-taxable","23":"purchasable","24":"product-type-variable","25":"has-default-attributes"},"tiered_pricing_type":"fixed","tiered_pricing_fixed_rules":{"50":7.24,"100":6.45},"tiered_pricing_product_settings":{"layout":"default","base_unit_name":{"singular":null,"plural":null},"default_variation":null},"tiered_pricing_minimum_quantity":null,"tiered_pricing_roles_data":[],"tiered_pricing_percentage_rules":[],"_links":{"self":[{"href":"https:\/\/puffvapestore.com\/es\/wp-json\/wp\/v2\/product\/5945","targetHints":{"allow":["GET"]}}],"collection":[{"href":"https:\/\/puffvapestore.com\/es\/wp-json\/wp\/v2\/product"}],"about":[{"href":"https:\/\/puffvapestore.com\/es\/wp-json\/wp\/v2\/types\/product"}],"replies":[{"embeddable":true,"href":"https:\/\/puffvapestore.com\/es\/wp-json\/wp\/v2\/comments?post=5945"}],"version-history":[{"count":11,"href":"https:\/\/puffvapestore.com\/es\/wp-json\/wp\/v2\/product\/5945\/revisions"}],"predecessor-version":[{"id":6227,"href":"https:\/\/puffvapestore.com\/es\/wp-json\/wp\/v2\/product\/5945\/revisions\/6227"}],"wp:featuredmedia":[{"embeddable":true,"href":"https:\/\/puffvapestore.com\/es\/wp-json\/wp\/v2\/media\/5724"}],"wp:attachment":[{"href":"https:\/\/puffvapestore.com\/es\/wp-json\/wp\/v2\/media?parent=5945"}],"wp:term":[{"taxonomy":"product_brand","embeddable":true,"href":"https:\/\/puffvapestore.com\/es\/wp-json\/wp\/v2\/product_brand?post=5945"},{"taxonomy":"product_cat","embeddable":true,"href":"https:\/\/puffvapestore.com\/es\/wp-json\/wp\/v2\/product_cat?post=5945"},{"taxonomy":"product_tag","embeddable":true,"href":"https:\/\/puffvapestore.com\/es\/wp-json\/wp\/v2\/product_tag?post=5945"}],"curies":[{"name":"wp","href":"https:\/\/api.w.org\/{rel}","templated":true}]}}