{"id":5934,"date":"2025-07-29T03:19:53","date_gmt":"2025-07-29T03:19:53","guid":{"rendered":"https:\/\/puffvapestore.com\/?post_type=product&#038;p=5934"},"modified":"2026-02-05T03:54:29","modified_gmt":"2026-02-05T03:54:29","slug":"watermelon-ice-strawberry-mango-banana-bang-leader-80k","status":"publish","type":"product","link":"https:\/\/puffvapestore.com\/es\/product\/sandia-hielo-fresa-mango-platano-bang-leader-80k\/","title":{"rendered":"Sand\u00eda Helada &amp; Fresa Mango &amp; Pl\u00e1tano - Bang Leader 80K 3 en 1 Triple Sabor"},"content":{"rendered":"<div data-elementor-type=\"wp-post\" data-elementor-id=\"5934\" class=\"elementor elementor-5934\">\n\t\t\t\t<div class=\"elementor-element elementor-element-08c26f9 e-flex e-con-boxed e-con e-parent\" data-id=\"08c26f9\" data-element_type=\"container\" data-e-type=\"container\">\n\t\t\t\t\t<div class=\"e-con-inner\">\n\t\t\t\t<div class=\"elementor-element elementor-element-a005a97 elementor-widget elementor-widget-text-editor\" data-id=\"a005a97\" data-element_type=\"widget\" data-e-type=\"widget\" data-widget_type=\"text-editor.default\">\n\t\t\t\t<div class=\"elementor-widget-container\">\n\t\t\t\t\t\t\t\t\t<p>La fuerza del Bang Leader 80000 reside en su exclusivo dise\u00f1o tres en uno, equipado con tres dep\u00f3sitos de e-l\u00edquido independientes de 26 ml, con una capacidad total de hasta 78 ml, que permiten hasta 80.000 caladas. Cada e-cigarrillo Bang Leader 80000 viene en tres sabores diferentes, dise\u00f1ados para satisfacer a todos los entusiastas:<\/p><h2>Sabor Sand\u00eda Congelada<\/h2><p>Cuando aparezcan los \u00faltimos rayos del crep\u00fasculo parisino, tome un sorbo lento de vapor helado de sand\u00eda desde la comodidad de su balc\u00f3n. Su aroma fresco y afrutado le transportar\u00e1 a un veraniego huerto del sur de Francia. Su sabor refrescante, acompa\u00f1ado de un sutil toque de menta y hielo, calma el cuerpo y la mente despu\u00e9s de un d\u00eda agotador.<\/p><h2>Sabor a fresa y mango<\/h2><p>Este sabor a Fresa y Mango evoca una puesta de sol en la Costa Azul, en el sur de Francia, con sus aromas afrutados y apasionados. La dulzura de las fresas se une a la riqueza tropical del mango para ofrecer un sabor intenso. Fumar un cigarrillo en la calle a altas horas de la noche despu\u00e9s de un festival de m\u00fasica no es s\u00f3lo un placer gustativo, sino tambi\u00e9n una danza espiritual.<\/p><h2>Sabor a pl\u00e1tano<\/h2><p>El aroma a pl\u00e1tano te transmite una c\u00e1lida y suave sensaci\u00f3n de bienestar, como si estuvieras sentado en la esquina de un caf\u00e9 literario, bajo una ligera lluvia, y estuvieras en casa, hojeando viejas revistas mientras saboreas las suaves nubes envueltas en un aroma a pl\u00e1tano. D\u00e9 una calada a un cigarrillo electr\u00f3nico para relajarse; esta calma es un raro momento de bienestar en nuestro ritmo moderno.<\/p><h2>Tres sistemas de cambio de sabor, gran dep\u00f3sito de e-l\u00edquido de 78 ml<\/h2><p>El Bang Leader 80000 Watermelon Ice &amp; Strawberry Mango &amp; Banana adopta un innovador dise\u00f1o tres en uno, con tres dep\u00f3sitos de e-l\u00edquido integrados independientes, cada uno con una capacidad de 26 ml, para un total de 78 ml de l\u00edquido. El selector de sabores facilita el cambio de sabores, y los tres sabores aparecen simult\u00e1neamente en el mismo cigarrillo electr\u00f3nico, d\u00e1ndole la libertad de cambiar de humor y de sabor en cualquier momento.<\/p><p>Excepcionalmente duradero entre los desechables, cada cigarrillo electr\u00f3nico Bang Leader 80000 Watermelon Ice &amp; Strawberry Mango &amp; Banana puede proporcionar hasta 80.000 caladas, lo que lo convierte en la elecci\u00f3n ideal para los vapeadores habituales. Disfrute de un uso duradero y reduzca las sustituciones frecuentes.<\/p><p>Hasta cuatro intensidades de nicotina disponibles: 0 %, 2 %, 3 %, 5 %. Tanto si buscas una experiencia refrescante sin nicotina como si eres un fumador que busca un golpe de garganta muy concentrado, encontrar\u00e1s la intensidad que se adapte a ti y se adaptar\u00e1 f\u00e1cilmente a tus necesidades para dejar de fumar o a tus cambios de gusto.<\/p><h2>Resistencia de malla de 1,0 \u03a9, exquisito sabor del siguiente nivel.<\/h2><p>El Bang Leader 80000 Watermelon Ice &amp; Strawberry Mango &amp; Banana incorpora una resistencia de malla de 1,0 \u03a9 de alto rendimiento, que se calienta de forma m\u00e1s uniforme y atomiza mejor que las resistencias tradicionales, para obtener un humo intenso y no irritante. Cada calada es suave y cremosa, maximizando la liberaci\u00f3n del aut\u00e9ntico sabor del e-l\u00edquido.<\/p><h2>Bater\u00eda Type-C de carga r\u00e1pida de 850 mAh, salida estable sin interrupci\u00f3n de la alimentaci\u00f3n<\/h2><p>Bater\u00eda de litio recargable de 850 mAh de alta capacidad integrada, compatible con la interfaz de carga r\u00e1pida Type-C, para un tiempo de carga de unos 60 minutos. Su bater\u00eda de larga duraci\u00f3n y carga eficiente te permiten mantener la motivaci\u00f3n y disfrutar de una experiencia de vapeo de alto rendimiento sin interrupciones.<\/p><p>Ligero y port\u00e1til, su carcasa integrada combina ergonom\u00eda y resistencia al desgaste, por lo que es ideal para el transporte diario y el uso intensivo. Su dise\u00f1o tres en uno no s\u00f3lo lo hace m\u00e1s pr\u00e1ctico, sino que tambi\u00e9n reduce el peso que supone llevar varios cigarrillos electr\u00f3nicos. Imprescindible para los amantes de los sabores intensos.<\/p>\t\t\t\t\t\t\t\t<\/div>\n\t\t\t\t<\/div>\n\t\t\t\t\t<\/div>\n\t\t\t\t<\/div>\n\t\t\t\t<\/div>","protected":false},"excerpt":{"rendered":"<p>Le point fort du Bang Leader 80000 r\u00e9side dans sa conception unique trois-en-un, \u00e9quip\u00e9e de trois r\u00e9servoirs d&rsquo;e-liquide ind\u00e9pendants de 26 ml, d&rsquo;une capacit\u00e9 totale allant jusqu&rsquo;\u00e0 78 ml, permettant jusqu&rsquo;\u00e0 80000 bouff\u00e9es. Chaque e-cigarette Bang Leader 80000 propose trois saveurs diff\u00e9rentes, con\u00e7ues pour satisfaire tous les amateurs\u00a0: Saveur Past\u00e8que Glac\u00e9e Lorsque le cr\u00e9puscule parisien [&hellip;]<\/p>\n","protected":false},"featured_media":5729,"comment_status":"open","ping_status":"closed","template":"","meta":{"site-sidebar-layout":"no-sidebar","site-content-layout":"page-builder","ast-site-content-layout":"normal-width-container","site-content-style":"default","site-sidebar-style":"default","ast-global-header-display":"","ast-banner-title-visibility":"","ast-main-header-display":"","ast-hfb-above-header-display":"","ast-hfb-below-header-display":"","ast-hfb-mobile-header-display":"","site-post-title":"disabled","ast-breadcrumbs-content":"","ast-featured-img":"disabled","footer-sml-layout":"","ast-disable-related-posts":"","theme-transparent-header-meta":"default","adv-header-id-meta":"","stick-header-meta":"default","header-above-stick-meta":"","header-main-stick-meta":"","header-below-stick-meta":"","astra-migrate-meta-layouts":"set","ast-page-background-enabled":"default","ast-page-background-meta":{"desktop":{"background-color":"","background-image":"","background-repeat":"repeat","background-position":"center center","background-size":"auto","background-attachment":"scroll","background-type":"","background-media":"","overlay-type":"","overlay-color":"","overlay-opacity":"","overlay-gradient":""},"tablet":{"background-color":"","background-image":"","background-repeat":"repeat","background-position":"center center","background-size":"auto","background-attachment":"scroll","background-type":"","background-media":"","overlay-type":"","overlay-color":"","overlay-opacity":"","overlay-gradient":""},"mobile":{"background-color":"","background-image":"","background-repeat":"repeat","background-position":"center center","background-size":"auto","background-attachment":"scroll","background-type":"","background-media":"","overlay-type":"","overlay-color":"","overlay-opacity":"","overlay-gradient":""}},"ast-content-background-meta":{"desktop":{"background-color":"var(--ast-global-color-5)","background-image":"","background-repeat":"repeat","background-position":"center center","background-size":"auto","background-attachment":"scroll","background-type":"","background-media":"","overlay-type":"","overlay-color":"","overlay-opacity":"","overlay-gradient":""},"tablet":{"background-color":"var(--ast-global-color-5)","background-image":"","background-repeat":"repeat","background-position":"center center","background-size":"auto","background-attachment":"scroll","background-type":"","background-media":"","overlay-type":"","overlay-color":"","overlay-opacity":"","overlay-gradient":""},"mobile":{"background-color":"var(--ast-global-color-5)","background-image":"","background-repeat":"repeat","background-position":"center center","background-size":"auto","background-attachment":"scroll","background-type":"","background-media":"","overlay-type":"","overlay-color":"","overlay-opacity":"","overlay-gradient":""}}},"product_brand":[53],"product_cat":[54,106,15],"product_tag":[],"class_list":{"0":"post-5934","1":"product","2":"type-product","3":"status-publish","4":"has-post-thumbnail","6":"product_brand-bang-cree-une-cigarette-electronique-plus-confortable","7":"product_cat-bang-leader-80k-dispose-de-trois-reservoirs-de-liquide-independants-integres","8":"product_cat-puff-80k","9":"product_cat-magasin-cigarette-electronique","10":"desktop-align-center","11":"tablet-align-center","12":"mobile-align-center","13":"ast-product-gallery-layout-horizontal","14":"ast-product-gallery-with-no-image","15":"ast-product-single-variable","16":"ast-product-tabs-layout-horizontal","17":"ast-qv-on-image","19":"first","20":"outofstock","21":"sale","22":"shipping-taxable","23":"purchasable","24":"product-type-variable","25":"has-default-attributes"},"tiered_pricing_type":"fixed","tiered_pricing_fixed_rules":{"50":7.24,"100":6.45},"tiered_pricing_product_settings":{"layout":"default","base_unit_name":{"singular":null,"plural":null},"default_variation":null},"tiered_pricing_minimum_quantity":null,"tiered_pricing_roles_data":[],"tiered_pricing_percentage_rules":[],"_links":{"self":[{"href":"https:\/\/puffvapestore.com\/es\/wp-json\/wp\/v2\/product\/5934","targetHints":{"allow":["GET"]}}],"collection":[{"href":"https:\/\/puffvapestore.com\/es\/wp-json\/wp\/v2\/product"}],"about":[{"href":"https:\/\/puffvapestore.com\/es\/wp-json\/wp\/v2\/types\/product"}],"replies":[{"embeddable":true,"href":"https:\/\/puffvapestore.com\/es\/wp-json\/wp\/v2\/comments?post=5934"}],"version-history":[{"count":7,"href":"https:\/\/puffvapestore.com\/es\/wp-json\/wp\/v2\/product\/5934\/revisions"}],"predecessor-version":[{"id":6226,"href":"https:\/\/puffvapestore.com\/es\/wp-json\/wp\/v2\/product\/5934\/revisions\/6226"}],"wp:featuredmedia":[{"embeddable":true,"href":"https:\/\/puffvapestore.com\/es\/wp-json\/wp\/v2\/media\/5729"}],"wp:attachment":[{"href":"https:\/\/puffvapestore.com\/es\/wp-json\/wp\/v2\/media?parent=5934"}],"wp:term":[{"taxonomy":"product_brand","embeddable":true,"href":"https:\/\/puffvapestore.com\/es\/wp-json\/wp\/v2\/product_brand?post=5934"},{"taxonomy":"product_cat","embeddable":true,"href":"https:\/\/puffvapestore.com\/es\/wp-json\/wp\/v2\/product_cat?post=5934"},{"taxonomy":"product_tag","embeddable":true,"href":"https:\/\/puffvapestore.com\/es\/wp-json\/wp\/v2\/product_tag?post=5934"}],"curies":[{"name":"wp","href":"https:\/\/api.w.org\/{rel}","templated":true}]}}