{"id":5923,"date":"2025-07-27T18:11:26","date_gmt":"2025-07-27T18:11:26","guid":{"rendered":"https:\/\/puffvapestore.com\/?post_type=product&#038;p=5923"},"modified":"2026-02-05T03:54:29","modified_gmt":"2026-02-05T03:54:29","slug":"avocado-ice-lemon-lime-watermelon-raspberry-bang-leader-80k-triple-saveur","status":"publish","type":"product","link":"https:\/\/puffvapestore.com\/es\/product\/aguacate-ice-lima-limon-sandia-frambuesa-bang-leader-80k-triple-sabor\/","title":{"rendered":"Aguacate Helado &amp; Lima Lim\u00f3n &amp; Sand\u00eda Frambuesa - Bang Leader 80K 3 en 1 Triple Sabor"},"content":{"rendered":"<div data-elementor-type=\"wp-post\" data-elementor-id=\"5923\" class=\"elementor elementor-5923\">\n\t\t\t\t<div class=\"elementor-element elementor-element-08c26f9 e-flex e-con-boxed e-con e-parent\" data-id=\"08c26f9\" data-element_type=\"container\" data-e-type=\"container\">\n\t\t\t\t\t<div class=\"e-con-inner\">\n\t\t\t\t<div class=\"elementor-element elementor-element-a005a97 elementor-widget elementor-widget-text-editor\" data-id=\"a005a97\" data-element_type=\"widget\" data-e-type=\"widget\" data-widget_type=\"text-editor.default\">\n\t\t\t\t<div class=\"elementor-widget-container\">\n\t\t\t\t\t\t\t\t\t<p>Despu\u00e9s de un ajetreado d\u00eda de trabajo, si\u00e9ntese c\u00f3modamente en un balc\u00f3n en una tumbona, respire hondo y saque el cigarrillo electr\u00f3nico Bang Leader 80K Aguacate Ice &amp; Lim\u00f3n Lima &amp; Sand\u00eda Frambuesa. La primera calada es de Aguacate Ice, una refrescante fusi\u00f3n del dulzor del aguacate y el hielo, como si estuvieras relaj\u00e1ndote en la brisa marina de la Provenza, en el sur de Francia. Cambia al sabor Lima y sentir\u00e1s el doble frescor alimonado de la lima y el lim\u00f3n estallando en tu boca, como la emoci\u00f3n de una limonada helada en las calles de Par\u00eds. Y cuando cambie al sabor Sand\u00eda Frambuesa, una mezcla de sand\u00eda dulce y frambuesa ligeramente \u00e1cida, se sentir\u00e1 como en una hermosa playa por la tarde. Es una experiencia agradable, ideal para un momento de relajaci\u00f3n.<\/p><h2>Tres sistemas de cambio de sabor, gran dep\u00f3sito de e-l\u00edquido de 78 ml<\/h2><p>El Bang Leader 80000 Avocado Ice &amp; Lemon Lime &amp; Watermelon Raspberry adopta un innovador dise\u00f1o tres en uno, con tres dep\u00f3sitos de e-l\u00edquido integrados independientes, cada uno con una capacidad de 26 ml, para un total de 78 ml de l\u00edquido. El selector de sabores facilita el cambio de sabores, y los tres sabores aparecen simult\u00e1neamente en el mismo cigarrillo electr\u00f3nico, d\u00e1ndote la libertad de cambiar de humor y de sabor en cualquier momento.<\/p><p>Excepcionalmente duradero entre los dispositivos desechables, cada cigarrillo electr\u00f3nico Bang Leader 80000 Avocado Ice &amp; Lemon Lime &amp; Watermelon Raspberry puede dar hasta 80.000 caladas, lo que lo convierte en la elecci\u00f3n ideal para los vapeadores habituales. Disfrute de un uso duradero y reduzca las sustituciones frecuentes.<\/p><p>Hasta cuatro intensidades de nicotina disponibles: 0 %, 2 %, 3 %, 5 %. Tanto si buscas una experiencia refrescante sin nicotina como si eres un fumador que busca un golpe de garganta muy concentrado, encontrar\u00e1s la intensidad que se adapte a ti y se adaptar\u00e1 f\u00e1cilmente a tus necesidades para dejar de fumar o a tus cambios de gusto.<\/p><h2>Resistencia de malla de 1,0 \u03a9, exquisito sabor del siguiente nivel.<\/h2><p>El Bang Leader 80000 Avocado Ice &amp; Lemon Lime &amp; Watermelon Raspberry incorpora una resistencia de malla de 1,0 \u03a9 de alto rendimiento, que se calienta de forma m\u00e1s uniforme y atomiza mejor que las resistencias tradicionales, para obtener un humo intenso y no irritante. Cada calada es suave y cremosa, maximizando la liberaci\u00f3n del aut\u00e9ntico sabor del e-l\u00edquido.<\/p><h2>Bater\u00eda Type-C de carga r\u00e1pida de 850 mAh, salida estable sin interrupci\u00f3n de la alimentaci\u00f3n<\/h2><p>Bater\u00eda de litio recargable de 850 mAh de alta capacidad integrada, compatible con la interfaz de carga r\u00e1pida Type-C, para un tiempo de carga de unos 60 minutos. Su bater\u00eda de larga duraci\u00f3n y carga eficiente te permiten mantener la motivaci\u00f3n y disfrutar de una experiencia de vapeo de alto rendimiento sin interrupciones.<\/p><p>Ligero y port\u00e1til, su carcasa integrada combina ergonom\u00eda y resistencia al desgaste, por lo que es ideal para el transporte diario y el uso intensivo. Su dise\u00f1o tres en uno no s\u00f3lo lo hace m\u00e1s pr\u00e1ctico, sino que tambi\u00e9n reduce el peso que supone llevar varios cigarrillos electr\u00f3nicos. Imprescindible para los amantes de los sabores intensos.<\/p>\t\t\t\t\t\t\t\t<\/div>\n\t\t\t\t<\/div>\n\t\t\t\t\t<\/div>\n\t\t\t\t<\/div>\n\t\t\t\t<\/div>","protected":false},"excerpt":{"rendered":"<p>Apr\u00e8s une journ\u00e9e de travail bien remplie, installez-vous confortablement sur un balcon, dans une chaise longue, inspirez profond\u00e9ment et sortez la cigarette \u00e9lectronique Bang Leader 80K Avocado Ice &amp; Lemon Lime &amp; Watermelon Raspberry. La premi\u00e8re bouff\u00e9e est \u00e0 l&rsquo;Avocat Glac\u00e9, une fusion rafra\u00eechissante de la douceur de l&rsquo;avocat et de la glace, comme si [&hellip;]<\/p>\n","protected":false},"featured_media":5718,"comment_status":"open","ping_status":"closed","template":"","meta":{"site-sidebar-layout":"no-sidebar","site-content-layout":"page-builder","ast-site-content-layout":"normal-width-container","site-content-style":"default","site-sidebar-style":"default","ast-global-header-display":"","ast-banner-title-visibility":"","ast-main-header-display":"","ast-hfb-above-header-display":"","ast-hfb-below-header-display":"","ast-hfb-mobile-header-display":"","site-post-title":"disabled","ast-breadcrumbs-content":"","ast-featured-img":"disabled","footer-sml-layout":"","ast-disable-related-posts":"","theme-transparent-header-meta":"default","adv-header-id-meta":"","stick-header-meta":"default","header-above-stick-meta":"","header-main-stick-meta":"","header-below-stick-meta":"","astra-migrate-meta-layouts":"set","ast-page-background-enabled":"default","ast-page-background-meta":{"desktop":{"background-color":"","background-image":"","background-repeat":"repeat","background-position":"center center","background-size":"auto","background-attachment":"scroll","background-type":"","background-media":"","overlay-type":"","overlay-color":"","overlay-opacity":"","overlay-gradient":""},"tablet":{"background-color":"","background-image":"","background-repeat":"repeat","background-position":"center center","background-size":"auto","background-attachment":"scroll","background-type":"","background-media":"","overlay-type":"","overlay-color":"","overlay-opacity":"","overlay-gradient":""},"mobile":{"background-color":"","background-image":"","background-repeat":"repeat","background-position":"center center","background-size":"auto","background-attachment":"scroll","background-type":"","background-media":"","overlay-type":"","overlay-color":"","overlay-opacity":"","overlay-gradient":""}},"ast-content-background-meta":{"desktop":{"background-color":"var(--ast-global-color-5)","background-image":"","background-repeat":"repeat","background-position":"center center","background-size":"auto","background-attachment":"scroll","background-type":"","background-media":"","overlay-type":"","overlay-color":"","overlay-opacity":"","overlay-gradient":""},"tablet":{"background-color":"var(--ast-global-color-5)","background-image":"","background-repeat":"repeat","background-position":"center center","background-size":"auto","background-attachment":"scroll","background-type":"","background-media":"","overlay-type":"","overlay-color":"","overlay-opacity":"","overlay-gradient":""},"mobile":{"background-color":"var(--ast-global-color-5)","background-image":"","background-repeat":"repeat","background-position":"center center","background-size":"auto","background-attachment":"scroll","background-type":"","background-media":"","overlay-type":"","overlay-color":"","overlay-opacity":"","overlay-gradient":""}}},"product_brand":[53],"product_cat":[54,106,15],"product_tag":[],"class_list":{"0":"post-5923","1":"product","2":"type-product","3":"status-publish","4":"has-post-thumbnail","6":"product_brand-bang-cree-une-cigarette-electronique-plus-confortable","7":"product_cat-bang-leader-80k-dispose-de-trois-reservoirs-de-liquide-independants-integres","8":"product_cat-puff-80k","9":"product_cat-magasin-cigarette-electronique","10":"desktop-align-center","11":"tablet-align-center","12":"mobile-align-center","13":"ast-product-gallery-layout-horizontal","14":"ast-product-gallery-with-no-image","15":"ast-product-single-variable","16":"ast-product-tabs-layout-horizontal","17":"ast-qv-on-image","19":"first","20":"outofstock","21":"sale","22":"shipping-taxable","23":"purchasable","24":"product-type-variable","25":"has-default-attributes"},"tiered_pricing_type":"fixed","tiered_pricing_fixed_rules":{"50":7.24,"100":6.45},"tiered_pricing_product_settings":{"layout":"default","base_unit_name":{"singular":null,"plural":null},"default_variation":null},"tiered_pricing_minimum_quantity":null,"tiered_pricing_roles_data":[],"tiered_pricing_percentage_rules":[],"_links":{"self":[{"href":"https:\/\/puffvapestore.com\/es\/wp-json\/wp\/v2\/product\/5923","targetHints":{"allow":["GET"]}}],"collection":[{"href":"https:\/\/puffvapestore.com\/es\/wp-json\/wp\/v2\/product"}],"about":[{"href":"https:\/\/puffvapestore.com\/es\/wp-json\/wp\/v2\/types\/product"}],"replies":[{"embeddable":true,"href":"https:\/\/puffvapestore.com\/es\/wp-json\/wp\/v2\/comments?post=5923"}],"version-history":[{"count":7,"href":"https:\/\/puffvapestore.com\/es\/wp-json\/wp\/v2\/product\/5923\/revisions"}],"predecessor-version":[{"id":6225,"href":"https:\/\/puffvapestore.com\/es\/wp-json\/wp\/v2\/product\/5923\/revisions\/6225"}],"wp:featuredmedia":[{"embeddable":true,"href":"https:\/\/puffvapestore.com\/es\/wp-json\/wp\/v2\/media\/5718"}],"wp:attachment":[{"href":"https:\/\/puffvapestore.com\/es\/wp-json\/wp\/v2\/media?parent=5923"}],"wp:term":[{"taxonomy":"product_brand","embeddable":true,"href":"https:\/\/puffvapestore.com\/es\/wp-json\/wp\/v2\/product_brand?post=5923"},{"taxonomy":"product_cat","embeddable":true,"href":"https:\/\/puffvapestore.com\/es\/wp-json\/wp\/v2\/product_cat?post=5923"},{"taxonomy":"product_tag","embeddable":true,"href":"https:\/\/puffvapestore.com\/es\/wp-json\/wp\/v2\/product_tag?post=5923"}],"curies":[{"name":"wp","href":"https:\/\/api.w.org\/{rel}","templated":true}]}}