{"id":5908,"date":"2025-07-27T11:52:42","date_gmt":"2025-07-27T11:52:42","guid":{"rendered":"https:\/\/puffvapestore.com\/?post_type=product&#038;p=5908"},"modified":"2026-02-05T03:54:29","modified_gmt":"2026-02-05T03:54:29","slug":"red-bull-watermelon-bubble-candy-strawberry-ice-cream-bang-leader-80k","status":"publish","type":"product","link":"https:\/\/puffvapestore.com\/es\/product\/red-bull-sandia-burbuja-caramelo-helado-de-fresa-bang-leader-80k\/","title":{"rendered":"Red Bull &amp; Caramelo Burbuja de Sand\u00eda &amp; Helado de Fresa - Bang Leader 80000 3 en 1"},"content":{"rendered":"<div data-elementor-type=\"wp-post\" data-elementor-id=\"5908\" class=\"elementor elementor-5908\">\n\t\t\t\t<div class=\"elementor-element elementor-element-08c26f9 e-flex e-con-boxed e-con e-parent\" data-id=\"08c26f9\" data-element_type=\"container\" data-e-type=\"container\">\n\t\t\t\t\t<div class=\"e-con-inner\">\n\t\t\t\t<div class=\"elementor-element elementor-element-a005a97 elementor-widget elementor-widget-text-editor\" data-id=\"a005a97\" data-element_type=\"widget\" data-e-type=\"widget\" data-widget_type=\"text-editor.default\">\n\t\t\t\t<div class=\"elementor-widget-container\">\n\t\t\t\t\t\t\t\t\t<p>El sabor tres en uno del cigarrillo electr\u00f3nico 3 en 1 Bang Leader 80000 Red Bull &amp; Watermelon Bubble Candy &amp; Strawberry Ice Cream combina a la perfecci\u00f3n tres experiencias de sabor distintas y armoniosas:<\/p><p><strong>Sabor Red Bull<\/strong>\u00a0Este sabor de cigarrillo electr\u00f3nico es como un sorbo de una bebida energ\u00e9tica que te invade, proporcionando una sensaci\u00f3n refrescante y estimulante, ideal para adaptarse r\u00e1pidamente a un estilo de vida activo.<\/p><p><strong>Aroma Bubble Candy Sand\u00eda\u00a0<\/strong>Un sabor que evoca dulces recuerdos de la infancia, con el refrescante sabor de la sand\u00eda y la ligereza del chicle, un sabor que pondr\u00e1 una sonrisa en tu cara;<\/p><p><strong>Aroma de helado de fresa\u00a0<\/strong>Un dulce sabor l\u00e1cteo se combina con el picante dulzor de las fresas. Cada calada del cigarrillo electr\u00f3nico es como disfrutar de un helado en las calles veraniegas del sur de Francia, ligero y satisfactorio.<\/p><p>Los tres sabores son f\u00e1cilmente intercambiables gracias al selector de sabores y pueden cambiarse en cualquier momento para adaptarse a tu estado de \u00e1nimo. Al igual que los diferentes momentos de la vida, siempre encontrar\u00e1s la melod\u00eda adecuada para ti.<\/p><h2>Diferentes concentraciones de nicotina<\/h2><p>El Bang Leader 80000 Red Bull &amp; Watermelon Bubble Candy &amp; Strawberry Ice Cream ofrece diferentes concentraciones de nicotina, incluyendo 0 %, 2 %, 3 % y 5 %, para adaptarse a las necesidades de cada usuario. Tanto si buscas una experiencia sin nicotina como una concentraci\u00f3n m\u00e1s alta para satisfacer tus antojos, este cigarrillo electr\u00f3nico ofrece opciones de uso flexibles que se adaptan a tus preferencias.<\/p><h2>Innovador dise\u00f1o de e-l\u00edquido tres en uno<\/h2><p>Este cigarrillo electr\u00f3nico ofrece una capacidad de 78 ml de l\u00edquido extragrande, h\u00e1bilmente dividido en tres dep\u00f3sitos separados de 26 ml. Este exclusivo dise\u00f1o tres en uno no s\u00f3lo mejora la comodidad del usuario, sino que tambi\u00e9n facilita el cambio de un sabor a otro para disfrutar de una experiencia variada. Cada dep\u00f3sito est\u00e1 cuidadosamente dise\u00f1ado para garantizar un almacenamiento seguro y una f\u00e1cil sustituci\u00f3n del l\u00edquido.<\/p><p>El Bang Leader 80000 Red Bull &amp; Watermelon Bubble Candy &amp; Strawberry Ice Cream ofrece hasta 80K caladas y est\u00e1 dise\u00f1ado para un uso duradero. Tanto para uso diario como para salidas prolongadas, este dispositivo ofrece una experiencia de vapeo continua y estable, sin necesidad de sustituirlo o rellenarlo con frecuencia. Ideal para usuarios que buscan durabilidad.<\/p><h2>Bater\u00eda de alto rendimiento y carga r\u00e1pida<\/h2><p>Este cigarrillo electr\u00f3nico incorpora una bater\u00eda recargable de 850 mAh y es compatible con la tecnolog\u00eda de carga r\u00e1pida Type-C, que solo tarda unos 60 minutos. El eficiente sistema de gesti\u00f3n de la bater\u00eda garantiza una mayor duraci\u00f3n de la bater\u00eda, mientras que la funci\u00f3n de carga r\u00e1pida le permite reanudar el uso r\u00e1pidamente, para una experiencia sin problemas en cualquier momento y en cualquier lugar.<\/p><h2>Tecnolog\u00eda optimizada de resistencia de la malla<\/h2><p>El Bang Leader 80000 Red Bull &amp; Watermelon Bubble Candy &amp; Strawberry Ice Cream adopta una resistencia de malla de 1,0 \u03a9. Esto garantiza un calentamiento uniforme y un vapor rico y cremoso. La estructura de la resistencia de malla optimiza la atomizaci\u00f3n del l\u00edquido, garantizando un rico sabor constante en cada calada.<\/p>\t\t\t\t\t\t\t\t<\/div>\n\t\t\t\t<\/div>\n\t\t\t\t\t<\/div>\n\t\t\t\t<\/div>\n\t\t\t\t<\/div>","protected":false},"excerpt":{"rendered":"<p>L&rsquo;ar\u00f4me trois-en-un de la cigarette \u00e9lectronique Bang Leader 80000 Red Bull &amp; Watermelon Bubble Candy &amp; Strawberry Ice Cream 3-en-1 combine parfaitement trois exp\u00e9riences gustatives distinctes et harmonieuses\u00a0: Saveur Red Bull\u00a0: Cette saveur de cigarette \u00e9lectronique est comme une gorg\u00e9e de boisson \u00e9nergisante qui vous envahit, procurant une sensation rafra\u00eechissante et exaltante, id\u00e9ale pour s&rsquo;adapter [&hellip;]<\/p>\n","protected":false},"featured_media":5726,"comment_status":"open","ping_status":"closed","template":"","meta":{"site-sidebar-layout":"no-sidebar","site-content-layout":"page-builder","ast-site-content-layout":"normal-width-container","site-content-style":"default","site-sidebar-style":"default","ast-global-header-display":"","ast-banner-title-visibility":"","ast-main-header-display":"","ast-hfb-above-header-display":"","ast-hfb-below-header-display":"","ast-hfb-mobile-header-display":"","site-post-title":"disabled","ast-breadcrumbs-content":"","ast-featured-img":"disabled","footer-sml-layout":"","ast-disable-related-posts":"","theme-transparent-header-meta":"default","adv-header-id-meta":"","stick-header-meta":"default","header-above-stick-meta":"","header-main-stick-meta":"","header-below-stick-meta":"","astra-migrate-meta-layouts":"set","ast-page-background-enabled":"default","ast-page-background-meta":{"desktop":{"background-color":"","background-image":"","background-repeat":"repeat","background-position":"center center","background-size":"auto","background-attachment":"scroll","background-type":"","background-media":"","overlay-type":"","overlay-color":"","overlay-opacity":"","overlay-gradient":""},"tablet":{"background-color":"","background-image":"","background-repeat":"repeat","background-position":"center center","background-size":"auto","background-attachment":"scroll","background-type":"","background-media":"","overlay-type":"","overlay-color":"","overlay-opacity":"","overlay-gradient":""},"mobile":{"background-color":"","background-image":"","background-repeat":"repeat","background-position":"center center","background-size":"auto","background-attachment":"scroll","background-type":"","background-media":"","overlay-type":"","overlay-color":"","overlay-opacity":"","overlay-gradient":""}},"ast-content-background-meta":{"desktop":{"background-color":"var(--ast-global-color-5)","background-image":"","background-repeat":"repeat","background-position":"center center","background-size":"auto","background-attachment":"scroll","background-type":"","background-media":"","overlay-type":"","overlay-color":"","overlay-opacity":"","overlay-gradient":""},"tablet":{"background-color":"var(--ast-global-color-5)","background-image":"","background-repeat":"repeat","background-position":"center center","background-size":"auto","background-attachment":"scroll","background-type":"","background-media":"","overlay-type":"","overlay-color":"","overlay-opacity":"","overlay-gradient":""},"mobile":{"background-color":"var(--ast-global-color-5)","background-image":"","background-repeat":"repeat","background-position":"center center","background-size":"auto","background-attachment":"scroll","background-type":"","background-media":"","overlay-type":"","overlay-color":"","overlay-opacity":"","overlay-gradient":""}}},"product_brand":[53],"product_cat":[54,106,15],"product_tag":[],"class_list":{"0":"post-5908","1":"product","2":"type-product","3":"status-publish","4":"has-post-thumbnail","6":"product_brand-bang-cree-une-cigarette-electronique-plus-confortable","7":"product_cat-bang-leader-80k-dispose-de-trois-reservoirs-de-liquide-independants-integres","8":"product_cat-puff-80k","9":"product_cat-magasin-cigarette-electronique","10":"desktop-align-center","11":"tablet-align-center","12":"mobile-align-center","13":"ast-product-gallery-layout-horizontal","14":"ast-product-gallery-with-no-image","15":"ast-product-single-variable","16":"ast-product-tabs-layout-horizontal","17":"ast-qv-on-image","19":"first","20":"outofstock","21":"sale","22":"shipping-taxable","23":"purchasable","24":"product-type-variable","25":"has-default-attributes"},"tiered_pricing_type":"fixed","tiered_pricing_fixed_rules":{"50":7.24,"100":6.45},"tiered_pricing_product_settings":{"layout":"default","base_unit_name":{"singular":null,"plural":null},"default_variation":null},"tiered_pricing_minimum_quantity":null,"tiered_pricing_roles_data":[],"tiered_pricing_percentage_rules":[],"_links":{"self":[{"href":"https:\/\/puffvapestore.com\/es\/wp-json\/wp\/v2\/product\/5908","targetHints":{"allow":["GET"]}}],"collection":[{"href":"https:\/\/puffvapestore.com\/es\/wp-json\/wp\/v2\/product"}],"about":[{"href":"https:\/\/puffvapestore.com\/es\/wp-json\/wp\/v2\/types\/product"}],"replies":[{"embeddable":true,"href":"https:\/\/puffvapestore.com\/es\/wp-json\/wp\/v2\/comments?post=5908"}],"version-history":[{"count":7,"href":"https:\/\/puffvapestore.com\/es\/wp-json\/wp\/v2\/product\/5908\/revisions"}],"predecessor-version":[{"id":6224,"href":"https:\/\/puffvapestore.com\/es\/wp-json\/wp\/v2\/product\/5908\/revisions\/6224"}],"wp:featuredmedia":[{"embeddable":true,"href":"https:\/\/puffvapestore.com\/es\/wp-json\/wp\/v2\/media\/5726"}],"wp:attachment":[{"href":"https:\/\/puffvapestore.com\/es\/wp-json\/wp\/v2\/media?parent=5908"}],"wp:term":[{"taxonomy":"product_brand","embeddable":true,"href":"https:\/\/puffvapestore.com\/es\/wp-json\/wp\/v2\/product_brand?post=5908"},{"taxonomy":"product_cat","embeddable":true,"href":"https:\/\/puffvapestore.com\/es\/wp-json\/wp\/v2\/product_cat?post=5908"},{"taxonomy":"product_tag","embeddable":true,"href":"https:\/\/puffvapestore.com\/es\/wp-json\/wp\/v2\/product_tag?post=5908"}],"curies":[{"name":"wp","href":"https:\/\/api.w.org\/{rel}","templated":true}]}}