{"id":5882,"date":"2025-07-27T05:30:15","date_gmt":"2025-07-27T05:30:15","guid":{"rendered":"https:\/\/puffvapestore.com\/?post_type=product&#038;p=5882"},"modified":"2026-02-05T03:54:29","modified_gmt":"2026-02-05T03:54:29","slug":"blueberry-ice-strawberry-banana-mixed-berries-bang-leader-80k","status":"publish","type":"product","link":"https:\/\/puffvapestore.com\/es\/product\/arandano-hielo-fresa-platano-bayas-mixtas-bang-leader-80k\/","title":{"rendered":"Hielo de ar\u00e1ndano y fresa Pl\u00e1tano y bayas mixtas - Bang Leader 80000 3 en 1"},"content":{"rendered":"<div data-elementor-type=\"wp-post\" data-elementor-id=\"5882\" class=\"elementor elementor-5882\">\n\t\t\t\t<div class=\"elementor-element elementor-element-08c26f9 e-flex e-con-boxed e-con e-parent\" data-id=\"08c26f9\" data-element_type=\"container\" data-e-type=\"container\">\n\t\t\t\t\t<div class=\"e-con-inner\">\n\t\t\t\t<div class=\"elementor-element elementor-element-a005a97 elementor-widget elementor-widget-text-editor\" data-id=\"a005a97\" data-element_type=\"widget\" data-e-type=\"widget\" data-widget_type=\"text-editor.default\">\n\t\t\t\t<div class=\"elementor-widget-container\">\n\t\t\t\t\t\t\t\t\t<p>El Bang Leader 80000 Blueberry Ice &amp; Strawberry Banana &amp; Mixed Berries 3 en 1 ofrece tres sabores distintos para satisfacer todos los gustos, desde el fresco al dulce pasando por el \u00e1cido.<\/p><p>Sabor Ar\u00e1ndano Helado: Este cigarrillo electr\u00f3nico ofrece un sabor refrescante, con la dulzura de los ar\u00e1ndanos maduros, como una refrescante bebida helada de frutas en una noche de verano en el sur de Francia. Ideal para sentarse tranquilamente en un balc\u00f3n, dando una gran calada a su cigarrillo electr\u00f3nico sabor Ar\u00e1ndano Helado, dejando que la mente se calme y la irritabilidad se disipe suavemente.<\/p><p>Sabor Fresa Pl\u00e1tano: El dulzor de las fresas y la cremosidad del pl\u00e1tano se unen a la perfecci\u00f3n, como un batido reci\u00e9n hecho en una pasteler\u00eda parisina. Ideal para relajarse despu\u00e9s de un d\u00eda ajetreado. D\u00e9 una calada a nuestro cigarrillo electr\u00f3nico sabor Fresa Pl\u00e1tano, dulce y c\u00e1lido, como un regreso a la dulzura de la tarde.<\/p><p>Sabor Fruits Rouges: La combinaci\u00f3n de varios frutos rojos est\u00e1 llena de vitalidad y alegr\u00eda, ideal para alegrar las veladas con los amigos. Es un sabor que no debe perderse, como una escapada sorpresa a los vi\u00f1edos del sur de Francia.<\/p><h2>Diferentes concentraciones de nicotina<\/h2><p>El Bang Leader 80000 Blueberry Ice &amp; Strawberry Banana &amp; Mixed Berries ofrece diferentes concentraciones de nicotina, incluyendo 0 %, 2 %, 3 % y 5 %, para adaptarse a las necesidades de cada usuario. Tanto si buscas una experiencia sin nicotina como una concentraci\u00f3n m\u00e1s alta para satisfacer tus antojos, este cigarrillo electr\u00f3nico te ofrece opciones de uso flexibles que se adaptan a tus preferencias.<\/p><h2>Innovador dise\u00f1o de e-l\u00edquido tres en uno<\/h2><p>Este cigarrillo electr\u00f3nico ofrece una capacidad de 78 ml de l\u00edquido extragrande, h\u00e1bilmente dividido en tres dep\u00f3sitos separados de 26 ml. Este exclusivo dise\u00f1o tres en uno no s\u00f3lo mejora la comodidad del usuario, sino que tambi\u00e9n facilita el cambio de un sabor a otro para disfrutar de una experiencia variada. Cada dep\u00f3sito est\u00e1 cuidadosamente dise\u00f1ado para garantizar un almacenamiento seguro y una f\u00e1cil sustituci\u00f3n del l\u00edquido.<\/p><p>El Bang Leader 80000 Blueberry Ice &amp; Strawberry Banana &amp; Mixed Berries ofrece hasta 80K caladas y est\u00e1 dise\u00f1ado para un uso duradero. Ya sea para uso diario o para salidas prolongadas, este dispositivo le ofrece una experiencia de vapeo continua y estable sin necesidad de sustituirlo o rellenarlo con frecuencia. Ideal para usuarios que buscan durabilidad.<\/p><h2>Bater\u00eda de alto rendimiento y carga r\u00e1pida<\/h2><p>Este cigarrillo electr\u00f3nico incorpora una bater\u00eda recargable de 850 mAh y es compatible con la tecnolog\u00eda de carga r\u00e1pida Type-C, que solo tarda unos 60 minutos. El eficiente sistema de gesti\u00f3n de la bater\u00eda garantiza una mayor duraci\u00f3n de la bater\u00eda, mientras que la funci\u00f3n de carga r\u00e1pida le permite reanudar el uso r\u00e1pidamente, para una experiencia sin problemas en cualquier momento y en cualquier lugar.<\/p><h2>Tecnolog\u00eda optimizada de resistencia de la malla<\/h2><p>El Bang Leader 80000 Blueberry Ice &amp; Strawberry Banana &amp; Mixed Berries adopta una resistencia de malla de 1,0 \u03a9. Esto garantiza un calentamiento uniforme y un vapor rico y cremoso. La estructura de la resistencia de malla optimiza la atomizaci\u00f3n del l\u00edquido, garantizando un rico sabor constante en cada calada.<\/p>\t\t\t\t\t\t\t\t<\/div>\n\t\t\t\t<\/div>\n\t\t\t\t\t<\/div>\n\t\t\t\t<\/div>\n\t\t\t\t<\/div>","protected":false},"excerpt":{"rendered":"<p>La Bang Leader 80000 Blueberry Ice &amp; Strawberry Banana &amp; Mixed Berries 3 en 1 offre trois saveurs distinctes pour satisfaire tous les go\u00fbts, du frais au sucr\u00e9 en passant par l&rsquo;acidul\u00e9. Go\u00fbt Myrtille Glac\u00e9e\u00a0: Cette cigarette \u00e9lectronique offre un go\u00fbt rafra\u00eechissant et frais, avec la douceur des myrtilles m\u00fbres, comme une boisson glac\u00e9e aux [&hellip;]<\/p>\n","protected":false},"featured_media":5720,"comment_status":"open","ping_status":"closed","template":"","meta":{"site-sidebar-layout":"no-sidebar","site-content-layout":"page-builder","ast-site-content-layout":"normal-width-container","site-content-style":"default","site-sidebar-style":"default","ast-global-header-display":"","ast-banner-title-visibility":"","ast-main-header-display":"","ast-hfb-above-header-display":"","ast-hfb-below-header-display":"","ast-hfb-mobile-header-display":"","site-post-title":"disabled","ast-breadcrumbs-content":"","ast-featured-img":"disabled","footer-sml-layout":"","ast-disable-related-posts":"","theme-transparent-header-meta":"default","adv-header-id-meta":"","stick-header-meta":"default","header-above-stick-meta":"","header-main-stick-meta":"","header-below-stick-meta":"","astra-migrate-meta-layouts":"set","ast-page-background-enabled":"default","ast-page-background-meta":{"desktop":{"background-color":"","background-image":"","background-repeat":"repeat","background-position":"center center","background-size":"auto","background-attachment":"scroll","background-type":"","background-media":"","overlay-type":"","overlay-color":"","overlay-opacity":"","overlay-gradient":""},"tablet":{"background-color":"","background-image":"","background-repeat":"repeat","background-position":"center center","background-size":"auto","background-attachment":"scroll","background-type":"","background-media":"","overlay-type":"","overlay-color":"","overlay-opacity":"","overlay-gradient":""},"mobile":{"background-color":"","background-image":"","background-repeat":"repeat","background-position":"center center","background-size":"auto","background-attachment":"scroll","background-type":"","background-media":"","overlay-type":"","overlay-color":"","overlay-opacity":"","overlay-gradient":""}},"ast-content-background-meta":{"desktop":{"background-color":"var(--ast-global-color-5)","background-image":"","background-repeat":"repeat","background-position":"center center","background-size":"auto","background-attachment":"scroll","background-type":"","background-media":"","overlay-type":"","overlay-color":"","overlay-opacity":"","overlay-gradient":""},"tablet":{"background-color":"var(--ast-global-color-5)","background-image":"","background-repeat":"repeat","background-position":"center center","background-size":"auto","background-attachment":"scroll","background-type":"","background-media":"","overlay-type":"","overlay-color":"","overlay-opacity":"","overlay-gradient":""},"mobile":{"background-color":"var(--ast-global-color-5)","background-image":"","background-repeat":"repeat","background-position":"center center","background-size":"auto","background-attachment":"scroll","background-type":"","background-media":"","overlay-type":"","overlay-color":"","overlay-opacity":"","overlay-gradient":""}}},"product_brand":[53],"product_cat":[54,106,15],"product_tag":[],"class_list":{"0":"post-5882","1":"product","2":"type-product","3":"status-publish","4":"has-post-thumbnail","6":"product_brand-bang-cree-une-cigarette-electronique-plus-confortable","7":"product_cat-bang-leader-80k-dispose-de-trois-reservoirs-de-liquide-independants-integres","8":"product_cat-puff-80k","9":"product_cat-magasin-cigarette-electronique","10":"desktop-align-center","11":"tablet-align-center","12":"mobile-align-center","13":"ast-product-gallery-layout-horizontal","14":"ast-product-gallery-with-no-image","15":"ast-product-single-variable","16":"ast-product-tabs-layout-horizontal","17":"ast-qv-on-image","19":"first","20":"outofstock","21":"sale","22":"shipping-taxable","23":"purchasable","24":"product-type-variable","25":"has-default-attributes"},"tiered_pricing_type":"fixed","tiered_pricing_fixed_rules":{"50":7.24,"100":6.45},"tiered_pricing_product_settings":{"layout":"default","base_unit_name":{"singular":null,"plural":null},"default_variation":null},"tiered_pricing_minimum_quantity":null,"tiered_pricing_roles_data":[],"tiered_pricing_percentage_rules":[],"_links":{"self":[{"href":"https:\/\/puffvapestore.com\/es\/wp-json\/wp\/v2\/product\/5882","targetHints":{"allow":["GET"]}}],"collection":[{"href":"https:\/\/puffvapestore.com\/es\/wp-json\/wp\/v2\/product"}],"about":[{"href":"https:\/\/puffvapestore.com\/es\/wp-json\/wp\/v2\/types\/product"}],"replies":[{"embeddable":true,"href":"https:\/\/puffvapestore.com\/es\/wp-json\/wp\/v2\/comments?post=5882"}],"version-history":[{"count":7,"href":"https:\/\/puffvapestore.com\/es\/wp-json\/wp\/v2\/product\/5882\/revisions"}],"predecessor-version":[{"id":6222,"href":"https:\/\/puffvapestore.com\/es\/wp-json\/wp\/v2\/product\/5882\/revisions\/6222"}],"wp:featuredmedia":[{"embeddable":true,"href":"https:\/\/puffvapestore.com\/es\/wp-json\/wp\/v2\/media\/5720"}],"wp:attachment":[{"href":"https:\/\/puffvapestore.com\/es\/wp-json\/wp\/v2\/media?parent=5882"}],"wp:term":[{"taxonomy":"product_brand","embeddable":true,"href":"https:\/\/puffvapestore.com\/es\/wp-json\/wp\/v2\/product_brand?post=5882"},{"taxonomy":"product_cat","embeddable":true,"href":"https:\/\/puffvapestore.com\/es\/wp-json\/wp\/v2\/product_cat?post=5882"},{"taxonomy":"product_tag","embeddable":true,"href":"https:\/\/puffvapestore.com\/es\/wp-json\/wp\/v2\/product_tag?post=5882"}],"curies":[{"name":"wp","href":"https:\/\/api.w.org\/{rel}","templated":true}]}}