{"id":5863,"date":"2025-07-27T03:17:47","date_gmt":"2025-07-27T03:17:47","guid":{"rendered":"https:\/\/puffvapestore.com\/?post_type=product&#038;p=5863"},"modified":"2026-02-05T03:54:29","modified_gmt":"2026-02-05T03:54:29","slug":"red-bull-blueberry-watermelon-apple-pear-bang-leader-80k","status":"publish","type":"product","link":"https:\/\/puffvapestore.com\/es\/product\/red-bull-arandano-sandia-manzana-pera-bang-leader-80k\/","title":{"rendered":"Red Bull &amp; Ar\u00e1ndano Sand\u00eda &amp; Manzana Pera - Bang Leader 80000 3 en 1"},"content":{"rendered":"<div data-elementor-type=\"wp-post\" data-elementor-id=\"5863\" class=\"elementor elementor-5863\">\n\t\t\t\t<div class=\"elementor-element elementor-element-08c26f9 e-flex e-con-boxed e-con e-parent\" data-id=\"08c26f9\" data-element_type=\"container\" data-e-type=\"container\">\n\t\t\t\t\t<div class=\"e-con-inner\">\n\t\t\t\t<div class=\"elementor-element elementor-element-a005a97 elementor-widget elementor-widget-text-editor\" data-id=\"a005a97\" data-element_type=\"widget\" data-e-type=\"widget\" data-widget_type=\"text-editor.default\">\n\t\t\t\t<div class=\"elementor-widget-container\">\n\t\t\t\t\t\t\t\t\t<p>El Bang Leader 80000 Red Bull, Blueberry, Watermelon, Apple and Pear 3 en 1 es un cigarrillo electr\u00f3nico que combina a la perfecci\u00f3n energ\u00eda y frescor afrutado. El sabor Red Bull ofrece la cl\u00e1sica estimulaci\u00f3n Red Bull, el sabor Blueberry, Sand\u00eda una sinfon\u00eda de aromas afrutados, y el sabor Manzana y Pera un c\u00e1lido final de manzana y pera. Es perfecto para los aficionados a los cigarrillos electr\u00f3nicos que aprecian las variaciones de sabor sin endulzarse demasiado.<\/p><h2>Red Bull: Libera tu energ\u00eda y rel\u00e1jate<\/h2><p>Despu\u00e9s de un d\u00eda paseando por las calles de Par\u00eds, cae la noche, se encienden las luces y una calada de cigarrillo electr\u00f3nico con sabor a Red Bull es como convertir una botella entera de bebida energ\u00e9tica en un suave vapor e inyectarlo en los pulmones, proporcionando una sutil dulzura y una refrescante estimulaci\u00f3n. Sin cafe\u00edna, su sabor \u00abdespertador\u00bb hace que tu noche sea m\u00e1s din\u00e1mica y concentrada.<\/p><h2>Sand\u00eda con ar\u00e1ndanos: sabor veraniego afrutado, fresco y dulce<\/h2><p>De vacaciones en la Provenza o junto al mar, combine la dulzura de los ar\u00e1ndanos con la frescura de las sand\u00edas y libere en el aire una bruma suave y dulce. Esta fragancia es ideal para dar una calada a un cigarrillo electr\u00f3nico con sabor a ar\u00e1ndanos y sand\u00eda mientras lees, escuchas m\u00fasica o tomas una copa, como si estuvieras tumbado en un sill\u00f3n de rat\u00e1n en un balc\u00f3n soleado, respirando el verano a pleno pulm\u00f3n.<\/p><h2>Pera Manzana: Verger \u00c9l\u00e9gant, Fra\u00eecheur Fran\u00e7aise<\/h2><p>La combinaci\u00f3n de manzana y pera es el sabor afrutado m\u00e1s familiar en las mesas familiares francesas. Bang Leader transforma esta familiaridad en un vapor elegante y ligero, ideal para dar una calada a un cigarrillo electr\u00f3nico con sabor a manzana y pera entre dos horas de trabajo o a solas por la noche, y rememorar los dulces momentos de la vida.<\/p><h2>Diferentes concentraciones de nicotina<\/h2><p>El Bang Leader 80000 ofrece diferentes concentraciones de nicotina, incluyendo 0 %, 2 %, 3 % y 5 %, para adaptarse a las necesidades de cada usuario. Tanto si buscas una experiencia sin nicotina como una concentraci\u00f3n m\u00e1s alta para satisfacer tus antojos, este cigarrillo electr\u00f3nico te ofrece opciones de uso flexibles que se adaptan a tus preferencias.<\/p><h2>Innovador dise\u00f1o de e-l\u00edquido tres en uno<\/h2><p>Este cigarrillo electr\u00f3nico ofrece una capacidad de 78 ml de l\u00edquido extragrande, h\u00e1bilmente dividido en tres dep\u00f3sitos separados de 26 ml. Este exclusivo dise\u00f1o tres en uno no s\u00f3lo mejora la comodidad del usuario, sino que tambi\u00e9n facilita el cambio de un sabor a otro para disfrutar de una experiencia variada. Cada dep\u00f3sito est\u00e1 cuidadosamente dise\u00f1ado para garantizar un almacenamiento seguro y una f\u00e1cil sustituci\u00f3n del l\u00edquido.<\/p><p>El Bang Leader 80000 ofrece hasta 80.000 caladas y est\u00e1 dise\u00f1ado para un uso prolongado. Ya sea para uso diario o para salidas prolongadas, este dispositivo ofrece una experiencia de vapeo continua y estable, sin necesidad de sustituirlo o rellenarlo con frecuencia. Ideal para usuarios que buscan durabilidad.<\/p><h2>Bater\u00eda de alto rendimiento y carga r\u00e1pida<\/h2><p>Este cigarrillo electr\u00f3nico incorpora una bater\u00eda recargable de 850 mAh y es compatible con la tecnolog\u00eda de carga r\u00e1pida Type-C, que solo tarda unos 60 minutos. El eficiente sistema de gesti\u00f3n de la bater\u00eda garantiza una mayor duraci\u00f3n de la bater\u00eda, mientras que la funci\u00f3n de carga r\u00e1pida le permite reanudar el uso r\u00e1pidamente, para una experiencia sin problemas en cualquier momento y en cualquier lugar.<\/p><h2>Tecnolog\u00eda optimizada de resistencia de la malla<\/h2><p>El Bang Leader 80000 utiliza una resistencia de malla de 1,0 \u03a9. Esto garantiza un calentamiento uniforme y un vapor rico y cremoso. La estructura de la resistencia de malla optimiza la atomizaci\u00f3n del l\u00edquido, garantizando un sabor rico y constante en cada calada.<\/p>\t\t\t\t\t\t\t\t<\/div>\n\t\t\t\t<\/div>\n\t\t\t\t\t<\/div>\n\t\t\t\t<\/div>\n\t\t\t\t<\/div>","protected":false},"excerpt":{"rendered":"<p>La Bang Leader 80000 Red Bull, Myrtille, Past\u00e8que, Pomme et Poire 3 en 1 est une cigarette \u00e9lectronique alliant parfaitement \u00e9nergie et fra\u00eecheur fruit\u00e9e. La saveur Red Bull offre la stimulation classique de Red Bull, la saveur Myrtille, Past\u00e8que, une symphonie d&rsquo;ar\u00f4mes fruit\u00e9s, et la saveur Pomme et Poire, une finale chaleureuse de pommes et [&hellip;]<\/p>\n","protected":false},"featured_media":5725,"comment_status":"open","ping_status":"closed","template":"","meta":{"site-sidebar-layout":"no-sidebar","site-content-layout":"page-builder","ast-site-content-layout":"normal-width-container","site-content-style":"default","site-sidebar-style":"default","ast-global-header-display":"","ast-banner-title-visibility":"","ast-main-header-display":"","ast-hfb-above-header-display":"","ast-hfb-below-header-display":"","ast-hfb-mobile-header-display":"","site-post-title":"disabled","ast-breadcrumbs-content":"","ast-featured-img":"disabled","footer-sml-layout":"","ast-disable-related-posts":"","theme-transparent-header-meta":"default","adv-header-id-meta":"","stick-header-meta":"default","header-above-stick-meta":"","header-main-stick-meta":"","header-below-stick-meta":"","astra-migrate-meta-layouts":"set","ast-page-background-enabled":"default","ast-page-background-meta":{"desktop":{"background-color":"","background-image":"","background-repeat":"repeat","background-position":"center center","background-size":"auto","background-attachment":"scroll","background-type":"","background-media":"","overlay-type":"","overlay-color":"","overlay-opacity":"","overlay-gradient":""},"tablet":{"background-color":"","background-image":"","background-repeat":"repeat","background-position":"center center","background-size":"auto","background-attachment":"scroll","background-type":"","background-media":"","overlay-type":"","overlay-color":"","overlay-opacity":"","overlay-gradient":""},"mobile":{"background-color":"","background-image":"","background-repeat":"repeat","background-position":"center center","background-size":"auto","background-attachment":"scroll","background-type":"","background-media":"","overlay-type":"","overlay-color":"","overlay-opacity":"","overlay-gradient":""}},"ast-content-background-meta":{"desktop":{"background-color":"var(--ast-global-color-5)","background-image":"","background-repeat":"repeat","background-position":"center center","background-size":"auto","background-attachment":"scroll","background-type":"","background-media":"","overlay-type":"","overlay-color":"","overlay-opacity":"","overlay-gradient":""},"tablet":{"background-color":"var(--ast-global-color-5)","background-image":"","background-repeat":"repeat","background-position":"center center","background-size":"auto","background-attachment":"scroll","background-type":"","background-media":"","overlay-type":"","overlay-color":"","overlay-opacity":"","overlay-gradient":""},"mobile":{"background-color":"var(--ast-global-color-5)","background-image":"","background-repeat":"repeat","background-position":"center center","background-size":"auto","background-attachment":"scroll","background-type":"","background-media":"","overlay-type":"","overlay-color":"","overlay-opacity":"","overlay-gradient":""}}},"product_brand":[53],"product_cat":[54,106,15],"product_tag":[],"class_list":{"0":"post-5863","1":"product","2":"type-product","3":"status-publish","4":"has-post-thumbnail","6":"product_brand-bang-cree-une-cigarette-electronique-plus-confortable","7":"product_cat-bang-leader-80k-dispose-de-trois-reservoirs-de-liquide-independants-integres","8":"product_cat-puff-80k","9":"product_cat-magasin-cigarette-electronique","10":"desktop-align-center","11":"tablet-align-center","12":"mobile-align-center","13":"ast-product-gallery-layout-horizontal","14":"ast-product-gallery-with-no-image","15":"ast-product-single-variable","16":"ast-product-tabs-layout-horizontal","17":"ast-qv-on-image","19":"first","20":"outofstock","21":"sale","22":"shipping-taxable","23":"purchasable","24":"product-type-variable","25":"has-default-attributes"},"tiered_pricing_type":"fixed","tiered_pricing_fixed_rules":{"50":7.24,"100":6.45},"tiered_pricing_product_settings":{"layout":"default","base_unit_name":{"singular":null,"plural":null},"default_variation":null},"tiered_pricing_minimum_quantity":null,"tiered_pricing_roles_data":[],"tiered_pricing_percentage_rules":[],"_links":{"self":[{"href":"https:\/\/puffvapestore.com\/es\/wp-json\/wp\/v2\/product\/5863","targetHints":{"allow":["GET"]}}],"collection":[{"href":"https:\/\/puffvapestore.com\/es\/wp-json\/wp\/v2\/product"}],"about":[{"href":"https:\/\/puffvapestore.com\/es\/wp-json\/wp\/v2\/types\/product"}],"replies":[{"embeddable":true,"href":"https:\/\/puffvapestore.com\/es\/wp-json\/wp\/v2\/comments?post=5863"}],"version-history":[{"count":11,"href":"https:\/\/puffvapestore.com\/es\/wp-json\/wp\/v2\/product\/5863\/revisions"}],"predecessor-version":[{"id":6221,"href":"https:\/\/puffvapestore.com\/es\/wp-json\/wp\/v2\/product\/5863\/revisions\/6221"}],"wp:featuredmedia":[{"embeddable":true,"href":"https:\/\/puffvapestore.com\/es\/wp-json\/wp\/v2\/media\/5725"}],"wp:attachment":[{"href":"https:\/\/puffvapestore.com\/es\/wp-json\/wp\/v2\/media?parent=5863"}],"wp:term":[{"taxonomy":"product_brand","embeddable":true,"href":"https:\/\/puffvapestore.com\/es\/wp-json\/wp\/v2\/product_brand?post=5863"},{"taxonomy":"product_cat","embeddable":true,"href":"https:\/\/puffvapestore.com\/es\/wp-json\/wp\/v2\/product_cat?post=5863"},{"taxonomy":"product_tag","embeddable":true,"href":"https:\/\/puffvapestore.com\/es\/wp-json\/wp\/v2\/product_tag?post=5863"}],"curies":[{"name":"wp","href":"https:\/\/api.w.org\/{rel}","templated":true}]}}