{"id":5841,"date":"2025-07-26T07:51:01","date_gmt":"2025-07-26T07:51:01","guid":{"rendered":"https:\/\/puffvapestore.com\/?post_type=product&#038;p=5841"},"modified":"2026-02-05T03:54:29","modified_gmt":"2026-02-05T03:54:29","slug":"bang-leader-80k-cola-ice-blueberry-raspberry-peach-mango-watermelon-une-detente-instantanee","status":"publish","type":"product","link":"https:\/\/puffvapestore.com\/es\/product\/bang-leader-80k-cola-ice-arandano-frambuesa-melocoton-mango-sandia-relajacion-instantanea\/","title":{"rendered":"Bang Leader 80000 3 en 1 - Cola Ice &amp; Ar\u00e1ndano Frambuesa &amp; Melocot\u00f3n Mango Sand\u00eda"},"content":{"rendered":"<div data-elementor-type=\"wp-post\" data-elementor-id=\"5841\" class=\"elementor elementor-5841\">\n\t\t\t\t<div class=\"elementor-element elementor-element-08c26f9 e-flex e-con-boxed e-con e-parent\" data-id=\"08c26f9\" data-element_type=\"container\" data-e-type=\"container\">\n\t\t\t\t\t<div class=\"e-con-inner\">\n\t\t\t\t<div class=\"elementor-element elementor-element-a005a97 elementor-widget elementor-widget-text-editor\" data-id=\"a005a97\" data-element_type=\"widget\" data-e-type=\"widget\" data-widget_type=\"text-editor.default\">\n\t\t\t\t<div class=\"elementor-widget-container\">\n\t\t\t\t\t\t\t\t\t<p>El dise\u00f1o tres en uno del cigarrillo electr\u00f3nico Bang Leader 80000 es una de sus principales bazas, sobre todo en un mercado como el franc\u00e9s, en el que el sabor es primordial, ofreciendo mayores posibilidades de elecci\u00f3n y posibilidades. El sabor Cola Ice, transportado por el humo, le da una sensaci\u00f3n de frescor y de frescura, como si se transportara a un caf\u00e9 a orillas del mar en pleno verano. La brisa se mezcla con el aroma familiar de la espuma de soda, para una relajaci\u00f3n instant\u00e1nea. El sabor Ar\u00e1ndano, Frambuesa ofrece un dulzor m\u00e1s maduro y elegante. La agria y dulce mezcla de bayas evoca una tarta de frutas en las calles de Par\u00eds, dulce sin ser grasienta, despertando los sentidos. Y si le apetece un confort tropical, el sabor jugoso y fresco del melocot\u00f3n, el mango y la sand\u00eda le transportar\u00e1 al sol del Mediterr\u00e1neo, al coraz\u00f3n de los huertos, relajado y lleno de energ\u00eda.<\/p><h2>Especificaciones del Bang Leader 80000 Cola Ice &amp; Frambuesa Ar\u00e1ndano &amp; Melocot\u00f3n Mango Sand\u00eda 3 en 1 :<\/h2><p>N\u00famero de caladas: Cada Bang Leader 80000 Cola Ice &amp; Blueberry Raspberry &amp; Peach Mango Watermelon ofrece hasta 80000 caladas, para un uso duradero.<\/p><p>Capacidad: 78 ml de l\u00edquido en tres dep\u00f3sitos independientes de 26 ml.<\/p><p>Bater\u00eda: bater\u00eda recargable de 850 mAh, compatible con la carga r\u00e1pida Type-C, para un tiempo de carga de unos 60 minutos.<\/p><p>Concentraci\u00f3n de nicotina: 0 %, 2 %, 3 % y 5 % de nicotina est\u00e1n disponibles para satisfacer las necesidades de cada usuario.<\/p><p>Resistencia de malla: resistencia de malla de 1,0 \u03a9 para un calentamiento uniforme y un vapor suave.<\/p><h2>Caracter\u00edsticas del Bang Leader 80000 Cola Hielo &amp; Frambuesa Ar\u00e1ndano &amp; Melocot\u00f3n Mango Sand\u00eda 3 en 1 :<\/h2><p>Sistema de triple sabor: Equipado con tres dep\u00f3sitos independientes, el selector de sabor facilita el cambio de sabor, evitando la monoton\u00eda de un \u00fanico sabor.<\/p><p>Resistencia de malla de alto rendimiento: la resistencia de malla de 1,0 \u03a9 proporciona un vapor suave y un rico sabor, garantizando un vapeo consistente con cada calada.<\/p><p>Dise\u00f1o recargable: bater\u00eda de 850 mAh con carga r\u00e1pida de tipo C, que reduce el tiempo de inactividad y prolonga la vida \u00fatil de la bater\u00eda.<\/p><p>Dise\u00f1o ergon\u00f3mico: port\u00e1til, ligero y c\u00f3modo de sujetar, adecuado para el transporte diario y el uso frecuente.<\/p><p>Varias opciones de nicotina: desde sin nicotina (0 %) hasta nicotina de alta concentraci\u00f3n (5 %), adecuadas tanto para principiantes como para vapeadores experimentados.<\/p><p>Funciones de seguridad: protecci\u00f3n integrada contra sobrecargas, cortocircuitos y baja tensi\u00f3n para un funcionamiento seguro.<\/p>\t\t\t\t\t\t\t\t<\/div>\n\t\t\t\t<\/div>\n\t\t\t\t\t<\/div>\n\t\t\t\t<\/div>\n\t\t\t\t<\/div>","protected":false},"excerpt":{"rendered":"<p>La conception trois en un de la cigarette \u00e9lectronique Bang Leader 80000 est l&rsquo;un de ses atouts majeurs, notamment sur un march\u00e9 comme la France, o\u00f9 le go\u00fbt est primordial, offrant un choix et des possibilit\u00e9s plus vastes. L&rsquo;ar\u00f4me Cola Ice, port\u00e9 par la fum\u00e9e, procure une sensation de fra\u00eecheur et de fra\u00eecheur, comme si [&hellip;]<\/p>\n","protected":false},"featured_media":5722,"comment_status":"open","ping_status":"closed","template":"","meta":{"site-sidebar-layout":"no-sidebar","site-content-layout":"page-builder","ast-site-content-layout":"normal-width-container","site-content-style":"default","site-sidebar-style":"default","ast-global-header-display":"","ast-banner-title-visibility":"","ast-main-header-display":"","ast-hfb-above-header-display":"","ast-hfb-below-header-display":"","ast-hfb-mobile-header-display":"","site-post-title":"disabled","ast-breadcrumbs-content":"","ast-featured-img":"disabled","footer-sml-layout":"","ast-disable-related-posts":"","theme-transparent-header-meta":"default","adv-header-id-meta":"","stick-header-meta":"default","header-above-stick-meta":"","header-main-stick-meta":"","header-below-stick-meta":"","astra-migrate-meta-layouts":"set","ast-page-background-enabled":"default","ast-page-background-meta":{"desktop":{"background-color":"","background-image":"","background-repeat":"repeat","background-position":"center center","background-size":"auto","background-attachment":"scroll","background-type":"","background-media":"","overlay-type":"","overlay-color":"","overlay-opacity":"","overlay-gradient":""},"tablet":{"background-color":"","background-image":"","background-repeat":"repeat","background-position":"center center","background-size":"auto","background-attachment":"scroll","background-type":"","background-media":"","overlay-type":"","overlay-color":"","overlay-opacity":"","overlay-gradient":""},"mobile":{"background-color":"","background-image":"","background-repeat":"repeat","background-position":"center center","background-size":"auto","background-attachment":"scroll","background-type":"","background-media":"","overlay-type":"","overlay-color":"","overlay-opacity":"","overlay-gradient":""}},"ast-content-background-meta":{"desktop":{"background-color":"var(--ast-global-color-5)","background-image":"","background-repeat":"repeat","background-position":"center center","background-size":"auto","background-attachment":"scroll","background-type":"","background-media":"","overlay-type":"","overlay-color":"","overlay-opacity":"","overlay-gradient":""},"tablet":{"background-color":"var(--ast-global-color-5)","background-image":"","background-repeat":"repeat","background-position":"center center","background-size":"auto","background-attachment":"scroll","background-type":"","background-media":"","overlay-type":"","overlay-color":"","overlay-opacity":"","overlay-gradient":""},"mobile":{"background-color":"var(--ast-global-color-5)","background-image":"","background-repeat":"repeat","background-position":"center center","background-size":"auto","background-attachment":"scroll","background-type":"","background-media":"","overlay-type":"","overlay-color":"","overlay-opacity":"","overlay-gradient":""}}},"product_brand":[53],"product_cat":[54,106,15],"product_tag":[],"class_list":{"0":"post-5841","1":"product","2":"type-product","3":"status-publish","4":"has-post-thumbnail","6":"product_brand-bang-cree-une-cigarette-electronique-plus-confortable","7":"product_cat-bang-leader-80k-dispose-de-trois-reservoirs-de-liquide-independants-integres","8":"product_cat-puff-80k","9":"product_cat-magasin-cigarette-electronique","10":"desktop-align-center","11":"tablet-align-center","12":"mobile-align-center","13":"ast-product-gallery-layout-horizontal","14":"ast-product-gallery-with-no-image","15":"ast-product-single-variable","16":"ast-product-tabs-layout-horizontal","17":"ast-qv-on-image","19":"first","20":"outofstock","21":"sale","22":"shipping-taxable","23":"purchasable","24":"product-type-variable","25":"has-default-attributes"},"tiered_pricing_type":"fixed","tiered_pricing_fixed_rules":{"50":7.24,"100":6.45},"tiered_pricing_product_settings":{"layout":"default","base_unit_name":{"singular":null,"plural":null},"default_variation":null},"tiered_pricing_minimum_quantity":null,"tiered_pricing_roles_data":[],"tiered_pricing_percentage_rules":[],"_links":{"self":[{"href":"https:\/\/puffvapestore.com\/es\/wp-json\/wp\/v2\/product\/5841","targetHints":{"allow":["GET"]}}],"collection":[{"href":"https:\/\/puffvapestore.com\/es\/wp-json\/wp\/v2\/product"}],"about":[{"href":"https:\/\/puffvapestore.com\/es\/wp-json\/wp\/v2\/types\/product"}],"replies":[{"embeddable":true,"href":"https:\/\/puffvapestore.com\/es\/wp-json\/wp\/v2\/comments?post=5841"}],"version-history":[{"count":7,"href":"https:\/\/puffvapestore.com\/es\/wp-json\/wp\/v2\/product\/5841\/revisions"}],"predecessor-version":[{"id":6219,"href":"https:\/\/puffvapestore.com\/es\/wp-json\/wp\/v2\/product\/5841\/revisions\/6219"}],"wp:featuredmedia":[{"embeddable":true,"href":"https:\/\/puffvapestore.com\/es\/wp-json\/wp\/v2\/media\/5722"}],"wp:attachment":[{"href":"https:\/\/puffvapestore.com\/es\/wp-json\/wp\/v2\/media?parent=5841"}],"wp:term":[{"taxonomy":"product_brand","embeddable":true,"href":"https:\/\/puffvapestore.com\/es\/wp-json\/wp\/v2\/product_brand?post=5841"},{"taxonomy":"product_cat","embeddable":true,"href":"https:\/\/puffvapestore.com\/es\/wp-json\/wp\/v2\/product_cat?post=5841"},{"taxonomy":"product_tag","embeddable":true,"href":"https:\/\/puffvapestore.com\/es\/wp-json\/wp\/v2\/product_tag?post=5841"}],"curies":[{"name":"wp","href":"https:\/\/api.w.org\/{rel}","templated":true}]}}