{"id":5751,"date":"2025-07-24T11:00:28","date_gmt":"2025-07-24T11:00:28","guid":{"rendered":"https:\/\/puffvapestore.com\/?post_type=product&#038;p=5751"},"modified":"2026-02-05T03:54:29","modified_gmt":"2026-02-05T03:54:29","slug":"bang-leader-80000-avec-78ml-de-liquide","status":"publish","type":"product","link":"https:\/\/puffvapestore.com\/es\/product\/bang-leader-80000-con-78-ml-de-liquido\/","title":{"rendered":"Bang Leader 80K 3 en 1: 80000 caladas de humo, 78 ml de e-l\u00edquido, bater\u00eda recargable de 850 mAh y resistencia de malla"},"content":{"rendered":"<div data-elementor-type=\"wp-post\" data-elementor-id=\"5751\" class=\"elementor elementor-5751\">\n\t\t\t\t<div class=\"elementor-element elementor-element-08c26f9 e-flex e-con-boxed e-con e-parent\" data-id=\"08c26f9\" data-element_type=\"container\" data-e-type=\"container\">\n\t\t\t\t\t<div class=\"e-con-inner\">\n\t\t\t\t<div class=\"elementor-element elementor-element-a005a97 elementor-widget elementor-widget-text-editor\" data-id=\"a005a97\" data-element_type=\"widget\" data-e-type=\"widget\" data-widget_type=\"text-editor.default\">\n\t\t\t\t<div class=\"elementor-widget-container\">\n\t\t\t\t\t\t\t\t\t<h2>Especificaciones del Bang Leader 80000 3 en 1 :<\/h2><p>N\u00famero de caladas: Cada Bang Leader 80000 ofrece hasta 80000 caladas, para un uso duradero.<\/p><p>Capacidad: 78 ml de l\u00edquido en tres dep\u00f3sitos independientes de 26 ml.<\/p><p>Bater\u00eda: bater\u00eda recargable de 850 mAh, compatible con la carga r\u00e1pida Type-C, para un tiempo de carga de unos 60 minutos.<\/p><p>Concentraci\u00f3n de nicotina: 0 %, 2 %, 3 % y 5 % de nicotina est\u00e1n disponibles para satisfacer las necesidades de cada usuario.<\/p><p>Resistencia de malla: resistencia de malla de 1,0 \u03a9 para un calentamiento uniforme y un vapor suave.<\/p><h2>Caracter\u00edsticas del Bang Leader 80000 3 en 1 :<\/h2><p>Sistema de triple sabor: Equipado con tres dep\u00f3sitos independientes, el selector de sabor facilita el cambio de sabor, evitando la monoton\u00eda de un \u00fanico sabor.<\/p><p>Resistencia de malla de alto rendimiento: la resistencia de malla de 1,0 \u03a9 proporciona un vapor suave y un rico sabor, garantizando un vapeo consistente con cada calada.<\/p><p>Dise\u00f1o recargable: bater\u00eda de 850 mAh con carga r\u00e1pida de tipo C, que reduce el tiempo de inactividad y prolonga la vida \u00fatil de la bater\u00eda.<\/p><p>Dise\u00f1o ergon\u00f3mico: port\u00e1til, ligero y c\u00f3modo de sujetar, adecuado para el transporte diario y el uso frecuente.<\/p><p>Varias opciones de nicotina: desde sin nicotina (0 %) hasta nicotina de alta concentraci\u00f3n (5 %), adecuadas tanto para principiantes como para vapeadores experimentados.<\/p><p>Funciones de seguridad: protecci\u00f3n integrada contra sobrecargas, cortocircuitos y baja tensi\u00f3n para un funcionamiento seguro.<\/p><h2>El Bang Leader 80K 3 en 1 ofrece 12 combinaciones de sabores \u00fanicas<\/h2><p>El cigarrillo electr\u00f3nico 3 en 1 Bang Leader 80K ofrece 12 combinaciones de sabores \u00fanicas, combinadas con diversos ingredientes como frutas, helados, postres y bebidas, para satisfacer las necesidades de cada usuario.<\/p><p>\u00abHelado de Aguacate, Lima Lim\u00f3n y Sand\u00eda Frambuesa\u00bb: Esta combinaci\u00f3n de sabores combina el sabor cremoso del helado de aguacate, la acidez refrescante del lim\u00f3n y la lima, y el aroma dulce y afrutado de la sand\u00eda y la frambuesa, para una experiencia equilibrada de frescor y afrutado.<\/p><p>\u00abBlueberry Ice &amp; Black Dragon Ice &amp; Mango Peach\u00bb: El refrescante helado de ar\u00e1ndanos se une al misterioso helado de pitaya, combinado con el sabor tropical del melocot\u00f3n mango, para ofrecer una combinaci\u00f3n \u00fanica de frescor afrutado y frescura.<\/p><p>\u00abBlueberry Ice &amp; Strawberry Banana &amp; Mixed Berries\u00bb: La frescura del helado de ar\u00e1ndanos se combina con el sabor lechoso y dulce de la fresa y el pl\u00e1tano, y el rico sabor afrutado de las bayas mixtas, rico en matices y rebosante de aromas afrutados.<\/p><p>\u00abBlueberry Watermelon &amp; Strawberry Mango &amp; Blackcurrant\u00bb: El dulzor del ar\u00e1ndano y la sand\u00eda complementa el sabor tropical de la fresa y el mango, mientras que la acidez de la grosella negra a\u00f1ade profundidad.<\/p><p>\u2018Cola Ice &amp; Blueberry Raspberry &amp; Peach Mango Watermelon\u2019: Este refresco de cola helado ofrece el sabor cl\u00e1sico del refresco, donde la acidez del ar\u00e1ndano frambuesa contrasta con la dulzura tropical del melocot\u00f3n mango sand\u00eda.<\/p><p>\u2018Kiwi fruta de la pasi\u00f3n guayaba y lichi helado y mango melocot\u00f3n pi\u00f1a\u2019: La combinaci\u00f3n tropical de kiwi, fruta de la pasi\u00f3n y guayaba, con la frescura del helado de lichi y la dulzura del mango melocot\u00f3n pi\u00f1a, ofrece un estilo ex\u00f3tico.<\/p><p>\u2018Raspberry Mojito Peach Ice &amp; Strawberry Watermelon &amp; Kiwi Passion Fruit Guava\u2019: La frescura del mojito de frambuesa y el hielo de melocot\u00f3n, combinados con la sand\u00eda de fresa y la guayaba de fruta de la pasi\u00f3n de kiwi, crean una sensaci\u00f3n afrutada y refrescante a muchos niveles.<\/p><p>\u2018Red Bull &amp; Blueberry Watermelon &amp; Apple Pear\u2019: El sabor de la bebida energ\u00e9tica Red Bull se combina con la dulzura de la sand\u00eda con ar\u00e1ndanos y el aroma vivo y afrutado de la pera con manzana, para una sensaci\u00f3n llena de vitalidad.<\/p><p>\u00abRed Bull &amp; Chicle de Sand\u00eda &amp; Helado de Fresa\u00bb: La euforia de Red Bull se combina con la dulzura del chicle de sand\u00eda y el sabor l\u00e1cteo del helado de fresa, para un resultado tan dulce como delicioso.<\/p><p>\u00abStrawberry Kiwi &amp; Peach Ice &amp; Cherry Cola\u00bb: La dulzura del kiwi de fresa, la frescura del helado de melocot\u00f3n y el sabor cl\u00e1sico de la cola de cereza crean una combinaci\u00f3n \u00fanica de aromas afrutados y soda.<\/p><p>\u00abSand\u00eda Fresa &amp; Helado de Uva &amp; Caramelo Arco Iris\u00bb: La dulzura de la sand\u00eda fresa, la frescura del helado de uva y la dulzura colorida del caramelo arco iris forman una combinaci\u00f3n afrutada y refrescante.<\/p><p>\u00abWatermelon Ice &amp; Strawberry Mango &amp; Banana\u00bb: La frescura del hielo de sand\u00eda, la dulzura tropical del mango de fresa y el aroma l\u00e1cteo del pl\u00e1tano, para un gusto cremoso y un rico sabor afrutado.<\/p>\t\t\t\t\t\t\t\t<\/div>\n\t\t\t\t<\/div>\n\t\t\t\t\t<\/div>\n\t\t\t\t<\/div>\n\t\t\t\t<\/div>","protected":false},"excerpt":{"rendered":"<p>Sp\u00e9cifications du Bang Leader 80000 3 en 1\u00a0: Nombre de bouff\u00e9es\u00a0: Chaque Bang Leader 80000 offre jusqu\u2019\u00e0 80000 bouff\u00e9es, pour une utilisation longue dur\u00e9e. Capacit\u00e9\u00a0: 78\u00a0ml de liquide, r\u00e9partis dans trois r\u00e9servoirs ind\u00e9pendants de 26\u00a0ml. Batterie\u00a0: Batterie rechargeable de 850\u00a0mAh, compatible avec la charge rapide Type-C, pour une dur\u00e9e de charge d\u2019environ 60\u00a0minutes. Concentration en [&hellip;]<\/p>\n","protected":false},"featured_media":5730,"comment_status":"open","ping_status":"closed","template":"","meta":{"site-sidebar-layout":"no-sidebar","site-content-layout":"page-builder","ast-site-content-layout":"normal-width-container","site-content-style":"default","site-sidebar-style":"default","ast-global-header-display":"","ast-banner-title-visibility":"","ast-main-header-display":"","ast-hfb-above-header-display":"","ast-hfb-below-header-display":"","ast-hfb-mobile-header-display":"","site-post-title":"disabled","ast-breadcrumbs-content":"","ast-featured-img":"disabled","footer-sml-layout":"","ast-disable-related-posts":"","theme-transparent-header-meta":"default","adv-header-id-meta":"","stick-header-meta":"default","header-above-stick-meta":"","header-main-stick-meta":"","header-below-stick-meta":"","astra-migrate-meta-layouts":"set","ast-page-background-enabled":"default","ast-page-background-meta":{"desktop":{"background-color":"","background-image":"","background-repeat":"repeat","background-position":"center center","background-size":"auto","background-attachment":"scroll","background-type":"","background-media":"","overlay-type":"","overlay-color":"","overlay-opacity":"","overlay-gradient":""},"tablet":{"background-color":"","background-image":"","background-repeat":"repeat","background-position":"center center","background-size":"auto","background-attachment":"scroll","background-type":"","background-media":"","overlay-type":"","overlay-color":"","overlay-opacity":"","overlay-gradient":""},"mobile":{"background-color":"","background-image":"","background-repeat":"repeat","background-position":"center center","background-size":"auto","background-attachment":"scroll","background-type":"","background-media":"","overlay-type":"","overlay-color":"","overlay-opacity":"","overlay-gradient":""}},"ast-content-background-meta":{"desktop":{"background-color":"var(--ast-global-color-5)","background-image":"","background-repeat":"repeat","background-position":"center center","background-size":"auto","background-attachment":"scroll","background-type":"","background-media":"","overlay-type":"","overlay-color":"","overlay-opacity":"","overlay-gradient":""},"tablet":{"background-color":"var(--ast-global-color-5)","background-image":"","background-repeat":"repeat","background-position":"center center","background-size":"auto","background-attachment":"scroll","background-type":"","background-media":"","overlay-type":"","overlay-color":"","overlay-opacity":"","overlay-gradient":""},"mobile":{"background-color":"var(--ast-global-color-5)","background-image":"","background-repeat":"repeat","background-position":"center center","background-size":"auto","background-attachment":"scroll","background-type":"","background-media":"","overlay-type":"","overlay-color":"","overlay-opacity":"","overlay-gradient":""}}},"product_brand":[53],"product_cat":[54,106,15],"product_tag":[],"class_list":{"0":"post-5751","1":"product","2":"type-product","3":"status-publish","4":"has-post-thumbnail","6":"product_brand-bang-cree-une-cigarette-electronique-plus-confortable","7":"product_cat-bang-leader-80k-dispose-de-trois-reservoirs-de-liquide-independants-integres","8":"product_cat-puff-80k","9":"product_cat-magasin-cigarette-electronique","10":"desktop-align-center","11":"tablet-align-center","12":"mobile-align-center","13":"ast-product-gallery-layout-horizontal","14":"ast-product-single-variable","15":"ast-product-tabs-layout-horizontal","16":"ast-qv-on-image","18":"first","19":"outofstock","20":"sale","21":"shipping-taxable","22":"purchasable","23":"product-type-variable","24":"has-default-attributes"},"tiered_pricing_type":"fixed","tiered_pricing_fixed_rules":{"50":7.24,"100":6.45},"tiered_pricing_product_settings":{"layout":"default","base_unit_name":{"singular":null,"plural":null},"default_variation":null},"tiered_pricing_minimum_quantity":null,"tiered_pricing_roles_data":[],"tiered_pricing_percentage_rules":[],"_links":{"self":[{"href":"https:\/\/puffvapestore.com\/es\/wp-json\/wp\/v2\/product\/5751","targetHints":{"allow":["GET"]}}],"collection":[{"href":"https:\/\/puffvapestore.com\/es\/wp-json\/wp\/v2\/product"}],"about":[{"href":"https:\/\/puffvapestore.com\/es\/wp-json\/wp\/v2\/types\/product"}],"replies":[{"embeddable":true,"href":"https:\/\/puffvapestore.com\/es\/wp-json\/wp\/v2\/comments?post=5751"}],"version-history":[{"count":7,"href":"https:\/\/puffvapestore.com\/es\/wp-json\/wp\/v2\/product\/5751\/revisions"}],"predecessor-version":[{"id":5814,"href":"https:\/\/puffvapestore.com\/es\/wp-json\/wp\/v2\/product\/5751\/revisions\/5814"}],"wp:featuredmedia":[{"embeddable":true,"href":"https:\/\/puffvapestore.com\/es\/wp-json\/wp\/v2\/media\/5730"}],"wp:attachment":[{"href":"https:\/\/puffvapestore.com\/es\/wp-json\/wp\/v2\/media?parent=5751"}],"wp:term":[{"taxonomy":"product_brand","embeddable":true,"href":"https:\/\/puffvapestore.com\/es\/wp-json\/wp\/v2\/product_brand?post=5751"},{"taxonomy":"product_cat","embeddable":true,"href":"https:\/\/puffvapestore.com\/es\/wp-json\/wp\/v2\/product_cat?post=5751"},{"taxonomy":"product_tag","embeddable":true,"href":"https:\/\/puffvapestore.com\/es\/wp-json\/wp\/v2\/product_tag?post=5751"}],"curies":[{"name":"wp","href":"https:\/\/api.w.org\/{rel}","templated":true}]}}