{"id":5680,"date":"2025-07-24T05:37:12","date_gmt":"2025-07-24T05:37:12","guid":{"rendered":"https:\/\/puffvapestore.com\/?post_type=product&#038;p=5680"},"modified":"2026-01-19T10:54:36","modified_gmt":"2026-01-19T10:54:36","slug":"kiwi-passion-fruit-guava-lush-ice-straw-mango-bang-king-85k-un-plaisir-et-un-soulagement-instantanes","status":"publish","type":"product","link":"https:\/\/puffvapestore.com\/es\/product\/kiwi-maracuya-guayaba-exuberante-hielo-paja-mango-bang-king-85k-placer-y-alivio-instantaneos\/","title":{"rendered":"Kiwi Fruta de la Pasi\u00f3n Guayaba &amp; Lush Hielo &amp; Paja Mango - Bang King Triple 85000 3 en 1"},"content":{"rendered":"<div data-elementor-type=\"wp-post\" data-elementor-id=\"5680\" class=\"elementor elementor-5680\">\n\t\t\t\t<div class=\"elementor-element elementor-element-08c26f9 e-flex e-con-boxed e-con e-parent\" data-id=\"08c26f9\" data-element_type=\"container\" data-e-type=\"container\">\n\t\t\t\t\t<div class=\"e-con-inner\">\n\t\t\t\t<div class=\"elementor-element elementor-element-a005a97 elementor-widget elementor-widget-text-editor\" data-id=\"a005a97\" data-element_type=\"widget\" data-e-type=\"widget\" data-widget_type=\"text-editor.default\">\n\t\t\t\t<div class=\"elementor-widget-container\">\n\t\t\t\t\t\t\t\t\t<p>Los tres sabores Kiwi Fruta de la Pasi\u00f3n Guayaba y Lush Ice &amp; Straw Mango encarnan el poder de los aromas de frutas tropicales, la frescura de la menta fresca y la suavidad de la pulpa de fruta dulce. Gracias al selector inteligente, puede cambiar de sabor al instante con s\u00f3lo ajustar el selector, convirtiendo cada inhalaci\u00f3n en un aut\u00e9ntico viaje.<\/p><h2>Kiwi Fruta de la pasi\u00f3n Guayaba<\/h2><p>Este tr\u00edo tropical \u00fanico combina el dulce kiwi, la fragante fruta de la pasi\u00f3n y la jugosa guayaba para un sabor intenso y complejo. Sentado en tu balc\u00f3n al atardecer, dale una calada a este cigarrillo electr\u00f3nico aromatizado y te sentir\u00e1s como en una playa de Martinica, dejando que tus pensamientos floten en el viento.<\/p><h2>Hielo exuberante<\/h2><p>La dulzura de la sand\u00eda est\u00e1 delicadamente envuelta por la frescura de la menta, refrescando tus papilas gustativas. Este cigarrillo electr\u00f3nico con sabor a Lush Ice es ideal para relajarse por la tarde, especialmente en verano. Salga de la cafeter\u00eda y d\u00e9 una calada a Lush Ice, como una brisa fresca en la cara.<\/p><h2>Mango paja<\/h2><p>La combinaci\u00f3n de mango cremoso y fresa \u00e1cida es como un batido casero. Despu\u00e9s de una copa o un momento de lectura, inhale Straw Mango para disfrutar de un momento de relajaci\u00f3n y placer.<\/p><p>El Bang King 85000 Kiwi Fruta de la Pasi\u00f3n Guayaba &amp; Lush Ice &amp; Straw Mango 3 en 1 Triple Sabor est\u00e1 equipado con una bater\u00eda de litio recargable de alto rendimiento de 600 mAh y admite carga r\u00e1pida a trav\u00e9s de USB-C, lo que le proporciona una experiencia de vapeo estable y duradera. Incluso los usuarios intensivos pueden gestionar f\u00e1cilmente el uso diario sin necesidad de recargas frecuentes.<\/p><p>Equipado con una pantalla OLED inteligente de alta definici\u00f3n, muestra el nivel de bater\u00eda y la cantidad de e-l\u00edquido restante en tiempo real. Los usuarios pueden ver intuitivamente el estado del dispositivo, lo que les permite cargarlo con antelaci\u00f3n y cambiar de sabor a voluntad.<\/p><h2>Tres sabores en una sola m\u00e1quina<\/h2><p>El Bang King 85000 Kiwi Fruta de la Pasi\u00f3n Guayaba &amp; Lush Ice &amp; Straw Mango dispone de un original dep\u00f3sito con tres e-l\u00edquidos, cada uno de los cuales puede inyectarse independientemente con diferentes sabores de e-l\u00edquido, para una capacidad total de hasta 63 ml (21 ml por dep\u00f3sito). El selector de sabores le permite cambiar libremente de sabor en cualquier momento, sin cambiar de dispositivo ni de cartucho, para adaptarse a todas sus necesidades.<\/p><p>Cada e-cigarrillo Bang King Triple 85000 Kiwi Fruta de la Pasi\u00f3n Guayaba &amp; Lush Ice &amp; Straw Mango ofrece hasta 85.000 caladas de humo, y cada sabor unas 28.300 caladas de forma independiente. Vers\u00e1til y duradero, es el cigarrillo electr\u00f3nico de gran capacidad l\u00edder del mercado.<\/p><h2>Tres juegos de resistencias de malla independientes de 1,0 \u03a9<\/h2><p>El Bang King 85000 Kiwi Fruta de la Pasi\u00f3n Guayaba &amp; Lush Ice &amp; Straw Mango 3 en 1 Triple Sabor est\u00e1 equipado con tres conjuntos de resistencias de malla independientes integradas de 1,0 \u03a9, que alimentan sus respectivos tanques con e-l\u00edquido, preservando la pureza de cada sabor y mejorando la uniformidad de la atomizaci\u00f3n y la riqueza del sabor. Sin mezcla de sabores, es la elecci\u00f3n ideal para disfrutar de la experiencia de sabor definitiva.<\/p><h2>Varias opciones de concentraci\u00f3n de nicotina<\/h2><p>Para satisfacer las necesidades de cada usuario, Bang King Triple 85000 Kiwi Fruta de la Pasi\u00f3n Guayaba &amp; Lush Hielo &amp; Paja Mango ofrece cuatro opciones de concentraci\u00f3n de nicotina:<\/p><p>0 % (versi\u00f3n sin nicotina, ideal para los aficionados a los cigarrillos electr\u00f3nicos que desean la mejor experiencia de sabor posible)<\/p><p>2 %, 3 %, 5 % (varias concentraciones de nicotina disponibles)<\/p><p>Elija la intensidad que m\u00e1s le convenga, desde una reducci\u00f3n f\u00e1cil hasta un sabor refrescante y satisfactorio.<\/p><p>De viaje, en una fiesta o en casa, la gran capacidad y la selecci\u00f3n de sabores del Bang King Triple 85000 Kiwi Guayaba Fruta de la Pasi\u00f3n &amp; Lush Ice &amp; Straw Mango se adaptan a todas las necesidades, sea cual sea el entorno. Combinado con un refinado dise\u00f1o industrial y un concepto ergon\u00f3mico, a\u00fana funcionalidad y est\u00e9tica.<\/p><h2>Especificaciones del Bang King 85000 3 en 1 Triple Sabor<\/h2><p>Volumen m\u00e1ximo de caladas: 85.000 caladas (aproximadamente 28.300 caladas por sabor)<\/p><p>Capacidad total de e-l\u00edquido: 63 ml (3 x 21 ml)<\/p><p>Capacidad de la bater\u00eda: 600 mAh, recargable<\/p><p>Carga r\u00e1pida: interfaz USB-C<\/p><p>Configuraci\u00f3n de resistencias: tres conjuntos de resistencias de malla independientes de 1,0 \u03a9.<\/p><p>Opciones de concentraci\u00f3n de nicotina: 0 %, 2 %, 3 %, 5 %<\/p><p>Funci\u00f3n de visualizaci\u00f3n: pantalla OLED (muestra la carga de la bater\u00eda y la cantidad de e-l\u00edquido restante)<\/p><p>Caracter\u00edsticas principales: f\u00e1cil cambio entre tres sabores, sin solapamiento de sabores.<\/p>\t\t\t\t\t\t\t\t<\/div>\n\t\t\t\t<\/div>\n\t\t\t\t\t<\/div>\n\t\t\t\t<\/div>\n\t\t\t\t<\/div>","protected":false},"excerpt":{"rendered":"<p>Les trois saveurs Kiwi Passion Fruit Guava &amp; Lush Ice &amp; Straw Mango incarnent la puissance des ar\u00f4mes de fruits tropicaux, la fra\u00eecheur de la menthe fra\u00eeche et la douceur de la pulpe de fruit sucr\u00e9e. Gr\u00e2ce au s\u00e9lecteur intelligent, vous pouvez changer de saveur instantan\u00e9ment en ajustant simplement le s\u00e9lecteur, transformant chaque inhalation en [&hellip;]<\/p>\n","protected":false},"featured_media":5395,"comment_status":"open","ping_status":"closed","template":"","meta":{"site-sidebar-layout":"no-sidebar","site-content-layout":"page-builder","ast-site-content-layout":"normal-width-container","site-content-style":"default","site-sidebar-style":"default","ast-global-header-display":"","ast-banner-title-visibility":"","ast-main-header-display":"","ast-hfb-above-header-display":"","ast-hfb-below-header-display":"","ast-hfb-mobile-header-display":"","site-post-title":"disabled","ast-breadcrumbs-content":"","ast-featured-img":"disabled","footer-sml-layout":"","ast-disable-related-posts":"","theme-transparent-header-meta":"default","adv-header-id-meta":"","stick-header-meta":"default","header-above-stick-meta":"","header-main-stick-meta":"","header-below-stick-meta":"","astra-migrate-meta-layouts":"set","ast-page-background-enabled":"default","ast-page-background-meta":{"desktop":{"background-color":"","background-image":"","background-repeat":"repeat","background-position":"center center","background-size":"auto","background-attachment":"scroll","background-type":"","background-media":"","overlay-type":"","overlay-color":"","overlay-opacity":"","overlay-gradient":""},"tablet":{"background-color":"","background-image":"","background-repeat":"repeat","background-position":"center center","background-size":"auto","background-attachment":"scroll","background-type":"","background-media":"","overlay-type":"","overlay-color":"","overlay-opacity":"","overlay-gradient":""},"mobile":{"background-color":"","background-image":"","background-repeat":"repeat","background-position":"center center","background-size":"auto","background-attachment":"scroll","background-type":"","background-media":"","overlay-type":"","overlay-color":"","overlay-opacity":"","overlay-gradient":""}},"ast-content-background-meta":{"desktop":{"background-color":"var(--ast-global-color-5)","background-image":"","background-repeat":"repeat","background-position":"center center","background-size":"auto","background-attachment":"scroll","background-type":"","background-media":"","overlay-type":"","overlay-color":"","overlay-opacity":"","overlay-gradient":""},"tablet":{"background-color":"var(--ast-global-color-5)","background-image":"","background-repeat":"repeat","background-position":"center center","background-size":"auto","background-attachment":"scroll","background-type":"","background-media":"","overlay-type":"","overlay-color":"","overlay-opacity":"","overlay-gradient":""},"mobile":{"background-color":"var(--ast-global-color-5)","background-image":"","background-repeat":"repeat","background-position":"center center","background-size":"auto","background-attachment":"scroll","background-type":"","background-media":"","overlay-type":"","overlay-color":"","overlay-opacity":"","overlay-gradient":""}}},"product_brand":[52],"product_cat":[51,107,15],"product_tag":[],"class_list":{"0":"post-5680","1":"product","2":"type-product","3":"status-publish","4":"has-post-thumbnail","6":"product_brand-bang-king","7":"product_cat-bang-king-triple-85000-trois-saveurs-en-une","8":"product_cat-puff-85k","9":"product_cat-magasin-cigarette-electronique","10":"desktop-align-center","11":"tablet-align-center","12":"mobile-align-center","13":"ast-product-gallery-layout-horizontal","14":"ast-product-gallery-with-no-image","15":"ast-product-single-variable","16":"ast-product-tabs-layout-horizontal","17":"ast-qv-on-image","19":"first","20":"instock","21":"sale","22":"shipping-taxable","23":"purchasable","24":"product-type-variable","25":"has-default-attributes"},"tiered_pricing_type":"fixed","tiered_pricing_fixed_rules":[],"tiered_pricing_product_settings":{"layout":"default","base_unit_name":{"singular":null,"plural":null},"default_variation":null},"tiered_pricing_minimum_quantity":null,"tiered_pricing_roles_data":[],"tiered_pricing_percentage_rules":[],"_links":{"self":[{"href":"https:\/\/puffvapestore.com\/es\/wp-json\/wp\/v2\/product\/5680","targetHints":{"allow":["GET"]}}],"collection":[{"href":"https:\/\/puffvapestore.com\/es\/wp-json\/wp\/v2\/product"}],"about":[{"href":"https:\/\/puffvapestore.com\/es\/wp-json\/wp\/v2\/types\/product"}],"replies":[{"embeddable":true,"href":"https:\/\/puffvapestore.com\/es\/wp-json\/wp\/v2\/comments?post=5680"}],"version-history":[{"count":12,"href":"https:\/\/puffvapestore.com\/es\/wp-json\/wp\/v2\/product\/5680\/revisions"}],"predecessor-version":[{"id":10708,"href":"https:\/\/puffvapestore.com\/es\/wp-json\/wp\/v2\/product\/5680\/revisions\/10708"}],"wp:featuredmedia":[{"embeddable":true,"href":"https:\/\/puffvapestore.com\/es\/wp-json\/wp\/v2\/media\/5395"}],"wp:attachment":[{"href":"https:\/\/puffvapestore.com\/es\/wp-json\/wp\/v2\/media?parent=5680"}],"wp:term":[{"taxonomy":"product_brand","embeddable":true,"href":"https:\/\/puffvapestore.com\/es\/wp-json\/wp\/v2\/product_brand?post=5680"},{"taxonomy":"product_cat","embeddable":true,"href":"https:\/\/puffvapestore.com\/es\/wp-json\/wp\/v2\/product_cat?post=5680"},{"taxonomy":"product_tag","embeddable":true,"href":"https:\/\/puffvapestore.com\/es\/wp-json\/wp\/v2\/product_tag?post=5680"}],"curies":[{"name":"wp","href":"https:\/\/api.w.org\/{rel}","templated":true}]}}