{"id":5665,"date":"2025-07-24T03:27:06","date_gmt":"2025-07-24T03:27:06","guid":{"rendered":"https:\/\/puffvapestore.com\/?post_type=product&#038;p=5665"},"modified":"2026-01-19T10:54:36","modified_gmt":"2026-01-19T10:54:36","slug":"strawberry-banana-pink-lemonade-raspberry-watermelon-bang-king-85000","status":"publish","type":"product","link":"https:\/\/puffvapestore.com\/es\/product\/fresa-platano-limonada-rosa-frambuesa-sandia-bang-king-85000\/","title":{"rendered":"Fresa Pl\u00e1tano &amp; Limonada Rosa &amp; Sand\u00eda Frambuesa - Bang King Triple 85000 3 en 1"},"content":{"rendered":"<div data-elementor-type=\"wp-post\" data-elementor-id=\"5665\" class=\"elementor elementor-5665\">\n\t\t\t\t<div class=\"elementor-element elementor-element-08c26f9 e-flex e-con-boxed e-con e-parent\" data-id=\"08c26f9\" data-element_type=\"container\" data-e-type=\"container\">\n\t\t\t\t\t<div class=\"e-con-inner\">\n\t\t\t\t<div class=\"elementor-element elementor-element-a005a97 elementor-widget elementor-widget-text-editor\" data-id=\"a005a97\" data-element_type=\"widget\" data-e-type=\"widget\" data-widget_type=\"text-editor.default\">\n\t\t\t\t<div class=\"elementor-widget-container\">\n\t\t\t\t\t\t\t\t\t<p>Esta combinaci\u00f3n \u00fanica de tres sabores (fresa, pl\u00e1tano, limonada rosa y frambuesa y sand\u00eda) se mezcla en la boca como un perfume art\u00edstico y embriagador.<\/p><p>Es una c\u00e1lida tarde de verano, el sol brilla a trav\u00e9s de las hojas de los pl\u00e1tanos de las calles de Par\u00eds y usted est\u00e1 sentado tranquilamente en un banco junto al Sena. En ese momento, sustituye el sabor del Bang King Triple 85000 por el sabor Fresa Pl\u00e1tano e inhala la suave dulzura del humo Fresa Pl\u00e1tano: el frescor de las fresas y el aroma l\u00e1cteo del pl\u00e1tano se mezclan, como un batido de frutas reci\u00e9n hecho en una pasteler\u00eda, calmante y satisfactorio.<\/p><p>Paseando por las luces del Vieux-Port de Marsella al atardecer, \u00bfte apetece cambiar de aires? Opte por el sabor Limonade Rose, un refresco de lim\u00f3n rosa con un toque de juguetona acidez, como para insuflar energ\u00eda refrescante a su cansado d\u00eda. Las microburbujas mezcladas con burbujas rosas recuerdan el placer de un vaso de refresco helado en verano.<\/p><p>Y para relajarse un momento en el balc\u00f3n al atardecer o con los amigos, opte por el sabor Sand\u00eda Frambuesa: la acidez de las frambuesas y el dulzor de la sand\u00eda crean un zumo fresco y puro, ligero y complejo a la vez, que le dejar\u00e1 un regusto infinito.<\/p><p>El Bang King 85000 Strawberry Banana &amp; Pink Lemonade &amp; Raspberry Watermelon 3 in 1 Triple Flavour est\u00e1 equipado con una bater\u00eda de litio recargable de alto rendimiento de 600 mAh y admite la carga r\u00e1pida a trav\u00e9s de USB-C, lo que le proporciona una experiencia de vapeo estable y duradera. Incluso los usuarios intensivos pueden gestionar f\u00e1cilmente el uso diario sin necesidad de recargas frecuentes.<\/p><p>Equipado con una pantalla OLED inteligente de alta definici\u00f3n, muestra el nivel de bater\u00eda y la cantidad de e-l\u00edquido restante en tiempo real. Los usuarios pueden ver intuitivamente el estado del dispositivo, lo que les permite cargarlo con antelaci\u00f3n y cambiar de sabor a voluntad.<\/p><h2>Tres sabores en una sola m\u00e1quina<\/h2><p>El Bang King 85000 Strawberry Banana &amp; Pink Lemonade &amp; Raspberry Watermelon dispone de un original dep\u00f3sito con tres e-l\u00edquidos, cada uno de los cuales puede inyectarse independientemente con diferentes sabores de e-l\u00edquido, para una capacidad total de hasta 63 ml (21 ml por dep\u00f3sito). El selector de sabores le permite cambiar libremente de sabor en cualquier momento, sin cambiar de dispositivo ni de cartucho, para adaptarse a todas sus necesidades.<\/p><p>Cada e-cigarrillo Bang King 85000 Strawberry Banana &amp; Pink Lemonade &amp; Raspberry Watermelon ofrece hasta 85.000 caladas de humo, y cada sabor unas 28.300 caladas de forma independiente. Vers\u00e1til y duradero, es el cigarrillo electr\u00f3nico de alta capacidad l\u00edder del mercado.<\/p><h2>Tres juegos de resistencias de malla independientes de 1,0 \u03a9<\/h2><p>El Bang King 85000 Strawberry Banana &amp; Pink Lemonade &amp; Raspberry Watermelon 3 en 1 Triple Flavor est\u00e1 equipado con tres conjuntos de resistencias de malla independientes integradas de 1,0 \u03a9, que alimentan sus respectivos tanques con e-l\u00edquido, preservando la pureza de cada sabor y mejorando la uniformidad de la atomizaci\u00f3n y la riqueza del sabor. Sin mezcla de sabores, es la elecci\u00f3n ideal para disfrutar de la experiencia de sabor definitiva.<\/p><h2>Varias opciones de concentraci\u00f3n de nicotina<\/h2><p>Para satisfacer las necesidades de cada usuario, Bang King Triple 85000 Pl\u00e1tano Fresa &amp; Limonada Rosa &amp; Sand\u00eda Frambuesa ofrece cuatro opciones de concentraci\u00f3n de nicotina:<\/p><p>0 % (versi\u00f3n sin nicotina, ideal para los aficionados a los cigarrillos electr\u00f3nicos que desean la mejor experiencia de sabor posible)<\/p><p>2 %, 3 %, 5 % (varias concentraciones de nicotina disponibles)<\/p><p>Elija la intensidad que m\u00e1s le convenga, desde una reducci\u00f3n f\u00e1cil hasta un sabor refrescante y satisfactorio.<\/p><p>De viaje, en una fiesta o en casa, la gran capacidad y la selecci\u00f3n de sabores de la Bang King Triple se adaptan a todas las necesidades, sea cual sea el entorno. Combinado con un dise\u00f1o industrial refinado y un concepto ergon\u00f3mico, a\u00fana funcionalidad y est\u00e9tica.<\/p><h2>Especificaciones del Bang King 85000 3 en 1 Triple Sabor<\/h2><p>Volumen m\u00e1ximo de caladas: 85.000 caladas (aproximadamente 28.300 caladas por sabor)<\/p><p>Capacidad total de e-l\u00edquido: 63 ml (3 x 21 ml)<\/p><p>Capacidad de la bater\u00eda: 600 mAh, recargable<\/p><p>Carga r\u00e1pida: interfaz USB-C<\/p><p>Configuraci\u00f3n de resistencias: tres conjuntos de resistencias de malla independientes de 1,0 \u03a9.<\/p><p>Opciones de concentraci\u00f3n de nicotina: 0 %, 2 %, 3 %, 5 %<\/p><p>Funci\u00f3n de visualizaci\u00f3n: pantalla OLED (muestra la carga de la bater\u00eda y la cantidad de e-l\u00edquido restante)<\/p><p>Caracter\u00edsticas principales: f\u00e1cil cambio entre tres sabores, sin solapamiento de sabores.<\/p>\t\t\t\t\t\t\t\t<\/div>\n\t\t\t\t<\/div>\n\t\t\t\t\t<\/div>\n\t\t\t\t<\/div>\n\t\t\t\t<\/div>","protected":false},"excerpt":{"rendered":"<p>Cette combinaison unique de trois saveurs \u2013 Strawberry Banana &amp; Pink Lemonade &amp; Raspberry Watermelon \u2013 s&rsquo;entrem\u00eale en bouche tel un parfum artistique, enivrant. Par un doux apr\u00e8s-midi d&rsquo;\u00e9t\u00e9, le soleil brille \u00e0 travers les feuilles des platanes dans les rues de Paris, et vous \u00eates tranquillement assis sur un banc au bord de la [&hellip;]<\/p>\n","protected":false},"featured_media":5399,"comment_status":"open","ping_status":"closed","template":"","meta":{"site-sidebar-layout":"no-sidebar","site-content-layout":"page-builder","ast-site-content-layout":"normal-width-container","site-content-style":"default","site-sidebar-style":"default","ast-global-header-display":"","ast-banner-title-visibility":"","ast-main-header-display":"","ast-hfb-above-header-display":"","ast-hfb-below-header-display":"","ast-hfb-mobile-header-display":"","site-post-title":"disabled","ast-breadcrumbs-content":"","ast-featured-img":"disabled","footer-sml-layout":"","ast-disable-related-posts":"","theme-transparent-header-meta":"default","adv-header-id-meta":"","stick-header-meta":"default","header-above-stick-meta":"","header-main-stick-meta":"","header-below-stick-meta":"","astra-migrate-meta-layouts":"set","ast-page-background-enabled":"default","ast-page-background-meta":{"desktop":{"background-color":"","background-image":"","background-repeat":"repeat","background-position":"center center","background-size":"auto","background-attachment":"scroll","background-type":"","background-media":"","overlay-type":"","overlay-color":"","overlay-opacity":"","overlay-gradient":""},"tablet":{"background-color":"","background-image":"","background-repeat":"repeat","background-position":"center center","background-size":"auto","background-attachment":"scroll","background-type":"","background-media":"","overlay-type":"","overlay-color":"","overlay-opacity":"","overlay-gradient":""},"mobile":{"background-color":"","background-image":"","background-repeat":"repeat","background-position":"center center","background-size":"auto","background-attachment":"scroll","background-type":"","background-media":"","overlay-type":"","overlay-color":"","overlay-opacity":"","overlay-gradient":""}},"ast-content-background-meta":{"desktop":{"background-color":"var(--ast-global-color-5)","background-image":"","background-repeat":"repeat","background-position":"center center","background-size":"auto","background-attachment":"scroll","background-type":"","background-media":"","overlay-type":"","overlay-color":"","overlay-opacity":"","overlay-gradient":""},"tablet":{"background-color":"var(--ast-global-color-5)","background-image":"","background-repeat":"repeat","background-position":"center center","background-size":"auto","background-attachment":"scroll","background-type":"","background-media":"","overlay-type":"","overlay-color":"","overlay-opacity":"","overlay-gradient":""},"mobile":{"background-color":"var(--ast-global-color-5)","background-image":"","background-repeat":"repeat","background-position":"center center","background-size":"auto","background-attachment":"scroll","background-type":"","background-media":"","overlay-type":"","overlay-color":"","overlay-opacity":"","overlay-gradient":""}}},"product_brand":[52],"product_cat":[51,107,15],"product_tag":[],"class_list":{"0":"post-5665","1":"product","2":"type-product","3":"status-publish","4":"has-post-thumbnail","6":"product_brand-bang-king","7":"product_cat-bang-king-triple-85000-trois-saveurs-en-une","8":"product_cat-puff-85k","9":"product_cat-magasin-cigarette-electronique","10":"desktop-align-center","11":"tablet-align-center","12":"mobile-align-center","13":"ast-product-gallery-layout-horizontal","14":"ast-product-gallery-with-no-image","15":"ast-product-single-variable","16":"ast-product-tabs-layout-horizontal","17":"ast-qv-on-image","19":"first","20":"instock","21":"sale","22":"shipping-taxable","23":"purchasable","24":"product-type-variable","25":"has-default-attributes"},"tiered_pricing_type":"fixed","tiered_pricing_fixed_rules":[],"tiered_pricing_product_settings":{"layout":"default","base_unit_name":{"singular":null,"plural":null},"default_variation":null},"tiered_pricing_minimum_quantity":null,"tiered_pricing_roles_data":[],"tiered_pricing_percentage_rules":[],"_links":{"self":[{"href":"https:\/\/puffvapestore.com\/es\/wp-json\/wp\/v2\/product\/5665","targetHints":{"allow":["GET"]}}],"collection":[{"href":"https:\/\/puffvapestore.com\/es\/wp-json\/wp\/v2\/product"}],"about":[{"href":"https:\/\/puffvapestore.com\/es\/wp-json\/wp\/v2\/types\/product"}],"replies":[{"embeddable":true,"href":"https:\/\/puffvapestore.com\/es\/wp-json\/wp\/v2\/comments?post=5665"}],"version-history":[{"count":8,"href":"https:\/\/puffvapestore.com\/es\/wp-json\/wp\/v2\/product\/5665\/revisions"}],"predecessor-version":[{"id":10697,"href":"https:\/\/puffvapestore.com\/es\/wp-json\/wp\/v2\/product\/5665\/revisions\/10697"}],"wp:featuredmedia":[{"embeddable":true,"href":"https:\/\/puffvapestore.com\/es\/wp-json\/wp\/v2\/media\/5399"}],"wp:attachment":[{"href":"https:\/\/puffvapestore.com\/es\/wp-json\/wp\/v2\/media?parent=5665"}],"wp:term":[{"taxonomy":"product_brand","embeddable":true,"href":"https:\/\/puffvapestore.com\/es\/wp-json\/wp\/v2\/product_brand?post=5665"},{"taxonomy":"product_cat","embeddable":true,"href":"https:\/\/puffvapestore.com\/es\/wp-json\/wp\/v2\/product_cat?post=5665"},{"taxonomy":"product_tag","embeddable":true,"href":"https:\/\/puffvapestore.com\/es\/wp-json\/wp\/v2\/product_tag?post=5665"}],"curies":[{"name":"wp","href":"https:\/\/api.w.org\/{rel}","templated":true}]}}