{"id":5639,"date":"2025-07-23T08:03:48","date_gmt":"2025-07-23T08:03:48","guid":{"rendered":"https:\/\/puffvapestore.com\/?post_type=product&#038;p=5639"},"modified":"2026-01-19T10:54:36","modified_gmt":"2026-01-19T10:54:36","slug":"berry-lemonade-strawberry-red-bull-strawberry-pomp-bang-king-85000-3-en-1","status":"publish","type":"product","link":"https:\/\/puffvapestore.com\/es\/product\/limonada-de-fresa-toro-rojo-pompa-de-fresa-bang-king-85000-3-en-1\/","title":{"rendered":"Berry Lemonade &amp; Strawberry Red Bull &amp; Strawberry Pomp - Bang King 85000 3 en 1 Triple Sabor"},"content":{"rendered":"<div data-elementor-type=\"wp-post\" data-elementor-id=\"5639\" class=\"elementor elementor-5639\">\n\t\t\t\t<div class=\"elementor-element elementor-element-08c26f9 e-flex e-con-boxed e-con e-parent\" data-id=\"08c26f9\" data-element_type=\"container\" data-e-type=\"container\">\n\t\t\t\t\t<div class=\"e-con-inner\">\n\t\t\t\t<div class=\"elementor-element elementor-element-a005a97 elementor-widget elementor-widget-text-editor\" data-id=\"a005a97\" data-element_type=\"widget\" data-e-type=\"widget\" data-widget_type=\"text-editor.default\">\n\t\t\t\t<div class=\"elementor-widget-container\">\n\t\t\t\t\t\t\t\t\t<h2>Tr\u00edo de sabores, d\u00e9 rienda suelta a su confort franc\u00e9s.<\/h2><p>Al atardecer, a orillas del Sena en Par\u00eds, coge este cigarrillo electr\u00f3nico Bang King 85000 3 en 1 Triple Sabor, elige su sabor favorito y respira hondo.<\/p><p>El sabor ligeramente \u00e1cido y dulce de la limonada de frutos rojos le da un toque refrescante y gourmet al comienzo del verano.<\/p><p>Cambiar al sabor Fresa de Red Bull es un verdadero despertar de sabor: la dulzura de las fresas y la estimulaci\u00f3n de las bebidas energ\u00e9ticas se unen, ideal para recuperar la vitalidad antes del anochecer.<\/p><p>La fragancia Pompa de Fresa combina el aroma afrutado de las fresas con un toque de espuma cremosa, densa y delicada, con un regusto persistente como el sol de una tarde en el sur de Francia.<\/p><p>Estas tres fragancias se adaptan a tu estado de \u00e1nimo, a la ocasi\u00f3n y al momento, igual que tu perfume, tu ropa o tu lista de reproducci\u00f3n.<\/p><h2>Pantalla HD inteligente<\/h2><p>El Bang King Triple 85000 Berry Lemonade &amp; Strawberry Red Bull &amp; Strawberry Pomp est\u00e1 equipado con una avanzada pantalla HD integrada, que ofrece una experiencia de usuario intuitiva. La pantalla muestra informaci\u00f3n clave en tiempo real, incluyendo la carga restante de la bater\u00eda y la cantidad de e-l\u00edquido restante, lo que permite a los usuarios controlar siempre el estado del dispositivo y optimizar su experiencia.<\/p><h2>Tres sabores a elegir y dep\u00f3sito de aceite independiente<\/h2><p>El Bang King 85000 3 en 1 Triple Sabor integra de forma innovadora tres dep\u00f3sitos de e-l\u00edquido independientes, cada uno precargado con 21 ml de e-l\u00edquido, para una capacidad total de hasta 63 ml. Un pr\u00e1ctico selector le permite elegir libremente entre tres sabores. Cada sabor proporciona hasta 28.300 caladas y hasta 85.000 caladas en total, para una experiencia de vapeo variada y duradera.<\/p><p>Para satisfacer las necesidades de cada usuario, Bang King Triple 85000 Berry Lemonade &amp; Strawberry Red Bull &amp; Strawberry Pomp ofrece cuatro niveles de concentraci\u00f3n de nicotina: 0 % (sin nicotina), 2 %, 3 % y 5 %. Esta flexibilidad le permite elegir la dosis que mejor se adapte a sus preferencias, desde fumadores hasta consumidores ocasionales.<\/p><p>Este cigarrillo electr\u00f3nico est\u00e1 equipado con una bater\u00eda recargable de 600 mAh y es compatible con la tecnolog\u00eda de carga r\u00e1pida USB-C. Esto permite recargar el dispositivo r\u00e1pidamente, reduciendo el tiempo de espera y garantizando una disponibilidad constante, lo que resulta ideal para un uso frecuente.<\/p><h2>Configuraci\u00f3n optimizada de las resistencias<\/h2><p>El Bang King Triple 85000 Berry Lemonade &amp; Strawberry Red Bull &amp; Strawberry Pomp cuenta con una resistencia de malla de tres etapas de 1,0 \u03a9, optimizada para una reproducci\u00f3n y atomizaci\u00f3n \u00f3ptimas del sabor. La resistencia de malla asegura un calentamiento uniforme, garantizando un sabor intenso y la producci\u00f3n de vapor con cada calada.<\/p><p>Cada cigarrillo electr\u00f3nico Bang King Triple 85000 ofrece una capacidad total de 63 ml de e-l\u00edquido (3 dep\u00f3sitos de 21 ml cada uno) y hasta 85.000 caladas, lo que lo convierte en uno de los dispositivos m\u00e1s duraderos del mercado. Tanto si lo usas a diario como si sales durante mucho tiempo, disfrutar\u00e1s de una experiencia de vapeo sin preocupaciones.<\/p>\t\t\t\t\t\t\t\t<\/div>\n\t\t\t\t<\/div>\n\t\t\t\t\t<\/div>\n\t\t\t\t<\/div>\n\t\t\t\t<\/div>","protected":false},"excerpt":{"rendered":"<p>Trio de saveurs, lib\u00e9rez votre confort fran\u00e7ais. Au cr\u00e9puscule, sur les quais de la Seine \u00e0 Paris, vous prenez cette cigarette \u00e9lectronique Bang King 85000 3 en 1 Triple Saveur, vous choisissez votre saveur pr\u00e9f\u00e9r\u00e9e et vous inspirez profond\u00e9ment. Le go\u00fbt l\u00e9g\u00e8rement acidul\u00e9 et sucr\u00e9 de la limonade aux fruits rouges, vous offre un parfum [&hellip;]<\/p>\n","protected":false},"featured_media":5389,"comment_status":"open","ping_status":"closed","template":"","meta":{"site-sidebar-layout":"no-sidebar","site-content-layout":"page-builder","ast-site-content-layout":"normal-width-container","site-content-style":"default","site-sidebar-style":"default","ast-global-header-display":"","ast-banner-title-visibility":"","ast-main-header-display":"","ast-hfb-above-header-display":"","ast-hfb-below-header-display":"","ast-hfb-mobile-header-display":"","site-post-title":"disabled","ast-breadcrumbs-content":"","ast-featured-img":"disabled","footer-sml-layout":"","ast-disable-related-posts":"","theme-transparent-header-meta":"default","adv-header-id-meta":"","stick-header-meta":"default","header-above-stick-meta":"","header-main-stick-meta":"","header-below-stick-meta":"","astra-migrate-meta-layouts":"set","ast-page-background-enabled":"default","ast-page-background-meta":{"desktop":{"background-color":"","background-image":"","background-repeat":"repeat","background-position":"center center","background-size":"auto","background-attachment":"scroll","background-type":"","background-media":"","overlay-type":"","overlay-color":"","overlay-opacity":"","overlay-gradient":""},"tablet":{"background-color":"","background-image":"","background-repeat":"repeat","background-position":"center center","background-size":"auto","background-attachment":"scroll","background-type":"","background-media":"","overlay-type":"","overlay-color":"","overlay-opacity":"","overlay-gradient":""},"mobile":{"background-color":"","background-image":"","background-repeat":"repeat","background-position":"center center","background-size":"auto","background-attachment":"scroll","background-type":"","background-media":"","overlay-type":"","overlay-color":"","overlay-opacity":"","overlay-gradient":""}},"ast-content-background-meta":{"desktop":{"background-color":"var(--ast-global-color-5)","background-image":"","background-repeat":"repeat","background-position":"center center","background-size":"auto","background-attachment":"scroll","background-type":"","background-media":"","overlay-type":"","overlay-color":"","overlay-opacity":"","overlay-gradient":""},"tablet":{"background-color":"var(--ast-global-color-5)","background-image":"","background-repeat":"repeat","background-position":"center center","background-size":"auto","background-attachment":"scroll","background-type":"","background-media":"","overlay-type":"","overlay-color":"","overlay-opacity":"","overlay-gradient":""},"mobile":{"background-color":"var(--ast-global-color-5)","background-image":"","background-repeat":"repeat","background-position":"center center","background-size":"auto","background-attachment":"scroll","background-type":"","background-media":"","overlay-type":"","overlay-color":"","overlay-opacity":"","overlay-gradient":""}}},"product_brand":[52],"product_cat":[51,107,15],"product_tag":[],"class_list":{"0":"post-5639","1":"product","2":"type-product","3":"status-publish","4":"has-post-thumbnail","6":"product_brand-bang-king","7":"product_cat-bang-king-triple-85000-trois-saveurs-en-une","8":"product_cat-puff-85k","9":"product_cat-magasin-cigarette-electronique","10":"desktop-align-center","11":"tablet-align-center","12":"mobile-align-center","13":"ast-product-gallery-layout-horizontal","14":"ast-product-gallery-with-no-image","15":"ast-product-single-variable","16":"ast-product-tabs-layout-horizontal","17":"ast-qv-on-image","19":"first","20":"instock","21":"sale","22":"shipping-taxable","23":"purchasable","24":"product-type-variable","25":"has-default-attributes"},"tiered_pricing_type":"fixed","tiered_pricing_fixed_rules":[],"tiered_pricing_product_settings":{"layout":"default","base_unit_name":{"singular":null,"plural":null},"default_variation":null},"tiered_pricing_minimum_quantity":null,"tiered_pricing_roles_data":[],"tiered_pricing_percentage_rules":[],"_links":{"self":[{"href":"https:\/\/puffvapestore.com\/es\/wp-json\/wp\/v2\/product\/5639","targetHints":{"allow":["GET"]}}],"collection":[{"href":"https:\/\/puffvapestore.com\/es\/wp-json\/wp\/v2\/product"}],"about":[{"href":"https:\/\/puffvapestore.com\/es\/wp-json\/wp\/v2\/types\/product"}],"replies":[{"embeddable":true,"href":"https:\/\/puffvapestore.com\/es\/wp-json\/wp\/v2\/comments?post=5639"}],"version-history":[{"count":8,"href":"https:\/\/puffvapestore.com\/es\/wp-json\/wp\/v2\/product\/5639\/revisions"}],"predecessor-version":[{"id":10700,"href":"https:\/\/puffvapestore.com\/es\/wp-json\/wp\/v2\/product\/5639\/revisions\/10700"}],"wp:featuredmedia":[{"embeddable":true,"href":"https:\/\/puffvapestore.com\/es\/wp-json\/wp\/v2\/media\/5389"}],"wp:attachment":[{"href":"https:\/\/puffvapestore.com\/es\/wp-json\/wp\/v2\/media?parent=5639"}],"wp:term":[{"taxonomy":"product_brand","embeddable":true,"href":"https:\/\/puffvapestore.com\/es\/wp-json\/wp\/v2\/product_brand?post=5639"},{"taxonomy":"product_cat","embeddable":true,"href":"https:\/\/puffvapestore.com\/es\/wp-json\/wp\/v2\/product_cat?post=5639"},{"taxonomy":"product_tag","embeddable":true,"href":"https:\/\/puffvapestore.com\/es\/wp-json\/wp\/v2\/product_tag?post=5639"}],"curies":[{"name":"wp","href":"https:\/\/api.w.org\/{rel}","templated":true}]}}