{"id":5617,"date":"2025-07-23T02:37:15","date_gmt":"2025-07-23T02:37:15","guid":{"rendered":"https:\/\/puffvapestore.com\/?post_type=product&#038;p=5617"},"modified":"2026-01-19T10:54:36","modified_gmt":"2026-01-19T10:54:36","slug":"strawberry-donut-love-66-banana-ice-bang-king-85k","status":"publish","type":"product","link":"https:\/\/puffvapestore.com\/es\/product\/fresa-donut-amor-66-platano-hielo-bang-king-85k\/","title":{"rendered":"Donut de Fresa &amp; Love 66 &amp; Hielo de Pl\u00e1tano - Bang King 85000 3 en 1 Triple Sabor"},"content":{"rendered":"<div data-elementor-type=\"wp-post\" data-elementor-id=\"5617\" class=\"elementor elementor-5617\">\n\t\t\t\t<div class=\"elementor-element elementor-element-08c26f9 e-flex e-con-boxed e-con e-parent\" data-id=\"08c26f9\" data-element_type=\"container\" data-e-type=\"container\">\n\t\t\t\t\t<div class=\"e-con-inner\">\n\t\t\t\t<div class=\"elementor-element elementor-element-a005a97 elementor-widget elementor-widget-text-editor\" data-id=\"a005a97\" data-element_type=\"widget\" data-e-type=\"widget\" data-widget_type=\"text-editor.default\">\n\t\t\t\t<div class=\"elementor-widget-container\">\n\t\t\t\t\t\t\t\t\t<h2>Donut Fraise - Como el primer bocado de un donut en las calles de Par\u00eds<\/h2><p>Cuando cambie de Bang King 85000 a Donut Fraise, un dulce y fragante sabor a fresa y nata envolver\u00e1 su paladar, como un paseo matutino por los Campos El\u00edseos, y los donuts de fresa reci\u00e9n horneados en las pasteler\u00edas francesas de carretera le resultar\u00e1n suaves y c\u00e1lidos. M\u00e1s all\u00e1 del sabor de los cigarrillos electr\u00f3nicos, es un consuelo familiar y suave. Dar una calada de humo mientras duerme la siesta junto a la ventana es como relajarse en el aroma de los postres y saborear un momento de pura felicidad francesa.<\/p><h2>Love 66 - Pasi\u00f3n afrutada para una noche rom\u00e1ntica<\/h2><p>El aroma Love 66, esta misteriosa y popular combinaci\u00f3n afrutada, se adapta especialmente bien a Francia, un pa\u00eds naturalmente sensible al romanticismo. La sutil mezcla del dulzor de la sand\u00eda y de las frutas tropicales no s\u00f3lo proporciona una sensaci\u00f3n de placer gustativo, sino que tambi\u00e9n estimula una ligera palpitaci\u00f3n del coraz\u00f3n. Ya sea al atardecer, a solas junto al Sena o en una velada con amigos, una bocanada de humo de Love 66 para relajarse puede sumirle en la pereza emocional y la voluptuosidad.<\/p><h2>Banane Glac\u00e9e - Un fresco abrazo junto al mar en verano<\/h2><p>El aroma Frozen Banana es una refrescante escapada del verano. El denso aroma a pl\u00e1tano se mezcla con la frescura, proporcion\u00e1ndote un aliento libre como el de la costa azul del sur de Francia. Cuando la ciudad es calurosa e insoportable, pasarse al sabor Banane Glac\u00e9e es como pasear por la playa, con el sol brillando sobre los hombros y el frescor invadiendo la garganta. En cuanto se inhala el humo, el cansancio se disipa al instante.<\/p><h2>Pantalla HD inteligente<\/h2><p>El Bang King Triple 85000 Strawberry Donut &amp; Love 66 &amp; Banana Ice est\u00e1 equipado con una avanzada pantalla HD integrada, que ofrece una experiencia de usuario intuitiva. La pantalla muestra informaci\u00f3n clave en tiempo real, como la carga restante de la bater\u00eda y la cantidad de e-l\u00edquido restante, lo que permite a los usuarios controlar siempre el estado del dispositivo y optimizar su experiencia.<\/p><h2>Tres sabores a elegir y dep\u00f3sito de aceite independiente<\/h2><p>El Bang King 85000 3 en 1 Triple Sabor integra de forma innovadora tres dep\u00f3sitos de e-l\u00edquido independientes, cada uno precargado con 21 ml de e-l\u00edquido, para una capacidad total de hasta 63 ml. Un pr\u00e1ctico selector le permite elegir libremente entre tres sabores. Cada sabor proporciona hasta 28.300 caladas y hasta 85.000 caladas en total, para una experiencia de vapeo variada y duradera.<\/p><p>Para satisfacer las necesidades de cada usuario, Bang King Triple 85000 Strawberry Donut &amp; Love 66 &amp; Banana Ice ofrece cuatro niveles de concentraci\u00f3n de nicotina: 0 % (sin nicotina), 2 %, 3 % y 5 %. Esta flexibilidad le permite elegir la dosis que mejor se adapte a sus preferencias, desde fumadores hasta consumidores ocasionales.<\/p><p>Este cigarrillo electr\u00f3nico est\u00e1 equipado con una bater\u00eda recargable de 600 mAh y es compatible con la tecnolog\u00eda de carga r\u00e1pida USB-C. Esto permite recargar el dispositivo r\u00e1pidamente, reduciendo el tiempo de espera y garantizando una disponibilidad constante, lo que resulta ideal para un uso frecuente.<\/p><h2>Configuraci\u00f3n optimizada de las resistencias<\/h2><p>El Bang King Triple 85000 Strawberry Donut &amp; Love 66 &amp; Banana Ice adopta una resistencia de malla de tres etapas de 1,0 \u03a9, optimizada para una reproducci\u00f3n y atomizaci\u00f3n \u00f3ptimas del sabor. La resistencia de malla asegura un calentamiento uniforme, garantizando un sabor intenso y la producci\u00f3n de vapor con cada calada.<\/p><p>Cada cigarrillo electr\u00f3nico Bang King Triple 85000 Strawberry Donut &amp; Love 66 &amp; Banana Ice ofrece una capacidad total de 63 ml de e-l\u00edquido (3 dep\u00f3sitos de 21 ml cada uno) y hasta 85.000 caladas, lo que lo convierte en uno de los dispositivos m\u00e1s duraderos del mercado. Tanto si lo usas a diario como si sales durante mucho tiempo, disfrutar\u00e1s de una experiencia de vapeo sin preocupaciones.<\/p>\t\t\t\t\t\t\t\t<\/div>\n\t\t\t\t<\/div>\n\t\t\t\t\t<\/div>\n\t\t\t\t<\/div>\n\t\t\t\t<\/div>","protected":false},"excerpt":{"rendered":"<p>Donut Fraise &#8211; Comme la premi\u00e8re bouch\u00e9e d&rsquo;un donut dans les rues de Paris Lorsque vous passez du Bang King 85000 au Donut Fraise, une douce et parfum\u00e9e saveur fraise-cr\u00e8me enveloppera votre palais, comme une promenade matinale sur les Champs-\u00c9lys\u00e9es, et les beignets \u00e0 la fraise fra\u00eechement sortis du four dans les p\u00e2tisseries fran\u00e7aises du [&hellip;]<\/p>\n","protected":false},"featured_media":5400,"comment_status":"open","ping_status":"closed","template":"","meta":{"site-sidebar-layout":"no-sidebar","site-content-layout":"page-builder","ast-site-content-layout":"normal-width-container","site-content-style":"default","site-sidebar-style":"default","ast-global-header-display":"","ast-banner-title-visibility":"","ast-main-header-display":"","ast-hfb-above-header-display":"","ast-hfb-below-header-display":"","ast-hfb-mobile-header-display":"","site-post-title":"disabled","ast-breadcrumbs-content":"","ast-featured-img":"disabled","footer-sml-layout":"","ast-disable-related-posts":"","theme-transparent-header-meta":"default","adv-header-id-meta":"","stick-header-meta":"default","header-above-stick-meta":"","header-main-stick-meta":"","header-below-stick-meta":"","astra-migrate-meta-layouts":"set","ast-page-background-enabled":"default","ast-page-background-meta":{"desktop":{"background-color":"","background-image":"","background-repeat":"repeat","background-position":"center center","background-size":"auto","background-attachment":"scroll","background-type":"","background-media":"","overlay-type":"","overlay-color":"","overlay-opacity":"","overlay-gradient":""},"tablet":{"background-color":"","background-image":"","background-repeat":"repeat","background-position":"center center","background-size":"auto","background-attachment":"scroll","background-type":"","background-media":"","overlay-type":"","overlay-color":"","overlay-opacity":"","overlay-gradient":""},"mobile":{"background-color":"","background-image":"","background-repeat":"repeat","background-position":"center center","background-size":"auto","background-attachment":"scroll","background-type":"","background-media":"","overlay-type":"","overlay-color":"","overlay-opacity":"","overlay-gradient":""}},"ast-content-background-meta":{"desktop":{"background-color":"var(--ast-global-color-5)","background-image":"","background-repeat":"repeat","background-position":"center center","background-size":"auto","background-attachment":"scroll","background-type":"","background-media":"","overlay-type":"","overlay-color":"","overlay-opacity":"","overlay-gradient":""},"tablet":{"background-color":"var(--ast-global-color-5)","background-image":"","background-repeat":"repeat","background-position":"center center","background-size":"auto","background-attachment":"scroll","background-type":"","background-media":"","overlay-type":"","overlay-color":"","overlay-opacity":"","overlay-gradient":""},"mobile":{"background-color":"var(--ast-global-color-5)","background-image":"","background-repeat":"repeat","background-position":"center center","background-size":"auto","background-attachment":"scroll","background-type":"","background-media":"","overlay-type":"","overlay-color":"","overlay-opacity":"","overlay-gradient":""}}},"product_brand":[52],"product_cat":[51,107,15],"product_tag":[],"class_list":{"0":"post-5617","1":"product","2":"type-product","3":"status-publish","4":"has-post-thumbnail","6":"product_brand-bang-king","7":"product_cat-bang-king-triple-85000-trois-saveurs-en-une","8":"product_cat-puff-85k","9":"product_cat-magasin-cigarette-electronique","10":"desktop-align-center","11":"tablet-align-center","12":"mobile-align-center","13":"ast-product-gallery-layout-horizontal","14":"ast-product-gallery-with-no-image","15":"ast-product-single-variable","16":"ast-product-tabs-layout-horizontal","17":"ast-qv-on-image","19":"first","20":"instock","21":"sale","22":"shipping-taxable","23":"purchasable","24":"product-type-variable","25":"has-default-attributes"},"tiered_pricing_type":"fixed","tiered_pricing_fixed_rules":[],"tiered_pricing_product_settings":{"layout":"default","base_unit_name":{"singular":null,"plural":null},"default_variation":null},"tiered_pricing_minimum_quantity":null,"tiered_pricing_roles_data":[],"tiered_pricing_percentage_rules":[],"_links":{"self":[{"href":"https:\/\/puffvapestore.com\/es\/wp-json\/wp\/v2\/product\/5617","targetHints":{"allow":["GET"]}}],"collection":[{"href":"https:\/\/puffvapestore.com\/es\/wp-json\/wp\/v2\/product"}],"about":[{"href":"https:\/\/puffvapestore.com\/es\/wp-json\/wp\/v2\/types\/product"}],"replies":[{"embeddable":true,"href":"https:\/\/puffvapestore.com\/es\/wp-json\/wp\/v2\/comments?post=5617"}],"version-history":[{"count":8,"href":"https:\/\/puffvapestore.com\/es\/wp-json\/wp\/v2\/product\/5617\/revisions"}],"predecessor-version":[{"id":10695,"href":"https:\/\/puffvapestore.com\/es\/wp-json\/wp\/v2\/product\/5617\/revisions\/10695"}],"wp:featuredmedia":[{"embeddable":true,"href":"https:\/\/puffvapestore.com\/es\/wp-json\/wp\/v2\/media\/5400"}],"wp:attachment":[{"href":"https:\/\/puffvapestore.com\/es\/wp-json\/wp\/v2\/media?parent=5617"}],"wp:term":[{"taxonomy":"product_brand","embeddable":true,"href":"https:\/\/puffvapestore.com\/es\/wp-json\/wp\/v2\/product_brand?post=5617"},{"taxonomy":"product_cat","embeddable":true,"href":"https:\/\/puffvapestore.com\/es\/wp-json\/wp\/v2\/product_cat?post=5617"},{"taxonomy":"product_tag","embeddable":true,"href":"https:\/\/puffvapestore.com\/es\/wp-json\/wp\/v2\/product_tag?post=5617"}],"curies":[{"name":"wp","href":"https:\/\/api.w.org\/{rel}","templated":true}]}}