{"id":5602,"date":"2025-07-22T20:14:07","date_gmt":"2025-07-22T20:14:07","guid":{"rendered":"https:\/\/puffvapestore.com\/?post_type=product&#038;p=5602"},"modified":"2026-01-19T10:54:36","modified_gmt":"2026-01-19T10:54:36","slug":"cola-ice-cherry-cola-mr-blue-bang-king-85k-possede-des-nuances-et-des-caracteristiques-uniques","status":"publish","type":"product","link":"https:\/\/puffvapestore.com\/es\/product\/cola-ice-cherry-cola-mr-blue-bang-king-85k-tiene-matices-y-caracteristicas-unicas\/","title":{"rendered":"Bang King Triple 85000 3 en 1 - Cola Ice &amp; Cherry Cola &amp; Mr Blue"},"content":{"rendered":"<div data-elementor-type=\"wp-post\" data-elementor-id=\"5602\" class=\"elementor elementor-5602\">\n\t\t\t\t<div class=\"elementor-element elementor-element-08c26f9 e-flex e-con-boxed e-con e-parent\" data-id=\"08c26f9\" data-element_type=\"container\" data-e-type=\"container\">\n\t\t\t\t\t<div class=\"e-con-inner\">\n\t\t\t\t<div class=\"elementor-element elementor-element-a005a97 elementor-widget elementor-widget-text-editor\" data-id=\"a005a97\" data-element_type=\"widget\" data-e-type=\"widget\" data-widget_type=\"text-editor.default\">\n\t\t\t\t<div class=\"elementor-widget-container\">\n\t\t\t\t\t\t\t\t\t<p>Bang King 85000 3 en 1 Triple Sabor - Cola Ice &amp; Cherry Cola &amp; Mr Blue es un cigarrillo electr\u00f3nico que combina tres sabores cl\u00e1sicos, cada uno con sus propios matices y caracter\u00edsticas.<\/p><p>El aroma a cola de Cola Ice es como una bocanada de humo que le transportar\u00e1 a la terraza de un caf\u00e9 en los muelles del Sena en una tarde calurosa, con una brisa fresca que le tranquilizar\u00e1 al instante.<\/p><p>Cherry Cola es una sutil inversi\u00f3n: la dulzura de las cerezas y la burbuja \u00fanica de la cola se entremezclan, como el jazz callejero encontrado en un callej\u00f3n parisino, familiar y sorprendente. Es un sabor lleno de romanticismo franc\u00e9s, ideal al atardecer, en el balc\u00f3n o en un banco del jard\u00edn, para aspirar suavemente el humo y dejarse llevar por los pensamientos.<\/p><p>Y el misterioso Mr Blue, con su complejo aroma a frutos rojos y helado, evoca un bistr\u00f3 de Montmartre a medianoche, misterioso y fascinante, con un rico regusto que invita a relajarse.<\/p><h2>Triple sistema de cambio de sabor<\/h2><p>El Bang King 85000 Cola Ice &amp; Cherry Cola &amp; Mr Blue 3 en 1 Triple Sabor viene con tres tanques de e-l\u00edquido independientes, cada uno precargado con 21 ml de e-l\u00edquido de alta calidad, para una capacidad total de hasta 63 ml. Para que puedas cambiar de sabor a tu antojo. Cambie f\u00e1cilmente de un sabor a otro, sin cambiar de dispositivo. Descubra tres sabores diferentes para satisfacer incluso a los paladares m\u00e1s exigentes.<\/p><p>La Bang King Triple 85000 Cola Ice &amp; Cherry Cola &amp; Mr Blue ofrece 85.000 caladas, es decir, unas 28.300 caladas por sabor. Tanto si la usas a diario como si est\u00e1s de viaje, podr\u00e1s confiar en ella durante mucho tiempo sin tener que sustituirla con frecuencia.<\/p><h2>Pantalla digital inteligente, clara de un vistazo<\/h2><p>El Bang King 85000 3 en 1 Triple Sabor incorpora una pantalla inteligente de alta definici\u00f3n que muestra la carga de la bater\u00eda y el nivel de e-l\u00edquido restante en tiempo real. Las indicaciones intuitivas facilitan la visualizaci\u00f3n del estado de uso y garantizan una carga constante del e-l\u00edquido y la bater\u00eda.<\/p><h2>Existen diferentes concentraciones de nicotina para satisfacer distintas necesidades.<\/h2><p>El Bang King Triple 85000 Cola Ice &amp; Cherry Cola &amp; Mr Blue ofrece cuatro concentraciones de nicotina: 0 %, 2 %, 3 % y 5 %, para adaptarse a los diferentes h\u00e1bitos de fumador. Desde el simple placer sin nicotina hasta las altas concentraciones para un uso intensivo, se adapta a una gran variedad de escenarios de uso.<\/p><p>Tres conjuntos de resistencias de malla independientes de 1,0 \u03a9, integradas en cada caja de aceite, mejoran la eficacia de la atomizaci\u00f3n y la reproducci\u00f3n del sabor. La estructura de malla calienta m\u00e1s uniformemente, el vapor es m\u00e1s rico y la entrada de humo m\u00e1s suave, para una experiencia de fumada pura y suave.<\/p><p>Equipado con una bater\u00eda recargable de 600 mAh de alto rendimiento, es compatible con la tecnolog\u00eda de carga r\u00e1pida USB-C. La carga es r\u00e1pida y le permite seguir disfrutando de su vape sin preocuparse por la duraci\u00f3n de la bater\u00eda, por lo que es ideal para vapeadores frecuentes o usuarios a largo plazo.<\/p><h2>Nuevo aspecto y dise\u00f1o ergon\u00f3mico<\/h2><p>El cuerpo del Bang King 85000 3 en 1 Triple Sabor tiene una forma moderna y aerodin\u00e1mica, que combina tecnolog\u00eda y practicidad. El dise\u00f1o a prueba de fugas de la estructura del e-l\u00edquido garantiza un transporte diario sin problemas, y la artesan\u00eda se refleja en cada detalle.<\/p>\t\t\t\t\t\t\t\t<\/div>\n\t\t\t\t<\/div>\n\t\t\t\t\t<\/div>\n\t\t\t\t<\/div>\n\t\t\t\t<\/div>","protected":false},"excerpt":{"rendered":"<p>Bang King 85000 3 en 1 Triple Saveur &#8211; Cola Ice &amp; Cherry Cola &amp; Mr Blue est une cigarette \u00e9lectronique qui combine trois saveurs classiques, chacune poss\u00e9dant ses propres nuances et caract\u00e9ristiques uniques. L&rsquo;ar\u00f4me Cola Ice du cola est comme une bouff\u00e9e de fum\u00e9e qui vous transportera \u00e0 une terrasse de caf\u00e9 sur les [&hellip;]<\/p>\n","protected":false},"featured_media":5392,"comment_status":"open","ping_status":"closed","template":"","meta":{"site-sidebar-layout":"no-sidebar","site-content-layout":"page-builder","ast-site-content-layout":"normal-width-container","site-content-style":"default","site-sidebar-style":"default","ast-global-header-display":"","ast-banner-title-visibility":"","ast-main-header-display":"","ast-hfb-above-header-display":"","ast-hfb-below-header-display":"","ast-hfb-mobile-header-display":"","site-post-title":"disabled","ast-breadcrumbs-content":"","ast-featured-img":"disabled","footer-sml-layout":"","ast-disable-related-posts":"","theme-transparent-header-meta":"default","adv-header-id-meta":"","stick-header-meta":"default","header-above-stick-meta":"","header-main-stick-meta":"","header-below-stick-meta":"","astra-migrate-meta-layouts":"set","ast-page-background-enabled":"default","ast-page-background-meta":{"desktop":{"background-color":"","background-image":"","background-repeat":"repeat","background-position":"center center","background-size":"auto","background-attachment":"scroll","background-type":"","background-media":"","overlay-type":"","overlay-color":"","overlay-opacity":"","overlay-gradient":""},"tablet":{"background-color":"","background-image":"","background-repeat":"repeat","background-position":"center center","background-size":"auto","background-attachment":"scroll","background-type":"","background-media":"","overlay-type":"","overlay-color":"","overlay-opacity":"","overlay-gradient":""},"mobile":{"background-color":"","background-image":"","background-repeat":"repeat","background-position":"center center","background-size":"auto","background-attachment":"scroll","background-type":"","background-media":"","overlay-type":"","overlay-color":"","overlay-opacity":"","overlay-gradient":""}},"ast-content-background-meta":{"desktop":{"background-color":"var(--ast-global-color-5)","background-image":"","background-repeat":"repeat","background-position":"center center","background-size":"auto","background-attachment":"scroll","background-type":"","background-media":"","overlay-type":"","overlay-color":"","overlay-opacity":"","overlay-gradient":""},"tablet":{"background-color":"var(--ast-global-color-5)","background-image":"","background-repeat":"repeat","background-position":"center center","background-size":"auto","background-attachment":"scroll","background-type":"","background-media":"","overlay-type":"","overlay-color":"","overlay-opacity":"","overlay-gradient":""},"mobile":{"background-color":"var(--ast-global-color-5)","background-image":"","background-repeat":"repeat","background-position":"center center","background-size":"auto","background-attachment":"scroll","background-type":"","background-media":"","overlay-type":"","overlay-color":"","overlay-opacity":"","overlay-gradient":""}}},"product_brand":[52],"product_cat":[51,107,15],"product_tag":[],"class_list":{"0":"post-5602","1":"product","2":"type-product","3":"status-publish","4":"has-post-thumbnail","6":"product_brand-bang-king","7":"product_cat-bang-king-triple-85000-trois-saveurs-en-une","8":"product_cat-puff-85k","9":"product_cat-magasin-cigarette-electronique","10":"desktop-align-center","11":"tablet-align-center","12":"mobile-align-center","13":"ast-product-gallery-layout-horizontal","14":"ast-product-gallery-with-no-image","15":"ast-product-single-variable","16":"ast-product-tabs-layout-horizontal","17":"ast-qv-on-image","19":"first","20":"instock","21":"sale","22":"shipping-taxable","23":"purchasable","24":"product-type-variable","25":"has-default-attributes"},"tiered_pricing_type":"fixed","tiered_pricing_fixed_rules":[],"tiered_pricing_product_settings":{"layout":"default","base_unit_name":{"singular":null,"plural":null},"default_variation":null},"tiered_pricing_minimum_quantity":null,"tiered_pricing_roles_data":[],"tiered_pricing_percentage_rules":[],"_links":{"self":[{"href":"https:\/\/puffvapestore.com\/es\/wp-json\/wp\/v2\/product\/5602","targetHints":{"allow":["GET"]}}],"collection":[{"href":"https:\/\/puffvapestore.com\/es\/wp-json\/wp\/v2\/product"}],"about":[{"href":"https:\/\/puffvapestore.com\/es\/wp-json\/wp\/v2\/types\/product"}],"replies":[{"embeddable":true,"href":"https:\/\/puffvapestore.com\/es\/wp-json\/wp\/v2\/comments?post=5602"}],"version-history":[{"count":8,"href":"https:\/\/puffvapestore.com\/es\/wp-json\/wp\/v2\/product\/5602\/revisions"}],"predecessor-version":[{"id":10701,"href":"https:\/\/puffvapestore.com\/es\/wp-json\/wp\/v2\/product\/5602\/revisions\/10701"}],"wp:featuredmedia":[{"embeddable":true,"href":"https:\/\/puffvapestore.com\/es\/wp-json\/wp\/v2\/media\/5392"}],"wp:attachment":[{"href":"https:\/\/puffvapestore.com\/es\/wp-json\/wp\/v2\/media?parent=5602"}],"wp:term":[{"taxonomy":"product_brand","embeddable":true,"href":"https:\/\/puffvapestore.com\/es\/wp-json\/wp\/v2\/product_brand?post=5602"},{"taxonomy":"product_cat","embeddable":true,"href":"https:\/\/puffvapestore.com\/es\/wp-json\/wp\/v2\/product_cat?post=5602"},{"taxonomy":"product_tag","embeddable":true,"href":"https:\/\/puffvapestore.com\/es\/wp-json\/wp\/v2\/product_tag?post=5602"}],"curies":[{"name":"wp","href":"https:\/\/api.w.org\/{rel}","templated":true}]}}