{"id":5579,"date":"2025-07-22T08:56:29","date_gmt":"2025-07-22T08:56:29","guid":{"rendered":"https:\/\/puffvapestore.com\/?post_type=product&#038;p=5579"},"modified":"2026-01-19T10:54:36","modified_gmt":"2026-01-19T10:54:36","slug":"85k-bang-king-tropical-fruit-lemon-peach-strawberry-watermelon","status":"publish","type":"product","link":"https:\/\/puffvapestore.com\/es\/product\/85k-bang-king-fruta-tropical-limon-melocoton-fresa-sandia\/","title":{"rendered":"Bang King Triple 85000 3 en 1 - Fruta tropical y lim\u00f3n Melocot\u00f3n y fresa Sand\u00eda"},"content":{"rendered":"<div data-elementor-type=\"wp-post\" data-elementor-id=\"5579\" class=\"elementor elementor-5579\">\n\t\t\t\t<div class=\"elementor-element elementor-element-08c26f9 e-flex e-con-boxed e-con e-parent\" data-id=\"08c26f9\" data-element_type=\"container\" data-e-type=\"container\">\n\t\t\t\t\t<div class=\"e-con-inner\">\n\t\t\t\t<div class=\"elementor-element elementor-element-a005a97 elementor-widget elementor-widget-text-editor\" data-id=\"a005a97\" data-element_type=\"widget\" data-e-type=\"widget\" data-widget_type=\"text-editor.default\">\n\t\t\t\t<div class=\"elementor-widget-container\">\n\t\t\t\t\t\t\t\t\t<p>Gracias a los tres dep\u00f3sitos de e-l\u00edquido independientes y al sistema de selecci\u00f3n de sabores del Bang King Triple 85000, el usuario puede elegir libremente entre estos tres sabores en funci\u00f3n de su estado de \u00e1nimo, para que cada inhalaci\u00f3n le depare nuevas sorpresas. El Bang King Triple 85000 no es s\u00f3lo un cigarrillo electr\u00f3nico, tambi\u00e9n es una caja de viaje personalizable.<\/p><p><strong>Frutas tropicales :<\/strong><br \/>Este sabor evoca el sol del verano en la costa sur de Francia, fresco y jugoso. Un ligero olor a humo invita a relajarse en una tumbona bajo una palmera, y la brisa marina con sus aromas de frutas tropicales es la forma perfecta de empezar el d\u00eda.<\/p><p><strong>Lim\u00f3n Melocot\u00f3n :<\/strong><br \/>Combinando la frescura del lim\u00f3n con la dulzura del melocot\u00f3n, su sabor es vivo sin ser demasiado estimulante. Ideal para leer en el balc\u00f3n por la tarde, fumar un cigarrillo y saborear tranquilamente el confort y la elegancia del estilo de vida franc\u00e9s.<\/p><p><strong>Fresa Sand\u00eda :<\/strong><br \/>Esta combinaci\u00f3n dulce y no grasa es ideal para las tardes en casa y las noches fuera. La dulzura de las fresas y la frescura de la sand\u00eda se mezclan, invit\u00e1ndote a dar una larga calada mientras te relajas, como en el sue\u00f1o de una noche de verano.<\/p><h2>Triple sistema de cambio de sabor<\/h2><p>El Bang King 85000 Tropical Fruit &amp; Lemon Peach &amp; Strawberry Watermelon tiene tres tanques de e-l\u00edquido independientes, cada uno precargado con 21 ml de e-l\u00edquido de alta calidad, para una capacidad total de hasta 63 ml. Para que pueda cambiar de sabor a su gusto. Cambie f\u00e1cilmente de un sabor a otro, sin cambiar de dispositivo. Descubra tres sabores diferentes para satisfacer incluso a los paladares m\u00e1s exigentes.<\/p><p>La Bang King Triple 85000 Fruta Tropical &amp; Melocot\u00f3n Lim\u00f3n &amp; Sand\u00eda Fresa ofrece 85.000 caladas, es decir, unas 28.300 caladas por sabor. Tanto si la usas a diario como si est\u00e1s de viaje, podr\u00e1s confiar en ella durante mucho tiempo sin tener que sustituirla con frecuencia.<\/p><h2>Pantalla digital inteligente, clara de un vistazo<\/h2><p>El Bang King 85000 Triple Sabor Fruta Tropical &amp; Melocot\u00f3n Lim\u00f3n &amp; Sand\u00eda Fresa 3 en 1 incorpora una pantalla inteligente de alta definici\u00f3n que muestra la carga de la bater\u00eda y el nivel de e-l\u00edquido restante en tiempo real. Las indicaciones intuitivas facilitan la visualizaci\u00f3n del estado de uso y garantizan una carga constante del e-l\u00edquido y de la bater\u00eda.<\/p><h2>Existen diferentes concentraciones de nicotina para satisfacer distintas necesidades.<\/h2><p>Bang King Triple 85000 Tropical Fruit &amp; Lemon Peach &amp; Strawberry Watermelon ofrece cuatro concentraciones de nicotina: 0 %, 2 %, 3 % y 5 %, para adaptarse a los diferentes h\u00e1bitos de fumador. Desde el simple placer sin nicotina hasta las altas concentraciones para un uso intensivo, se adapta a una gran variedad de escenarios de uso.<\/p><p>Tres conjuntos de resistencias de malla independientes de 1,0 \u03a9, integradas en cada caja de aceite, mejoran la eficacia de la atomizaci\u00f3n y la reproducci\u00f3n del sabor. La estructura de malla calienta m\u00e1s uniformemente, el vapor es m\u00e1s rico y la entrada de humo m\u00e1s suave, para una experiencia de fumada pura y suave.<\/p><p>Equipado con una bater\u00eda recargable de 600 mAh de alto rendimiento, es compatible con la tecnolog\u00eda de carga r\u00e1pida USB-C. La carga es r\u00e1pida y le permite seguir disfrutando de su vape sin preocuparse por la duraci\u00f3n de la bater\u00eda, por lo que es ideal para vapeadores frecuentes o usuarios a largo plazo.<\/p><h2>Nuevo aspecto y dise\u00f1o ergon\u00f3mico<\/h2><p>El cuerpo del Bang King 85000 3 en 1 Triple Sabor tiene una forma moderna y aerodin\u00e1mica, que combina tecnolog\u00eda y practicidad. El dise\u00f1o a prueba de fugas de la estructura del e-l\u00edquido garantiza un transporte diario sin problemas, y la artesan\u00eda se refleja en cada detalle.<\/p>\t\t\t\t\t\t\t\t<\/div>\n\t\t\t\t<\/div>\n\t\t\t\t\t<\/div>\n\t\t\t\t<\/div>\n\t\t\t\t<\/div>","protected":false},"excerpt":{"rendered":"<p>Gr\u00e2ce aux trois r\u00e9servoirs d&rsquo;e-liquide ind\u00e9pendants et au syst\u00e8me de s\u00e9lection d&rsquo;ar\u00f4mes de la Bang King Triple 85000, les utilisateurs peuvent choisir librement parmi ces trois saveurs selon leur humeur, pour que chaque inhalation leur r\u00e9serve de nouvelles surprises. La Bang King Triple 85000 n&rsquo;est pas seulement une cigarette \u00e9lectronique, c&rsquo;est aussi une bo\u00eete de [&hellip;]<\/p>\n","protected":false},"featured_media":5403,"comment_status":"open","ping_status":"closed","template":"","meta":{"site-sidebar-layout":"no-sidebar","site-content-layout":"page-builder","ast-site-content-layout":"normal-width-container","site-content-style":"default","site-sidebar-style":"default","ast-global-header-display":"","ast-banner-title-visibility":"","ast-main-header-display":"","ast-hfb-above-header-display":"","ast-hfb-below-header-display":"","ast-hfb-mobile-header-display":"","site-post-title":"disabled","ast-breadcrumbs-content":"","ast-featured-img":"disabled","footer-sml-layout":"","ast-disable-related-posts":"","theme-transparent-header-meta":"default","adv-header-id-meta":"","stick-header-meta":"default","header-above-stick-meta":"","header-main-stick-meta":"","header-below-stick-meta":"","astra-migrate-meta-layouts":"set","ast-page-background-enabled":"default","ast-page-background-meta":{"desktop":{"background-color":"","background-image":"","background-repeat":"repeat","background-position":"center center","background-size":"auto","background-attachment":"scroll","background-type":"","background-media":"","overlay-type":"","overlay-color":"","overlay-opacity":"","overlay-gradient":""},"tablet":{"background-color":"","background-image":"","background-repeat":"repeat","background-position":"center center","background-size":"auto","background-attachment":"scroll","background-type":"","background-media":"","overlay-type":"","overlay-color":"","overlay-opacity":"","overlay-gradient":""},"mobile":{"background-color":"","background-image":"","background-repeat":"repeat","background-position":"center center","background-size":"auto","background-attachment":"scroll","background-type":"","background-media":"","overlay-type":"","overlay-color":"","overlay-opacity":"","overlay-gradient":""}},"ast-content-background-meta":{"desktop":{"background-color":"var(--ast-global-color-5)","background-image":"","background-repeat":"repeat","background-position":"center center","background-size":"auto","background-attachment":"scroll","background-type":"","background-media":"","overlay-type":"","overlay-color":"","overlay-opacity":"","overlay-gradient":""},"tablet":{"background-color":"var(--ast-global-color-5)","background-image":"","background-repeat":"repeat","background-position":"center center","background-size":"auto","background-attachment":"scroll","background-type":"","background-media":"","overlay-type":"","overlay-color":"","overlay-opacity":"","overlay-gradient":""},"mobile":{"background-color":"var(--ast-global-color-5)","background-image":"","background-repeat":"repeat","background-position":"center center","background-size":"auto","background-attachment":"scroll","background-type":"","background-media":"","overlay-type":"","overlay-color":"","overlay-opacity":"","overlay-gradient":""}}},"product_brand":[52],"product_cat":[51,107,15],"product_tag":[],"class_list":{"0":"post-5579","1":"product","2":"type-product","3":"status-publish","4":"has-post-thumbnail","6":"product_brand-bang-king","7":"product_cat-bang-king-triple-85000-trois-saveurs-en-une","8":"product_cat-puff-85k","9":"product_cat-magasin-cigarette-electronique","10":"desktop-align-center","11":"tablet-align-center","12":"mobile-align-center","13":"ast-product-gallery-layout-horizontal","14":"ast-product-gallery-with-no-image","15":"ast-product-single-variable","16":"ast-product-tabs-layout-horizontal","17":"ast-qv-on-image","19":"first","20":"instock","21":"sale","22":"shipping-taxable","23":"purchasable","24":"product-type-variable","25":"has-default-attributes"},"tiered_pricing_type":"fixed","tiered_pricing_fixed_rules":[],"tiered_pricing_product_settings":{"layout":"default","base_unit_name":{"singular":null,"plural":null},"default_variation":null},"tiered_pricing_minimum_quantity":null,"tiered_pricing_roles_data":[],"tiered_pricing_percentage_rules":[],"_links":{"self":[{"href":"https:\/\/puffvapestore.com\/es\/wp-json\/wp\/v2\/product\/5579","targetHints":{"allow":["GET"]}}],"collection":[{"href":"https:\/\/puffvapestore.com\/es\/wp-json\/wp\/v2\/product"}],"about":[{"href":"https:\/\/puffvapestore.com\/es\/wp-json\/wp\/v2\/types\/product"}],"replies":[{"embeddable":true,"href":"https:\/\/puffvapestore.com\/es\/wp-json\/wp\/v2\/comments?post=5579"}],"version-history":[{"count":8,"href":"https:\/\/puffvapestore.com\/es\/wp-json\/wp\/v2\/product\/5579\/revisions"}],"predecessor-version":[{"id":10703,"href":"https:\/\/puffvapestore.com\/es\/wp-json\/wp\/v2\/product\/5579\/revisions\/10703"}],"wp:featuredmedia":[{"embeddable":true,"href":"https:\/\/puffvapestore.com\/es\/wp-json\/wp\/v2\/media\/5403"}],"wp:attachment":[{"href":"https:\/\/puffvapestore.com\/es\/wp-json\/wp\/v2\/media?parent=5579"}],"wp:term":[{"taxonomy":"product_brand","embeddable":true,"href":"https:\/\/puffvapestore.com\/es\/wp-json\/wp\/v2\/product_brand?post=5579"},{"taxonomy":"product_cat","embeddable":true,"href":"https:\/\/puffvapestore.com\/es\/wp-json\/wp\/v2\/product_cat?post=5579"},{"taxonomy":"product_tag","embeddable":true,"href":"https:\/\/puffvapestore.com\/es\/wp-json\/wp\/v2\/product_tag?post=5579"}],"curies":[{"name":"wp","href":"https:\/\/api.w.org\/{rel}","templated":true}]}}