{"id":5553,"date":"2025-07-22T02:09:35","date_gmt":"2025-07-22T02:09:35","guid":{"rendered":"https:\/\/puffvapestore.com\/?post_type=product&#038;p=5553"},"modified":"2026-01-19T10:54:36","modified_gmt":"2026-01-19T10:54:36","slug":"bang-king-85k-blueberry-ice-lemon-lime-strawberry-watermelon-vous-offre-une-sensation","status":"publish","type":"product","link":"https:\/\/puffvapestore.com\/es\/product\/bang-king-85k-arandano-hielo-limon-lima-fresa-sandia-le-da-una-sensacion-de\/","title":{"rendered":"Bang King 85000 3 en 1 Triple Sabor - Ar\u00e1ndano Helado &amp; Lim\u00f3n Lima &amp; Fresa Sand\u00eda"},"content":{"rendered":"<div data-elementor-type=\"wp-post\" data-elementor-id=\"5553\" class=\"elementor elementor-5553\">\n\t\t\t\t<div class=\"elementor-element elementor-element-08c26f9 e-flex e-con-boxed e-con e-parent\" data-id=\"08c26f9\" data-element_type=\"container\" data-e-type=\"container\">\n\t\t\t\t\t<div class=\"e-con-inner\">\n\t\t\t\t<div class=\"elementor-element elementor-element-a005a97 elementor-widget elementor-widget-text-editor\" data-id=\"a005a97\" data-element_type=\"widget\" data-e-type=\"widget\" data-widget_type=\"text-editor.default\">\n\t\t\t\t<div class=\"elementor-widget-container\">\n\t\t\t\t\t\t\t\t\t<p>En Francia, los cigarrillos electr\u00f3nicos, la gastronom\u00eda y el sabor est\u00e1n \u00edntimamente ligados, y los tres sabores del Bang King 85000 son una interpretaci\u00f3n \u00fanica del esp\u00edritu franc\u00e9s del \u00abplacer\u00bb:<\/p><p>Myrtille Glac\u00e9e: Como un paseo matutino por los campos de ar\u00e1ndanos de la Provenza, una bocanada de humo fresco de ar\u00e1ndanos, dulce y helado, refrescante y fresco, ideal para sentarse en un caf\u00e9 a la luz del sol, dar una ligera calada y sentirse f\u00edsica y mentalmente relajado.<\/p><p>Lima: Refrescante, agridulce, como la brisa de verano a orillas del Sena, ideal para un momento de relajaci\u00f3n entre dos horas de trabajo o un paseo por la ciudad, proporciona una sensaci\u00f3n instant\u00e1nea de frescor.<\/p><p>Fresa sand\u00eda: La dulzura afrutada se entrelaza como un beso de amor, ideal para una velada en pareja o con amigos, despertando alegr\u00eda y recuerdos.<\/p><p>Tres sabores completamente diferentes, f\u00e1cilmente seleccionables mediante el selector, le permiten encontrar el sabor que le conviene en cada momento. Tanto si est\u00e1 sentado en el c\u00e9sped del Louvre como si fuma un cigarrillo mientras se relaja en un bar al aire libre en la esquina de una calle parisina, el cambio de sabor es como un peque\u00f1o viaje que cambia su estado de \u00e1nimo.<\/p><h2>Innovador dise\u00f1o tres en uno: tres sistemas de aromatizaci\u00f3n independientes<\/h2><p>El Bang King Triple 85000 Blueberry Ice &amp; Lemon Lime &amp; Strawberry Watermelon ofrece un n\u00famero m\u00e1ximo de caladas, r\u00e9cord del mercado, con 85.000 caladas. Un solo cigarrillo electr\u00f3nico BangKing Triple85000 proporciona un uso duradero, sin necesidad de sustituirlo o transportarlo con frecuencia, por lo que es ideal para usuarios intensivos o viajeros de larga duraci\u00f3n. Ya sea para uso diario o como accesorio de emergencia, ofrece una potencia de vapeo estable y duradera, sin dejar de ser extremadamente econ\u00f3mico.<\/p><p>El Bang King Triple 85000 Blueberry Ice &amp; Lemon Lime &amp; Strawberry Watermelon presenta un dep\u00f3sito \u00fanico con tres e-l\u00edquidos, cada uno precargado con un e-l\u00edquido espec\u00edfico. El usuario puede elegir entre tres sabores diferentes a voluntad gracias al selector, e incluso mezclar y fumar, para una experiencia de sabor sin precedentes.<\/p><h2>Dise\u00f1o recargable respetuoso con el medio ambiente - Carga r\u00e1pida Tipo-C<\/h2><p>El Bang King Triple 85000 Blueberry Ice &amp; Lemon Lime &amp; Strawberry Watermelon est\u00e1 equipado con una bater\u00eda de litio de alto rendimiento de 600 mAh y una interfaz de carga r\u00e1pida Tipo-C, que permite m\u00faltiples ciclos de carga. En comparaci\u00f3n con los cigarrillos electr\u00f3nicos desechables tradicionales, no solo es m\u00e1s respetuoso con el medio ambiente, sino tambi\u00e9n m\u00e1s econ\u00f3mico a largo plazo. Adem\u00e1s, la duraci\u00f3n de la bater\u00eda es estable y la potencia suministrada con cada calada es constante, lo que garantiza un sabor uniforme.<\/p><p>Cada dep\u00f3sito de e-l\u00edquido est\u00e1 equipado con una resistencia de atomizaci\u00f3n de malla de 1,0 \u03a9 de alta eficiencia, que ofrece una conducci\u00f3n uniforme del calor, un calentamiento r\u00e1pido, una atomizaci\u00f3n m\u00e1s completa y un sabor m\u00e1s suave y pleno. Ya sea fruta fresca o un postre de crema, reproduce fielmente el sabor original del e-l\u00edquido, para un humo que se derrite en la boca y un regusto persistente, mejorando dr\u00e1sticamente la experiencia de fumar. Incluso con inhalaciones continuas, no experimentar\u00e1 ning\u00fan problema de quemado o sobrecalentamiento.<\/p><h2>Pantalla LED inteligente<\/h2><p>El Bang King Triple 85000 Blueberry Ice &amp; Lemon Lime &amp; Strawberry Watermelon est\u00e1 equipado con una pantalla LED inteligente en la parte frontal, que muestra el nivel de bater\u00eda, el nivel de e-l\u00edquido restante y otra informaci\u00f3n en tiempo real, permitiendo a los usuarios gestionar eficazmente su tiempo de uso y la capacidad restante. Para los usuarios habituales, ya no es necesario calcular la vida \u00fatil restante del dispositivo: el uso visual es m\u00e1s humano e inteligente.<\/p><p>El BangKing Triple 85000 Blueberry Ice &amp; Lemon Lime &amp; Strawberry Watermelon ofrece hasta cuatro niveles de concentraci\u00f3n de nicotina: 0 %, 2 %, 3 % y 5 %. Tanto si quieres dejar de fumar, reducir tu consumo de nicotina o mantener el placer del sabor, encontrar\u00e1s la soluci\u00f3n ideal. Para los usuarios de cigarrillos electr\u00f3nicos de todos los niveles, este dise\u00f1o ofrece una gran libertad y un dise\u00f1o cuidado, que satisface no s\u00f3lo las necesidades de los principiantes, sino tambi\u00e9n la experiencia personalizada de los usuarios experimentados.<\/p><h2>Otros aspectos destacados:<\/h2><p>Funci\u00f3n de activaci\u00f3n autom\u00e1tica: no es necesario pulsar un bot\u00f3n, la inhalaci\u00f3n activa el cigarrillo electr\u00f3nico, lo que facilita su uso.<\/p><p>Aspecto moderno y colorido: dise\u00f1o multicolor y efectos luminosos de moda, para un aspecto m\u00e1s tecnol\u00f3gico y moderno.<\/p><h2>Especificaciones de la Bang King Triple 85000 Blueberry Ice &amp; Lemon Lime &amp; Strawberry Watermelon<\/h2><p>N\u00famero m\u00e1ximo de caladas: hasta 85.000 caladas (28.300 caladas para cada uno de los tres sabores)<\/p><p>Tres dep\u00f3sitos de aceite: Contiene 3 dep\u00f3sitos de aceite, con un selector para cambiar de sabor.<\/p><p>Volumen total: 63 ml de e-l\u00edquido precargado (21 ml x 3 cada uno).<\/p><p>Capacidad de la bater\u00eda y carga: bater\u00eda recargable de 600 mAh, compatible con carga r\u00e1pida USB-C.<\/p><p>Configuraci\u00f3n de resistencias: tres juegos de resistencias de malla de 1,0 \u03a9 para mejorar el sabor y el rendimiento de la atomizaci\u00f3n.<\/p><p>Concentraci\u00f3n de nicotina: cuatro niveles a elegir: 0 %, 2 %, 3 % y 5 %.<\/p><p>Pantalla inteligente: equipada con una pantalla de alta definici\u00f3n que muestra la carga de la bater\u00eda y el nivel de aceite restante.<\/p>\t\t\t\t\t\t\t\t<\/div>\n\t\t\t\t<\/div>\n\t\t\t\t\t<\/div>\n\t\t\t\t<\/div>\n\t\t\t\t<\/div>","protected":false},"excerpt":{"rendered":"<p>En France, cigarettes \u00e9lectroniques, gastronomie et saveurs sont intimement li\u00e9s, et les trois saveurs de la Bang King 85000 sont une interpr\u00e9tation unique de l&rsquo;esprit \u00ab\u00a0plaisir\u00a0\u00bb \u00e0 la fran\u00e7aise\u00a0: Myrtille Glac\u00e9e\u00a0: Comme une promenade matinale dans les champs de myrtilles de Provence, une bouff\u00e9e de fum\u00e9e fra\u00eeche \u00e0 la myrtille, douce et glac\u00e9e, rafra\u00eechissante et [&hellip;]<\/p>\n","protected":false},"featured_media":5391,"comment_status":"open","ping_status":"closed","template":"","meta":{"site-sidebar-layout":"no-sidebar","site-content-layout":"page-builder","ast-site-content-layout":"normal-width-container","site-content-style":"default","site-sidebar-style":"default","ast-global-header-display":"","ast-banner-title-visibility":"","ast-main-header-display":"","ast-hfb-above-header-display":"","ast-hfb-below-header-display":"","ast-hfb-mobile-header-display":"","site-post-title":"disabled","ast-breadcrumbs-content":"","ast-featured-img":"disabled","footer-sml-layout":"","ast-disable-related-posts":"","theme-transparent-header-meta":"default","adv-header-id-meta":"","stick-header-meta":"default","header-above-stick-meta":"","header-main-stick-meta":"","header-below-stick-meta":"","astra-migrate-meta-layouts":"set","ast-page-background-enabled":"default","ast-page-background-meta":{"desktop":{"background-color":"","background-image":"","background-repeat":"repeat","background-position":"center center","background-size":"auto","background-attachment":"scroll","background-type":"","background-media":"","overlay-type":"","overlay-color":"","overlay-opacity":"","overlay-gradient":""},"tablet":{"background-color":"","background-image":"","background-repeat":"repeat","background-position":"center center","background-size":"auto","background-attachment":"scroll","background-type":"","background-media":"","overlay-type":"","overlay-color":"","overlay-opacity":"","overlay-gradient":""},"mobile":{"background-color":"","background-image":"","background-repeat":"repeat","background-position":"center center","background-size":"auto","background-attachment":"scroll","background-type":"","background-media":"","overlay-type":"","overlay-color":"","overlay-opacity":"","overlay-gradient":""}},"ast-content-background-meta":{"desktop":{"background-color":"var(--ast-global-color-5)","background-image":"","background-repeat":"repeat","background-position":"center center","background-size":"auto","background-attachment":"scroll","background-type":"","background-media":"","overlay-type":"","overlay-color":"","overlay-opacity":"","overlay-gradient":""},"tablet":{"background-color":"var(--ast-global-color-5)","background-image":"","background-repeat":"repeat","background-position":"center center","background-size":"auto","background-attachment":"scroll","background-type":"","background-media":"","overlay-type":"","overlay-color":"","overlay-opacity":"","overlay-gradient":""},"mobile":{"background-color":"var(--ast-global-color-5)","background-image":"","background-repeat":"repeat","background-position":"center center","background-size":"auto","background-attachment":"scroll","background-type":"","background-media":"","overlay-type":"","overlay-color":"","overlay-opacity":"","overlay-gradient":""}}},"product_brand":[52],"product_cat":[51,107,15],"product_tag":[],"class_list":{"0":"post-5553","1":"product","2":"type-product","3":"status-publish","4":"has-post-thumbnail","6":"product_brand-bang-king","7":"product_cat-bang-king-triple-85000-trois-saveurs-en-une","8":"product_cat-puff-85k","9":"product_cat-magasin-cigarette-electronique","10":"desktop-align-center","11":"tablet-align-center","12":"mobile-align-center","13":"ast-product-gallery-layout-horizontal","14":"ast-product-gallery-with-no-image","15":"ast-product-single-variable","16":"ast-product-tabs-layout-horizontal","17":"ast-qv-on-image","19":"first","20":"instock","21":"sale","22":"shipping-taxable","23":"purchasable","24":"product-type-variable","25":"has-default-attributes"},"tiered_pricing_type":"fixed","tiered_pricing_fixed_rules":[],"tiered_pricing_product_settings":{"layout":"default","base_unit_name":{"singular":null,"plural":null},"default_variation":null},"tiered_pricing_minimum_quantity":null,"tiered_pricing_roles_data":[],"tiered_pricing_percentage_rules":[],"_links":{"self":[{"href":"https:\/\/puffvapestore.com\/es\/wp-json\/wp\/v2\/product\/5553","targetHints":{"allow":["GET"]}}],"collection":[{"href":"https:\/\/puffvapestore.com\/es\/wp-json\/wp\/v2\/product"}],"about":[{"href":"https:\/\/puffvapestore.com\/es\/wp-json\/wp\/v2\/types\/product"}],"replies":[{"embeddable":true,"href":"https:\/\/puffvapestore.com\/es\/wp-json\/wp\/v2\/comments?post=5553"}],"version-history":[{"count":8,"href":"https:\/\/puffvapestore.com\/es\/wp-json\/wp\/v2\/product\/5553\/revisions"}],"predecessor-version":[{"id":10705,"href":"https:\/\/puffvapestore.com\/es\/wp-json\/wp\/v2\/product\/5553\/revisions\/10705"}],"wp:featuredmedia":[{"embeddable":true,"href":"https:\/\/puffvapestore.com\/es\/wp-json\/wp\/v2\/media\/5391"}],"wp:attachment":[{"href":"https:\/\/puffvapestore.com\/es\/wp-json\/wp\/v2\/media?parent=5553"}],"wp:term":[{"taxonomy":"product_brand","embeddable":true,"href":"https:\/\/puffvapestore.com\/es\/wp-json\/wp\/v2\/product_brand?post=5553"},{"taxonomy":"product_cat","embeddable":true,"href":"https:\/\/puffvapestore.com\/es\/wp-json\/wp\/v2\/product_cat?post=5553"},{"taxonomy":"product_tag","embeddable":true,"href":"https:\/\/puffvapestore.com\/es\/wp-json\/wp\/v2\/product_tag?post=5553"}],"curies":[{"name":"wp","href":"https:\/\/api.w.org\/{rel}","templated":true}]}}