{"id":5523,"date":"2025-07-20T06:44:42","date_gmt":"2025-07-20T06:44:42","guid":{"rendered":"https:\/\/puffvapestore.com\/?post_type=product&#038;p=5523"},"modified":"2026-01-19T10:54:36","modified_gmt":"2026-01-19T10:54:36","slug":"bang-king-85000-mixed-berries-mango-peach-grape-ice","status":"publish","type":"product","link":"https:\/\/puffvapestore.com\/es\/product\/bang-king-85000-mezcla-de-frutas-del-bosque-mango-melocoton-uva-hielo\/","title":{"rendered":"Bang King 85000 3 en 1 Triple Sabor - Mezcla de Bayas y Mango Melocot\u00f3n y Uva Ice"},"content":{"rendered":"<div data-elementor-type=\"wp-post\" data-elementor-id=\"5523\" class=\"elementor elementor-5523\">\n\t\t\t\t<div class=\"elementor-element elementor-element-d3f3f97 e-flex e-con-boxed e-con e-parent\" data-id=\"d3f3f97\" data-element_type=\"container\" data-e-type=\"container\">\n\t\t\t\t\t<div class=\"e-con-inner\">\n\t\t\t\t<div class=\"elementor-element elementor-element-9600b1d elementor-widget elementor-widget-text-editor\" data-id=\"9600b1d\" data-element_type=\"widget\" data-e-type=\"widget\" data-widget_type=\"text-editor.default\">\n\t\t\t\t<div class=\"elementor-widget-container\">\n\t\t\t\t\t\t\t\t\t<p>El Bang King 85000 3 en 1 Triple Sabor - Mixed Berries &amp; Mango Peach &amp; Grape Ice permite a los usuarios elegir libremente entre los tres sabores \u00abMixed Berries\u00bb, \u00abMango Peach\u00bb y \u00abGrape Ice\u00bb. Este dise\u00f1o ofrece una variedad de opciones que se adaptan a todos los estados de \u00e1nimo y escenarios. Cada sabor ofrece una experiencia gustativa completa. El Mixed Berry es para los amantes de la fruta, el Mango Peach ofrece sabores tropicales, y el Iced Grape es para los amantes del frescor.<\/p><h2>Mezcla de bayas<\/h2><p>Al entrar el humo en el paladar, la primera impresi\u00f3n es la de un potente aroma a bayas, que recuerda a la fusi\u00f3n de ar\u00e1ndanos y moras, con un dulzor moderado y una ligera acidez de frutas silvestres. El complejo sabor afrutado se caracteriza por una suave y dulce nota superior de ar\u00e1ndanos, seguida de una ligera acidez de moras y frambuesas en el centro, que a\u00f1ade complejidad. El conjunto tiene cuerpo y no es graso, con un ligero aroma verde de frutas silvestres que recuerda a las bayas reci\u00e9n recogidas.<\/p><h2>Mango Melocot\u00f3n<\/h2><p>El rico dulzor tropical del mango y el aroma suave y carnoso del melocot\u00f3n blanco se entremezclan, dulce sin ser graso, suave y natural. La pulpa espesa del mango es la primera sensaci\u00f3n que se percibe, seguida de la redondez y delicadeza del melocot\u00f3n, integr\u00e1ndose ambas armoniosamente.<\/p><p>Aromas: El regusto evoca la calidez de un huerto soleado, mientras que el dulzor de la pulpa perdura entre los labios y los dientes.<\/p><h2>Hielo de uva<\/h2><p>Sabor: Con una base de uvas moradas dulces, combinada con una fuerte sensaci\u00f3n de frescor, es el m\u00e1s refrescante de los tres.<\/p><p>Detalles del sabor: El aroma a uva es muy pleno, con un ligero dulzor a refresco de uva y un aroma afrutado natural. La sensaci\u00f3n de hielo penetrando r\u00e1pidamente en la garganta explota, proporcionando una experiencia extremadamente refrescante, especialmente adecuada para aliviar las sensaciones de grasa o calor.<\/p><p>Aromas: Frescos y persistentes, similares al regusto de un helado de uva o de un chicle de uva, con un ligero frescor persistente.<\/p>\t\t\t\t\t\t\t\t<\/div>\n\t\t\t\t<\/div>\n\t\t\t\t\t<\/div>\n\t\t\t\t<\/div>\n\t\t<div class=\"elementor-element elementor-element-08c26f9 e-flex e-con-boxed e-con e-parent\" data-id=\"08c26f9\" data-element_type=\"container\" data-e-type=\"container\">\n\t\t\t\t\t<div class=\"e-con-inner\">\n\t\t\t\t<div class=\"elementor-element elementor-element-a005a97 elementor-widget elementor-widget-text-editor\" data-id=\"a005a97\" data-element_type=\"widget\" data-e-type=\"widget\" data-widget_type=\"text-editor.default\">\n\t\t\t\t<div class=\"elementor-widget-container\">\n\t\t\t\t\t\t\t\t\t<h2>Innovador dise\u00f1o tres en uno: tres sistemas de aromatizaci\u00f3n independientes<\/h2><p>El Bang King Triple 85000 Mixed Berries &amp; Mango Peach &amp; Grape Ice ofrece un n\u00famero m\u00e1ximo de caladas, r\u00e9cord del mercado, con 85.000 caladas. Un solo cigarrillo electr\u00f3nico BangKing Triple85000 proporciona un uso duradero, sin necesidad de sustituirlo o transportarlo con frecuencia, por lo que es ideal para usuarios intensivos o viajeros de larga duraci\u00f3n. Ya sea para uso diario o como accesorio de emergencia, ofrece una potencia de vapeo estable y duradera, sin dejar de ser extremadamente econ\u00f3mico.<\/p><p>El Bang King Triple 85000 Mixed Berries &amp; Mango Peach &amp; Grape Ice presenta un dep\u00f3sito \u00fanico con tres e-l\u00edquidos, cada uno precargado con un e-l\u00edquido espec\u00edfico. El usuario puede elegir entre tres sabores diferentes a voluntad gracias al selector, e incluso mezclar y fumar, para una experiencia de sabor totalmente nueva.<\/p><h2>Dise\u00f1o recargable respetuoso con el medio ambiente - Carga r\u00e1pida Tipo-C<\/h2><p>El Bang King Triple 85000 est\u00e1 equipado con una bater\u00eda de litio de alto rendimiento de 600 mAh y una interfaz de carga r\u00e1pida Tipo-C, que permite m\u00faltiples ciclos de carga. En comparaci\u00f3n con los cigarrillos electr\u00f3nicos desechables tradicionales, no solo es m\u00e1s respetuoso con el medio ambiente, sino tambi\u00e9n m\u00e1s econ\u00f3mico a largo plazo. Adem\u00e1s, la duraci\u00f3n de la bater\u00eda es estable y la potencia suministrada con cada calada es constante, lo que garantiza un sabor uniforme.<\/p><p>Cada dep\u00f3sito de e-l\u00edquido est\u00e1 equipado con una resistencia de atomizaci\u00f3n de malla de 1,0 \u03a9 de alta eficiencia, que ofrece una conducci\u00f3n uniforme del calor, un calentamiento r\u00e1pido, una atomizaci\u00f3n m\u00e1s completa y un sabor m\u00e1s suave y pleno. Ya sea fruta fresca o un postre de crema, reproduce fielmente el sabor original del e-l\u00edquido, para un humo que se derrite en la boca y un regusto persistente, mejorando dr\u00e1sticamente la experiencia de fumar. Incluso con inhalaciones continuas, no experimentar\u00e1 ning\u00fan problema de quemado o sobrecalentamiento.<\/p><h2>Pantalla LED inteligente<\/h2><p>El Bang King Triple 85000 Mixed Berries &amp; Mango Peach &amp; Grape Ice est\u00e1 equipado con una pantalla LED inteligente en la parte frontal, que muestra el nivel de bater\u00eda, el nivel de e-l\u00edquido restante y otra informaci\u00f3n en tiempo real, permitiendo a los usuarios gestionar eficazmente su tiempo de uso y la capacidad restante. Para los usuarios habituales, ya no es necesario calcular la vida \u00fatil restante del dispositivo: el uso visual es m\u00e1s humano e inteligente.<\/p><p>BangKing Triple 85000 Mixed Berries &amp; Mango Peach &amp; Grape Ice ofrece hasta cuatro niveles de concentraci\u00f3n de nicotina: 0 %, 2 %, 3 % y 5 %. Tanto si quieres dejar de fumar, reducir tu consumo de nicotina o mantener el placer del sabor, encontrar\u00e1s la soluci\u00f3n ideal. Para los usuarios de cigarrillos electr\u00f3nicos de todos los niveles, este dise\u00f1o ofrece una gran libertad y un dise\u00f1o cuidado, que satisface no s\u00f3lo las necesidades de los principiantes, sino tambi\u00e9n la experiencia personalizada de los usuarios experimentados.<\/p><h2>Otros aspectos destacados:<\/h2><p>Funci\u00f3n de activaci\u00f3n autom\u00e1tica: no es necesario pulsar un bot\u00f3n, la inhalaci\u00f3n activa el cigarrillo electr\u00f3nico, lo que facilita su uso.<\/p><p>Aspecto moderno y colorido: dise\u00f1o multicolor y efectos luminosos de moda, para un aspecto m\u00e1s tecnol\u00f3gico y moderno.<\/p><h2>Especificaciones de Bang King Triple 85000 3 en 1 Mixed Berries &amp; Mango Peach &amp; Grape Ice<\/h2><p>N\u00famero m\u00e1ximo de caladas: hasta 85.000 caladas (28.300 caladas para cada uno de los tres sabores)<\/p><p>Tres dep\u00f3sitos de aceite: Contiene 3 dep\u00f3sitos de aceite, con un selector para cambiar de sabor.<\/p><p>Volumen total: 63 ml de e-l\u00edquido precargado (21 ml x 3 cada uno).<\/p><p>Capacidad de la bater\u00eda y carga: bater\u00eda recargable de 600 mAh, compatible con carga r\u00e1pida USB-C.<\/p><p>Configuraci\u00f3n de resistencias: tres juegos de resistencias de malla de 1,0 \u03a9 para mejorar el sabor y el rendimiento de la atomizaci\u00f3n.<\/p><p>Concentraci\u00f3n de nicotina: cuatro niveles a elegir: 0 %, 2 %, 3 % y 5 %.<\/p><p>Pantalla inteligente: equipada con una pantalla de alta definici\u00f3n que muestra la carga de la bater\u00eda y el nivel de aceite restante.<\/p>\t\t\t\t\t\t\t\t<\/div>\n\t\t\t\t<\/div>\n\t\t\t\t\t<\/div>\n\t\t\t\t<\/div>\n\t\t\t\t<\/div>","protected":false},"excerpt":{"rendered":"<p>La Bang King 85000 3 en 1 Triple Saveur &#8211; Mixed Berries &amp; Mango Peach &amp; Grape Ice permet aux utilisateurs de choisir librement entre les trois saveurs \u00ab Baies Mixtes \u00bb, \u00ab Mangue, P\u00eache \u00bb et \u00ab Raisin Glac\u00e9 \u00bb. Ce design offre une vari\u00e9t\u00e9 de choix pour r\u00e9pondre \u00e0 toutes les humeurs et [&hellip;]<\/p>\n","protected":false},"featured_media":5396,"comment_status":"open","ping_status":"closed","template":"","meta":{"site-sidebar-layout":"no-sidebar","site-content-layout":"page-builder","ast-site-content-layout":"normal-width-container","site-content-style":"default","site-sidebar-style":"default","ast-global-header-display":"","ast-banner-title-visibility":"","ast-main-header-display":"","ast-hfb-above-header-display":"","ast-hfb-below-header-display":"","ast-hfb-mobile-header-display":"","site-post-title":"disabled","ast-breadcrumbs-content":"","ast-featured-img":"disabled","footer-sml-layout":"","ast-disable-related-posts":"","theme-transparent-header-meta":"default","adv-header-id-meta":"","stick-header-meta":"default","header-above-stick-meta":"","header-main-stick-meta":"","header-below-stick-meta":"","astra-migrate-meta-layouts":"set","ast-page-background-enabled":"default","ast-page-background-meta":{"desktop":{"background-color":"","background-image":"","background-repeat":"repeat","background-position":"center center","background-size":"auto","background-attachment":"scroll","background-type":"","background-media":"","overlay-type":"","overlay-color":"","overlay-opacity":"","overlay-gradient":""},"tablet":{"background-color":"","background-image":"","background-repeat":"repeat","background-position":"center center","background-size":"auto","background-attachment":"scroll","background-type":"","background-media":"","overlay-type":"","overlay-color":"","overlay-opacity":"","overlay-gradient":""},"mobile":{"background-color":"","background-image":"","background-repeat":"repeat","background-position":"center center","background-size":"auto","background-attachment":"scroll","background-type":"","background-media":"","overlay-type":"","overlay-color":"","overlay-opacity":"","overlay-gradient":""}},"ast-content-background-meta":{"desktop":{"background-color":"var(--ast-global-color-5)","background-image":"","background-repeat":"repeat","background-position":"center center","background-size":"auto","background-attachment":"scroll","background-type":"","background-media":"","overlay-type":"","overlay-color":"","overlay-opacity":"","overlay-gradient":""},"tablet":{"background-color":"var(--ast-global-color-5)","background-image":"","background-repeat":"repeat","background-position":"center center","background-size":"auto","background-attachment":"scroll","background-type":"","background-media":"","overlay-type":"","overlay-color":"","overlay-opacity":"","overlay-gradient":""},"mobile":{"background-color":"var(--ast-global-color-5)","background-image":"","background-repeat":"repeat","background-position":"center center","background-size":"auto","background-attachment":"scroll","background-type":"","background-media":"","overlay-type":"","overlay-color":"","overlay-opacity":"","overlay-gradient":""}}},"product_brand":[52],"product_cat":[51,107,15],"product_tag":[],"class_list":{"0":"post-5523","1":"product","2":"type-product","3":"status-publish","4":"has-post-thumbnail","6":"product_brand-bang-king","7":"product_cat-bang-king-triple-85000-trois-saveurs-en-une","8":"product_cat-puff-85k","9":"product_cat-magasin-cigarette-electronique","10":"desktop-align-center","11":"tablet-align-center","12":"mobile-align-center","13":"ast-product-gallery-layout-horizontal","14":"ast-product-gallery-with-no-image","15":"ast-product-single-variable","16":"ast-product-tabs-layout-horizontal","17":"ast-qv-on-image","19":"first","20":"instock","21":"sale","22":"shipping-taxable","23":"purchasable","24":"product-type-variable","25":"has-default-attributes"},"tiered_pricing_type":"fixed","tiered_pricing_fixed_rules":[],"tiered_pricing_product_settings":{"layout":"default","base_unit_name":{"singular":null,"plural":null},"default_variation":null},"tiered_pricing_minimum_quantity":null,"tiered_pricing_roles_data":[],"tiered_pricing_percentage_rules":[],"_links":{"self":[{"href":"https:\/\/puffvapestore.com\/es\/wp-json\/wp\/v2\/product\/5523","targetHints":{"allow":["GET"]}}],"collection":[{"href":"https:\/\/puffvapestore.com\/es\/wp-json\/wp\/v2\/product"}],"about":[{"href":"https:\/\/puffvapestore.com\/es\/wp-json\/wp\/v2\/types\/product"}],"replies":[{"embeddable":true,"href":"https:\/\/puffvapestore.com\/es\/wp-json\/wp\/v2\/comments?post=5523"}],"version-history":[{"count":8,"href":"https:\/\/puffvapestore.com\/es\/wp-json\/wp\/v2\/product\/5523\/revisions"}],"predecessor-version":[{"id":10707,"href":"https:\/\/puffvapestore.com\/es\/wp-json\/wp\/v2\/product\/5523\/revisions\/10707"}],"wp:featuredmedia":[{"embeddable":true,"href":"https:\/\/puffvapestore.com\/es\/wp-json\/wp\/v2\/media\/5396"}],"wp:attachment":[{"href":"https:\/\/puffvapestore.com\/es\/wp-json\/wp\/v2\/media?parent=5523"}],"wp:term":[{"taxonomy":"product_brand","embeddable":true,"href":"https:\/\/puffvapestore.com\/es\/wp-json\/wp\/v2\/product_brand?post=5523"},{"taxonomy":"product_cat","embeddable":true,"href":"https:\/\/puffvapestore.com\/es\/wp-json\/wp\/v2\/product_cat?post=5523"},{"taxonomy":"product_tag","embeddable":true,"href":"https:\/\/puffvapestore.com\/es\/wp-json\/wp\/v2\/product_tag?post=5523"}],"curies":[{"name":"wp","href":"https:\/\/api.w.org\/{rel}","templated":true}]}}