{"id":5512,"date":"2025-07-20T02:26:25","date_gmt":"2025-07-20T02:26:25","guid":{"rendered":"https:\/\/puffvapestore.com\/?post_type=product&#038;p=5512"},"modified":"2026-01-19T10:54:36","modified_gmt":"2026-01-19T10:54:36","slug":"bang-king-85000-watermelon-ice-red-bull-strawberry-kiwi-offre-une-vapeur-riche","status":"publish","type":"product","link":"https:\/\/puffvapestore.com\/es\/product\/bang-king-85000-sandia-hielo-toro-rojo-fresa-kiwi-ofrece-vapor-rico\/","title":{"rendered":"Bang King 85000 3 en 1 Triple Sabor - Sand\u00eda Helada &amp; Red Bull &amp; Fresa Kiwi"},"content":{"rendered":"<div data-elementor-type=\"wp-post\" data-elementor-id=\"5512\" class=\"elementor elementor-5512\">\n\t\t\t\t<div class=\"elementor-element elementor-element-d3f3f97 e-flex e-con-boxed e-con e-parent\" data-id=\"d3f3f97\" data-element_type=\"container\" data-e-type=\"container\">\n\t\t\t\t\t<div class=\"e-con-inner\">\n\t\t\t\t<div class=\"elementor-element elementor-element-9600b1d elementor-widget elementor-widget-text-editor\" data-id=\"9600b1d\" data-element_type=\"widget\" data-e-type=\"widget\" data-widget_type=\"text-editor.default\">\n\t\t\t\t<div class=\"elementor-widget-container\">\n\t\t\t\t\t\t\t\t\t<p>Bang King 85000 3 en 1 Triple Sabor - Sand\u00eda Helada &amp; Red Bull &amp; Fresa Kiwi ofrece una experiencia de vapeo rica en refrescantes sabores afrutados (sand\u00eda helada), intensos sabores de bebidas (Red Bull) y \u00e1cidos sabores de frutas tropicales (fresa kiwi). Cada sabor est\u00e1 cuidadosamente formulado para satisfacer las necesidades de cada usuario.<\/p><h2>Hielo de sand\u00eda<\/h2><p>Nota principal : Sabor dulce y jugoso a sand\u00eda<\/p><p>Nota secundaria : Frescor de la menta helada<\/p><p>Sabor: Al aroma afrutado natural de la sand\u00eda madura le sigue un frescor refrescante, similar al de la menta o los cristales de hielo, que deja un regusto fresco en el paladar.<\/p><h2>Red Bull<\/h2><p>Nota clave: El aroma de una bebida energ\u00e9tica cl\u00e1sica, similar al del Red Bull cl\u00e1sico.<\/p><p>Sabor: El sabor complejo, ligeramente acaramelado y \u00e1cido de los c\u00edtricos se percibe de inmediato en el paladar. Proporciona una sensaci\u00f3n refrescante y estimulante, ideal para los amantes de los sabores fuertes. Un persistente aroma a miel y c\u00edtricos perdura en el paladar.<\/p><h2>Fresa Kiwi<\/h2><p>Nota principal: un complejo aroma afrutado de fresa dulce y kiwi ligeramente \u00e1cido.<\/p><p>Caracter\u00edsticas gustativas: el sabor a fresa es dulce y natural, con una ligera base l\u00e1ctea, que ofrece un sabor suave que recuerda a la mermelada. La adici\u00f3n de kiwi a\u00f1ade un toque de acidez, dando al sabor general una textura m\u00e1s tridimensional, fresca y no grasa. La estructura afrutada es potente, con notas dulces y \u00e1cidas entrelazadas, ideal para un consumo prolongado.<\/p><h2>Experiencia de sabor: Sand\u00eda helada &amp; Red Bull &amp; Kiwi con fresa<\/h2><p>La serie 3 en 1 del Bang King 85000 Watermelon Ice &amp; Red Bull &amp; Strawberry Kiwi permite a los usuarios disfrutar de tres experiencias de sabor totalmente diferentes en un solo aparato gracias a la combinaci\u00f3n de tres sabores:<\/p><p>Desde la refrescante sand\u00eda helada hasta el energizante Red Bull, terminando con un equilibrado kiwi con fresa dulce y \u00e1cida.<\/p><p>Ideal para usuarios a los que les gusta variar los sabores o buscan una riqueza de sabor.<\/p><p>Cada sabor se superpone claramente durante el cambio, conservando sus propias caracter\u00edsticas.<\/p>\t\t\t\t\t\t\t\t<\/div>\n\t\t\t\t<\/div>\n\t\t\t\t\t<\/div>\n\t\t\t\t<\/div>\n\t\t<div class=\"elementor-element elementor-element-08c26f9 e-flex e-con-boxed e-con e-parent\" data-id=\"08c26f9\" data-element_type=\"container\" data-e-type=\"container\">\n\t\t\t\t\t<div class=\"e-con-inner\">\n\t\t\t\t<div class=\"elementor-element elementor-element-a005a97 elementor-widget elementor-widget-text-editor\" data-id=\"a005a97\" data-element_type=\"widget\" data-e-type=\"widget\" data-widget_type=\"text-editor.default\">\n\t\t\t\t<div class=\"elementor-widget-container\">\n\t\t\t\t\t\t\t\t\t<h2>Innovador dise\u00f1o tres en uno: tres sistemas de aromatizaci\u00f3n independientes<\/h2><p>El Bang King Triple 85000 ofrece un n\u00famero m\u00e1ximo de caladas, r\u00e9cord del mercado, con 85.000 caladas. Un solo cigarrillo electr\u00f3nico BangKing Triple85000 permite un uso prolongado, sin necesidad de sustituirlo o transportarlo con frecuencia, por lo que es ideal para usuarios intensivos o viajeros de larga duraci\u00f3n. Tanto si se utiliza a diario como accesorio de emergencia, ofrece una potencia de vapeo estable y duradera, sin dejar de ser extremadamente econ\u00f3mico.<\/p><p>El Bang King Triple 85000 cuenta con un tanque \u00fanico con tres e-l\u00edquidos, cada uno precargado con un e-l\u00edquido espec\u00edfico. El usuario puede elegir entre tres sabores diferentes a voluntad gracias al selector, e incluso mezclar y fumar, para una experiencia de sabor sin precedentes.<\/p><h2>Dise\u00f1o recargable respetuoso con el medio ambiente - Carga r\u00e1pida Tipo-C<\/h2><p>El Bang King Triple 85000 est\u00e1 equipado con una bater\u00eda de litio de alto rendimiento de 600 mAh y una interfaz de carga r\u00e1pida Tipo-C, que permite m\u00faltiples ciclos de carga. En comparaci\u00f3n con los cigarrillos electr\u00f3nicos desechables tradicionales, no solo es m\u00e1s respetuoso con el medio ambiente, sino tambi\u00e9n m\u00e1s econ\u00f3mico a largo plazo. Adem\u00e1s, la duraci\u00f3n de la bater\u00eda es estable y la potencia suministrada con cada calada es constante, lo que garantiza un sabor uniforme.<\/p><p>Cada dep\u00f3sito de e-l\u00edquido est\u00e1 equipado con una resistencia de atomizaci\u00f3n de malla de 1,0 \u03a9 de alta eficiencia, que ofrece una conducci\u00f3n uniforme del calor, un calentamiento r\u00e1pido, una atomizaci\u00f3n m\u00e1s completa y un sabor m\u00e1s suave y pleno. Ya sea fruta fresca o un postre de crema, reproduce fielmente el sabor original del e-l\u00edquido, para un humo que se derrite en la boca y un regusto persistente, mejorando dr\u00e1sticamente la experiencia de fumar. Incluso con inhalaciones continuas, no experimentar\u00e1 ning\u00fan problema de quemado o sobrecalentamiento.<\/p><h2>Pantalla LED inteligente<\/h2><p>El Bang King Triple 85000 est\u00e1 equipado con una pantalla LED inteligente en la parte frontal, que muestra el nivel de bater\u00eda, el nivel de e-l\u00edquido restante y otra informaci\u00f3n en tiempo real, lo que permite a los usuarios gestionar eficazmente su tiempo de uso y la capacidad restante. Para los usuarios habituales, ya no es necesario calcular la vida \u00fatil restante del dispositivo: el uso visual es m\u00e1s humano e inteligente.<\/p><p>El BangKing Triple 85000 ofrece hasta cuatro niveles de concentraci\u00f3n de nicotina: 0 %, 2 %, 3 % y 5 %. Tanto si quieres dejar de fumar, reducir tu consumo de nicotina o mantener el placer del sabor, encontrar\u00e1s la soluci\u00f3n ideal. Para los usuarios de cigarrillos electr\u00f3nicos de todos los niveles, este dise\u00f1o ofrece una gran libertad y un dise\u00f1o cuidado, que satisface no s\u00f3lo las necesidades de los principiantes, sino tambi\u00e9n la experiencia personalizada de los usuarios experimentados.<\/p><h2>Otros aspectos destacados:<\/h2><p>Funci\u00f3n de activaci\u00f3n autom\u00e1tica: no es necesario pulsar un bot\u00f3n, la inhalaci\u00f3n activa el cigarrillo electr\u00f3nico, lo que facilita su uso.<\/p><p>Aspecto moderno y colorido: dise\u00f1o multicolor y efectos luminosos de moda, para un aspecto m\u00e1s tecnol\u00f3gico y moderno.<\/p><h2>Especificaciones del Bang King Triple 85000 3 en 1<\/h2><p>N\u00famero m\u00e1ximo de caladas: hasta 85.000 caladas (28.300 caladas para cada uno de los tres sabores)<\/p><p>Tres dep\u00f3sitos de aceite: Contiene 3 dep\u00f3sitos de aceite, con un selector para cambiar de sabor.<\/p><p>Volumen total: 63 ml de e-l\u00edquido precargado (21 ml x 3 cada uno).<\/p><p>Capacidad de la bater\u00eda y carga: bater\u00eda recargable de 600 mAh, compatible con carga r\u00e1pida USB-C.<\/p><p>Configuraci\u00f3n de resistencias: tres juegos de resistencias de malla de 1,0 \u03a9 para mejorar el sabor y el rendimiento de la atomizaci\u00f3n.<\/p><p>Concentraci\u00f3n de nicotina: cuatro niveles a elegir: 0 %, 2 %, 3 % y 5 %.<\/p><p>Pantalla inteligente: equipada con una pantalla de alta definici\u00f3n que muestra la carga de la bater\u00eda y el nivel de aceite restante.<\/p>\t\t\t\t\t\t\t\t<\/div>\n\t\t\t\t<\/div>\n\t\t\t\t\t<\/div>\n\t\t\t\t<\/div>\n\t\t\t\t<\/div>","protected":false},"excerpt":{"rendered":"<p>Le Bang King 85000 3 en 1 Triple Saveur &#8211; Watermelon Ice &amp; Red Bull &amp; Strawberry Kiwi offre une exp\u00e9rience de vapotage riche en saveurs fruit\u00e9es rafra\u00eechissantes (past\u00e8que glac\u00e9e), en saveurs de boisson intenses (Red Bull) et en saveurs de fruits tropicaux acidul\u00e9s (fraise kiwi). Chaque saveur est soigneusement formul\u00e9e pour r\u00e9pondre aux besoins [&hellip;]<\/p>\n","protected":false},"featured_media":5404,"comment_status":"open","ping_status":"closed","template":"","meta":{"site-sidebar-layout":"no-sidebar","site-content-layout":"page-builder","ast-site-content-layout":"normal-width-container","site-content-style":"default","site-sidebar-style":"default","ast-global-header-display":"","ast-banner-title-visibility":"","ast-main-header-display":"","ast-hfb-above-header-display":"","ast-hfb-below-header-display":"","ast-hfb-mobile-header-display":"","site-post-title":"disabled","ast-breadcrumbs-content":"","ast-featured-img":"disabled","footer-sml-layout":"","ast-disable-related-posts":"","theme-transparent-header-meta":"default","adv-header-id-meta":"","stick-header-meta":"default","header-above-stick-meta":"","header-main-stick-meta":"","header-below-stick-meta":"","astra-migrate-meta-layouts":"set","ast-page-background-enabled":"default","ast-page-background-meta":{"desktop":{"background-color":"","background-image":"","background-repeat":"repeat","background-position":"center center","background-size":"auto","background-attachment":"scroll","background-type":"","background-media":"","overlay-type":"","overlay-color":"","overlay-opacity":"","overlay-gradient":""},"tablet":{"background-color":"","background-image":"","background-repeat":"repeat","background-position":"center center","background-size":"auto","background-attachment":"scroll","background-type":"","background-media":"","overlay-type":"","overlay-color":"","overlay-opacity":"","overlay-gradient":""},"mobile":{"background-color":"","background-image":"","background-repeat":"repeat","background-position":"center center","background-size":"auto","background-attachment":"scroll","background-type":"","background-media":"","overlay-type":"","overlay-color":"","overlay-opacity":"","overlay-gradient":""}},"ast-content-background-meta":{"desktop":{"background-color":"var(--ast-global-color-5)","background-image":"","background-repeat":"repeat","background-position":"center center","background-size":"auto","background-attachment":"scroll","background-type":"","background-media":"","overlay-type":"","overlay-color":"","overlay-opacity":"","overlay-gradient":""},"tablet":{"background-color":"var(--ast-global-color-5)","background-image":"","background-repeat":"repeat","background-position":"center center","background-size":"auto","background-attachment":"scroll","background-type":"","background-media":"","overlay-type":"","overlay-color":"","overlay-opacity":"","overlay-gradient":""},"mobile":{"background-color":"var(--ast-global-color-5)","background-image":"","background-repeat":"repeat","background-position":"center center","background-size":"auto","background-attachment":"scroll","background-type":"","background-media":"","overlay-type":"","overlay-color":"","overlay-opacity":"","overlay-gradient":""}}},"product_brand":[52],"product_cat":[51,107,15],"product_tag":[],"class_list":{"0":"post-5512","1":"product","2":"type-product","3":"status-publish","4":"has-post-thumbnail","6":"product_brand-bang-king","7":"product_cat-bang-king-triple-85000-trois-saveurs-en-une","8":"product_cat-puff-85k","9":"product_cat-magasin-cigarette-electronique","10":"desktop-align-center","11":"tablet-align-center","12":"mobile-align-center","13":"ast-product-gallery-layout-horizontal","14":"ast-product-gallery-with-no-image","15":"ast-product-single-variable","16":"ast-product-tabs-layout-horizontal","17":"ast-qv-on-image","19":"first","20":"instock","21":"sale","22":"shipping-taxable","23":"purchasable","24":"product-type-variable","25":"has-default-attributes"},"tiered_pricing_type":"fixed","tiered_pricing_fixed_rules":[],"tiered_pricing_product_settings":{"layout":"default","base_unit_name":{"singular":null,"plural":null},"default_variation":null},"tiered_pricing_minimum_quantity":null,"tiered_pricing_roles_data":[],"tiered_pricing_percentage_rules":[],"_links":{"self":[{"href":"https:\/\/puffvapestore.com\/es\/wp-json\/wp\/v2\/product\/5512","targetHints":{"allow":["GET"]}}],"collection":[{"href":"https:\/\/puffvapestore.com\/es\/wp-json\/wp\/v2\/product"}],"about":[{"href":"https:\/\/puffvapestore.com\/es\/wp-json\/wp\/v2\/types\/product"}],"replies":[{"embeddable":true,"href":"https:\/\/puffvapestore.com\/es\/wp-json\/wp\/v2\/comments?post=5512"}],"version-history":[{"count":9,"href":"https:\/\/puffvapestore.com\/es\/wp-json\/wp\/v2\/product\/5512\/revisions"}],"predecessor-version":[{"id":10698,"href":"https:\/\/puffvapestore.com\/es\/wp-json\/wp\/v2\/product\/5512\/revisions\/10698"}],"wp:featuredmedia":[{"embeddable":true,"href":"https:\/\/puffvapestore.com\/es\/wp-json\/wp\/v2\/media\/5404"}],"wp:attachment":[{"href":"https:\/\/puffvapestore.com\/es\/wp-json\/wp\/v2\/media?parent=5512"}],"wp:term":[{"taxonomy":"product_brand","embeddable":true,"href":"https:\/\/puffvapestore.com\/es\/wp-json\/wp\/v2\/product_brand?post=5512"},{"taxonomy":"product_cat","embeddable":true,"href":"https:\/\/puffvapestore.com\/es\/wp-json\/wp\/v2\/product_cat?post=5512"},{"taxonomy":"product_tag","embeddable":true,"href":"https:\/\/puffvapestore.com\/es\/wp-json\/wp\/v2\/product_tag?post=5512"}],"curies":[{"name":"wp","href":"https:\/\/api.w.org\/{rel}","templated":true}]}}