{"id":5432,"date":"2025-07-20T01:07:06","date_gmt":"2025-07-20T01:07:06","guid":{"rendered":"https:\/\/puffvapestore.com\/?post_type=product&#038;p=5432"},"modified":"2026-01-19T10:54:35","modified_gmt":"2026-01-19T10:54:35","slug":"bang-king-85000-3-in-1-triple-flavor-equipe-de-resistances-mesh","status":"publish","type":"product","link":"https:\/\/puffvapestore.com\/es\/product\/bang-king-85000-3-en-1-triple-sabor-con-resistencias-de-malla\/","title":{"rendered":"Bang King 85000 3 en 1 Triple Sabor: Ofrece 85K caladas, equipado con resistencias de malla"},"content":{"rendered":"<div data-elementor-type=\"wp-post\" data-elementor-id=\"5432\" class=\"elementor elementor-5432\">\n\t\t\t\t<div class=\"elementor-element elementor-element-08c26f9 e-flex e-con-boxed e-con e-parent\" data-id=\"08c26f9\" data-element_type=\"container\" data-e-type=\"container\">\n\t\t\t\t\t<div class=\"e-con-inner\">\n\t\t\t\t<div class=\"elementor-element elementor-element-a005a97 elementor-widget elementor-widget-text-editor\" data-id=\"a005a97\" data-element_type=\"widget\" data-e-type=\"widget\" data-widget_type=\"text-editor.default\">\n\t\t\t\t<div class=\"elementor-widget-container\">\n\t\t\t\t\t\t\t\t\t<h2>Innovador dise\u00f1o tres en uno: tres sistemas de aromatizaci\u00f3n independientes<\/h2><p>El Bang King Triple 85000 ofrece un n\u00famero m\u00e1ximo de caladas, r\u00e9cord del mercado, con 85.000 caladas. Un solo cigarrillo electr\u00f3nico BangKing Triple85000 permite un uso prolongado, sin necesidad de sustituirlo o transportarlo con frecuencia, por lo que es ideal para usuarios intensivos o viajeros de larga duraci\u00f3n. Tanto si se utiliza a diario como accesorio de emergencia, ofrece una potencia de vapeo estable y duradera, sin dejar de ser extremadamente econ\u00f3mico.<\/p><p>El Bang King Triple 85000 cuenta con un tanque \u00fanico con tres e-l\u00edquidos, cada uno precargado con un e-l\u00edquido espec\u00edfico. El usuario puede elegir entre tres sabores diferentes a voluntad gracias al selector, e incluso mezclar y fumar, para una experiencia de sabor sin precedentes.<\/p><h2>Dise\u00f1o recargable respetuoso con el medio ambiente - Carga r\u00e1pida Tipo-C<\/h2><p>El Bang King Triple 85000 est\u00e1 equipado con una bater\u00eda de litio de alto rendimiento de 600 mAh y una interfaz de carga r\u00e1pida Tipo-C, que permite m\u00faltiples ciclos de carga. En comparaci\u00f3n con los cigarrillos electr\u00f3nicos desechables tradicionales, no solo es m\u00e1s respetuoso con el medio ambiente, sino tambi\u00e9n m\u00e1s econ\u00f3mico a largo plazo. Adem\u00e1s, la duraci\u00f3n de la bater\u00eda es estable y la potencia suministrada con cada calada es constante, lo que garantiza un sabor uniforme.<\/p><p>Cada dep\u00f3sito de e-l\u00edquido est\u00e1 equipado con una resistencia de atomizaci\u00f3n de malla de 1,0 \u03a9 de alta eficiencia, que ofrece una conducci\u00f3n uniforme del calor, un calentamiento r\u00e1pido, una atomizaci\u00f3n m\u00e1s completa y un sabor m\u00e1s suave y pleno. Ya sea fruta fresca o un postre de crema, reproduce fielmente el sabor original del e-l\u00edquido, para un humo que se derrite en la boca y un regusto persistente, mejorando dr\u00e1sticamente la experiencia de fumar. Incluso con inhalaciones continuas, no experimentar\u00e1 ning\u00fan problema de quemado o sobrecalentamiento.<\/p><h2>Pantalla LED inteligente<\/h2><p>El Bang King Triple 85000 est\u00e1 equipado con una pantalla LED inteligente en la parte frontal, que muestra el nivel de bater\u00eda, el nivel de e-l\u00edquido restante y otra informaci\u00f3n en tiempo real, lo que permite a los usuarios gestionar eficazmente su tiempo de uso y la capacidad restante. Para los usuarios habituales, ya no es necesario calcular la vida \u00fatil restante del dispositivo: el uso visual es m\u00e1s humano e inteligente.<\/p><p>El BangKing Triple 85000 ofrece hasta cuatro niveles de concentraci\u00f3n de nicotina: 0 %, 2 %, 3 % y 5 %. Tanto si quieres dejar de fumar, reducir tu consumo de nicotina o mantener el placer del sabor, encontrar\u00e1s la soluci\u00f3n ideal. Para los usuarios de cigarrillos electr\u00f3nicos de todos los niveles, este dise\u00f1o ofrece una gran libertad y un dise\u00f1o cuidado, que satisface no s\u00f3lo las necesidades de los principiantes, sino tambi\u00e9n la experiencia personalizada de los usuarios experimentados.<\/p><h2>Otros aspectos destacados:<\/h2><p>Funci\u00f3n de activaci\u00f3n autom\u00e1tica: no es necesario pulsar un bot\u00f3n, la inhalaci\u00f3n activa el cigarrillo electr\u00f3nico, lo que facilita su uso.<\/p><p>Aspecto moderno y colorido: dise\u00f1o multicolor y efectos luminosos de moda, para un aspecto m\u00e1s tecnol\u00f3gico y moderno.<\/p><h2>Especificaciones del Bang King Triple 85000 3 en 1<\/h2><p>N\u00famero m\u00e1ximo de caladas: hasta 85.000 caladas (28.300 caladas para cada uno de los tres sabores)<\/p><p>Tres dep\u00f3sitos de aceite: Contiene 3 dep\u00f3sitos de aceite, con un selector para cambiar de sabor.<\/p><p>Volumen total: 63 ml de e-l\u00edquido precargado (21 ml x 3 cada uno).<\/p><p>Capacidad de la bater\u00eda y carga: bater\u00eda recargable de 600 mAh, compatible con carga r\u00e1pida USB-C.<\/p><p>Configuraci\u00f3n de resistencias: tres juegos de resistencias de malla de 1,0 \u03a9 para mejorar el sabor y el rendimiento de la atomizaci\u00f3n.<\/p><p>Concentraci\u00f3n de nicotina: cuatro niveles a elegir: 0 %, 2 %, 3 % y 5 %.<\/p><p>Pantalla inteligente: equipada con una pantalla de alta definici\u00f3n que muestra la carga de la bater\u00eda y el nivel de aceite restante.<\/p>\t\t\t\t\t\t\t\t<\/div>\n\t\t\t\t<\/div>\n\t\t\t\t\t<\/div>\n\t\t\t\t<\/div>\n\t\t<div class=\"elementor-element elementor-element-d3f3f97 e-flex e-con-boxed e-con e-parent\" data-id=\"d3f3f97\" data-element_type=\"container\" data-e-type=\"container\">\n\t\t\t\t\t<div class=\"e-con-inner\">\n\t\t\t\t<div class=\"elementor-element elementor-element-9600b1d elementor-widget elementor-widget-text-editor\" data-id=\"9600b1d\" data-element_type=\"widget\" data-e-type=\"widget\" data-widget_type=\"text-editor.default\">\n\t\t\t\t<div class=\"elementor-widget-container\">\n\t\t\t\t\t\t\t\t\t<h2>16 sabores triples de Bang King Triple 85000<\/h2><p>Los 16 sabores de la Bang King Triple 85K ofrecen una rica y creativa combinaci\u00f3n de sabores, centrada en los tres temas principales: frutas, bebidas y postres. Cada sabor es una mezcla de tres sabores de cartucho diferentes, para una experiencia rica y compleja. Por ejemplo, \u00abBerry Lemonade &amp; Strawberry Red Bull &amp; Strawberry Pomp\u00bb combina el sabor refrescante de la limonada de bayas rojas, la vivacidad del Red Bull de fresa y la dulzura de la granada de fresa, mientras que \u00abBlue Razz Ice &amp; Strawberry Watermelon &amp; Watermelon Ice\u00bb toma la frescura del batido de ar\u00e1ndanos y le a\u00f1ade el sabor veraniego de la sand\u00eda de fresa y el hielo puro de sand\u00eda. Esta combinaci\u00f3n no s\u00f3lo mantiene la firma del sabor \u00fanico, sino que tambi\u00e9n a\u00f1ade frescura a trav\u00e9s de sus combinaciones.<\/p><p>La serie presenta una serie de atrevidas combinaciones transfronterizas, como \u00abCoca-Cola de Fresa y Vainilla &amp; Black Dragon Ice &amp; Peach Ice\u00bb, que combina bebidas y frutas, o \u00abDonut de Fresa &amp; Love 66 &amp; Banana Ice\u00bb, inspirado en los postres. Los sabores de frutas tropicales tambi\u00e9n ocupan un lugar destacado, como \u00abTropical Fruit &amp; Lemon Peach &amp; Strawberry Watermelon\u00bb y \u00abKiwi Passion Fruit Guava &amp; Lush Ice &amp; Straw Mango\u00bb, que crean una atm\u00f3sfera ex\u00f3tica gracias a los ricos aromas afrutados de la fruta de la pasi\u00f3n, la guayaba y el mango, entre otros.<\/p><p>El dise\u00f1o del sabor del Bang King Triple 85K enfatiza el equilibrio entre el sabor helado (como muchos sabores llamados \u00abIce\u00bb) y el dulce, satisfaciendo tanto las necesidades cl\u00e1sicas (como cola, Red Bull) como las innovadoras (como donuts, pi\u00f1a y coco). Distintas combinaciones se adaptan a distintos escenarios. Por ejemplo, \u00abIce Tea Lemon Ice &amp; Lychee Ice Cream &amp; Mango On Ice\u00bb es ideal para aliviar la sensaci\u00f3n de grasa, mientras que la gama Red Bull ofrece un efecto refrescante que se adapta a los distintos gustos del consumidor.<\/p>\t\t\t\t\t\t\t\t<\/div>\n\t\t\t\t<\/div>\n\t\t\t\t\t<\/div>\n\t\t\t\t<\/div>\n\t\t\t\t<\/div>","protected":false},"excerpt":{"rendered":"<p>Conception innovante trois-en-un &#8211; trois syst\u00e8mes de saveurs ind\u00e9pendants La Bang King Triple 85000 offre un nombre maximal de bouff\u00e9es, un record du march\u00e9, avec 85000 bouff\u00e9es. Une seule cigarette \u00e9lectronique BangKing Triple85000 permet une utilisation longue dur\u00e9e, sans avoir \u00e0 la remplacer fr\u00e9quemment ni \u00e0 la transporter, ce qui est id\u00e9al pour les utilisateurs [&hellip;]<\/p>\n","protected":false},"featured_media":5408,"comment_status":"open","ping_status":"closed","template":"","meta":{"site-sidebar-layout":"no-sidebar","site-content-layout":"page-builder","ast-site-content-layout":"normal-width-container","site-content-style":"default","site-sidebar-style":"default","ast-global-header-display":"","ast-banner-title-visibility":"","ast-main-header-display":"","ast-hfb-above-header-display":"","ast-hfb-below-header-display":"","ast-hfb-mobile-header-display":"","site-post-title":"disabled","ast-breadcrumbs-content":"","ast-featured-img":"disabled","footer-sml-layout":"","ast-disable-related-posts":"","theme-transparent-header-meta":"default","adv-header-id-meta":"","stick-header-meta":"default","header-above-stick-meta":"","header-main-stick-meta":"","header-below-stick-meta":"","astra-migrate-meta-layouts":"set","ast-page-background-enabled":"default","ast-page-background-meta":{"desktop":{"background-color":"","background-image":"","background-repeat":"repeat","background-position":"center center","background-size":"auto","background-attachment":"scroll","background-type":"","background-media":"","overlay-type":"","overlay-color":"","overlay-opacity":"","overlay-gradient":""},"tablet":{"background-color":"","background-image":"","background-repeat":"repeat","background-position":"center center","background-size":"auto","background-attachment":"scroll","background-type":"","background-media":"","overlay-type":"","overlay-color":"","overlay-opacity":"","overlay-gradient":""},"mobile":{"background-color":"","background-image":"","background-repeat":"repeat","background-position":"center center","background-size":"auto","background-attachment":"scroll","background-type":"","background-media":"","overlay-type":"","overlay-color":"","overlay-opacity":"","overlay-gradient":""}},"ast-content-background-meta":{"desktop":{"background-color":"var(--ast-global-color-5)","background-image":"","background-repeat":"repeat","background-position":"center center","background-size":"auto","background-attachment":"scroll","background-type":"","background-media":"","overlay-type":"","overlay-color":"","overlay-opacity":"","overlay-gradient":""},"tablet":{"background-color":"var(--ast-global-color-5)","background-image":"","background-repeat":"repeat","background-position":"center center","background-size":"auto","background-attachment":"scroll","background-type":"","background-media":"","overlay-type":"","overlay-color":"","overlay-opacity":"","overlay-gradient":""},"mobile":{"background-color":"var(--ast-global-color-5)","background-image":"","background-repeat":"repeat","background-position":"center center","background-size":"auto","background-attachment":"scroll","background-type":"","background-media":"","overlay-type":"","overlay-color":"","overlay-opacity":"","overlay-gradient":""}}},"product_brand":[52],"product_cat":[51,107,15],"product_tag":[],"class_list":{"0":"post-5432","1":"product","2":"type-product","3":"status-publish","4":"has-post-thumbnail","6":"product_brand-bang-king","7":"product_cat-bang-king-triple-85000-trois-saveurs-en-une","8":"product_cat-puff-85k","9":"product_cat-magasin-cigarette-electronique","10":"desktop-align-center","11":"tablet-align-center","12":"mobile-align-center","13":"ast-product-gallery-layout-horizontal","14":"ast-product-single-variable","15":"ast-product-tabs-layout-horizontal","16":"ast-qv-on-image","18":"first","19":"instock","20":"sale","21":"shipping-taxable","22":"purchasable","23":"product-type-variable","24":"has-default-attributes"},"tiered_pricing_type":"fixed","tiered_pricing_fixed_rules":[],"tiered_pricing_product_settings":{"layout":"default","base_unit_name":{"singular":null,"plural":null},"default_variation":null},"tiered_pricing_minimum_quantity":null,"tiered_pricing_roles_data":[],"tiered_pricing_percentage_rules":[],"_links":{"self":[{"href":"https:\/\/puffvapestore.com\/es\/wp-json\/wp\/v2\/product\/5432","targetHints":{"allow":["GET"]}}],"collection":[{"href":"https:\/\/puffvapestore.com\/es\/wp-json\/wp\/v2\/product"}],"about":[{"href":"https:\/\/puffvapestore.com\/es\/wp-json\/wp\/v2\/types\/product"}],"replies":[{"embeddable":true,"href":"https:\/\/puffvapestore.com\/es\/wp-json\/wp\/v2\/comments?post=5432"}],"version-history":[{"count":8,"href":"https:\/\/puffvapestore.com\/es\/wp-json\/wp\/v2\/product\/5432\/revisions"}],"predecessor-version":[{"id":10711,"href":"https:\/\/puffvapestore.com\/es\/wp-json\/wp\/v2\/product\/5432\/revisions\/10711"}],"wp:featuredmedia":[{"embeddable":true,"href":"https:\/\/puffvapestore.com\/es\/wp-json\/wp\/v2\/media\/5408"}],"wp:attachment":[{"href":"https:\/\/puffvapestore.com\/es\/wp-json\/wp\/v2\/media?parent=5432"}],"wp:term":[{"taxonomy":"product_brand","embeddable":true,"href":"https:\/\/puffvapestore.com\/es\/wp-json\/wp\/v2\/product_brand?post=5432"},{"taxonomy":"product_cat","embeddable":true,"href":"https:\/\/puffvapestore.com\/es\/wp-json\/wp\/v2\/product_cat?post=5432"},{"taxonomy":"product_tag","embeddable":true,"href":"https:\/\/puffvapestore.com\/es\/wp-json\/wp\/v2\/product_tag?post=5432"}],"curies":[{"name":"wp","href":"https:\/\/api.w.org\/{rel}","templated":true}]}}