{"id":5378,"date":"2025-07-19T09:02:00","date_gmt":"2025-07-19T09:02:00","guid":{"rendered":"https:\/\/puffvapestore.com\/?post_type=product&#038;p=5378"},"modified":"2026-04-21T07:08:56","modified_gmt":"2026-04-21T07:08:56","slug":"blueberry-cherry-cranberry-fumot-40000-offre-un-gout-doux","status":"publish","type":"product","link":"https:\/\/puffvapestore.com\/es\/product\/arandano-cereza-arandano-fumot-40000-ofrece-un-sabor-dulce\/","title":{"rendered":"Ar\u00e1ndano Cereza Ar\u00e1ndano - Fumot RandM Tornado 40000"},"content":{"rendered":"<div data-elementor-type=\"wp-post\" data-elementor-id=\"5378\" class=\"elementor elementor-5378\">\n\t\t\t\t<div class=\"elementor-element elementor-element-08c26f9 e-flex e-con-boxed e-con e-parent\" data-id=\"08c26f9\" data-element_type=\"container\" data-e-type=\"container\">\n\t\t\t\t\t<div class=\"e-con-inner\">\n\t\t\t\t<div class=\"elementor-element elementor-element-a005a97 elementor-widget elementor-widget-text-editor\" data-id=\"a005a97\" data-element_type=\"widget\" data-e-type=\"widget\" data-widget_type=\"text-editor.default\">\n\t\t\t\t<div class=\"elementor-widget-container\">\n\t\t\t\t\t\t\t\t\t<p>En el festival de comida callejera francesa, el aire se llen\u00f3 del aroma de las cr\u00eapes reci\u00e9n hechas y del tentador sabor de los caracoles calientes con queso. Sujetando un cigarrillo electr\u00f3nico RandM Tornado 40000 Blueberry Cherry Cranberry, se exhala un humo que combina delicadamente el frescor de los ar\u00e1ndanos, el dulzor de las cerezas y la ligera acidez de los ar\u00e1ndanos, creando una experiencia sensorial \u00fanica gracias a esta mezcla de sabores y aromas.<\/p><p>Ar\u00e1ndano: El ar\u00e1ndano a\u00f1ade una base dulce y ligeramente \u00e1cida a este sabor. Su aroma captura el jugoso zumo de los ar\u00e1ndanos maduros, proporcionando un sabor afrutado fresco y natural. El sabor es similar al de los ar\u00e1ndanos reci\u00e9n recolectados, con una redondez en el paladar y un aroma afrutado natural.<\/p><p>Cereza: La cereza aporta un rico dulzor y un toque de acidez, a\u00f1adiendo matices y complejidad al sabor. Aporta una experiencia afrutada m\u00e1s plena, como si estuvieras saboreando el rico zumo de una cereza fresca.<\/p><p>Ar\u00e1ndano rojo: El ar\u00e1ndano rojo cierra el sabor y se revela gradualmente al exhalar. Su pronunciada acidez a\u00f1ade el toque final, dando al conjunto una nota refrescante y astringente.<\/p><h2>Fumot Leopard 40000 Ar\u00e1ndano Cereza Ar\u00e1ndano es adecuado para :<\/h2><p>Aromas de frutas rojas variadas<\/p><p>Consumidores de cigarrillos electr\u00f3nicos que prefieren sabores ligeramente \u00e1cidos, ligeros y frescos<\/p><p>Usuarios a los que no les gustan los sabores demasiado dulces o de una sola fruta<\/p>\t\t\t\t\t\t\t\t<\/div>\n\t\t\t\t<\/div>\n\t\t\t\t\t<\/div>\n\t\t\t\t<\/div>\n\t\t<div class=\"elementor-element elementor-element-718b380 e-flex e-con-boxed e-con e-parent\" data-id=\"718b380\" data-element_type=\"container\" data-e-type=\"container\">\n\t\t\t\t\t<div class=\"e-con-inner\">\n\t\t\t\t<div class=\"elementor-element elementor-element-d2cc8fa elementor-widget elementor-widget-text-editor\" data-id=\"d2cc8fa\" data-element_type=\"widget\" data-e-type=\"widget\" data-widget_type=\"text-editor.default\">\n\t\t\t\t<div class=\"elementor-widget-container\">\n\t\t\t\t\t\t\t\t\t<h2>Bater\u00eda de alta capacidad: bater\u00eda de litio recargable de 700 mAh<\/h2><p>El Fumot Leopard 40000 (RandM Tornado 40K) Blueberry Cherry Cranberry ofrece hasta 40000 caladas, superando con creces la media del mercado. Ofrece una experiencia de larga duraci\u00f3n, especialmente indicada para usuarios habituales, eliminando el problema de la sustituci\u00f3n frecuente del dispositivo.<\/p><p>Su bater\u00eda integrada de 700 mAh de alta capacidad puede recargarse varias veces a trav\u00e9s de la interfaz USB Type-C. En comparaci\u00f3n con los desechables tradicionales, su dise\u00f1o recargable es m\u00e1s respetuoso con el medio ambiente y econ\u00f3mico, y su bater\u00eda es de larga duraci\u00f3n, lo que permite incluso a los usuarios intensivos utilizarla durante m\u00e1s de un d\u00eda.<\/p><p>Al adoptar la moderna interfaz USB Type-C, no solo ofrece una mayor eficiencia de carga, sino que tambi\u00e9n facilita la conexi\u00f3n y desconexi\u00f3n. Gracias a la tecnolog\u00eda de carga r\u00e1pida, suele cargarse por completo en poco tiempo, lo que reduce el tiempo de espera y te permite estar conectado en cualquier momento y lugar.<\/p><h2>Tecnolog\u00eda de resistencia de doble malla<\/h2><p>El Fumot Leopard 40000 (RandM Tornado 40K) Blueberry Cherry Cranberry cuenta con una avanzada estructura de cable calefactor de doble malla para un calentamiento m\u00e1s uniforme y eficiente, proporcionando un humo rico y delicado con sabores suaves en cada calada. La doble resistencia prolonga eficazmente la vida de la resistencia, preserva la estabilidad del sabor y evita la degradaci\u00f3n.<\/p><p>Para satisfacer las preferencias de cada usuario, Fumot Leopard 40000 ofrece cuatro concentraciones de nicotina: 0 %, 2 %, 3 % y 5 %. Tanto si es un usuario ocasional que no consume nicotina como si es un fumador empedernido que necesita una concentraci\u00f3n alta para satisfacer sus necesidades de abstinencia, encontrar\u00e1 el producto ideal.<\/p><h2>Pantalla LED de alta definici\u00f3n<\/h2><p>El Fumot Leopard 40000 (RandM Tornado 40K) est\u00e1 equipado con una sofisticada pantalla LED digital que muestra el nivel de e-l\u00edquido restante y la carga de la bater\u00eda en tiempo real. Esto significa que los usuarios pueden comprobar el estado del dispositivo de un vistazo, anticipar cu\u00e1ndo es el momento de cargar o recargar la bater\u00eda y evitar apagones o el agotamiento de la bater\u00eda.<\/p><p>La carcasa con textura de leopardo, fabricada con un material de alta transmisi\u00f3n, combina el impacto visual con la elegancia. Al inhalar, las din\u00e1micas y modernas luces RGB giran y parpadean, dando a cada calada un aire de discoteca. Es un producto de moda, ideal para fiestas y ocasiones especiales.<\/p><p>La pr\u00e1ctica tecnolog\u00eda de inhalaci\u00f3n autom\u00e1tica no tiene botones ni ajustes, por lo que es f\u00e1cil de aprender para los principiantes. Simplemente inhale suavemente y el dispositivo empezar\u00e1 a atomizar autom\u00e1ticamente, para una experiencia de inhalaci\u00f3n suave y placentera.<\/p><h2>Dise\u00f1o ergon\u00f3mico<\/h2><p>El dise\u00f1o ergon\u00f3mico de la Fumot Leopard 40000 (RandM Tornado 40K) Blueberry Cherry Cranberry es c\u00f3modo de sujetar y su tama\u00f1o compacto facilita su transporte. Ligero, es f\u00e1cil de llevar y transportar.<\/p>\t\t\t\t\t\t\t\t<\/div>\n\t\t\t\t<\/div>\n\t\t\t\t\t<\/div>\n\t\t\t\t<\/div>\n\t\t\t\t<\/div>","protected":false},"excerpt":{"rendered":"<p>Lors du festival de street food fran\u00e7ais, l&rsquo;air \u00e9tait envahi par l&rsquo;ar\u00f4me des cr\u00eapes fra\u00eechement cuites et le go\u00fbt all\u00e9chant des escargots chauds au fromage. Tenant une cigarette \u00e9lectronique RandM Tornado 40000 Myrtille Cerise Canneberge, vous exhalez une fum\u00e9e qui allie d\u00e9licatement la fra\u00eecheur des myrtilles, la douceur des cerises et la l\u00e9g\u00e8re acidit\u00e9 des [&hellip;]<\/p>\n","protected":false},"featured_media":5083,"comment_status":"open","ping_status":"closed","template":"","meta":{"site-sidebar-layout":"no-sidebar","site-content-layout":"page-builder","ast-site-content-layout":"normal-width-container","site-content-style":"default","site-sidebar-style":"default","ast-global-header-display":"","ast-banner-title-visibility":"","ast-main-header-display":"","ast-hfb-above-header-display":"","ast-hfb-below-header-display":"","ast-hfb-mobile-header-display":"","site-post-title":"disabled","ast-breadcrumbs-content":"","ast-featured-img":"disabled","footer-sml-layout":"","ast-disable-related-posts":"","theme-transparent-header-meta":"default","adv-header-id-meta":"","stick-header-meta":"default","header-above-stick-meta":"","header-main-stick-meta":"","header-below-stick-meta":"","astra-migrate-meta-layouts":"set","ast-page-background-enabled":"default","ast-page-background-meta":{"desktop":{"background-color":"","background-image":"","background-repeat":"repeat","background-position":"center center","background-size":"auto","background-attachment":"scroll","background-type":"","background-media":"","overlay-type":"","overlay-color":"","overlay-opacity":"","overlay-gradient":""},"tablet":{"background-color":"","background-image":"","background-repeat":"repeat","background-position":"center center","background-size":"auto","background-attachment":"scroll","background-type":"","background-media":"","overlay-type":"","overlay-color":"","overlay-opacity":"","overlay-gradient":""},"mobile":{"background-color":"","background-image":"","background-repeat":"repeat","background-position":"center center","background-size":"auto","background-attachment":"scroll","background-type":"","background-media":"","overlay-type":"","overlay-color":"","overlay-opacity":"","overlay-gradient":""}},"ast-content-background-meta":{"desktop":{"background-color":"var(--ast-global-color-5)","background-image":"","background-repeat":"repeat","background-position":"center center","background-size":"auto","background-attachment":"scroll","background-type":"","background-media":"","overlay-type":"","overlay-color":"","overlay-opacity":"","overlay-gradient":""},"tablet":{"background-color":"var(--ast-global-color-5)","background-image":"","background-repeat":"repeat","background-position":"center center","background-size":"auto","background-attachment":"scroll","background-type":"","background-media":"","overlay-type":"","overlay-color":"","overlay-opacity":"","overlay-gradient":""},"mobile":{"background-color":"var(--ast-global-color-5)","background-image":"","background-repeat":"repeat","background-position":"center center","background-size":"auto","background-attachment":"scroll","background-type":"","background-media":"","overlay-type":"","overlay-color":"","overlay-opacity":"","overlay-gradient":""}}},"product_brand":[42],"product_cat":[50,88,77,15],"product_tag":[],"class_list":{"0":"post-5378","1":"product","2":"type-product","3":"status-publish","4":"has-post-thumbnail","6":"product_brand-randm-tornado","7":"product_cat-randm-tornado-40000-avec-ecran-led-hd","8":"product_cat-puff-40k","9":"product_cat-entrepot-de-lue","10":"product_cat-magasin-cigarette-electronique","11":"desktop-align-center","12":"tablet-align-center","13":"mobile-align-center","14":"ast-product-gallery-layout-horizontal","15":"ast-product-gallery-with-no-image","16":"ast-product-single-variable","17":"ast-product-tabs-layout-horizontal","18":"ast-qv-on-image","20":"first","21":"instock","22":"sale","23":"shipping-taxable","24":"purchasable","25":"product-type-variable","26":"has-default-attributes"},"tiered_pricing_type":"fixed","tiered_pricing_fixed_rules":{"30":10.42,"60":9.26,"100":8.05,"200":7.8,"500":7.67,"1000":7.38},"tiered_pricing_product_settings":{"layout":"default","base_unit_name":{"singular":null,"plural":null},"default_variation":null},"tiered_pricing_minimum_quantity":null,"tiered_pricing_roles_data":[],"tiered_pricing_percentage_rules":[],"_links":{"self":[{"href":"https:\/\/puffvapestore.com\/es\/wp-json\/wp\/v2\/product\/5378","targetHints":{"allow":["GET"]}}],"collection":[{"href":"https:\/\/puffvapestore.com\/es\/wp-json\/wp\/v2\/product"}],"about":[{"href":"https:\/\/puffvapestore.com\/es\/wp-json\/wp\/v2\/types\/product"}],"replies":[{"embeddable":true,"href":"https:\/\/puffvapestore.com\/es\/wp-json\/wp\/v2\/comments?post=5378"}],"version-history":[{"count":7,"href":"https:\/\/puffvapestore.com\/es\/wp-json\/wp\/v2\/product\/5378\/revisions"}],"predecessor-version":[{"id":10758,"href":"https:\/\/puffvapestore.com\/es\/wp-json\/wp\/v2\/product\/5378\/revisions\/10758"}],"wp:featuredmedia":[{"embeddable":true,"href":"https:\/\/puffvapestore.com\/es\/wp-json\/wp\/v2\/media\/5083"}],"wp:attachment":[{"href":"https:\/\/puffvapestore.com\/es\/wp-json\/wp\/v2\/media?parent=5378"}],"wp:term":[{"taxonomy":"product_brand","embeddable":true,"href":"https:\/\/puffvapestore.com\/es\/wp-json\/wp\/v2\/product_brand?post=5378"},{"taxonomy":"product_cat","embeddable":true,"href":"https:\/\/puffvapestore.com\/es\/wp-json\/wp\/v2\/product_cat?post=5378"},{"taxonomy":"product_tag","embeddable":true,"href":"https:\/\/puffvapestore.com\/es\/wp-json\/wp\/v2\/product_tag?post=5378"}],"curies":[{"name":"wp","href":"https:\/\/api.w.org\/{rel}","templated":true}]}}