{"id":5319,"date":"2025-07-17T20:20:28","date_gmt":"2025-07-17T20:20:28","guid":{"rendered":"https:\/\/puffvapestore.com\/?post_type=product&#038;p=5319"},"modified":"2026-04-21T07:08:12","modified_gmt":"2026-04-21T07:08:12","slug":"strawberry-watermelon-tornado-40000-est-delicate","status":"publish","type":"product","link":"https:\/\/puffvapestore.com\/es\/product\/sandia-fresa-tornado-40000-es-delicado\/","title":{"rendered":"Fumot Leopard 40000 - Sand\u00eda fresa"},"content":{"rendered":"<div data-elementor-type=\"wp-post\" data-elementor-id=\"5319\" class=\"elementor elementor-5319\">\n\t\t\t\t<div class=\"elementor-element elementor-element-08c26f9 e-flex e-con-boxed e-con e-parent\" data-id=\"08c26f9\" data-element_type=\"container\" data-e-type=\"container\">\n\t\t\t\t\t<div class=\"e-con-inner\">\n\t\t\t\t<div class=\"elementor-element elementor-element-a005a97 elementor-widget elementor-widget-text-editor\" data-id=\"a005a97\" data-element_type=\"widget\" data-e-type=\"widget\" data-widget_type=\"text-editor.default\">\n\t\t\t\t<div class=\"elementor-widget-container\">\n\t\t\t\t\t\t\t\t\t<p>El sabor Strawberry Watermelon presenta una combinaci\u00f3n afrutada dulce, fresca y equilibrada, que reproduce a la perfecci\u00f3n los sabores naturales de las fresas maduras y la jugosa sand\u00eda. Cada calada de humo ofrece una armoniosa fusi\u00f3n afrutada, ni demasiado dulce ni demasiado ligera, ideal para los amantes de los e-cigarrillos con sabores afrutados. Su sabor suave y su delicado vapor ofrecen un placer gustativo de larga duraci\u00f3n, ideal para a\u00f1adir un toque de frescor cuando hace calor.<\/p><p>Caracter\u00edsticas gustativas de la fresa: Nada m\u00e1s fumar, se experimenta por primera vez el aroma de las fresas maduras, con un dulzor natural reci\u00e9n recolectado. En la primera parte de la inhalaci\u00f3n, las fresas dominan, deleitando r\u00e1pidamente las papilas gustativas.<\/p><p>Caracter\u00edsticas de la sand\u00eda: El sabor a sand\u00eda predomina en la mitad y al final de la inhalaci\u00f3n, imitando el sabor de una sand\u00eda helada en verano, con una sutil sensaci\u00f3n de frescor y dulzor. Es como morder un trozo de sand\u00eda jugosa: el zumo \u00abexplota\u00bb en la boca, dando una sensaci\u00f3n ligera y fresca.<\/p><h2>Rendimiento gustativo de la fusi\u00f3n de fresa y sand\u00eda :<\/h2><p>Fusi\u00f3n equilibrada: La fresa y la sand\u00eda se mezclan de forma muy natural, sin dominar a la otra, creando una experiencia afrutada equilibrada y compleja.<\/p><p>Dulce al paladar y refrescante al final: El dulzor de la fresa domina el inicio del paladar, mientras que el paladar medio y el final dan paso al frescor de la sand\u00eda. El sabor general oscila entre el dulzor y la frescura, evitando la acumulaci\u00f3n de az\u00facar.<\/p>\t\t\t\t\t\t\t\t<\/div>\n\t\t\t\t<\/div>\n\t\t\t\t\t<\/div>\n\t\t\t\t<\/div>\n\t\t<div class=\"elementor-element elementor-element-718b380 e-flex e-con-boxed e-con e-parent\" data-id=\"718b380\" data-element_type=\"container\" data-e-type=\"container\">\n\t\t\t\t\t<div class=\"e-con-inner\">\n\t\t\t\t<div class=\"elementor-element elementor-element-d2cc8fa elementor-widget elementor-widget-text-editor\" data-id=\"d2cc8fa\" data-element_type=\"widget\" data-e-type=\"widget\" data-widget_type=\"text-editor.default\">\n\t\t\t\t<div class=\"elementor-widget-container\">\n\t\t\t\t\t\t\t\t\t<h2>Bater\u00eda de alta capacidad: bater\u00eda de litio recargable de 700 mAh<\/h2><p>El Fumot Leopard 40000 (RandM Tornado 40K) ofrece hasta 40000 caladas, superando con creces la media del mercado. Ofrece una experiencia duradera, especialmente indicada para usuarios habituales, eliminando el problema de la sustituci\u00f3n frecuente del dispositivo.<\/p><p>Su bater\u00eda integrada de 700 mAh de alta capacidad puede recargarse varias veces a trav\u00e9s de la interfaz USB Type-C. En comparaci\u00f3n con los desechables tradicionales, su dise\u00f1o recargable es m\u00e1s respetuoso con el medio ambiente y econ\u00f3mico, y su bater\u00eda es de larga duraci\u00f3n, lo que permite incluso a los usuarios intensivos utilizarla durante m\u00e1s de un d\u00eda.<\/p><p>Al adoptar la moderna interfaz USB Type-C, no solo ofrece una mayor eficiencia de carga, sino que tambi\u00e9n facilita la conexi\u00f3n y desconexi\u00f3n. Gracias a la tecnolog\u00eda de carga r\u00e1pida, suele cargarse por completo en poco tiempo, lo que reduce el tiempo de espera y te permite estar conectado en cualquier momento y lugar.<\/p><h2>Tecnolog\u00eda de resistencia de doble malla<\/h2><p>El Fumot Leopard 40000 (RandM Tornado 40K) cuenta con una avanzada estructura de alambre calefactor de doble malla para un calentamiento m\u00e1s uniforme y eficiente, proporcionando un humo rico y delicado con sabores suaves en cada calada. La doble resistencia prolonga eficazmente la vida \u00fatil de la resistencia, preserva la estabilidad del sabor y evita la degradaci\u00f3n.<\/p><p>Para satisfacer las preferencias de cada usuario, Fumot Leopard 40000 ofrece cuatro concentraciones de nicotina: 0 %, 2 %, 3 % y 5 %. Tanto si es un usuario ocasional que no consume nicotina como si es un fumador empedernido que necesita una concentraci\u00f3n alta para satisfacer sus necesidades de abstinencia, encontrar\u00e1 el producto ideal.<\/p><h2>Pantalla LED de alta definici\u00f3n<\/h2><p>El Fumot Leopard 40000 (RandM Tornado 40K) est\u00e1 equipado con una sofisticada pantalla LED digital que muestra el nivel de e-l\u00edquido restante y la carga de la bater\u00eda en tiempo real. Esto significa que los usuarios pueden comprobar el estado del dispositivo de un vistazo, anticipar cu\u00e1ndo es el momento de cargar o recargar la bater\u00eda y evitar apagones o el agotamiento de la bater\u00eda.<\/p><p>La carcasa con textura de leopardo, fabricada con un material de alta transmisi\u00f3n, combina el impacto visual con la elegancia. Al inhalar, las din\u00e1micas y modernas luces RGB giran y parpadean, dando a cada calada un aire de discoteca. Es un producto de moda, ideal para fiestas y ocasiones especiales.<\/p><p>La pr\u00e1ctica tecnolog\u00eda de inhalaci\u00f3n autom\u00e1tica no tiene botones ni ajustes, por lo que es f\u00e1cil de aprender para los principiantes. Simplemente inhale suavemente y el dispositivo empezar\u00e1 a atomizar autom\u00e1ticamente, para una experiencia de inhalaci\u00f3n suave y placentera.<\/p><h2>Dise\u00f1o ergon\u00f3mico<\/h2><p>El dise\u00f1o ergon\u00f3mico de la Fumot Leopard 40000 (RandM Tornado 40K) es c\u00f3modo de sujetar y su tama\u00f1o compacto facilita su transporte. Ligera, es f\u00e1cil de llevar y transportar.<\/p>\t\t\t\t\t\t\t\t<\/div>\n\t\t\t\t<\/div>\n\t\t\t\t\t<\/div>\n\t\t\t\t<\/div>\n\t\t\t\t<\/div>","protected":false},"excerpt":{"rendered":"<p>L&rsquo;ar\u00f4me Fraise Past\u00e8que se caract\u00e9rise par une combinaison fruit\u00e9e douce, fra\u00eeche et \u00e9quilibr\u00e9e, reproduisant parfaitement les saveurs naturelles de fraises m\u00fbres et de past\u00e8ques juteuses. Chaque bouff\u00e9e de fum\u00e9e offre une fusion fruit\u00e9e harmonieuse, ni trop sucr\u00e9e ni trop l\u00e9g\u00e8re, id\u00e9ale pour les e-cigarettes amateurs de saveurs fruit\u00e9es. Son go\u00fbt onctueux et sa vapeur d\u00e9licate [&hellip;]<\/p>\n","protected":false},"featured_media":5095,"comment_status":"open","ping_status":"closed","template":"","meta":{"site-sidebar-layout":"no-sidebar","site-content-layout":"page-builder","ast-site-content-layout":"normal-width-container","site-content-style":"default","site-sidebar-style":"default","ast-global-header-display":"","ast-banner-title-visibility":"","ast-main-header-display":"","ast-hfb-above-header-display":"","ast-hfb-below-header-display":"","ast-hfb-mobile-header-display":"","site-post-title":"disabled","ast-breadcrumbs-content":"","ast-featured-img":"disabled","footer-sml-layout":"","ast-disable-related-posts":"","theme-transparent-header-meta":"default","adv-header-id-meta":"","stick-header-meta":"default","header-above-stick-meta":"","header-main-stick-meta":"","header-below-stick-meta":"","astra-migrate-meta-layouts":"set","ast-page-background-enabled":"default","ast-page-background-meta":{"desktop":{"background-color":"","background-image":"","background-repeat":"repeat","background-position":"center center","background-size":"auto","background-attachment":"scroll","background-type":"","background-media":"","overlay-type":"","overlay-color":"","overlay-opacity":"","overlay-gradient":""},"tablet":{"background-color":"","background-image":"","background-repeat":"repeat","background-position":"center center","background-size":"auto","background-attachment":"scroll","background-type":"","background-media":"","overlay-type":"","overlay-color":"","overlay-opacity":"","overlay-gradient":""},"mobile":{"background-color":"","background-image":"","background-repeat":"repeat","background-position":"center center","background-size":"auto","background-attachment":"scroll","background-type":"","background-media":"","overlay-type":"","overlay-color":"","overlay-opacity":"","overlay-gradient":""}},"ast-content-background-meta":{"desktop":{"background-color":"var(--ast-global-color-5)","background-image":"","background-repeat":"repeat","background-position":"center center","background-size":"auto","background-attachment":"scroll","background-type":"","background-media":"","overlay-type":"","overlay-color":"","overlay-opacity":"","overlay-gradient":""},"tablet":{"background-color":"var(--ast-global-color-5)","background-image":"","background-repeat":"repeat","background-position":"center center","background-size":"auto","background-attachment":"scroll","background-type":"","background-media":"","overlay-type":"","overlay-color":"","overlay-opacity":"","overlay-gradient":""},"mobile":{"background-color":"var(--ast-global-color-5)","background-image":"","background-repeat":"repeat","background-position":"center center","background-size":"auto","background-attachment":"scroll","background-type":"","background-media":"","overlay-type":"","overlay-color":"","overlay-opacity":"","overlay-gradient":""}}},"product_brand":[42],"product_cat":[50,88,77,15],"product_tag":[],"class_list":{"0":"post-5319","1":"product","2":"type-product","3":"status-publish","4":"has-post-thumbnail","6":"product_brand-randm-tornado","7":"product_cat-randm-tornado-40000-avec-ecran-led-hd","8":"product_cat-puff-40k","9":"product_cat-entrepot-de-lue","10":"product_cat-magasin-cigarette-electronique","11":"desktop-align-center","12":"tablet-align-center","13":"mobile-align-center","14":"ast-product-gallery-layout-horizontal","15":"ast-product-gallery-with-no-image","16":"ast-product-single-variable","17":"ast-product-tabs-layout-horizontal","18":"ast-qv-on-image","20":"first","21":"instock","22":"sale","23":"shipping-taxable","24":"purchasable","25":"product-type-variable","26":"has-default-attributes"},"tiered_pricing_type":"fixed","tiered_pricing_fixed_rules":{"30":10.42,"60":9.26,"100":8.05,"200":7.8,"500":7.67,"1000":7.38},"tiered_pricing_product_settings":{"layout":"default","base_unit_name":{"singular":null,"plural":null},"default_variation":null},"tiered_pricing_minimum_quantity":null,"tiered_pricing_roles_data":[],"tiered_pricing_percentage_rules":[],"_links":{"self":[{"href":"https:\/\/puffvapestore.com\/es\/wp-json\/wp\/v2\/product\/5319","targetHints":{"allow":["GET"]}}],"collection":[{"href":"https:\/\/puffvapestore.com\/es\/wp-json\/wp\/v2\/product"}],"about":[{"href":"https:\/\/puffvapestore.com\/es\/wp-json\/wp\/v2\/types\/product"}],"replies":[{"embeddable":true,"href":"https:\/\/puffvapestore.com\/es\/wp-json\/wp\/v2\/comments?post=5319"}],"version-history":[{"count":8,"href":"https:\/\/puffvapestore.com\/es\/wp-json\/wp\/v2\/product\/5319\/revisions"}],"predecessor-version":[{"id":10764,"href":"https:\/\/puffvapestore.com\/es\/wp-json\/wp\/v2\/product\/5319\/revisions\/10764"}],"wp:featuredmedia":[{"embeddable":true,"href":"https:\/\/puffvapestore.com\/es\/wp-json\/wp\/v2\/media\/5095"}],"wp:attachment":[{"href":"https:\/\/puffvapestore.com\/es\/wp-json\/wp\/v2\/media?parent=5319"}],"wp:term":[{"taxonomy":"product_brand","embeddable":true,"href":"https:\/\/puffvapestore.com\/es\/wp-json\/wp\/v2\/product_brand?post=5319"},{"taxonomy":"product_cat","embeddable":true,"href":"https:\/\/puffvapestore.com\/es\/wp-json\/wp\/v2\/product_cat?post=5319"},{"taxonomy":"product_tag","embeddable":true,"href":"https:\/\/puffvapestore.com\/es\/wp-json\/wp\/v2\/product_tag?post=5319"}],"curies":[{"name":"wp","href":"https:\/\/api.w.org\/{rel}","templated":true}]}}