{"id":5293,"date":"2025-07-17T11:53:28","date_gmt":"2025-07-17T11:53:28","guid":{"rendered":"https:\/\/puffvapestore.com\/?post_type=product&#038;p=5293"},"modified":"2026-04-21T07:09:30","modified_gmt":"2026-04-21T07:09:30","slug":"peach-berry-tornado-40000-offre-un-arome-frais-doux-et-pulpeux","status":"publish","type":"product","link":"https:\/\/puffvapestore.com\/es\/product\/melocoton-baya-tornado-40000-ofrece-un-aroma-fresco-dulce-y-pulposo\/","title":{"rendered":"Fumot Leopard 40000 - Melocot\u00f3n baya"},"content":{"rendered":"<div data-elementor-type=\"wp-post\" data-elementor-id=\"5293\" class=\"elementor elementor-5293\">\n\t\t\t\t<div class=\"elementor-element elementor-element-08c26f9 e-flex e-con-boxed e-con e-parent\" data-id=\"08c26f9\" data-element_type=\"container\" data-e-type=\"container\">\n\t\t\t\t\t<div class=\"e-con-inner\">\n\t\t\t\t<div class=\"elementor-element elementor-element-a005a97 elementor-widget elementor-widget-text-editor\" data-id=\"a005a97\" data-element_type=\"widget\" data-e-type=\"widget\" data-widget_type=\"text-editor.default\">\n\t\t\t\t<div class=\"elementor-widget-container\">\n\t\t\t\t\t\t\t\t\t<p>El Fumot Leopard 40000 Peach Berry es un cigarrillo electr\u00f3nico con un sabor afrutado \u00fanico.<\/p><h2>Sabor principal : Melocot\u00f3n<\/h2><p>Caracter\u00edsticas arom\u00e1ticas: El humo desprende un rico aroma a melocot\u00f3n nada m\u00e1s entrar en la boca, con un sabor fresco, dulce y pulposo, como un melocot\u00f3n maduro reci\u00e9n cortado, ligeramente perfumado.<\/p><p>Notas de cata: Dulzor moderado, dulzor afrutado natural, suave y cremoso, con un ligero regusto floral.<\/p><p>Retrogusto: marcada persistencia de la fragancia, sensaci\u00f3n de frescor en la boca tras la inhalaci\u00f3n y ligero aroma a melocot\u00f3n al exhalar.<\/p><h2>Sabor secundario : Frutos rojos<\/h2><p>Una combinaci\u00f3n de frutos rojos: fresas, ar\u00e1ndanos, frambuesas, etc., para un sabor ligeramente \u00e1cido y afrutado.<\/p><p>Equilibrio agridulce: En contraste con el dulzor de los melocotones, el sabor general es ligero, lo que aporta profundidad y frescura.<\/p>\t\t\t\t\t\t\t\t<\/div>\n\t\t\t\t<\/div>\n\t\t\t\t\t<\/div>\n\t\t\t\t<\/div>\n\t\t<div class=\"elementor-element elementor-element-718b380 e-flex e-con-boxed e-con e-parent\" data-id=\"718b380\" data-element_type=\"container\" data-e-type=\"container\">\n\t\t\t\t\t<div class=\"e-con-inner\">\n\t\t\t\t<div class=\"elementor-element elementor-element-d2cc8fa elementor-widget elementor-widget-text-editor\" data-id=\"d2cc8fa\" data-element_type=\"widget\" data-e-type=\"widget\" data-widget_type=\"text-editor.default\">\n\t\t\t\t<div class=\"elementor-widget-container\">\n\t\t\t\t\t\t\t\t\t<h2>Caracter\u00edsticas del Fumot Leopard 40000 Peach Berry:<\/h2><p>Bocanadas y bater\u00eda: Equipada con una bater\u00eda recargable de 700 mAh que se recarga mediante USB-C para hasta 40 000 bocanadas.<\/p><p>Sistema de resistencia de doble malla: Equipada con una resistencia de doble malla que se calienta continuamente y produce un vapor rico y cremoso durante toda su vida \u00fatil.<\/p><p>LED y pantalla digital: Equipado con un conjunto de luces RGB y una pantalla digital de doble tubo: un lado muestra el nivel de e-l\u00edquido restante, el otro el nivel de la bater\u00eda.<\/p><p>Niveles de nicotina y sabores: Disponible en niveles de nicotina 0 %, 2 %, 3 % o 5 %.<\/p><p>Dise\u00f1o: Carcasa transparente con llamativo estampado de leopardo, luces interiores de colores que giran con cada calada.<\/p><h2>Ventajas del Fumot Leopard 40000 Peach Berry:<\/h2><p>Recargable, por lo que no hay necesidad de tirarla antes de tiempo.<\/p><p>Elegantes gr\u00e1ficos LED + dise\u00f1o claro y atractivo.<\/p><p>F\u00e1cil control del e-l\u00edquido restante y del nivel de bater\u00eda.<\/p>\t\t\t\t\t\t\t\t<\/div>\n\t\t\t\t<\/div>\n\t\t\t\t\t<\/div>\n\t\t\t\t<\/div>\n\t\t\t\t<\/div>","protected":false},"excerpt":{"rendered":"<p>La Fumot Leopard 40000 P\u00eache Baies est une cigarette \u00e9lectronique appr\u00e9ci\u00e9e pour son ar\u00f4me fruit\u00e9 unique. Saveur principale\u00a0: P\u00eache Caract\u00e9ristiques aromatiques\u00a0: La fum\u00e9e d\u00e9gage un ar\u00f4me riche de p\u00eache d\u00e8s l&rsquo;entr\u00e9e en bouche, avec un ar\u00f4me frais, doux et pulpeux, comme une p\u00eache m\u00fbre fra\u00eechement coup\u00e9e, l\u00e9g\u00e8rement parfum\u00e9e. Performance gustative\u00a0: Douceur mod\u00e9r\u00e9e, douceur fruit\u00e9e naturelle, [&hellip;]<\/p>\n","protected":false},"featured_media":5090,"comment_status":"open","ping_status":"closed","template":"","meta":{"site-sidebar-layout":"no-sidebar","site-content-layout":"page-builder","ast-site-content-layout":"normal-width-container","site-content-style":"default","site-sidebar-style":"default","ast-global-header-display":"","ast-banner-title-visibility":"","ast-main-header-display":"","ast-hfb-above-header-display":"","ast-hfb-below-header-display":"","ast-hfb-mobile-header-display":"","site-post-title":"disabled","ast-breadcrumbs-content":"","ast-featured-img":"disabled","footer-sml-layout":"","ast-disable-related-posts":"","theme-transparent-header-meta":"default","adv-header-id-meta":"","stick-header-meta":"default","header-above-stick-meta":"","header-main-stick-meta":"","header-below-stick-meta":"","astra-migrate-meta-layouts":"set","ast-page-background-enabled":"default","ast-page-background-meta":{"desktop":{"background-color":"","background-image":"","background-repeat":"repeat","background-position":"center center","background-size":"auto","background-attachment":"scroll","background-type":"","background-media":"","overlay-type":"","overlay-color":"","overlay-opacity":"","overlay-gradient":""},"tablet":{"background-color":"","background-image":"","background-repeat":"repeat","background-position":"center center","background-size":"auto","background-attachment":"scroll","background-type":"","background-media":"","overlay-type":"","overlay-color":"","overlay-opacity":"","overlay-gradient":""},"mobile":{"background-color":"","background-image":"","background-repeat":"repeat","background-position":"center center","background-size":"auto","background-attachment":"scroll","background-type":"","background-media":"","overlay-type":"","overlay-color":"","overlay-opacity":"","overlay-gradient":""}},"ast-content-background-meta":{"desktop":{"background-color":"var(--ast-global-color-5)","background-image":"","background-repeat":"repeat","background-position":"center center","background-size":"auto","background-attachment":"scroll","background-type":"","background-media":"","overlay-type":"","overlay-color":"","overlay-opacity":"","overlay-gradient":""},"tablet":{"background-color":"var(--ast-global-color-5)","background-image":"","background-repeat":"repeat","background-position":"center center","background-size":"auto","background-attachment":"scroll","background-type":"","background-media":"","overlay-type":"","overlay-color":"","overlay-opacity":"","overlay-gradient":""},"mobile":{"background-color":"var(--ast-global-color-5)","background-image":"","background-repeat":"repeat","background-position":"center center","background-size":"auto","background-attachment":"scroll","background-type":"","background-media":"","overlay-type":"","overlay-color":"","overlay-opacity":"","overlay-gradient":""}}},"product_brand":[42],"product_cat":[50,88,77,15],"product_tag":[],"class_list":{"0":"post-5293","1":"product","2":"type-product","3":"status-publish","4":"has-post-thumbnail","6":"product_brand-randm-tornado","7":"product_cat-randm-tornado-40000-avec-ecran-led-hd","8":"product_cat-puff-40k","9":"product_cat-entrepot-de-lue","10":"product_cat-magasin-cigarette-electronique","11":"desktop-align-center","12":"tablet-align-center","13":"mobile-align-center","14":"ast-product-gallery-layout-horizontal","15":"ast-product-gallery-with-no-image","16":"ast-product-single-variable","17":"ast-product-tabs-layout-horizontal","18":"ast-qv-on-image","20":"first","21":"instock","22":"sale","23":"shipping-taxable","24":"purchasable","25":"product-type-variable","26":"has-default-attributes"},"tiered_pricing_type":"fixed","tiered_pricing_fixed_rules":{"30":10.42,"60":9.26,"100":8.05,"200":7.8,"500":7.67,"1000":7.38},"tiered_pricing_product_settings":{"layout":"default","base_unit_name":{"singular":null,"plural":null},"default_variation":null},"tiered_pricing_minimum_quantity":null,"tiered_pricing_roles_data":[],"tiered_pricing_percentage_rules":[],"_links":{"self":[{"href":"https:\/\/puffvapestore.com\/es\/wp-json\/wp\/v2\/product\/5293","targetHints":{"allow":["GET"]}}],"collection":[{"href":"https:\/\/puffvapestore.com\/es\/wp-json\/wp\/v2\/product"}],"about":[{"href":"https:\/\/puffvapestore.com\/es\/wp-json\/wp\/v2\/types\/product"}],"replies":[{"embeddable":true,"href":"https:\/\/puffvapestore.com\/es\/wp-json\/wp\/v2\/comments?post=5293"}],"version-history":[{"count":7,"href":"https:\/\/puffvapestore.com\/es\/wp-json\/wp\/v2\/product\/5293\/revisions"}],"predecessor-version":[{"id":10754,"href":"https:\/\/puffvapestore.com\/es\/wp-json\/wp\/v2\/product\/5293\/revisions\/10754"}],"wp:featuredmedia":[{"embeddable":true,"href":"https:\/\/puffvapestore.com\/es\/wp-json\/wp\/v2\/media\/5090"}],"wp:attachment":[{"href":"https:\/\/puffvapestore.com\/es\/wp-json\/wp\/v2\/media?parent=5293"}],"wp:term":[{"taxonomy":"product_brand","embeddable":true,"href":"https:\/\/puffvapestore.com\/es\/wp-json\/wp\/v2\/product_brand?post=5293"},{"taxonomy":"product_cat","embeddable":true,"href":"https:\/\/puffvapestore.com\/es\/wp-json\/wp\/v2\/product_cat?post=5293"},{"taxonomy":"product_tag","embeddable":true,"href":"https:\/\/puffvapestore.com\/es\/wp-json\/wp\/v2\/product_tag?post=5293"}],"curies":[{"name":"wp","href":"https:\/\/api.w.org\/{rel}","templated":true}]}}