{"id":5282,"date":"2025-07-17T08:46:37","date_gmt":"2025-07-17T08:46:37","guid":{"rendered":"https:\/\/puffvapestore.com\/?post_type=product&#038;p=5282"},"modified":"2026-04-21T07:09:22","modified_gmt":"2026-04-21T07:09:22","slug":"blueberry-on-ice-fumot-leopard-40000-est-un-arome-de-myrtille-authentique","status":"publish","type":"product","link":"https:\/\/puffvapestore.com\/es\/product\/blueberry-on-ice-fumot-leopard-40000-es-un-autentico-sabor-a-arandanos\/","title":{"rendered":"Ar\u00e1ndano sobre hielo - Fumot Leopard 40000"},"content":{"rendered":"<div data-elementor-type=\"wp-post\" data-elementor-id=\"5282\" class=\"elementor elementor-5282\">\n\t\t\t\t<div class=\"elementor-element elementor-element-08c26f9 e-flex e-con-boxed e-con e-parent\" data-id=\"08c26f9\" data-element_type=\"container\" data-e-type=\"container\">\n\t\t\t\t\t<div class=\"e-con-inner\">\n\t\t\t\t<div class=\"elementor-element elementor-element-a005a97 elementor-widget elementor-widget-text-editor\" data-id=\"a005a97\" data-element_type=\"widget\" data-e-type=\"widget\" data-widget_type=\"text-editor.default\">\n\t\t\t\t<div class=\"elementor-widget-container\">\n\t\t\t\t\t\t\t\t\t<p>Fumot Leopard 40000 Blueberry on Ice es un sabor de cigarrillo electr\u00f3nico basado en el aut\u00e9ntico ar\u00e1ndano, que ofrece una sensaci\u00f3n de frescor y frescura muy apreciada y ampliamente aceptada. Sus caracter\u00edsticas son: un rico aroma afrutado, dulzor moderado, sensaci\u00f3n de frescor helado y matices distintivos. Es un sabor cl\u00e1sico, apto para un consumo prolongado y que ofrece un sabor agradable.<\/p><p>Aroma de ar\u00e1ndano: El sabor natural del ar\u00e1ndano es rico, con el sabor \u00e1cido y dulce de la fruta real, y recuerda el jugoso sabor de los ar\u00e1ndanos maduros, en lugar de un sabor artificial a caramelo.<\/p><p>Frescor (con hielo): El frescor es de moderado a fuerte, no es simplemente mentolado, sino m\u00e1s bien una sensaci\u00f3n de frescor en la boca despu\u00e9s de ingerir el batido. El frescor se extiende desde la punta de la lengua hasta la garganta, refrescando y enfriando, ayudando a neutralizar el dulzor de los ar\u00e1ndanos y a ofrecer una experiencia olfativa suave.<\/p><h2>Equilibrio y estratificaci\u00f3n de sabores en Blueberry on Ice<\/h2><p>Notas altas: El humo desprende una fragancia viva y fresca a ar\u00e1ndanos, ligeramente astringente y agridulce.<\/p><p>Nota de coraz\u00f3n: El dulzor se acent\u00faa, la sensaci\u00f3n afrutada es m\u00e1s plena, con una ligera sensaci\u00f3n de mermelada y humo suave.<\/p><p>Nota de fondo: La sensaci\u00f3n de hielo aumenta gradualmente y el frescor se difunde al exhalar, dejando una ligera fragancia a ar\u00e1ndanos y un regusto ligeramente fr\u00edo en la garganta.<\/p><p>Experiencia general: Las sensaciones afrutadas y heladas se mezclan de forma natural, sin dar la impresi\u00f3n de separar ambos sabores.<\/p>\t\t\t\t\t\t\t\t<\/div>\n\t\t\t\t<\/div>\n\t\t\t\t\t<\/div>\n\t\t\t\t<\/div>\n\t\t<div class=\"elementor-element elementor-element-718b380 e-flex e-con-boxed e-con e-parent\" data-id=\"718b380\" data-element_type=\"container\" data-e-type=\"container\">\n\t\t\t\t\t<div class=\"e-con-inner\">\n\t\t\t\t<div class=\"elementor-element elementor-element-d2cc8fa elementor-widget elementor-widget-text-editor\" data-id=\"d2cc8fa\" data-element_type=\"widget\" data-e-type=\"widget\" data-widget_type=\"text-editor.default\">\n\t\t\t\t<div class=\"elementor-widget-container\">\n\t\t\t\t\t\t\t\t\t<h2>Caracter\u00edsticas del Fumot Leopard 40000 Blueberry on Ice:<\/h2><p>Bocanadas y bater\u00eda: Equipada con una bater\u00eda recargable de 700 mAh que se recarga mediante USB-C para hasta 40 000 bocanadas.<\/p><p>Sistema de resistencia de doble malla: Equipada con una resistencia de doble malla que se calienta continuamente y produce un vapor rico y cremoso durante toda su vida \u00fatil.<\/p><p>LED y pantalla digital: Equipado con un conjunto de luces RGB y una pantalla digital de doble tubo: un lado muestra el nivel de e-l\u00edquido restante, el otro el nivel de la bater\u00eda.<\/p><p>Niveles de nicotina y sabores: Disponible en niveles de nicotina 0 %, 2 %, 3 % o 5 %.<\/p><p>Dise\u00f1o: Carcasa transparente con llamativo estampado de leopardo, luces interiores de colores que giran con cada calada.<\/p><h2>Ventajas del Fumot Leopard 40000 Blueberry on Ice:<\/h2><p>Recargable, por lo que no hay necesidad de tirarla antes de tiempo.<\/p><p>Elegantes gr\u00e1ficos LED + dise\u00f1o claro y atractivo.<\/p><p>F\u00e1cil control del e-l\u00edquido restante y del nivel de bater\u00eda.<\/p>\t\t\t\t\t\t\t\t<\/div>\n\t\t\t\t<\/div>\n\t\t\t\t\t<\/div>\n\t\t\t\t<\/div>\n\t\t\t\t<\/div>","protected":false},"excerpt":{"rendered":"<p>Fumot Leopard 40000 Blueberry on Ice est un ar\u00f4me de cigarette \u00e9lectronique \u00e0 base de myrtille authentique, offrant une sensation de fra\u00eecheur et de fra\u00eecheur, tr\u00e8s appr\u00e9ci\u00e9 et largement accept\u00e9. Ses caract\u00e9ristiques sont\u00a0: un ar\u00f4me fruit\u00e9 riche, une douceur mod\u00e9r\u00e9e, une sensation de fra\u00eecheur glac\u00e9e et des nuances distinctes. C&rsquo;est un ar\u00f4me classique adapt\u00e9 \u00e0 [&hellip;]<\/p>\n","protected":false},"featured_media":5084,"comment_status":"open","ping_status":"closed","template":"","meta":{"site-sidebar-layout":"no-sidebar","site-content-layout":"page-builder","ast-site-content-layout":"normal-width-container","site-content-style":"default","site-sidebar-style":"default","ast-global-header-display":"","ast-banner-title-visibility":"","ast-main-header-display":"","ast-hfb-above-header-display":"","ast-hfb-below-header-display":"","ast-hfb-mobile-header-display":"","site-post-title":"disabled","ast-breadcrumbs-content":"","ast-featured-img":"disabled","footer-sml-layout":"","ast-disable-related-posts":"","theme-transparent-header-meta":"default","adv-header-id-meta":"","stick-header-meta":"default","header-above-stick-meta":"","header-main-stick-meta":"","header-below-stick-meta":"","astra-migrate-meta-layouts":"set","ast-page-background-enabled":"default","ast-page-background-meta":{"desktop":{"background-color":"","background-image":"","background-repeat":"repeat","background-position":"center center","background-size":"auto","background-attachment":"scroll","background-type":"","background-media":"","overlay-type":"","overlay-color":"","overlay-opacity":"","overlay-gradient":""},"tablet":{"background-color":"","background-image":"","background-repeat":"repeat","background-position":"center center","background-size":"auto","background-attachment":"scroll","background-type":"","background-media":"","overlay-type":"","overlay-color":"","overlay-opacity":"","overlay-gradient":""},"mobile":{"background-color":"","background-image":"","background-repeat":"repeat","background-position":"center center","background-size":"auto","background-attachment":"scroll","background-type":"","background-media":"","overlay-type":"","overlay-color":"","overlay-opacity":"","overlay-gradient":""}},"ast-content-background-meta":{"desktop":{"background-color":"var(--ast-global-color-5)","background-image":"","background-repeat":"repeat","background-position":"center center","background-size":"auto","background-attachment":"scroll","background-type":"","background-media":"","overlay-type":"","overlay-color":"","overlay-opacity":"","overlay-gradient":""},"tablet":{"background-color":"var(--ast-global-color-5)","background-image":"","background-repeat":"repeat","background-position":"center center","background-size":"auto","background-attachment":"scroll","background-type":"","background-media":"","overlay-type":"","overlay-color":"","overlay-opacity":"","overlay-gradient":""},"mobile":{"background-color":"var(--ast-global-color-5)","background-image":"","background-repeat":"repeat","background-position":"center center","background-size":"auto","background-attachment":"scroll","background-type":"","background-media":"","overlay-type":"","overlay-color":"","overlay-opacity":"","overlay-gradient":""}}},"product_brand":[42],"product_cat":[50,88,77,15],"product_tag":[],"class_list":{"0":"post-5282","1":"product","2":"type-product","3":"status-publish","4":"has-post-thumbnail","6":"product_brand-randm-tornado","7":"product_cat-randm-tornado-40000-avec-ecran-led-hd","8":"product_cat-puff-40k","9":"product_cat-entrepot-de-lue","10":"product_cat-magasin-cigarette-electronique","11":"desktop-align-center","12":"tablet-align-center","13":"mobile-align-center","14":"ast-product-gallery-layout-horizontal","15":"ast-product-gallery-with-no-image","16":"ast-product-single-variable","17":"ast-product-tabs-layout-horizontal","18":"ast-qv-on-image","20":"first","21":"instock","22":"sale","23":"shipping-taxable","24":"purchasable","25":"product-type-variable","26":"has-default-attributes"},"tiered_pricing_type":"fixed","tiered_pricing_fixed_rules":{"30":10.42,"60":9.26,"100":8.05,"200":7.8,"500":7.67,"1000":7.38},"tiered_pricing_product_settings":{"layout":"default","base_unit_name":{"singular":null,"plural":null},"default_variation":null},"tiered_pricing_minimum_quantity":null,"tiered_pricing_roles_data":[],"tiered_pricing_percentage_rules":[],"_links":{"self":[{"href":"https:\/\/puffvapestore.com\/es\/wp-json\/wp\/v2\/product\/5282","targetHints":{"allow":["GET"]}}],"collection":[{"href":"https:\/\/puffvapestore.com\/es\/wp-json\/wp\/v2\/product"}],"about":[{"href":"https:\/\/puffvapestore.com\/es\/wp-json\/wp\/v2\/types\/product"}],"replies":[{"embeddable":true,"href":"https:\/\/puffvapestore.com\/es\/wp-json\/wp\/v2\/comments?post=5282"}],"version-history":[{"count":7,"href":"https:\/\/puffvapestore.com\/es\/wp-json\/wp\/v2\/product\/5282\/revisions"}],"predecessor-version":[{"id":10755,"href":"https:\/\/puffvapestore.com\/es\/wp-json\/wp\/v2\/product\/5282\/revisions\/10755"}],"wp:featuredmedia":[{"embeddable":true,"href":"https:\/\/puffvapestore.com\/es\/wp-json\/wp\/v2\/media\/5084"}],"wp:attachment":[{"href":"https:\/\/puffvapestore.com\/es\/wp-json\/wp\/v2\/media?parent=5282"}],"wp:term":[{"taxonomy":"product_brand","embeddable":true,"href":"https:\/\/puffvapestore.com\/es\/wp-json\/wp\/v2\/product_brand?post=5282"},{"taxonomy":"product_cat","embeddable":true,"href":"https:\/\/puffvapestore.com\/es\/wp-json\/wp\/v2\/product_cat?post=5282"},{"taxonomy":"product_tag","embeddable":true,"href":"https:\/\/puffvapestore.com\/es\/wp-json\/wp\/v2\/product_tag?post=5282"}],"curies":[{"name":"wp","href":"https:\/\/api.w.org\/{rel}","templated":true}]}}