{"id":5271,"date":"2025-07-17T06:37:40","date_gmt":"2025-07-17T06:37:40","guid":{"rendered":"https:\/\/puffvapestore.com\/?post_type=product&#038;p=5271"},"modified":"2026-04-21T07:09:14","modified_gmt":"2026-04-21T07:09:14","slug":"watermelon-bubblegum-fumot-leopard-40000-offre-la-fraicheur","status":"publish","type":"product","link":"https:\/\/puffvapestore.com\/es\/product\/sandia-chicle-fumot-leopard-40000-ofrece-frescura\/","title":{"rendered":"Sand\u00eda Chicle - Fumot Leopard 40000"},"content":{"rendered":"<div data-elementor-type=\"wp-post\" data-elementor-id=\"5271\" class=\"elementor elementor-5271\">\n\t\t\t\t<div class=\"elementor-element elementor-element-08c26f9 e-flex e-con-boxed e-con e-parent\" data-id=\"08c26f9\" data-element_type=\"container\" data-e-type=\"container\">\n\t\t\t\t\t<div class=\"e-con-inner\">\n\t\t\t\t<div class=\"elementor-element elementor-element-a005a97 elementor-widget elementor-widget-text-editor\" data-id=\"a005a97\" data-element_type=\"widget\" data-e-type=\"widget\" data-widget_type=\"text-editor.default\">\n\t\t\t\t<div class=\"elementor-widget-container\">\n\t\t\t\t\t\t\t\t\t<p>Este sabor Watermelon Bubblegum combina la frescura de una jugosa sand\u00eda con el dulce aroma del chicle. Nada m\u00e1s inhalar, el humo revela la frescura natural de un huerto de verano, seguida de la dulce fragancia del chicle rosa, s\u00edmbolo de la infancia. Con cada inhalaci\u00f3n, se sentir\u00e1 como en un jard\u00edn al aire libre en el sur de Francia. El sol brilla y, en una tarde relajante, un cigarrillo electr\u00f3nico Fumot Leopard 40000 sabor Sand\u00eda Chicle en la mano le permite exhalar una bocanada de vapor. El ambiente parece te\u00f1ido por una suave brisa, particularmente natural y elegante en este marco.<\/p><h2>Sand\u00eda dulce y jugosa<\/h2><p>Sabor principal: La sand\u00eda est\u00e1 en el coraz\u00f3n de este sabor, revelando las caracter\u00edsticas frescas, dulces y jugosas de una sand\u00eda madura.<\/p><p>Details : La sand\u00eda tiene un aroma afrutado fresco con una textura ligeramente pulposa, como si estuvieras sorbiendo zumo de sand\u00eda. Este dulzor se percibe inmediatamente al inhalar, ofreciendo un frescor veraniego a las papilas gustativas.<\/p><h2>La dulzura y la nostalgia de Bubblegum<\/h2><p>Sabor secundario: El chicle a\u00f1ade un toque dulce y ligeramente cremoso a este sabor, evocando recuerdos nost\u00e1lgicos de los chicles de tu infancia. Ligeramente m\u00e1s dulce que la sand\u00eda, tiene un suave aroma a caramelo, similar a los chicles cl\u00e1sicos Bubblicious o Hubba Bubba.<\/p><p>Details: El sabor a chicle es m\u00e1s pronunciado al exhalar, ofreciendo un final suave y dulce.<\/p>\t\t\t\t\t\t\t\t<\/div>\n\t\t\t\t<\/div>\n\t\t\t\t\t<\/div>\n\t\t\t\t<\/div>\n\t\t<div class=\"elementor-element elementor-element-718b380 e-flex e-con-boxed e-con e-parent\" data-id=\"718b380\" data-element_type=\"container\" data-e-type=\"container\">\n\t\t\t\t\t<div class=\"e-con-inner\">\n\t\t\t\t<div class=\"elementor-element elementor-element-d2cc8fa elementor-widget elementor-widget-text-editor\" data-id=\"d2cc8fa\" data-element_type=\"widget\" data-e-type=\"widget\" data-widget_type=\"text-editor.default\">\n\t\t\t\t<div class=\"elementor-widget-container\">\n\t\t\t\t\t\t\t\t\t<h2>Caracter\u00edsticas del Fumot Leopard 40000 Watermelon Bubblegum:<\/h2><p>Bocanadas y bater\u00eda: Equipada con una bater\u00eda recargable de 700 mAh que se recarga mediante USB-C para hasta 40 000 bocanadas.<\/p><p>Sistema de resistencia de doble malla: Equipada con una resistencia de doble malla que se calienta continuamente y produce un vapor rico y cremoso durante toda su vida \u00fatil.<\/p><p>LED y pantalla digital: Equipado con un conjunto de luces RGB y una pantalla digital de doble tubo: un lado muestra el nivel de e-l\u00edquido restante, el otro el nivel de la bater\u00eda.<\/p><p>Niveles de nicotina y sabores: Disponible en niveles de nicotina 0 %, 2 %, 3 % o 5 %.<\/p><p>Dise\u00f1o: Carcasa transparente con llamativo estampado de leopardo, luces interiores de colores que giran con cada calada.<\/p><h2>Ventajas del Fumot Leopard 40000 Watermelon Bubblegum:<\/h2><p>Recargable, por lo que no hay necesidad de tirarla antes de tiempo.<\/p><p>Elegantes gr\u00e1ficos LED + dise\u00f1o claro y atractivo.<\/p><p>F\u00e1cil control del e-l\u00edquido restante y del nivel de bater\u00eda.<\/p>\t\t\t\t\t\t\t\t<\/div>\n\t\t\t\t<\/div>\n\t\t\t\t\t<\/div>\n\t\t\t\t<\/div>\n\t\t\t\t<\/div>","protected":false},"excerpt":{"rendered":"<p>Ce go\u00fbt Past\u00e8que Bubblegum allie avec raffinement la fra\u00eecheur d&rsquo;une past\u00e8que juteuse \u00e0 l&rsquo;ar\u00f4me sucr\u00e9 du bubblegum. D\u00e8s l&rsquo;inhalation, la fum\u00e9e r\u00e9v\u00e8le la fra\u00eecheur naturelle d&rsquo;un verger estival, suivie du doux parfum d&rsquo;un bubblegum rose, symbole de l&rsquo;enfance. \u00c0 chaque inhalation, vous vous sentirez comme dans un jardin en plein air du sud de la [&hellip;]<\/p>\n","protected":false},"featured_media":5096,"comment_status":"open","ping_status":"closed","template":"","meta":{"site-sidebar-layout":"no-sidebar","site-content-layout":"page-builder","ast-site-content-layout":"normal-width-container","site-content-style":"default","site-sidebar-style":"default","ast-global-header-display":"","ast-banner-title-visibility":"","ast-main-header-display":"","ast-hfb-above-header-display":"","ast-hfb-below-header-display":"","ast-hfb-mobile-header-display":"","site-post-title":"disabled","ast-breadcrumbs-content":"","ast-featured-img":"disabled","footer-sml-layout":"","ast-disable-related-posts":"","theme-transparent-header-meta":"default","adv-header-id-meta":"","stick-header-meta":"default","header-above-stick-meta":"","header-main-stick-meta":"","header-below-stick-meta":"","astra-migrate-meta-layouts":"set","ast-page-background-enabled":"default","ast-page-background-meta":{"desktop":{"background-color":"","background-image":"","background-repeat":"repeat","background-position":"center center","background-size":"auto","background-attachment":"scroll","background-type":"","background-media":"","overlay-type":"","overlay-color":"","overlay-opacity":"","overlay-gradient":""},"tablet":{"background-color":"","background-image":"","background-repeat":"repeat","background-position":"center center","background-size":"auto","background-attachment":"scroll","background-type":"","background-media":"","overlay-type":"","overlay-color":"","overlay-opacity":"","overlay-gradient":""},"mobile":{"background-color":"","background-image":"","background-repeat":"repeat","background-position":"center center","background-size":"auto","background-attachment":"scroll","background-type":"","background-media":"","overlay-type":"","overlay-color":"","overlay-opacity":"","overlay-gradient":""}},"ast-content-background-meta":{"desktop":{"background-color":"var(--ast-global-color-5)","background-image":"","background-repeat":"repeat","background-position":"center center","background-size":"auto","background-attachment":"scroll","background-type":"","background-media":"","overlay-type":"","overlay-color":"","overlay-opacity":"","overlay-gradient":""},"tablet":{"background-color":"var(--ast-global-color-5)","background-image":"","background-repeat":"repeat","background-position":"center center","background-size":"auto","background-attachment":"scroll","background-type":"","background-media":"","overlay-type":"","overlay-color":"","overlay-opacity":"","overlay-gradient":""},"mobile":{"background-color":"var(--ast-global-color-5)","background-image":"","background-repeat":"repeat","background-position":"center center","background-size":"auto","background-attachment":"scroll","background-type":"","background-media":"","overlay-type":"","overlay-color":"","overlay-opacity":"","overlay-gradient":""}}},"product_brand":[42],"product_cat":[50,88,77,15],"product_tag":[],"class_list":{"0":"post-5271","1":"product","2":"type-product","3":"status-publish","4":"has-post-thumbnail","6":"product_brand-randm-tornado","7":"product_cat-randm-tornado-40000-avec-ecran-led-hd","8":"product_cat-puff-40k","9":"product_cat-entrepot-de-lue","10":"product_cat-magasin-cigarette-electronique","11":"desktop-align-center","12":"tablet-align-center","13":"mobile-align-center","14":"ast-product-gallery-layout-horizontal","15":"ast-product-gallery-with-no-image","16":"ast-product-single-variable","17":"ast-product-tabs-layout-horizontal","18":"ast-qv-on-image","20":"first","21":"instock","22":"sale","23":"shipping-taxable","24":"purchasable","25":"product-type-variable","26":"has-default-attributes"},"tiered_pricing_type":"fixed","tiered_pricing_fixed_rules":{"30":10.42,"60":9.26,"100":8.05,"200":7.8,"500":7.67,"1000":7.38},"tiered_pricing_product_settings":{"layout":"default","base_unit_name":{"singular":null,"plural":null},"default_variation":null},"tiered_pricing_minimum_quantity":null,"tiered_pricing_roles_data":[],"tiered_pricing_percentage_rules":[],"_links":{"self":[{"href":"https:\/\/puffvapestore.com\/es\/wp-json\/wp\/v2\/product\/5271","targetHints":{"allow":["GET"]}}],"collection":[{"href":"https:\/\/puffvapestore.com\/es\/wp-json\/wp\/v2\/product"}],"about":[{"href":"https:\/\/puffvapestore.com\/es\/wp-json\/wp\/v2\/types\/product"}],"replies":[{"embeddable":true,"href":"https:\/\/puffvapestore.com\/es\/wp-json\/wp\/v2\/comments?post=5271"}],"version-history":[{"count":7,"href":"https:\/\/puffvapestore.com\/es\/wp-json\/wp\/v2\/product\/5271\/revisions"}],"predecessor-version":[{"id":10756,"href":"https:\/\/puffvapestore.com\/es\/wp-json\/wp\/v2\/product\/5271\/revisions\/10756"}],"wp:featuredmedia":[{"embeddable":true,"href":"https:\/\/puffvapestore.com\/es\/wp-json\/wp\/v2\/media\/5096"}],"wp:attachment":[{"href":"https:\/\/puffvapestore.com\/es\/wp-json\/wp\/v2\/media?parent=5271"}],"wp:term":[{"taxonomy":"product_brand","embeddable":true,"href":"https:\/\/puffvapestore.com\/es\/wp-json\/wp\/v2\/product_brand?post=5271"},{"taxonomy":"product_cat","embeddable":true,"href":"https:\/\/puffvapestore.com\/es\/wp-json\/wp\/v2\/product_cat?post=5271"},{"taxonomy":"product_tag","embeddable":true,"href":"https:\/\/puffvapestore.com\/es\/wp-json\/wp\/v2\/product_tag?post=5271"}],"curies":[{"name":"wp","href":"https:\/\/api.w.org\/{rel}","templated":true}]}}