{"id":5241,"date":"2025-07-16T12:11:27","date_gmt":"2025-07-16T12:11:27","guid":{"rendered":"https:\/\/puffvapestore.com\/?post_type=product&#038;p=5241"},"modified":"2026-04-21T07:10:03","modified_gmt":"2026-04-21T07:10:03","slug":"mixed-berries-fumot-randm-tornado-40000","status":"publish","type":"product","link":"https:\/\/puffvapestore.com\/es\/product\/bayas-mixtas-fumot-randm-tornado-40000\/","title":{"rendered":"Mezcla de bayas - Fumot Leopard 40000"},"content":{"rendered":"<div data-elementor-type=\"wp-post\" data-elementor-id=\"5241\" class=\"elementor elementor-5241\">\n\t\t\t\t<div class=\"elementor-element elementor-element-08c26f9 e-flex e-con-boxed e-con e-parent\" data-id=\"08c26f9\" data-element_type=\"container\" data-e-type=\"container\">\n\t\t\t\t\t<div class=\"e-con-inner\">\n\t\t\t\t<div class=\"elementor-element elementor-element-a005a97 elementor-widget elementor-widget-text-editor\" data-id=\"a005a97\" data-element_type=\"widget\" data-e-type=\"widget\" data-widget_type=\"text-editor.default\">\n\t\t\t\t<div class=\"elementor-widget-container\">\n\t\t\t\t\t\t\t\t\t<p>Este cigarrillo electr\u00f3nico sabor Fruits des Bois ofrece un embriagador fest\u00edn de frutas del bosque: la dulzura de los ar\u00e1ndanos, la acidez de las moras y el aroma afrutado de las frambuesas florecen en la punta de la lengua, como una cesta de frutas silvestres reci\u00e9n recogidas del bosque a principios del verano en Francia. El aroma afrutado perdura y fascina. No s\u00f3lo es un placer para el paladar, tambi\u00e9n es un gran aliviador del estr\u00e9s.<\/p><h2>Nota de cabeza (en boca) :<\/h2><p>La primera sensaci\u00f3n es la dulzura de las fresas, con el dulzor de la fruta madura, seguida de una ligera acidez y un ligero aroma floral a frambuesas, que realzan el frescor general.<\/p><h2>a la inhalaci\u00f3n continua:<\/h2><p>A continuaci\u00f3n, el aroma redondo y afrutado del ar\u00e1ndano pasa a primer plano, a\u00f1adiendo un sabor pleno y ligeramente afrutado. El sabor oscuro y afrutado de la mora refuerza el espesor global, transformando el conjunto en un suave dulzor. El sabor afrutado es entonces m\u00e1s intenso, sin ser demasiado pronunciado, preservando un buen equilibrio.<\/p><h2>Notas de antecedentes (a la expiraci\u00f3n) :<\/h2><p>Al exhalar, se percibe una suave acidez y un ligero frescor dejado por la mezcla de bayas. El retrogusto es largo y da la impresi\u00f3n de estar mordiendo un plato de fruta fresca.<\/p>\t\t\t\t\t\t\t\t<\/div>\n\t\t\t\t<\/div>\n\t\t\t\t\t<\/div>\n\t\t\t\t<\/div>\n\t\t<div class=\"elementor-element elementor-element-718b380 e-flex e-con-boxed e-con e-parent\" data-id=\"718b380\" data-element_type=\"container\" data-e-type=\"container\">\n\t\t\t\t\t<div class=\"e-con-inner\">\n\t\t\t\t<div class=\"elementor-element elementor-element-d2cc8fa elementor-widget elementor-widget-text-editor\" data-id=\"d2cc8fa\" data-element_type=\"widget\" data-e-type=\"widget\" data-widget_type=\"text-editor.default\">\n\t\t\t\t<div class=\"elementor-widget-container\">\n\t\t\t\t\t\t\t\t\t<h2>Bater\u00eda recargable de alto rendimiento<\/h2><p>El Fumot Leopard (RandM Tornado) 40000 Mixed Berries est\u00e1 equipado con una bater\u00eda de litio integrada de 700 mAh, compatible con la carga r\u00e1pida USB-C, y se recarga completamente en unos 30 a 45 minutos.<\/p><p>Aunque se trata de un cigarrillo electr\u00f3nico desechable, la bater\u00eda puede recargarse varias veces para garantizar un uso \u00f3ptimo de cada gota de e-l\u00edquido.<\/p><h2>Numerosas caladas: hasta 40.000 caladas<\/h2><p>La Fumot Leopard (RandM Tornado) 40000 ofrece una capacidad excepcional de 40.000 inhalaciones, mucho m\u00e1s que las desechables tradicionales (generalmente entre 1.000 y 3.000 inhalaciones).<\/p><p>La duraci\u00f3n te\u00f3rica de uso puede ser de varias semanas o incluso de varios meses (calculada a 500 caladas diarias, es decir, unos 80 d\u00edas de uso).<\/p><p>Especialmente adecuado para usuarios que no quieren cambiar de m\u00f3vil con frecuencia.<\/p><h2>Doble resistencia de malla<\/h2><p>La Fumot Leopard (RandM Tornado) 40000 adopta una avanzada estructura de calentamiento de doble malla para un calentamiento r\u00e1pido y una atomizaci\u00f3n uniforme.<\/p><p>Proporciona un sabor intenso y vapor de alta densidad durante todo el ciclo de uso, sin atenuaci\u00f3n perceptible.<\/p><p>Mejora la experiencia de fumar, especialmente para los usuarios que buscan un potente golpe de garganta o un sabor suave.<\/p><h2>Pantalla LED digital inteligente<\/h2><p>El Fumot Leopard 40000 Mixed Berries lleva incorporada una pantalla LED de alta definici\u00f3n que muestra :<\/p><p>Porcentaje de carga de la bater\u00eda<\/p><p>E-l\u00edquido restante<\/p><p>Informar a los usuarios del estado del dispositivo de un vistazo, evitando fallos repentinos de la bater\u00eda o problemas de \u00abfumar en seco sin e-l\u00edquido\u00bb.<\/p><h2>Iluminaci\u00f3n ambiental RGB de colores<\/h2><p>Equipada con modernos efectos de iluminaci\u00f3n RGB, gira y cambia de color mientras fumas, a\u00f1adiendo un toque de tecnolog\u00eda y placer visual.<\/p><p>Especialmente atractivo y reconocible por la noche o al atardecer.<\/p><h2>Varias concentraciones de nicotina disponibles<\/h2><p>Varias concentraciones de nicotina disponibles:<\/p><p>0 % (sin nicotina, sabor puro)<\/p><p>2 %, 3 %, 5 % (responden a las diferentes necesidades de los fumadores ligeros a intensos)<\/p><h2>\u00bfPara qui\u00e9n est\u00e1 dise\u00f1ado el Fumot Leopard 40000 (RandM Tornado 40K) Mixed Berries?<\/h2><p>Fumadores empedernidos que buscan productos desechables duraderos<\/p><p>Aficionados a los cigarrillos electr\u00f3nicos sofisticados y atractivos<\/p><p>Los que buscan un dispositivo recargable f\u00e1cil de mantener<\/p><h2>\u00bfQu\u00e9 tiene de bueno Fumot Leopard 40000 (RandM Tornado 40K) Mixed Berries?<\/h2><p>Vida \u00fatil: 40.000 inhalaciones, lo que equivale a unas 9 a 12 semanas, es decir, unas 500 inhalaciones al d\u00eda.<\/p><p>Informaci\u00f3n visual: la pantalla y los indicadores luminosos proporcionan informaci\u00f3n en tiempo real y mejoran la est\u00e9tica<\/p><p>Rendimiento: las resistencias de doble malla garantizan un sabor y un vapor homog\u00e9neos<\/p>\t\t\t\t\t\t\t\t<\/div>\n\t\t\t\t<\/div>\n\t\t\t\t\t<\/div>\n\t\t\t\t<\/div>\n\t\t\t\t<\/div>","protected":false},"excerpt":{"rendered":"<p>Cette cigarette \u00e9lectronique saveur Fruits des bois offre un festin enivrant de fruits des bois\u00a0: la douceur des myrtilles, l&rsquo;acidit\u00e9 des m\u00fbres et l&rsquo;ar\u00f4me fruit\u00e9 des framboises s&rsquo;\u00e9panouissent sur le bout de la langue, tel un panier de fruits sauvages fra\u00eechement cueillis dans la for\u00eat au d\u00e9but de l&rsquo;\u00e9t\u00e9 en France. L&rsquo;ar\u00f4me fruit\u00e9 persiste et [&hellip;]<\/p>\n","protected":false},"featured_media":5089,"comment_status":"open","ping_status":"closed","template":"","meta":{"site-sidebar-layout":"no-sidebar","site-content-layout":"page-builder","ast-site-content-layout":"normal-width-container","site-content-style":"default","site-sidebar-style":"default","ast-global-header-display":"","ast-banner-title-visibility":"","ast-main-header-display":"","ast-hfb-above-header-display":"","ast-hfb-below-header-display":"","ast-hfb-mobile-header-display":"","site-post-title":"disabled","ast-breadcrumbs-content":"","ast-featured-img":"disabled","footer-sml-layout":"","ast-disable-related-posts":"","theme-transparent-header-meta":"default","adv-header-id-meta":"","stick-header-meta":"default","header-above-stick-meta":"","header-main-stick-meta":"","header-below-stick-meta":"","astra-migrate-meta-layouts":"set","ast-page-background-enabled":"default","ast-page-background-meta":{"desktop":{"background-color":"","background-image":"","background-repeat":"repeat","background-position":"center center","background-size":"auto","background-attachment":"scroll","background-type":"","background-media":"","overlay-type":"","overlay-color":"","overlay-opacity":"","overlay-gradient":""},"tablet":{"background-color":"","background-image":"","background-repeat":"repeat","background-position":"center center","background-size":"auto","background-attachment":"scroll","background-type":"","background-media":"","overlay-type":"","overlay-color":"","overlay-opacity":"","overlay-gradient":""},"mobile":{"background-color":"","background-image":"","background-repeat":"repeat","background-position":"center center","background-size":"auto","background-attachment":"scroll","background-type":"","background-media":"","overlay-type":"","overlay-color":"","overlay-opacity":"","overlay-gradient":""}},"ast-content-background-meta":{"desktop":{"background-color":"var(--ast-global-color-5)","background-image":"","background-repeat":"repeat","background-position":"center center","background-size":"auto","background-attachment":"scroll","background-type":"","background-media":"","overlay-type":"","overlay-color":"","overlay-opacity":"","overlay-gradient":""},"tablet":{"background-color":"var(--ast-global-color-5)","background-image":"","background-repeat":"repeat","background-position":"center center","background-size":"auto","background-attachment":"scroll","background-type":"","background-media":"","overlay-type":"","overlay-color":"","overlay-opacity":"","overlay-gradient":""},"mobile":{"background-color":"var(--ast-global-color-5)","background-image":"","background-repeat":"repeat","background-position":"center center","background-size":"auto","background-attachment":"scroll","background-type":"","background-media":"","overlay-type":"","overlay-color":"","overlay-opacity":"","overlay-gradient":""}}},"product_brand":[42],"product_cat":[50,88,77,15],"product_tag":[],"class_list":{"0":"post-5241","1":"product","2":"type-product","3":"status-publish","4":"has-post-thumbnail","6":"product_brand-randm-tornado","7":"product_cat-randm-tornado-40000-avec-ecran-led-hd","8":"product_cat-puff-40k","9":"product_cat-entrepot-de-lue","10":"product_cat-magasin-cigarette-electronique","11":"desktop-align-center","12":"tablet-align-center","13":"mobile-align-center","14":"ast-product-gallery-layout-horizontal","15":"ast-product-gallery-with-no-image","16":"ast-product-single-variable","17":"ast-product-tabs-layout-horizontal","18":"ast-qv-on-image","20":"first","21":"instock","22":"sale","23":"shipping-taxable","24":"purchasable","25":"product-type-variable","26":"has-default-attributes"},"tiered_pricing_type":"fixed","tiered_pricing_fixed_rules":{"30":10.42,"60":9.26,"100":8.05,"200":7.8,"500":7.67,"1000":7.38},"tiered_pricing_product_settings":{"layout":"default","base_unit_name":{"singular":null,"plural":null},"default_variation":null},"tiered_pricing_minimum_quantity":null,"tiered_pricing_roles_data":[],"tiered_pricing_percentage_rules":[],"_links":{"self":[{"href":"https:\/\/puffvapestore.com\/es\/wp-json\/wp\/v2\/product\/5241","targetHints":{"allow":["GET"]}}],"collection":[{"href":"https:\/\/puffvapestore.com\/es\/wp-json\/wp\/v2\/product"}],"about":[{"href":"https:\/\/puffvapestore.com\/es\/wp-json\/wp\/v2\/types\/product"}],"replies":[{"embeddable":true,"href":"https:\/\/puffvapestore.com\/es\/wp-json\/wp\/v2\/comments?post=5241"}],"version-history":[{"count":11,"href":"https:\/\/puffvapestore.com\/es\/wp-json\/wp\/v2\/product\/5241\/revisions"}],"predecessor-version":[{"id":10750,"href":"https:\/\/puffvapestore.com\/es\/wp-json\/wp\/v2\/product\/5241\/revisions\/10750"}],"wp:featuredmedia":[{"embeddable":true,"href":"https:\/\/puffvapestore.com\/es\/wp-json\/wp\/v2\/media\/5089"}],"wp:attachment":[{"href":"https:\/\/puffvapestore.com\/es\/wp-json\/wp\/v2\/media?parent=5241"}],"wp:term":[{"taxonomy":"product_brand","embeddable":true,"href":"https:\/\/puffvapestore.com\/es\/wp-json\/wp\/v2\/product_brand?post=5241"},{"taxonomy":"product_cat","embeddable":true,"href":"https:\/\/puffvapestore.com\/es\/wp-json\/wp\/v2\/product_cat?post=5241"},{"taxonomy":"product_tag","embeddable":true,"href":"https:\/\/puffvapestore.com\/es\/wp-json\/wp\/v2\/product_tag?post=5241"}],"curies":[{"name":"wp","href":"https:\/\/api.w.org\/{rel}","templated":true}]}}