{"id":5197,"date":"2025-07-15T09:29:08","date_gmt":"2025-07-15T09:29:08","guid":{"rendered":"https:\/\/puffvapestore.com\/?post_type=product&#038;p=5197"},"modified":"2026-04-21T07:10:20","modified_gmt":"2026-04-21T07:10:20","slug":"tornado-40000-black-dragon-ice-presente-un-gout-sucre-et-legerement-acidule","status":"publish","type":"product","link":"https:\/\/puffvapestore.com\/es\/product\/tornado-40000-hielo-de-dragon-negro-sabor-dulce-y-ligeramente-acido\/","title":{"rendered":"RandM Tornado 40000 - Drag\u00f3n Negro Hielo"},"content":{"rendered":"<div data-elementor-type=\"wp-post\" data-elementor-id=\"5197\" class=\"elementor elementor-5197\">\n\t\t\t\t<div class=\"elementor-element elementor-element-08c26f9 e-flex e-con-boxed e-con e-parent\" data-id=\"08c26f9\" data-element_type=\"container\" data-e-type=\"container\">\n\t\t\t\t\t<div class=\"e-con-inner\">\n\t\t\t\t<div class=\"elementor-element elementor-element-a005a97 elementor-widget elementor-widget-text-editor\" data-id=\"a005a97\" data-element_type=\"widget\" data-e-type=\"widget\" data-widget_type=\"text-editor.default\">\n\t\t\t\t<div class=\"elementor-widget-container\">\n\t\t\t\t\t\t\t\t\t<p>Black Dragon Ice es un sabor que combina el rico sabor agridulce de la grosella negra, el aroma salvaje y afrutado de la mora, la frescura ex\u00f3tica de la pitaya y el sabor vivo y \u00e1cido del lim\u00f3n, todo ello con una fuerte sensaci\u00f3n de frescor, para una experiencia de fumada rica y estimulante.<\/p><p>Grosella negra: Este rico y afrutado sabor a grosella negra tiene un gusto dulce y ligeramente \u00e1cido, similar al de la mermelada, y a\u00f1ade una nota profunda y ligeramente \u00e1cida. Este sabor proporciona una potente base al conjunto.<\/p><p>Moras silvestres: La adici\u00f3n de moras silvestres proporciona un sabor \u00e1cido y vivo, que contrasta con el profundo sabor de la grosella negra, aportando un toque afrutado m\u00e1s ligero y sutil, que realza la complejidad del sabor.<\/p><p>Fruta del drag\u00f3n: La fruta del drag\u00f3n infunde un sabor ex\u00f3tico, proporcionando un aroma afrutado ligeramente dulce con una nota herbal ligeramente refrescante. Este sabor equilibra la fuerza de la grosella negra y la mora, dando al conjunto una redondez m\u00e1s pronunciada.<\/p><p>Lim\u00f3n: La acidez del lim\u00f3n a\u00f1ade una nota c\u00edtrica viva, que aporta un toque refrescante de acidez, contrasta con los dem\u00e1s sabores afrutados y acent\u00faa la estratificaci\u00f3n de sabores.<\/p><p>Hielo: La firma de Black Dragon Ice es su potente efecto refrescante, que proporciona una sensaci\u00f3n de menta fresca o hielo al exhalar, dejando un refrescante cosquilleo en la punta de la lengua. Esta sensaci\u00f3n refrescante no s\u00f3lo refuerza el frescor, sino que tambi\u00e9n acent\u00faa el sabor afrutado, ofreciendo una sensaci\u00f3n de frescor veraniego.<\/p><h2>Aromas de hielo de drag\u00f3n negro :<\/h2><p>Inhalaci\u00f3n: Al inhalar, el humo desprende un aroma dulce y afrutado de grosella negra y mora, ligeramente \u00e1cido con pronunciadas notas de bayas.<\/p><p>Parte media: La dulzura de la pitaya se revela gradualmente, aportando la frescura de las frutas ex\u00f3ticas, mezcl\u00e1ndose con la acidez del lim\u00f3n, acentuando la complejidad del sabor y rompiendo la monoton\u00eda de un sabor \u00fanicamente dulce.<\/p><p>Retrogusto: Al exhalar, el frescor invade r\u00e1pidamente la boca, ofreciendo un final refrescante y conservando un retrogusto afrutado. La intensidad de la sensaci\u00f3n de hielo es perfecta, no enmascara el sabor afrutado y acent\u00faa la experiencia refrescante general.<\/p>\t\t\t\t\t\t\t\t<\/div>\n\t\t\t\t<\/div>\n\t\t\t\t\t<\/div>\n\t\t\t\t<\/div>\n\t\t<div class=\"elementor-element elementor-element-718b380 e-flex e-con-boxed e-con e-parent\" data-id=\"718b380\" data-element_type=\"container\" data-e-type=\"container\">\n\t\t\t\t\t<div class=\"e-con-inner\">\n\t\t\t\t<div class=\"elementor-element elementor-element-d2cc8fa elementor-widget elementor-widget-text-editor\" data-id=\"d2cc8fa\" data-element_type=\"widget\" data-e-type=\"widget\" data-widget_type=\"text-editor.default\">\n\t\t\t\t<div class=\"elementor-widget-container\">\n\t\t\t\t\t\t\t\t\t<h2>Bater\u00eda recargable de alto rendimiento<\/h2><p>El Fumot Leopard (RandM Tornado) 40000 est\u00e1 equipado con una bater\u00eda de litio integrada de 700 mAh, compatible con la carga r\u00e1pida USB-C, y se recarga completamente en unos 30 a 45 minutos.<\/p><p>Aunque se trata de un cigarrillo electr\u00f3nico desechable, la bater\u00eda puede recargarse varias veces para garantizar un uso \u00f3ptimo de cada gota de e-l\u00edquido.<\/p><h2>Numerosas caladas: hasta 40.000 caladas<\/h2><p>La Fumot Leopard (RandM Tornado) 40000 ofrece una capacidad excepcional de 40.000 inhalaciones, mucho m\u00e1s que las desechables tradicionales (generalmente entre 1.000 y 3.000 inhalaciones).<\/p><p>La duraci\u00f3n te\u00f3rica de uso puede ser de varias semanas o incluso de varios meses (calculada a 500 caladas diarias, es decir, unos 80 d\u00edas de uso).<\/p><p>Especialmente adecuado para usuarios que no quieren cambiar de m\u00f3vil con frecuencia.<\/p><h2>Doble resistencia de malla<\/h2><p>La Fumot Leopard (RandM Tornado) 40000 adopta una avanzada estructura de calentamiento de doble malla para un calentamiento r\u00e1pido y una atomizaci\u00f3n uniforme.<\/p><p>Proporciona un sabor intenso y vapor de alta densidad durante todo el ciclo de uso, sin atenuaci\u00f3n perceptible.<\/p><p>Mejora la experiencia de fumar, especialmente para los usuarios que buscan un potente golpe de garganta o un sabor suave.<\/p><h2>Pantalla LED digital inteligente<\/h2><p>El Fumot Leopard 40000 lleva integrada una pantalla LED de alta definici\u00f3n que muestra :<\/p><p>Porcentaje de carga de la bater\u00eda<\/p><p>E-l\u00edquido restante<\/p><p>Informar a los usuarios del estado del dispositivo de un vistazo, evitando fallos repentinos de la bater\u00eda o problemas de \u00abfumar en seco sin e-l\u00edquido\u00bb.<\/p><h2>Iluminaci\u00f3n ambiental RGB de colores<\/h2><p>Equipada con modernos efectos de iluminaci\u00f3n RGB, gira y cambia de color mientras fumas, a\u00f1adiendo un toque de tecnolog\u00eda y placer visual.<\/p><p>Especialmente atractivo y reconocible por la noche o al atardecer.<\/p><h2>Varias concentraciones de nicotina disponibles<\/h2><p>Varias concentraciones de nicotina disponibles:<\/p><p>0 % (sin nicotina, sabor puro)<\/p><p>2 %, 3 %, 5 % (responden a las diferentes necesidades de los fumadores ligeros a intensos)<\/p><h2>\u00bfA qui\u00e9n va dirigido el Fumot Leopard 40000 (RandM Tornado 40K)?<\/h2><p>Fumadores empedernidos que buscan productos desechables duraderos<\/p><p>Aficionados a los cigarrillos electr\u00f3nicos sofisticados y atractivos<\/p><p>Los que buscan un dispositivo recargable f\u00e1cil de mantener<\/p><h2>\u00bfQu\u00e9 me gusta del Fumot Leopard 40000 (RandM Tornado 40K)?<\/h2><p>Vida \u00fatil: 40.000 inhalaciones, lo que equivale a unas 9 a 12 semanas, es decir, unas 500 inhalaciones al d\u00eda.<\/p><p>Informaci\u00f3n visual: la pantalla y los indicadores luminosos proporcionan informaci\u00f3n en tiempo real y mejoran la est\u00e9tica<\/p><p>Rendimiento: las resistencias de doble malla garantizan un sabor y un vapor homog\u00e9neos<\/p>\t\t\t\t\t\t\t\t<\/div>\n\t\t\t\t<\/div>\n\t\t\t\t\t<\/div>\n\t\t\t\t<\/div>\n\t\t\t\t<\/div>","protected":false},"excerpt":{"rendered":"<p>Black Dragon Ice est une saveur qui allie la riche saveur sucr\u00e9e-acidul\u00e9 du cassis, l&rsquo;ar\u00f4me fruit\u00e9 et sauvage de la m\u00fbre, la fra\u00eecheur exotique de la pitaya et la saveur vive et acidul\u00e9e du citron, le tout avec une forte sensation de fra\u00eecheur, pour une exp\u00e9rience de fumage riche et exaltante. Cassis\u00a0: Ce go\u00fbt riche [&hellip;]<\/p>\n","protected":false},"featured_media":5082,"comment_status":"open","ping_status":"closed","template":"","meta":{"site-sidebar-layout":"no-sidebar","site-content-layout":"page-builder","ast-site-content-layout":"normal-width-container","site-content-style":"default","site-sidebar-style":"default","ast-global-header-display":"","ast-banner-title-visibility":"","ast-main-header-display":"","ast-hfb-above-header-display":"","ast-hfb-below-header-display":"","ast-hfb-mobile-header-display":"","site-post-title":"disabled","ast-breadcrumbs-content":"","ast-featured-img":"disabled","footer-sml-layout":"","ast-disable-related-posts":"","theme-transparent-header-meta":"default","adv-header-id-meta":"","stick-header-meta":"default","header-above-stick-meta":"","header-main-stick-meta":"","header-below-stick-meta":"","astra-migrate-meta-layouts":"set","ast-page-background-enabled":"default","ast-page-background-meta":{"desktop":{"background-color":"","background-image":"","background-repeat":"repeat","background-position":"center center","background-size":"auto","background-attachment":"scroll","background-type":"","background-media":"","overlay-type":"","overlay-color":"","overlay-opacity":"","overlay-gradient":""},"tablet":{"background-color":"","background-image":"","background-repeat":"repeat","background-position":"center center","background-size":"auto","background-attachment":"scroll","background-type":"","background-media":"","overlay-type":"","overlay-color":"","overlay-opacity":"","overlay-gradient":""},"mobile":{"background-color":"","background-image":"","background-repeat":"repeat","background-position":"center center","background-size":"auto","background-attachment":"scroll","background-type":"","background-media":"","overlay-type":"","overlay-color":"","overlay-opacity":"","overlay-gradient":""}},"ast-content-background-meta":{"desktop":{"background-color":"var(--ast-global-color-5)","background-image":"","background-repeat":"repeat","background-position":"center center","background-size":"auto","background-attachment":"scroll","background-type":"","background-media":"","overlay-type":"","overlay-color":"","overlay-opacity":"","overlay-gradient":""},"tablet":{"background-color":"var(--ast-global-color-5)","background-image":"","background-repeat":"repeat","background-position":"center center","background-size":"auto","background-attachment":"scroll","background-type":"","background-media":"","overlay-type":"","overlay-color":"","overlay-opacity":"","overlay-gradient":""},"mobile":{"background-color":"var(--ast-global-color-5)","background-image":"","background-repeat":"repeat","background-position":"center center","background-size":"auto","background-attachment":"scroll","background-type":"","background-media":"","overlay-type":"","overlay-color":"","overlay-opacity":"","overlay-gradient":""}}},"product_brand":[42],"product_cat":[50,88,77,15],"product_tag":[],"class_list":{"0":"post-5197","1":"product","2":"type-product","3":"status-publish","4":"has-post-thumbnail","6":"product_brand-randm-tornado","7":"product_cat-randm-tornado-40000-avec-ecran-led-hd","8":"product_cat-puff-40k","9":"product_cat-entrepot-de-lue","10":"product_cat-magasin-cigarette-electronique","11":"desktop-align-center","12":"tablet-align-center","13":"mobile-align-center","14":"ast-product-gallery-layout-horizontal","15":"ast-product-gallery-with-no-image","16":"ast-product-single-variable","17":"ast-product-tabs-layout-horizontal","18":"ast-qv-on-image","20":"first","21":"instock","22":"sale","23":"shipping-taxable","24":"purchasable","25":"product-type-variable","26":"has-default-attributes"},"tiered_pricing_type":"fixed","tiered_pricing_fixed_rules":{"30":10.42,"60":9.26,"100":8.05,"200":7.8,"500":7.67,"1000":7.38},"tiered_pricing_product_settings":{"layout":"default","base_unit_name":{"singular":null,"plural":null},"default_variation":null},"tiered_pricing_minimum_quantity":null,"tiered_pricing_roles_data":[],"tiered_pricing_percentage_rules":[],"_links":{"self":[{"href":"https:\/\/puffvapestore.com\/es\/wp-json\/wp\/v2\/product\/5197","targetHints":{"allow":["GET"]}}],"collection":[{"href":"https:\/\/puffvapestore.com\/es\/wp-json\/wp\/v2\/product"}],"about":[{"href":"https:\/\/puffvapestore.com\/es\/wp-json\/wp\/v2\/types\/product"}],"replies":[{"embeddable":true,"href":"https:\/\/puffvapestore.com\/es\/wp-json\/wp\/v2\/comments?post=5197"}],"version-history":[{"count":7,"href":"https:\/\/puffvapestore.com\/es\/wp-json\/wp\/v2\/product\/5197\/revisions"}],"predecessor-version":[{"id":10748,"href":"https:\/\/puffvapestore.com\/es\/wp-json\/wp\/v2\/product\/5197\/revisions\/10748"}],"wp:featuredmedia":[{"embeddable":true,"href":"https:\/\/puffvapestore.com\/es\/wp-json\/wp\/v2\/media\/5082"}],"wp:attachment":[{"href":"https:\/\/puffvapestore.com\/es\/wp-json\/wp\/v2\/media?parent=5197"}],"wp:term":[{"taxonomy":"product_brand","embeddable":true,"href":"https:\/\/puffvapestore.com\/es\/wp-json\/wp\/v2\/product_brand?post=5197"},{"taxonomy":"product_cat","embeddable":true,"href":"https:\/\/puffvapestore.com\/es\/wp-json\/wp\/v2\/product_cat?post=5197"},{"taxonomy":"product_tag","embeddable":true,"href":"https:\/\/puffvapestore.com\/es\/wp-json\/wp\/v2\/product_tag?post=5197"}],"curies":[{"name":"wp","href":"https:\/\/api.w.org\/{rel}","templated":true}]}}