{"id":5062,"date":"2025-07-15T05:46:14","date_gmt":"2025-07-15T05:46:14","guid":{"rendered":"https:\/\/puffvapestore.com\/?post_type=product&#038;p=5062"},"modified":"2026-01-19T10:31:54","modified_gmt":"2026-01-19T10:31:54","slug":"blueberry-bubblegum-randm-tornado-35000","status":"publish","type":"product","link":"https:\/\/puffvapestore.com\/es\/product\/arandano-chicle-randm-tornado-35000\/","title":{"rendered":"Fumot Tornado 35000 - Blueberry Bubblegum"},"content":{"rendered":"<div data-elementor-type=\"wp-post\" data-elementor-id=\"5062\" class=\"elementor elementor-5062\">\n\t\t\t\t<div class=\"elementor-element elementor-element-08c26f9 e-flex e-con-boxed e-con e-parent\" data-id=\"08c26f9\" data-element_type=\"container\" data-e-type=\"container\">\n\t\t\t\t\t<div class=\"e-con-inner\">\n\t\t\t\t<div class=\"elementor-element elementor-element-a005a97 elementor-widget elementor-widget-text-editor\" data-id=\"a005a97\" data-element_type=\"widget\" data-e-type=\"widget\" data-widget_type=\"text-editor.default\">\n\t\t\t\t<div class=\"elementor-widget-container\">\n\t\t\t\t\t\t\t\t\t<p>Recu\u00e9stese en su sill\u00f3n e inhale suavemente RandM Tornado 35000 Blueberry Bubblegum. El aroma afrutado del ar\u00e1ndano florece entre sus labios y dientes, seguido de cerca por la dulzura del chicle, como recuerdos de la infancia que emergen lentamente, delicadamente envueltos por el ritmo urbano actual.<\/p><p>La singularidad del sabor Blueberry Bubblegum reside en su estratificaci\u00f3n: primero el aroma fresco y afrutado del ar\u00e1ndano, seguido del dulzor del chicle, que es ligero y no graso al exhalar, preservando la frescura de los cigarrillos electr\u00f3nicos y proporcionando una experiencia gustativa relajante y agradable. Este sabor no s\u00f3lo es agradable de fumar, sino que tambi\u00e9n le ofrece un toque de puro confort en una vida agitada.<\/p><h2>Sabor principal: ar\u00e1ndano<\/h2><p>Intenso aroma afrutado: Nada m\u00e1s inhalar, experimentar\u00e1 el intenso aroma afrutado de los ar\u00e1ndanos maduros, similar al de los ar\u00e1ndanos frescos ligeramente triturados.<\/p><p>Dulzor y acidez equilibrados: a diferencia de los ar\u00e1ndanos silvestres, el sabor es m\u00e1s parecido al de los ar\u00e1ndanos artificiales, con una acidez suave y un dulzor m\u00e1s pronunciado.<\/p><p>Sensaci\u00f3n intensa de zumo: con una clara sensaci\u00f3n de estallido, como si el zumo de ar\u00e1ndano se extendiera por la punta de la lengua.<\/p><h2>Aroma secundario : chicle<\/h2><p>Superposici\u00f3n de dulzor: No se trata de un simple sabor a sacarosa o edulcorante, sino de un cl\u00e1sico sabor a chicle americano, con un dulzor similar al de la fresa, vainilla y nata. Hay un ligero toque de nata en el retrogusto, que a\u00f1ade redondez al conjunto.<\/p>\t\t\t\t\t\t\t\t<\/div>\n\t\t\t\t<\/div>\n\t\t\t\t\t<\/div>\n\t\t\t\t<\/div>\n\t\t<div class=\"elementor-element elementor-element-718b380 e-flex e-con-boxed e-con e-parent\" data-id=\"718b380\" data-element_type=\"container\" data-e-type=\"container\">\n\t\t\t\t\t<div class=\"e-con-inner\">\n\t\t\t\t<div class=\"elementor-element elementor-element-d2cc8fa elementor-widget elementor-widget-text-editor\" data-id=\"d2cc8fa\" data-element_type=\"widget\" data-e-type=\"widget\" data-widget_type=\"text-editor.default\">\n\t\t\t\t<div class=\"elementor-widget-container\">\n\t\t\t\t\t\t\t\t\t<h2>Excepcional sabor y producci\u00f3n de vapor :<\/h2><p>La tecnolog\u00eda de resistencia de doble malla del RandM Tornado 35000 Blueberry Bubblegum garantiza un calentamiento \u00f3ptimo del e-l\u00edquido, proporcionando un sabor m\u00e1s rico y una nube de vapor m\u00e1s grande, ideal para usuarios que buscan sabores intensos y efectos visuales intensos.<\/p><h2>Dise\u00f1o moderno y personalizado:<\/h2><p>Los efectos luminosos RGB pueden sincronizarse con la m\u00fasica, lo que aumenta el placer de uso, especialmente indicado para ocasiones sociales o usuarios j\u00f3venes. Los usuarios pueden optar por desactivar los efectos de iluminaci\u00f3n para un uso m\u00e1s discreto.<\/p><p>Inspirada en el moderno dise\u00f1o de la Digitalbox 12000, combina est\u00e9tica y portabilidad, con un c\u00f3modo agarre para el uso diario.<\/p><h2>F\u00e1cil de usar:<\/h2><p>El RandM Tornado 35000 Blueberry Bubblegum no requiere mantenimiento ni sustituci\u00f3n de resistencias o dep\u00f3sitos de e-liquid. Se puede utilizar directamente, por lo que es ideal para principiantes o usuarios menos exigentes.<\/p><p>La pantalla inteligente muestra de forma intuitiva el nivel de bater\u00eda y el e-l\u00edquido restante, para que no tengas que preocuparte por los cortes de energ\u00eda o por quedarte sin e-l\u00edquido.<\/p><p>La carga r\u00e1pida Type-C reduce el tiempo de espera, y la bater\u00eda de larga duraci\u00f3n garantiza un uso prolongado.<\/p><h2>RandM Tornado 35000 Blueberry Bubblegum caracter\u00edsticas<\/h2><p>N\u00famero de caladas: Hasta 35.000 caladas, una de las mayores capacidades del mercado, ideal para usuarios intensivos y largas duraciones.<\/p><p>Capacidad de la bater\u00eda: Equipada con una bater\u00eda recargable de 700 mAh. La carga r\u00e1pida mediante la interfaz Type-C garantiza un uso prolongado y una r\u00e1pida recuperaci\u00f3n.<\/p><p>Tecnolog\u00eda de resistencia: Adopta una resistencia de malla doble de 1,2 \u03a9 para un calentamiento m\u00e1s uniforme, un vapor m\u00e1s denso y un sabor m\u00e1s intenso.<\/p><p>Dosis de nicotina: Se puede elegir entre 0 %, 2 % o 5 % de nicotina para satisfacer las necesidades de cada usuario.<\/p><p>Funci\u00f3n de visualizaci\u00f3n: Equipado con una pantalla LED, muestra la carga de la bater\u00eda y el nivel de e-l\u00edquido restante en tiempo real, lo que permite a los usuarios controlar el estado del dispositivo.<\/p><p>Dise\u00f1o y portabilidad: compacto y ligero, es f\u00e1cil de transportar. Su dise\u00f1o se inspira en la Digitalbox 12000, con un aspecto moderno y elegante.<\/p>\t\t\t\t\t\t\t\t<\/div>\n\t\t\t\t<\/div>\n\t\t\t\t\t<\/div>\n\t\t\t\t<\/div>\n\t\t\t\t<\/div>","protected":false},"excerpt":{"rendered":"<p>Adoss\u00e9 au dossier de votre fauteuil, inspirez doucement la RandM Tornado 35000 Blueberry Bubblegum. L&rsquo;ar\u00f4me fruit\u00e9 de la myrtille s&rsquo;\u00e9panouit entre vos l\u00e8vres et vos dents, suivi de pr\u00e8s par la douceur du bubblegum, comme des souvenirs d&rsquo;enfance \u00e9mergeant lentement, d\u00e9licatement envelopp\u00e9s par le rythme urbain actuel. La singularit\u00e9 de la saveur Blueberry Bubblegum r\u00e9side [&hellip;]<\/p>\n","protected":false},"featured_media":4760,"comment_status":"open","ping_status":"closed","template":"","meta":{"site-sidebar-layout":"no-sidebar","site-content-layout":"page-builder","ast-site-content-layout":"normal-width-container","site-content-style":"default","site-sidebar-style":"default","ast-global-header-display":"","ast-banner-title-visibility":"","ast-main-header-display":"","ast-hfb-above-header-display":"","ast-hfb-below-header-display":"","ast-hfb-mobile-header-display":"","site-post-title":"disabled","ast-breadcrumbs-content":"","ast-featured-img":"disabled","footer-sml-layout":"","ast-disable-related-posts":"","theme-transparent-header-meta":"default","adv-header-id-meta":"","stick-header-meta":"default","header-above-stick-meta":"","header-main-stick-meta":"","header-below-stick-meta":"","astra-migrate-meta-layouts":"set","ast-page-background-enabled":"default","ast-page-background-meta":{"desktop":{"background-color":"","background-image":"","background-repeat":"repeat","background-position":"center center","background-size":"auto","background-attachment":"scroll","background-type":"","background-media":"","overlay-type":"","overlay-color":"","overlay-opacity":"","overlay-gradient":""},"tablet":{"background-color":"","background-image":"","background-repeat":"repeat","background-position":"center center","background-size":"auto","background-attachment":"scroll","background-type":"","background-media":"","overlay-type":"","overlay-color":"","overlay-opacity":"","overlay-gradient":""},"mobile":{"background-color":"","background-image":"","background-repeat":"repeat","background-position":"center center","background-size":"auto","background-attachment":"scroll","background-type":"","background-media":"","overlay-type":"","overlay-color":"","overlay-opacity":"","overlay-gradient":""}},"ast-content-background-meta":{"desktop":{"background-color":"var(--ast-global-color-5)","background-image":"","background-repeat":"repeat","background-position":"center center","background-size":"auto","background-attachment":"scroll","background-type":"","background-media":"","overlay-type":"","overlay-color":"","overlay-opacity":"","overlay-gradient":""},"tablet":{"background-color":"var(--ast-global-color-5)","background-image":"","background-repeat":"repeat","background-position":"center center","background-size":"auto","background-attachment":"scroll","background-type":"","background-media":"","overlay-type":"","overlay-color":"","overlay-opacity":"","overlay-gradient":""},"mobile":{"background-color":"var(--ast-global-color-5)","background-image":"","background-repeat":"repeat","background-position":"center center","background-size":"auto","background-attachment":"scroll","background-type":"","background-media":"","overlay-type":"","overlay-color":"","overlay-opacity":"","overlay-gradient":""}}},"product_brand":[42],"product_cat":[49,105,15],"product_tag":[],"class_list":{"0":"post-5062","1":"product","2":"type-product","3":"status-publish","4":"has-post-thumbnail","6":"product_brand-randm-tornado","7":"product_cat-randm-tornado-35000-offre-35000-bouffees-de-cigarettes","8":"product_cat-puff-35k","9":"product_cat-magasin-cigarette-electronique","10":"desktop-align-center","11":"tablet-align-center","12":"mobile-align-center","13":"ast-product-gallery-layout-horizontal","14":"ast-product-gallery-with-no-image","15":"ast-product-single-variable","16":"ast-product-tabs-layout-horizontal","17":"ast-qv-on-image","19":"first","20":"instock","21":"sale","22":"shipping-taxable","23":"purchasable","24":"product-type-variable","25":"has-default-attributes"},"tiered_pricing_type":"fixed","tiered_pricing_fixed_rules":{"50":12.99,"100":11.39,"200":10.79,"400":10.39},"tiered_pricing_product_settings":{"layout":"default","base_unit_name":{"singular":null,"plural":null},"default_variation":null},"tiered_pricing_minimum_quantity":null,"tiered_pricing_roles_data":[],"tiered_pricing_percentage_rules":[],"_links":{"self":[{"href":"https:\/\/puffvapestore.com\/es\/wp-json\/wp\/v2\/product\/5062","targetHints":{"allow":["GET"]}}],"collection":[{"href":"https:\/\/puffvapestore.com\/es\/wp-json\/wp\/v2\/product"}],"about":[{"href":"https:\/\/puffvapestore.com\/es\/wp-json\/wp\/v2\/types\/product"}],"replies":[{"embeddable":true,"href":"https:\/\/puffvapestore.com\/es\/wp-json\/wp\/v2\/comments?post=5062"}],"version-history":[{"count":6,"href":"https:\/\/puffvapestore.com\/es\/wp-json\/wp\/v2\/product\/5062\/revisions"}],"predecessor-version":[{"id":5071,"href":"https:\/\/puffvapestore.com\/es\/wp-json\/wp\/v2\/product\/5062\/revisions\/5071"}],"wp:featuredmedia":[{"embeddable":true,"href":"https:\/\/puffvapestore.com\/es\/wp-json\/wp\/v2\/media\/4760"}],"wp:attachment":[{"href":"https:\/\/puffvapestore.com\/es\/wp-json\/wp\/v2\/media?parent=5062"}],"wp:term":[{"taxonomy":"product_brand","embeddable":true,"href":"https:\/\/puffvapestore.com\/es\/wp-json\/wp\/v2\/product_brand?post=5062"},{"taxonomy":"product_cat","embeddable":true,"href":"https:\/\/puffvapestore.com\/es\/wp-json\/wp\/v2\/product_cat?post=5062"},{"taxonomy":"product_tag","embeddable":true,"href":"https:\/\/puffvapestore.com\/es\/wp-json\/wp\/v2\/product_tag?post=5062"}],"curies":[{"name":"wp","href":"https:\/\/api.w.org\/{rel}","templated":true}]}}