{"id":5032,"date":"2025-07-14T07:22:58","date_gmt":"2025-07-14T07:22:58","guid":{"rendered":"https:\/\/puffvapestore.com\/?post_type=product&#038;p=5032"},"modified":"2026-01-19T10:52:39","modified_gmt":"2026-01-19T10:52:39","slug":"blue-razz-ice-fumot-tornado-35000-est-un-arome-fruite-complexe-tres-populaire","status":"publish","type":"product","link":"https:\/\/puffvapestore.com\/es\/product\/blue-razz-ice-fumot-tornado-35000-es-un-aroma-afrutado-complejo-muy-popular\/","title":{"rendered":"Azul Razz Ice - Fumot RandM Tornado 35000"},"content":{"rendered":"<div data-elementor-type=\"wp-post\" data-elementor-id=\"5032\" class=\"elementor elementor-5032\">\n\t\t\t\t<div class=\"elementor-element elementor-element-08c26f9 e-flex e-con-boxed e-con e-parent\" data-id=\"08c26f9\" data-element_type=\"container\" data-e-type=\"container\">\n\t\t\t\t\t<div class=\"e-con-inner\">\n\t\t\t\t<div class=\"elementor-element elementor-element-a005a97 elementor-widget elementor-widget-text-editor\" data-id=\"a005a97\" data-element_type=\"widget\" data-e-type=\"widget\" data-widget_type=\"text-editor.default\">\n\t\t\t\t<div class=\"elementor-widget-container\">\n\t\t\t\t\t\t\t\t\t<p>Blue Razz Ice es un sabor afrutado complejo muy popular en la industria de los cigarrillos electr\u00f3nicos, que se encuentra com\u00fanmente en los productos de la gama RandM Tornado (como los modelos Tornado 9000, 15000 y 20000). Ofrece un sabor agridulce a ar\u00e1ndanos y frambuesas, con un efecto de menta fresca, para una experiencia de fumada refrescante.<\/p><h2>Ingredientes principales: Fusi\u00f3n de ar\u00e1ndanos y frambuesas<\/h2><p><strong>Ar\u00e1ndano :<\/strong><br \/>La nota \u00abazul\u00bb de Blue Razz Ice se inspira en la suavidad y dulzura del ar\u00e1ndano. El ar\u00e1ndano tiene un aroma afrutado natural cuando el humo entra en la boca, con un dulzor moderado y un ligero olor a frutos rojos. Este sabor, sin ser abrumador, proporciona una base redonda al conjunto, que recuerda a los ar\u00e1ndanos frescos o a la mermelada de ar\u00e1ndanos.<\/p><p><strong>Frambuesa :<\/strong><br \/>\u00abRazz\u00bb representa la frambuesa, ofreciendo un brillante contraste agridulce. El sabor de la frambuesa es m\u00e1s pronunciado que el del ar\u00e1ndano, con un ligero est\u00edmulo afrutado, que recuerda al de una frambuesa madura, pero no demasiado dulce. Esta acidez a\u00f1ade un toque de profundidad al sabor y evita la monoton\u00eda de un simple dulzor.<\/p><p><strong>Efecto de fusi\u00f3n :<\/strong><br \/>La combinaci\u00f3n de ar\u00e1ndano y frambuesa crea un equilibrio agridulce en Blue Razz Ice. En el paladar, el dulzor del ar\u00e1ndano se impone, seguido de una ligera acidez de la frambuesa, creando una progresi\u00f3n din\u00e1mica de sabores.<\/p><h2>Caracter\u00edsticas del sabor Glace\/Menthol<\/h2><p><strong>Efecto menta fresca:<\/strong><br \/>La parte \u00abIce\u00bb es la caracter\u00edstica emblem\u00e1tica del sabor Blue Razz Ice. Se refiere a la adici\u00f3n de ingredientes a base de menta o mentol, que proporcionan una fuerte sensaci\u00f3n de frescor. Al inhalar, esta sensaci\u00f3n de frescor se extiende r\u00e1pidamente por la boca y la garganta, de forma similar a lo que se siente al tomar un sorbo de una bebida helada o al masticar una menta.<\/p><p>Maridaje con sabores afrutados: La sensaci\u00f3n de frescor complementa a la perfecci\u00f3n los sabores \u00e1cidos del ar\u00e1ndano y la frambuesa. La frescura de la menta neutraliza el dulzor de los sabores afrutados, aligerando el sabor, especialmente adecuado para climas c\u00e1lidos o sorbos largos.<\/p><p><strong>Retrogusto :<\/strong><br \/>Al exhalar, la sensaci\u00f3n de frescor persiste en el paladar, acompa\u00f1ada de un toque dulce de ar\u00e1ndanos y una ligera acidez de frambuesa. El retrogusto es limpio y no deja sensaci\u00f3n grasa, animando a seguir degustando.<\/p>\t\t\t\t\t\t\t\t<\/div>\n\t\t\t\t<\/div>\n\t\t\t\t\t<\/div>\n\t\t\t\t<\/div>\n\t\t<div class=\"elementor-element elementor-element-718b380 e-flex e-con-boxed e-con e-parent\" data-id=\"718b380\" data-element_type=\"container\" data-e-type=\"container\">\n\t\t\t\t\t<div class=\"e-con-inner\">\n\t\t\t\t<div class=\"elementor-element elementor-element-d2cc8fa elementor-widget elementor-widget-text-editor\" data-id=\"d2cc8fa\" data-element_type=\"widget\" data-e-type=\"widget\" data-widget_type=\"text-editor.default\">\n\t\t\t\t<div class=\"elementor-widget-container\">\n\t\t\t\t\t\t\t\t\t<h2>Excepcional sabor y producci\u00f3n de vapor :<\/h2><p>La tecnolog\u00eda de resistencia de doble malla del RandM Tornado 35000 garantiza un calentamiento \u00f3ptimo del e-l\u00edquido, proporcionando un sabor m\u00e1s rico y una nube de vapor m\u00e1s grande, ideal para usuarios que buscan sabores intensos y efectos visuales intensos.<\/p><h2>Dise\u00f1o moderno y personalizado:<\/h2><p>Los efectos luminosos RGB pueden sincronizarse con la m\u00fasica, lo que aumenta el placer de uso, especialmente indicado para ocasiones sociales o usuarios j\u00f3venes. Los usuarios pueden optar por desactivar los efectos de iluminaci\u00f3n para un uso m\u00e1s discreto.<\/p><p>Inspirada en el moderno dise\u00f1o de la Digitalbox 12000, combina est\u00e9tica y portabilidad, con un c\u00f3modo agarre para el uso diario.<\/p><h2>F\u00e1cil de usar:<\/h2><p>El RandM Tornado 35000 no requiere mantenimiento ni sustituci\u00f3n de resistencias o dep\u00f3sitos de e-l\u00edquido. Se puede utilizar directamente, por lo que es ideal para principiantes o usuarios menos exigentes.<\/p><p>La pantalla inteligente muestra de forma intuitiva el nivel de bater\u00eda y el e-l\u00edquido restante, para que no tengas que preocuparte por los cortes de energ\u00eda o por quedarte sin e-l\u00edquido.<\/p><p>La carga r\u00e1pida Type-C reduce el tiempo de espera, y la bater\u00eda de larga duraci\u00f3n garantiza un uso prolongado.<\/p><h2>RandM Tornado 35000 caracter\u00edsticas<\/h2><p>N\u00famero de caladas: Hasta 35.000 caladas, una de las mayores capacidades del mercado, ideal para usuarios intensivos y largas duraciones.<\/p><p>Capacidad de la bater\u00eda: Equipada con una bater\u00eda recargable de 700 mAh. La carga r\u00e1pida mediante la interfaz Type-C garantiza un uso prolongado y una r\u00e1pida recuperaci\u00f3n.<\/p><p>Tecnolog\u00eda de resistencia: Adopta una resistencia de malla doble de 1,2 \u03a9 para un calentamiento m\u00e1s uniforme, un vapor m\u00e1s denso y un sabor m\u00e1s intenso.<\/p><p>Dosis de nicotina: Se puede elegir entre 0 %, 2 % o 5 % de nicotina para satisfacer las necesidades de cada usuario.<\/p><p>Funci\u00f3n de visualizaci\u00f3n: Equipado con una pantalla LED, muestra la carga de la bater\u00eda y el nivel de e-l\u00edquido restante en tiempo real, lo que permite a los usuarios controlar el estado del dispositivo.<\/p><p>Dise\u00f1o y portabilidad: compacto y ligero, es f\u00e1cil de transportar. Su dise\u00f1o se inspira en la Digitalbox 12000, con un aspecto moderno y elegante.<\/p>\t\t\t\t\t\t\t\t<\/div>\n\t\t\t\t<\/div>\n\t\t\t\t\t<\/div>\n\t\t\t\t<\/div>\n\t\t\t\t<\/div>","protected":false},"excerpt":{"rendered":"<p>Blue Razz Ice est un ar\u00f4me fruit\u00e9 complexe tr\u00e8s populaire dans l&rsquo;industrie de la cigarette \u00e9lectronique, que l&rsquo;on retrouve couramment dans les produits de la gamme RandM Tornado (comme les mod\u00e8les Tornado 9000, 15000 et 20000). Il offre une saveur aigre-douce de myrtille et de framboise, avec un effet menthe fra\u00eeche, pour une exp\u00e9rience de [&hellip;]<\/p>\n","protected":false},"featured_media":4759,"comment_status":"open","ping_status":"closed","template":"","meta":{"site-sidebar-layout":"no-sidebar","site-content-layout":"page-builder","ast-site-content-layout":"normal-width-container","site-content-style":"default","site-sidebar-style":"default","ast-global-header-display":"","ast-banner-title-visibility":"","ast-main-header-display":"","ast-hfb-above-header-display":"","ast-hfb-below-header-display":"","ast-hfb-mobile-header-display":"","site-post-title":"disabled","ast-breadcrumbs-content":"","ast-featured-img":"disabled","footer-sml-layout":"","ast-disable-related-posts":"","theme-transparent-header-meta":"default","adv-header-id-meta":"","stick-header-meta":"default","header-above-stick-meta":"","header-main-stick-meta":"","header-below-stick-meta":"","astra-migrate-meta-layouts":"set","ast-page-background-enabled":"default","ast-page-background-meta":{"desktop":{"background-color":"","background-image":"","background-repeat":"repeat","background-position":"center center","background-size":"auto","background-attachment":"scroll","background-type":"","background-media":"","overlay-type":"","overlay-color":"","overlay-opacity":"","overlay-gradient":""},"tablet":{"background-color":"","background-image":"","background-repeat":"repeat","background-position":"center center","background-size":"auto","background-attachment":"scroll","background-type":"","background-media":"","overlay-type":"","overlay-color":"","overlay-opacity":"","overlay-gradient":""},"mobile":{"background-color":"","background-image":"","background-repeat":"repeat","background-position":"center center","background-size":"auto","background-attachment":"scroll","background-type":"","background-media":"","overlay-type":"","overlay-color":"","overlay-opacity":"","overlay-gradient":""}},"ast-content-background-meta":{"desktop":{"background-color":"var(--ast-global-color-5)","background-image":"","background-repeat":"repeat","background-position":"center center","background-size":"auto","background-attachment":"scroll","background-type":"","background-media":"","overlay-type":"","overlay-color":"","overlay-opacity":"","overlay-gradient":""},"tablet":{"background-color":"var(--ast-global-color-5)","background-image":"","background-repeat":"repeat","background-position":"center center","background-size":"auto","background-attachment":"scroll","background-type":"","background-media":"","overlay-type":"","overlay-color":"","overlay-opacity":"","overlay-gradient":""},"mobile":{"background-color":"var(--ast-global-color-5)","background-image":"","background-repeat":"repeat","background-position":"center center","background-size":"auto","background-attachment":"scroll","background-type":"","background-media":"","overlay-type":"","overlay-color":"","overlay-opacity":"","overlay-gradient":""}}},"product_brand":[42],"product_cat":[49,80,105,15],"product_tag":[],"class_list":{"0":"post-5032","1":"product","2":"type-product","3":"status-publish","4":"has-post-thumbnail","6":"product_brand-randm-tornado","7":"product_cat-randm-tornado-35000-offre-35000-bouffees-de-cigarettes","8":"product_cat-puff-15k","9":"product_cat-puff-35k","10":"product_cat-magasin-cigarette-electronique","11":"desktop-align-center","12":"tablet-align-center","13":"mobile-align-center","14":"ast-product-gallery-layout-horizontal","15":"ast-product-gallery-with-no-image","16":"ast-product-single-variable","17":"ast-product-tabs-layout-horizontal","18":"ast-qv-on-image","20":"first","21":"instock","22":"sale","23":"shipping-taxable","24":"purchasable","25":"product-type-variable","26":"has-default-attributes"},"tiered_pricing_type":"fixed","tiered_pricing_fixed_rules":{"50":12.99,"100":11.39,"200":10.79,"400":10.39},"tiered_pricing_product_settings":{"layout":"default","base_unit_name":{"singular":null,"plural":null},"default_variation":null},"tiered_pricing_minimum_quantity":null,"tiered_pricing_roles_data":[],"tiered_pricing_percentage_rules":[],"_links":{"self":[{"href":"https:\/\/puffvapestore.com\/es\/wp-json\/wp\/v2\/product\/5032","targetHints":{"allow":["GET"]}}],"collection":[{"href":"https:\/\/puffvapestore.com\/es\/wp-json\/wp\/v2\/product"}],"about":[{"href":"https:\/\/puffvapestore.com\/es\/wp-json\/wp\/v2\/types\/product"}],"replies":[{"embeddable":true,"href":"https:\/\/puffvapestore.com\/es\/wp-json\/wp\/v2\/comments?post=5032"}],"version-history":[{"count":6,"href":"https:\/\/puffvapestore.com\/es\/wp-json\/wp\/v2\/product\/5032\/revisions"}],"predecessor-version":[{"id":5041,"href":"https:\/\/puffvapestore.com\/es\/wp-json\/wp\/v2\/product\/5032\/revisions\/5041"}],"wp:featuredmedia":[{"embeddable":true,"href":"https:\/\/puffvapestore.com\/es\/wp-json\/wp\/v2\/media\/4759"}],"wp:attachment":[{"href":"https:\/\/puffvapestore.com\/es\/wp-json\/wp\/v2\/media?parent=5032"}],"wp:term":[{"taxonomy":"product_brand","embeddable":true,"href":"https:\/\/puffvapestore.com\/es\/wp-json\/wp\/v2\/product_brand?post=5032"},{"taxonomy":"product_cat","embeddable":true,"href":"https:\/\/puffvapestore.com\/es\/wp-json\/wp\/v2\/product_cat?post=5032"},{"taxonomy":"product_tag","embeddable":true,"href":"https:\/\/puffvapestore.com\/es\/wp-json\/wp\/v2\/product_tag?post=5032"}],"curies":[{"name":"wp","href":"https:\/\/api.w.org\/{rel}","templated":true}]}}