{"id":5012,"date":"2025-07-14T02:41:08","date_gmt":"2025-07-14T02:41:08","guid":{"rendered":"https:\/\/puffvapestore.com\/?post_type=product&#038;p=5012"},"modified":"2026-01-19T10:31:55","modified_gmt":"2026-01-19T10:31:55","slug":"kiwi-passionfruit-guava-tornado-35000-une-saveur-complexe-et-exotique","status":"publish","type":"product","link":"https:\/\/puffvapestore.com\/es\/product\/kiwi-maracuya-guayaba-tornado-35000-un-sabor-complejo-y-exotico\/","title":{"rendered":"Kiwi Fruta de la pasi\u00f3n Guayaba - Fumot RandM Tornado 35000"},"content":{"rendered":"<div data-elementor-type=\"wp-post\" data-elementor-id=\"5012\" class=\"elementor elementor-5012\">\n\t\t\t\t<div class=\"elementor-element elementor-element-08c26f9 e-flex e-con-boxed e-con e-parent\" data-id=\"08c26f9\" data-element_type=\"container\" data-e-type=\"container\">\n\t\t\t\t\t<div class=\"e-con-inner\">\n\t\t\t\t<div class=\"elementor-element elementor-element-a005a97 elementor-widget elementor-widget-text-editor\" data-id=\"a005a97\" data-element_type=\"widget\" data-e-type=\"widget\" data-widget_type=\"text-editor.default\">\n\t\t\t\t<div class=\"elementor-widget-container\">\n\t\t\t\t\t\t\t\t\t<p>El Fumot RandM Tornado 35000 Kiwi Passion Guava es un cigarrillo electr\u00f3nico desechable. Su sabor principal, Kiwi Passion Guava, es una mezcla compleja y ex\u00f3tica de frutas tropicales.<\/p><h2>Kiwi<\/h2><p>Sabor: El kiwi es fresco y natural, con un aroma afrutado ligeramente silvestre. En la primera inhalaci\u00f3n, es el primero en revelarse, ligeramente \u00e1cido y dulce, creando una sensaci\u00f3n apetitosa y una primera impresi\u00f3n refrescante.<\/p><h2>Fruta de la pasi\u00f3n<\/h2><p>Sabor: dulce y \u00e1cido, con un pronunciado aroma a frutas tropicales, fragante y persistente.<\/p><p>Details: La acidez se hace m\u00e1s pronunciada en el centro, realzando el sabor general y proporcionando una sensaci\u00f3n estimulante, delicadamente mezclada con el kiwi.<\/p><h2>Guayaba<\/h2><p>Sabor: El sabor es dulce, con un toque floral y cremoso, y la textura es rica, equilibrando la acidez de los dos primeros.<\/p><p>Detalles: Proporciona un regusto sedoso, haciendo que el sabor general sea m\u00e1s pleno y redondo. La pulpa de guayaba a\u00f1ade espesor y hace que el sabor sea m\u00e1s equilibrado.<\/p>\t\t\t\t\t\t\t\t<\/div>\n\t\t\t\t<\/div>\n\t\t\t\t\t<\/div>\n\t\t\t\t<\/div>\n\t\t<div class=\"elementor-element elementor-element-718b380 e-flex e-con-boxed e-con e-parent\" data-id=\"718b380\" data-element_type=\"container\" data-e-type=\"container\">\n\t\t\t\t\t<div class=\"e-con-inner\">\n\t\t\t\t<div class=\"elementor-element elementor-element-d2cc8fa elementor-widget elementor-widget-text-editor\" data-id=\"d2cc8fa\" data-element_type=\"widget\" data-e-type=\"widget\" data-widget_type=\"text-editor.default\">\n\t\t\t\t<div class=\"elementor-widget-container\">\n\t\t\t\t\t\t\t\t\t<h2>Excepcional sabor y producci\u00f3n de vapor :<\/h2><p>La tecnolog\u00eda de resistencia de doble malla del RandM Tornado 35000 Kiwi Fruta de la Pasi\u00f3n Guayaba asegura un calentamiento \u00f3ptimo del e-l\u00edquido, proporcionando un sabor m\u00e1s rico y una nube de vapor m\u00e1s grande, ideal para usuarios que buscan sabores intensos y efectos visuales intensos.<\/p><h2>Dise\u00f1o moderno y personalizado:<\/h2><p>Los efectos luminosos RGB pueden sincronizarse con la m\u00fasica, lo que aumenta el placer de uso, especialmente indicado para ocasiones sociales o usuarios j\u00f3venes. Los usuarios pueden optar por desactivar los efectos de iluminaci\u00f3n para un uso m\u00e1s discreto.<\/p><p>Inspirada en el moderno dise\u00f1o de la Digitalbox 12000, combina est\u00e9tica y portabilidad, con un c\u00f3modo agarre para el uso diario.<\/p><h2>F\u00e1cil de usar:<\/h2><p>El RandM Tornado 35000 Kiwi Passionfruit Guava no requiere mantenimiento ni sustituci\u00f3n de resistencias o tanques de e-liquid. Se puede utilizar directamente, por lo que es ideal para principiantes o usuarios menos exigentes.<\/p><p>La pantalla inteligente muestra de forma intuitiva el nivel de bater\u00eda y el e-l\u00edquido restante, para que no tengas que preocuparte por los cortes de energ\u00eda o por quedarte sin e-l\u00edquido.<\/p><p>La carga r\u00e1pida Type-C reduce el tiempo de espera, y la bater\u00eda de larga duraci\u00f3n garantiza un uso prolongado.<\/p><h2>Caracter\u00edsticas de RandM Tornado 35000 Kiwi Maracuy\u00e1 Guayaba<\/h2><p>N\u00famero de caladas: Hasta 35.000 caladas, una de las mayores capacidades del mercado, ideal para usuarios intensivos y largas duraciones.<\/p><p>Capacidad de la bater\u00eda: Equipada con una bater\u00eda recargable de 700 mAh. La carga r\u00e1pida mediante la interfaz Type-C garantiza un uso prolongado y una r\u00e1pida recuperaci\u00f3n.<\/p><p>Tecnolog\u00eda de resistencia: Adopta una resistencia de malla doble de 1,2 \u03a9 para un calentamiento m\u00e1s uniforme, un vapor m\u00e1s denso y un sabor m\u00e1s intenso.<\/p><p>Dosis de nicotina: Se puede elegir entre 0 %, 2 % o 5 % de nicotina para satisfacer las necesidades de cada usuario.<\/p><p>Funci\u00f3n de visualizaci\u00f3n: Equipado con una pantalla LED, muestra la carga de la bater\u00eda y el nivel de e-l\u00edquido restante en tiempo real, lo que permite a los usuarios controlar el estado del dispositivo.<\/p><p>Dise\u00f1o y portabilidad: compacto y ligero, es f\u00e1cil de transportar. Su dise\u00f1o se inspira en la Digitalbox 12000, con un aspecto moderno y elegante.<\/p>\t\t\t\t\t\t\t\t<\/div>\n\t\t\t\t<\/div>\n\t\t\t\t\t<\/div>\n\t\t\t\t<\/div>\n\t\t\t\t<\/div>","protected":false},"excerpt":{"rendered":"<p>La Fumot RandM Tornado 35000 Kiwi Passion Goyave est une cigarette \u00e9lectronique jetable. Son ar\u00f4me principal, Kiwi Passion Goyave, est un m\u00e9lange de fruits tropicaux, complexe et exotique. Kiwi Caract\u00e9ristiques gustatives\u00a0: Le kiwi est frais et naturel, avec un ar\u00f4me fruit\u00e9 l\u00e9g\u00e8rement sauvage. D\u00e8s la premi\u00e8re inhalation, il se r\u00e9v\u00e8le en premier, l\u00e9g\u00e8rement acidul\u00e9 et [&hellip;]<\/p>\n","protected":false},"featured_media":4767,"comment_status":"open","ping_status":"closed","template":"","meta":{"site-sidebar-layout":"no-sidebar","site-content-layout":"page-builder","ast-site-content-layout":"normal-width-container","site-content-style":"default","site-sidebar-style":"default","ast-global-header-display":"","ast-banner-title-visibility":"","ast-main-header-display":"","ast-hfb-above-header-display":"","ast-hfb-below-header-display":"","ast-hfb-mobile-header-display":"","site-post-title":"disabled","ast-breadcrumbs-content":"","ast-featured-img":"disabled","footer-sml-layout":"","ast-disable-related-posts":"","theme-transparent-header-meta":"default","adv-header-id-meta":"","stick-header-meta":"default","header-above-stick-meta":"","header-main-stick-meta":"","header-below-stick-meta":"","astra-migrate-meta-layouts":"set","ast-page-background-enabled":"default","ast-page-background-meta":{"desktop":{"background-color":"","background-image":"","background-repeat":"repeat","background-position":"center center","background-size":"auto","background-attachment":"scroll","background-type":"","background-media":"","overlay-type":"","overlay-color":"","overlay-opacity":"","overlay-gradient":""},"tablet":{"background-color":"","background-image":"","background-repeat":"repeat","background-position":"center center","background-size":"auto","background-attachment":"scroll","background-type":"","background-media":"","overlay-type":"","overlay-color":"","overlay-opacity":"","overlay-gradient":""},"mobile":{"background-color":"","background-image":"","background-repeat":"repeat","background-position":"center center","background-size":"auto","background-attachment":"scroll","background-type":"","background-media":"","overlay-type":"","overlay-color":"","overlay-opacity":"","overlay-gradient":""}},"ast-content-background-meta":{"desktop":{"background-color":"var(--ast-global-color-5)","background-image":"","background-repeat":"repeat","background-position":"center center","background-size":"auto","background-attachment":"scroll","background-type":"","background-media":"","overlay-type":"","overlay-color":"","overlay-opacity":"","overlay-gradient":""},"tablet":{"background-color":"var(--ast-global-color-5)","background-image":"","background-repeat":"repeat","background-position":"center center","background-size":"auto","background-attachment":"scroll","background-type":"","background-media":"","overlay-type":"","overlay-color":"","overlay-opacity":"","overlay-gradient":""},"mobile":{"background-color":"var(--ast-global-color-5)","background-image":"","background-repeat":"repeat","background-position":"center center","background-size":"auto","background-attachment":"scroll","background-type":"","background-media":"","overlay-type":"","overlay-color":"","overlay-opacity":"","overlay-gradient":""}}},"product_brand":[42],"product_cat":[49,105,15],"product_tag":[],"class_list":{"0":"post-5012","1":"product","2":"type-product","3":"status-publish","4":"has-post-thumbnail","6":"product_brand-randm-tornado","7":"product_cat-randm-tornado-35000-offre-35000-bouffees-de-cigarettes","8":"product_cat-puff-35k","9":"product_cat-magasin-cigarette-electronique","10":"desktop-align-center","11":"tablet-align-center","12":"mobile-align-center","13":"ast-product-gallery-layout-horizontal","14":"ast-product-gallery-with-no-image","15":"ast-product-single-variable","16":"ast-product-tabs-layout-horizontal","17":"ast-qv-on-image","19":"first","20":"instock","21":"sale","22":"shipping-taxable","23":"purchasable","24":"product-type-variable","25":"has-default-attributes"},"tiered_pricing_type":"fixed","tiered_pricing_fixed_rules":{"50":12.99,"100":11.39,"200":10.79,"400":10.39},"tiered_pricing_product_settings":{"layout":"default","base_unit_name":{"singular":null,"plural":null},"default_variation":null},"tiered_pricing_minimum_quantity":null,"tiered_pricing_roles_data":[],"tiered_pricing_percentage_rules":[],"_links":{"self":[{"href":"https:\/\/puffvapestore.com\/es\/wp-json\/wp\/v2\/product\/5012","targetHints":{"allow":["GET"]}}],"collection":[{"href":"https:\/\/puffvapestore.com\/es\/wp-json\/wp\/v2\/product"}],"about":[{"href":"https:\/\/puffvapestore.com\/es\/wp-json\/wp\/v2\/types\/product"}],"replies":[{"embeddable":true,"href":"https:\/\/puffvapestore.com\/es\/wp-json\/wp\/v2\/comments?post=5012"}],"version-history":[{"count":6,"href":"https:\/\/puffvapestore.com\/es\/wp-json\/wp\/v2\/product\/5012\/revisions"}],"predecessor-version":[{"id":5021,"href":"https:\/\/puffvapestore.com\/es\/wp-json\/wp\/v2\/product\/5012\/revisions\/5021"}],"wp:featuredmedia":[{"embeddable":true,"href":"https:\/\/puffvapestore.com\/es\/wp-json\/wp\/v2\/media\/4767"}],"wp:attachment":[{"href":"https:\/\/puffvapestore.com\/es\/wp-json\/wp\/v2\/media?parent=5012"}],"wp:term":[{"taxonomy":"product_brand","embeddable":true,"href":"https:\/\/puffvapestore.com\/es\/wp-json\/wp\/v2\/product_brand?post=5012"},{"taxonomy":"product_cat","embeddable":true,"href":"https:\/\/puffvapestore.com\/es\/wp-json\/wp\/v2\/product_cat?post=5012"},{"taxonomy":"product_tag","embeddable":true,"href":"https:\/\/puffvapestore.com\/es\/wp-json\/wp\/v2\/product_tag?post=5012"}],"curies":[{"name":"wp","href":"https:\/\/api.w.org\/{rel}","templated":true}]}}