{"id":4998,"date":"2025-07-12T19:33:53","date_gmt":"2025-07-12T19:33:53","guid":{"rendered":"https:\/\/puffvapestore.com\/?post_type=product&#038;p=4998"},"modified":"2026-01-19T10:31:55","modified_gmt":"2026-01-19T10:31:55","slug":"juicy-peach-ice-fumot-tornado-35000-douce-et-fraiche","status":"publish","type":"product","link":"https:\/\/puffvapestore.com\/es\/product\/melocoton-jugoso-ice-fumot-tornado-35000-suave-y-fresco\/","title":{"rendered":"Jugoso melocot\u00f3n helado - Fumot RandM Tornado 35000"},"content":{"rendered":"<div data-elementor-type=\"wp-post\" data-elementor-id=\"4998\" class=\"elementor elementor-4998\">\n\t\t\t\t<div class=\"elementor-element elementor-element-08c26f9 e-flex e-con-boxed e-con e-parent\" data-id=\"08c26f9\" data-element_type=\"container\" data-e-type=\"container\">\n\t\t\t\t\t<div class=\"e-con-inner\">\n\t\t\t\t<div class=\"elementor-element elementor-element-a005a97 elementor-widget elementor-widget-text-editor\" data-id=\"a005a97\" data-element_type=\"widget\" data-e-type=\"widget\" data-widget_type=\"text-editor.default\">\n\t\t\t\t<div class=\"elementor-widget-container\">\n\t\t\t\t\t\t\t\t\t<p>Juicy Iced Peach Fumot RandM Tornado 35000 combina ingeniosamente el sabor natural del melocot\u00f3n con una refrescante sensaci\u00f3n de cubito de hielo. Suave y fresco, con un pronunciado aroma afrutado y sin untuosidad, le recordar\u00e1 a un vaso de zumo de melocot\u00f3n bien fr\u00edo en un caluroso d\u00eda de verano.<\/p><h2>Sabor principal : Melocot\u00f3n jugoso<\/h2><p>Dulzor natural: El sabor dulce de los melocotones maduros es perceptible en el paladar. El dulzor es intenso, sin ser graso, como el del zumo de melocot\u00f3n blanco reci\u00e9n pelado, con un ligero sabor a pulpa.<\/p><p>Aut\u00e9ntico aroma afrutado: El aroma es suave y natural. No es el penetrante sabor de los melocotones, sino una mezcla de melocotones blancos y amarillos, como un jugoso melocot\u00f3n reci\u00e9n cortado, fresco y ligeramente \u00e1cido.<\/p><p>Sabor jugoso: Al inhalar, experimentar\u00e1 una sensaci\u00f3n de \u00abjugosidad\u00bb, un poco como morder un melocot\u00f3n y ver c\u00f3mo su jugo se derrama en la boca, suave y sutilmente fibroso.<\/p><h2>Aroma secundario : Sensaci\u00f3n de hielo fresco (Ice)<\/h2><p>Nivel de sensaci\u00f3n helada: La sensaci\u00f3n helada no es la misma que una r\u00e1faga de menta subiendo por la frente, sino que se difunde m\u00e1s suavemente con cada inhalaci\u00f3n, como un refresco de melocot\u00f3n con hielo, el frescor extendi\u00e9ndose lentamente desde la garganta hasta la boca.<\/p>\t\t\t\t\t\t\t\t<\/div>\n\t\t\t\t<\/div>\n\t\t\t\t\t<\/div>\n\t\t\t\t<\/div>\n\t\t<div class=\"elementor-element elementor-element-718b380 e-flex e-con-boxed e-con e-parent\" data-id=\"718b380\" data-element_type=\"container\" data-e-type=\"container\">\n\t\t\t\t\t<div class=\"e-con-inner\">\n\t\t\t\t<div class=\"elementor-element elementor-element-d2cc8fa elementor-widget elementor-widget-text-editor\" data-id=\"d2cc8fa\" data-element_type=\"widget\" data-e-type=\"widget\" data-widget_type=\"text-editor.default\">\n\t\t\t\t<div class=\"elementor-widget-container\">\n\t\t\t\t\t\t\t\t\t<h2>Excepcional sabor y producci\u00f3n de vapor :<\/h2><p>La tecnolog\u00eda de resistencia de doble malla del RandM Tornado 35000 garantiza un calentamiento \u00f3ptimo del e-l\u00edquido, proporcionando un sabor m\u00e1s rico y una nube de vapor m\u00e1s grande, ideal para usuarios que buscan sabores intensos y efectos visuales intensos.<\/p><p>Los sabores son variados y ricos, ya sea fruta, refrescos o postres, para una experiencia de alta calidad constante.<\/p><h2>Dise\u00f1o moderno y personalizado:<\/h2><p>Los efectos luminosos RGB pueden sincronizarse con la m\u00fasica, lo que aumenta el placer de uso, especialmente indicado para ocasiones sociales o usuarios j\u00f3venes. Los usuarios pueden optar por desactivar los efectos de iluminaci\u00f3n para un uso m\u00e1s discreto.<\/p><p>Inspirada en el moderno dise\u00f1o de la Digitalbox 12000, combina est\u00e9tica y portabilidad, con un c\u00f3modo agarre para el uso diario.<\/p><h2>F\u00e1cil de usar:<\/h2><p>El RandM Tornado 35000 no requiere mantenimiento ni sustituci\u00f3n de resistencias o dep\u00f3sitos de e-l\u00edquido. Se puede utilizar directamente, por lo que es ideal para principiantes o usuarios menos exigentes.<\/p><p>La pantalla inteligente muestra de forma intuitiva el nivel de bater\u00eda y el e-l\u00edquido restante, para que no tengas que preocuparte por los cortes de energ\u00eda o por quedarte sin e-l\u00edquido.<\/p><p>La carga r\u00e1pida Type-C reduce el tiempo de espera, y la bater\u00eda de larga duraci\u00f3n garantiza un uso prolongado.<\/p><h2>RandM Tornado 35000 caracter\u00edsticas<\/h2><p>N\u00famero de caladas: Hasta 35.000 caladas, una de las mayores capacidades del mercado, ideal para usuarios intensivos y largas duraciones.<\/p><p>Capacidad de la bater\u00eda: Equipada con una bater\u00eda recargable de 700 mAh. La carga r\u00e1pida mediante la interfaz Type-C garantiza un uso prolongado y una r\u00e1pida recuperaci\u00f3n.<\/p><p>Tecnolog\u00eda de resistencia: Adopta una resistencia de malla doble de 1,2 \u03a9 para un calentamiento m\u00e1s uniforme, un vapor m\u00e1s denso y un sabor m\u00e1s intenso.<\/p><p>Dosis de nicotina: Se puede elegir entre 0 %, 2 % o 5 % de nicotina para satisfacer las necesidades de cada usuario.<\/p><p>Funci\u00f3n de visualizaci\u00f3n: Equipado con una pantalla LED, muestra la carga de la bater\u00eda y el nivel de e-l\u00edquido restante en tiempo real, lo que permite a los usuarios controlar el estado del dispositivo.<\/p><p>Dise\u00f1o y portabilidad: compacto y ligero, es f\u00e1cil de transportar. Su dise\u00f1o se inspira en la Digitalbox 12000, con un aspecto moderno y elegante.<\/p>\t\t\t\t\t\t\t\t<\/div>\n\t\t\t\t<\/div>\n\t\t\t\t\t<\/div>\n\t\t\t\t<\/div>\n\t\t\t\t<\/div>","protected":false},"excerpt":{"rendered":"<p>La saveur P\u00eache Glac\u00e9e Juteuse Fumot RandM Tornado 35000 allie intelligemment l&rsquo;ar\u00f4me naturel de la p\u00eache \u00e0 une sensation rafra\u00eechissante de gla\u00e7ons. Douce et fra\u00eeche, avec un ar\u00f4me fruit\u00e9 prononc\u00e9, sans \u00eatre grasse, elle vous rappellera un verre de jus de p\u00eache glac\u00e9 par une chaude journ\u00e9e d&rsquo;\u00e9t\u00e9. Ar\u00f4me principal : P\u00eache Juteuse Douceur naturelle [&hellip;]<\/p>\n","protected":false},"featured_media":4766,"comment_status":"open","ping_status":"closed","template":"","meta":{"site-sidebar-layout":"no-sidebar","site-content-layout":"page-builder","ast-site-content-layout":"normal-width-container","site-content-style":"default","site-sidebar-style":"default","ast-global-header-display":"","ast-banner-title-visibility":"","ast-main-header-display":"","ast-hfb-above-header-display":"","ast-hfb-below-header-display":"","ast-hfb-mobile-header-display":"","site-post-title":"disabled","ast-breadcrumbs-content":"","ast-featured-img":"disabled","footer-sml-layout":"","ast-disable-related-posts":"","theme-transparent-header-meta":"default","adv-header-id-meta":"","stick-header-meta":"default","header-above-stick-meta":"","header-main-stick-meta":"","header-below-stick-meta":"","astra-migrate-meta-layouts":"set","ast-page-background-enabled":"default","ast-page-background-meta":{"desktop":{"background-color":"","background-image":"","background-repeat":"repeat","background-position":"center center","background-size":"auto","background-attachment":"scroll","background-type":"","background-media":"","overlay-type":"","overlay-color":"","overlay-opacity":"","overlay-gradient":""},"tablet":{"background-color":"","background-image":"","background-repeat":"repeat","background-position":"center center","background-size":"auto","background-attachment":"scroll","background-type":"","background-media":"","overlay-type":"","overlay-color":"","overlay-opacity":"","overlay-gradient":""},"mobile":{"background-color":"","background-image":"","background-repeat":"repeat","background-position":"center center","background-size":"auto","background-attachment":"scroll","background-type":"","background-media":"","overlay-type":"","overlay-color":"","overlay-opacity":"","overlay-gradient":""}},"ast-content-background-meta":{"desktop":{"background-color":"var(--ast-global-color-5)","background-image":"","background-repeat":"repeat","background-position":"center center","background-size":"auto","background-attachment":"scroll","background-type":"","background-media":"","overlay-type":"","overlay-color":"","overlay-opacity":"","overlay-gradient":""},"tablet":{"background-color":"var(--ast-global-color-5)","background-image":"","background-repeat":"repeat","background-position":"center center","background-size":"auto","background-attachment":"scroll","background-type":"","background-media":"","overlay-type":"","overlay-color":"","overlay-opacity":"","overlay-gradient":""},"mobile":{"background-color":"var(--ast-global-color-5)","background-image":"","background-repeat":"repeat","background-position":"center center","background-size":"auto","background-attachment":"scroll","background-type":"","background-media":"","overlay-type":"","overlay-color":"","overlay-opacity":"","overlay-gradient":""}}},"product_brand":[42],"product_cat":[49,105,15],"product_tag":[],"class_list":{"0":"post-4998","1":"product","2":"type-product","3":"status-publish","4":"has-post-thumbnail","6":"product_brand-randm-tornado","7":"product_cat-randm-tornado-35000-offre-35000-bouffees-de-cigarettes","8":"product_cat-puff-35k","9":"product_cat-magasin-cigarette-electronique","10":"desktop-align-center","11":"tablet-align-center","12":"mobile-align-center","13":"ast-product-gallery-layout-horizontal","14":"ast-product-gallery-with-no-image","15":"ast-product-single-variable","16":"ast-product-tabs-layout-horizontal","17":"ast-qv-on-image","19":"first","20":"instock","21":"sale","22":"shipping-taxable","23":"purchasable","24":"product-type-variable","25":"has-default-attributes"},"tiered_pricing_type":"fixed","tiered_pricing_fixed_rules":{"50":12.99,"100":11.39,"200":10.79,"400":10.39},"tiered_pricing_product_settings":{"layout":"default","base_unit_name":{"singular":null,"plural":null},"default_variation":null},"tiered_pricing_minimum_quantity":null,"tiered_pricing_roles_data":[],"tiered_pricing_percentage_rules":[],"_links":{"self":[{"href":"https:\/\/puffvapestore.com\/es\/wp-json\/wp\/v2\/product\/4998","targetHints":{"allow":["GET"]}}],"collection":[{"href":"https:\/\/puffvapestore.com\/es\/wp-json\/wp\/v2\/product"}],"about":[{"href":"https:\/\/puffvapestore.com\/es\/wp-json\/wp\/v2\/types\/product"}],"replies":[{"embeddable":true,"href":"https:\/\/puffvapestore.com\/es\/wp-json\/wp\/v2\/comments?post=4998"}],"version-history":[{"count":6,"href":"https:\/\/puffvapestore.com\/es\/wp-json\/wp\/v2\/product\/4998\/revisions"}],"predecessor-version":[{"id":5007,"href":"https:\/\/puffvapestore.com\/es\/wp-json\/wp\/v2\/product\/4998\/revisions\/5007"}],"wp:featuredmedia":[{"embeddable":true,"href":"https:\/\/puffvapestore.com\/es\/wp-json\/wp\/v2\/media\/4766"}],"wp:attachment":[{"href":"https:\/\/puffvapestore.com\/es\/wp-json\/wp\/v2\/media?parent=4998"}],"wp:term":[{"taxonomy":"product_brand","embeddable":true,"href":"https:\/\/puffvapestore.com\/es\/wp-json\/wp\/v2\/product_brand?post=4998"},{"taxonomy":"product_cat","embeddable":true,"href":"https:\/\/puffvapestore.com\/es\/wp-json\/wp\/v2\/product_cat?post=4998"},{"taxonomy":"product_tag","embeddable":true,"href":"https:\/\/puffvapestore.com\/es\/wp-json\/wp\/v2\/product_tag?post=4998"}],"curies":[{"name":"wp","href":"https:\/\/api.w.org\/{rel}","templated":true}]}}