{"id":4974,"date":"2025-07-12T13:10:49","date_gmt":"2025-07-12T13:10:49","guid":{"rendered":"https:\/\/puffvapestore.com\/?post_type=product&#038;p=4974"},"modified":"2026-01-19T10:31:55","modified_gmt":"2026-01-19T10:31:55","slug":"watermelon-ice-fumot-tornado-35000","status":"publish","type":"product","link":"https:\/\/puffvapestore.com\/es\/product\/sandia-ice-fumot-tornado-35000\/","title":{"rendered":"Sand\u00eda Ice - Fumot Tornado 35000"},"content":{"rendered":"<div data-elementor-type=\"wp-post\" data-elementor-id=\"4974\" class=\"elementor elementor-4974\">\n\t\t\t\t<div class=\"elementor-element elementor-element-08c26f9 e-flex e-con-boxed e-con e-parent\" data-id=\"08c26f9\" data-element_type=\"container\" data-e-type=\"container\">\n\t\t\t\t\t<div class=\"e-con-inner\">\n\t\t\t\t<div class=\"elementor-element elementor-element-a005a97 elementor-widget elementor-widget-text-editor\" data-id=\"a005a97\" data-element_type=\"widget\" data-e-type=\"widget\" data-widget_type=\"text-editor.default\">\n\t\t\t\t<div class=\"elementor-widget-container\">\n\t\t\t\t\t\t\t\t\t<p>El RandM Tornado 35000 Watermelon Ice es un cigarrillo electr\u00f3nico desechable popular por su bater\u00eda de duraci\u00f3n ultralarga (hasta 35.000 caladas) y su exclusiva combinaci\u00f3n de sabores. Entre sus modelos m\u00e1s populares, el sabor Watermelon Ice combina dulzura afrutada y frescura, ideal para los amantes del verano y la frescura.<\/p><p><strong>Dulzor de la sand\u00eda<\/strong><br \/>El sabor de Watermelon Ice se basa en el dulzor natural de la sand\u00eda madura, capturando a la perfecci\u00f3n el aroma afrutado, jugoso, dulce y ligeramente refrescante de la sand\u00eda fresca al cortarla. Este sabor a sand\u00eda es ligero y no graso, con un dulzor natural, como la sensaci\u00f3n de morder una rodaja de sand\u00eda helada en un caluroso d\u00eda de verano y ver c\u00f3mo el zumo entra en la boca.<\/p><p><strong>Menta helada<\/strong><br \/>Watermelon Ice combina un toque de menta refrescante (mentol) con el dulzor de la sand\u00eda. Esta sensaci\u00f3n helada no es un efecto helado fuerte y mordaz, sino una sensaci\u00f3n suave y cremosa de frescor, perfectamente equilibrada por el dulzor de la sand\u00eda. Al inhalar, domina el sabor afrutado de la sand\u00eda, mientras que al exhalar, el frescor de la menta deja un regusto refrescante en la punta de la lengua y en la garganta, proporcionando una sensaci\u00f3n de bienestar y bienestar.<\/p><p><strong>Una experiencia gustativa equilibrada<\/strong><br \/>La singularidad de este sabor Ice Watermelon reside en la armon\u00eda entre el dulzor y los cubitos de hielo. El dulzor de la sand\u00eda proporciona una base suave y afrutada, mientras que el frescor de la menta a\u00f1ade un toque refrescante, evitando la monoton\u00eda de un \u00fanico sabor afrutado.<\/p>\t\t\t\t\t\t\t\t<\/div>\n\t\t\t\t<\/div>\n\t\t\t\t\t<\/div>\n\t\t\t\t<\/div>\n\t\t<div class=\"elementor-element elementor-element-718b380 e-flex e-con-boxed e-con e-parent\" data-id=\"718b380\" data-element_type=\"container\" data-e-type=\"container\">\n\t\t\t\t\t<div class=\"e-con-inner\">\n\t\t\t\t<div class=\"elementor-element elementor-element-d2cc8fa elementor-widget elementor-widget-text-editor\" data-id=\"d2cc8fa\" data-element_type=\"widget\" data-e-type=\"widget\" data-widget_type=\"text-editor.default\">\n\t\t\t\t<div class=\"elementor-widget-container\">\n\t\t\t\t\t\t\t\t\t<h2>Varias caladas: hasta 35.000 caladas<\/h2><p>El RandM Tornado 35000 Watermelon Ice est\u00e1 equipado con un sistema de almacenamiento de l\u00edquido de gran capacidad y una tecnolog\u00eda de gesti\u00f3n de la bater\u00eda de alto rendimiento, lo que le permite dar hasta 35.000 caladas. En comparaci\u00f3n con los cigarrillos electr\u00f3nicos desechables convencionales, su vida \u00fatil mejora considerablemente, lo que lo hace especialmente adecuado para usuarios intensivos o viajes largos, sin necesidad de sustituir el equipo con frecuencia, para dar caladas largas y sin fatiga.<\/p><h2>Elemento calefactor de doble malla: la combinaci\u00f3n perfecta de sabor intenso y atomizaci\u00f3n eficaz<\/h2><p>Adopta la avanzada tecnolog\u00eda de resistencia de doble malla de 1,2 \u03a9, que garantiza un calentamiento m\u00e1s uniforme y una atomizaci\u00f3n m\u00e1s completa. Ya se trate de sabores dulces, afrutados o helados, proporciona un nivel de sabor m\u00e1s completo y delicado. Al mismo tiempo, produce un humo m\u00e1s denso, ideal para los usuarios que buscan placer tanto gustativo como visual.<\/p><h2>Bater\u00eda recargable integrada de 700 mAh, eficiente y duradera, compatible con carga r\u00e1pida Type-C<\/h2><p>El RandM Tornado 35000 est\u00e1 equipado con una bater\u00eda de litio de 700 mAh de alto rendimiento para un uso continuo e ininterrumpido durante todo el d\u00eda. La interfaz Type-C mejora significativamente la velocidad de carga y reduce eficazmente el tiempo de espera. En comparaci\u00f3n con los cigarrillos electr\u00f3nicos desechables tradicionales, el dise\u00f1o recargable tambi\u00e9n es m\u00e1s respetuoso con el medio ambiente.<\/p><h2>Pantalla digital inteligente - Control del estado en tiempo real<\/h2><p>El RandM Tornado 35000 Watermelon Ice est\u00e1 equipado con una pantalla digital inteligente de alta definici\u00f3n que muestra la carga restante y el nivel de e-l\u00edquido restante en tiempo real. Esto significa que los usuarios pueden realizar un seguimiento preciso de su estado de uso y evitar cualquier interrupci\u00f3n debida a un fallo de alimentaci\u00f3n o a la falta de e-l\u00edquido.<\/p><h2>Dise\u00f1o elegante y port\u00e1til, inspirado en el Digitalbox 12000<\/h2><p>Su dise\u00f1o se inspira en la famosa serie Digitalbox 12000, combinando modernidad y futurismo. Compacto y ligero, con esquinas redondeadas, ofrece una comodidad \u00f3ptima. F\u00e1cil de transportar, tambi\u00e9n es ideal para presumir de personalidad y gusto a la \u00faltima.<\/p><h2>No necesita mantenimiento: puro placer nada m\u00e1s sacarlo de la caja<\/h2><p>El RandM Tornado 35000 no necesita mantenimiento: no es necesario a\u00f1adir e-l\u00edquido, limpiar ni sustituir piezas. Listo para usar nada m\u00e1s sacarlo de la caja, es perfecto para los usuarios que buscan practicidad y tranquilidad. Es ideal para viajes, reuniones o uso diario.<\/p><h2>Varias concentraciones de nicotina disponibles: para satisfacer sus necesidades<\/h2><p>Las concentraciones de nicotina de 0 %, 2 % y 5 % est\u00e1n disponibles para satisfacer las necesidades de cada usuario. Tanto si eres un usuario que busca reducir su dosis como un entusiasta de los cigarrillos electr\u00f3nicos que busca un potente golpe de garganta, encontrar\u00e1s la concentraci\u00f3n de nicotina ideal.<\/p>\t\t\t\t\t\t\t\t<\/div>\n\t\t\t\t<\/div>\n\t\t\t\t\t<\/div>\n\t\t\t\t<\/div>\n\t\t\t\t<\/div>","protected":false},"excerpt":{"rendered":"<p>La RandM Tornado 35000 Watermelon Ice est une cigarette \u00e9lectronique jetable appr\u00e9ci\u00e9e pour sa batterie ultra-longue dur\u00e9e (jusqu&rsquo;\u00e0 35000 bouff\u00e9es) et sa combinaison de saveurs unique. Parmi ses mod\u00e8les les plus populaires, la saveur Past\u00e8que Glac\u00e9e (Past\u00e8que Glac\u00e9e) allie douceur fruit\u00e9e et fra\u00eecheur, id\u00e9ale pour l&rsquo;\u00e9t\u00e9 et les amateurs de fra\u00eecheur. Douceur de la past\u00e8queLa [&hellip;]<\/p>\n","protected":false},"featured_media":4773,"comment_status":"open","ping_status":"closed","template":"","meta":{"site-sidebar-layout":"no-sidebar","site-content-layout":"page-builder","ast-site-content-layout":"normal-width-container","site-content-style":"default","site-sidebar-style":"default","ast-global-header-display":"","ast-banner-title-visibility":"","ast-main-header-display":"","ast-hfb-above-header-display":"","ast-hfb-below-header-display":"","ast-hfb-mobile-header-display":"","site-post-title":"disabled","ast-breadcrumbs-content":"","ast-featured-img":"disabled","footer-sml-layout":"","ast-disable-related-posts":"","theme-transparent-header-meta":"default","adv-header-id-meta":"","stick-header-meta":"default","header-above-stick-meta":"","header-main-stick-meta":"","header-below-stick-meta":"","astra-migrate-meta-layouts":"set","ast-page-background-enabled":"default","ast-page-background-meta":{"desktop":{"background-color":"","background-image":"","background-repeat":"repeat","background-position":"center center","background-size":"auto","background-attachment":"scroll","background-type":"","background-media":"","overlay-type":"","overlay-color":"","overlay-opacity":"","overlay-gradient":""},"tablet":{"background-color":"","background-image":"","background-repeat":"repeat","background-position":"center center","background-size":"auto","background-attachment":"scroll","background-type":"","background-media":"","overlay-type":"","overlay-color":"","overlay-opacity":"","overlay-gradient":""},"mobile":{"background-color":"","background-image":"","background-repeat":"repeat","background-position":"center center","background-size":"auto","background-attachment":"scroll","background-type":"","background-media":"","overlay-type":"","overlay-color":"","overlay-opacity":"","overlay-gradient":""}},"ast-content-background-meta":{"desktop":{"background-color":"var(--ast-global-color-5)","background-image":"","background-repeat":"repeat","background-position":"center center","background-size":"auto","background-attachment":"scroll","background-type":"","background-media":"","overlay-type":"","overlay-color":"","overlay-opacity":"","overlay-gradient":""},"tablet":{"background-color":"var(--ast-global-color-5)","background-image":"","background-repeat":"repeat","background-position":"center center","background-size":"auto","background-attachment":"scroll","background-type":"","background-media":"","overlay-type":"","overlay-color":"","overlay-opacity":"","overlay-gradient":""},"mobile":{"background-color":"var(--ast-global-color-5)","background-image":"","background-repeat":"repeat","background-position":"center center","background-size":"auto","background-attachment":"scroll","background-type":"","background-media":"","overlay-type":"","overlay-color":"","overlay-opacity":"","overlay-gradient":""}}},"product_brand":[42],"product_cat":[49,105,15],"product_tag":[],"class_list":{"0":"post-4974","1":"product","2":"type-product","3":"status-publish","4":"has-post-thumbnail","6":"product_brand-randm-tornado","7":"product_cat-randm-tornado-35000-offre-35000-bouffees-de-cigarettes","8":"product_cat-puff-35k","9":"product_cat-magasin-cigarette-electronique","10":"desktop-align-center","11":"tablet-align-center","12":"mobile-align-center","13":"ast-product-gallery-layout-horizontal","14":"ast-product-gallery-with-no-image","15":"ast-product-single-variable","16":"ast-product-tabs-layout-horizontal","17":"ast-qv-on-image","19":"first","20":"instock","21":"sale","22":"shipping-taxable","23":"purchasable","24":"product-type-variable","25":"has-default-attributes"},"tiered_pricing_type":"fixed","tiered_pricing_fixed_rules":{"50":12.99,"100":11.39,"200":10.79,"400":10.39},"tiered_pricing_product_settings":{"layout":"default","base_unit_name":{"singular":null,"plural":null},"default_variation":null},"tiered_pricing_minimum_quantity":null,"tiered_pricing_roles_data":[],"tiered_pricing_percentage_rules":[],"_links":{"self":[{"href":"https:\/\/puffvapestore.com\/es\/wp-json\/wp\/v2\/product\/4974","targetHints":{"allow":["GET"]}}],"collection":[{"href":"https:\/\/puffvapestore.com\/es\/wp-json\/wp\/v2\/product"}],"about":[{"href":"https:\/\/puffvapestore.com\/es\/wp-json\/wp\/v2\/types\/product"}],"replies":[{"embeddable":true,"href":"https:\/\/puffvapestore.com\/es\/wp-json\/wp\/v2\/comments?post=4974"}],"version-history":[{"count":6,"href":"https:\/\/puffvapestore.com\/es\/wp-json\/wp\/v2\/product\/4974\/revisions"}],"predecessor-version":[{"id":4983,"href":"https:\/\/puffvapestore.com\/es\/wp-json\/wp\/v2\/product\/4974\/revisions\/4983"}],"wp:featuredmedia":[{"embeddable":true,"href":"https:\/\/puffvapestore.com\/es\/wp-json\/wp\/v2\/media\/4773"}],"wp:attachment":[{"href":"https:\/\/puffvapestore.com\/es\/wp-json\/wp\/v2\/media?parent=4974"}],"wp:term":[{"taxonomy":"product_brand","embeddable":true,"href":"https:\/\/puffvapestore.com\/es\/wp-json\/wp\/v2\/product_brand?post=4974"},{"taxonomy":"product_cat","embeddable":true,"href":"https:\/\/puffvapestore.com\/es\/wp-json\/wp\/v2\/product_cat?post=4974"},{"taxonomy":"product_tag","embeddable":true,"href":"https:\/\/puffvapestore.com\/es\/wp-json\/wp\/v2\/product_tag?post=4974"}],"curies":[{"name":"wp","href":"https:\/\/api.w.org\/{rel}","templated":true}]}}