{"id":4924,"date":"2025-07-11T05:27:56","date_gmt":"2025-07-11T05:27:56","guid":{"rendered":"https:\/\/puffvapestore.com\/?post_type=product&#038;p=4924"},"modified":"2026-01-19T10:31:55","modified_gmt":"2026-01-19T10:31:55","slug":"randm-35000-sour-apple-pop-une-saveur-relaxante-et-enjouee","status":"publish","type":"product","link":"https:\/\/puffvapestore.com\/es\/product\/randm-35000-manzana-acida-pop-un-sabor-relajante-y-alegre\/","title":{"rendered":"RandM Tornado 35000 - Manzana \u00e1cida Pop"},"content":{"rendered":"<div data-elementor-type=\"wp-post\" data-elementor-id=\"4924\" class=\"elementor elementor-4924\">\n\t\t\t\t<div class=\"elementor-element elementor-element-08c26f9 e-flex e-con-boxed e-con e-parent\" data-id=\"08c26f9\" data-element_type=\"container\" data-e-type=\"container\">\n\t\t\t\t\t<div class=\"e-con-inner\">\n\t\t\t\t<div class=\"elementor-element elementor-element-a005a97 elementor-widget elementor-widget-text-editor\" data-id=\"a005a97\" data-element_type=\"widget\" data-e-type=\"widget\" data-widget_type=\"text-editor.default\">\n\t\t\t\t<div class=\"elementor-widget-container\">\n\t\t\t\t\t\t\t\t\t<p>Desde la primera bocanada, la refrescante estimulaci\u00f3n de las manzanas \u00e1cidas te invade, como morder una manzana verde reci\u00e9n cogida. Despu\u00e9s, una ligera sensaci\u00f3n de burbujas de soda emerge gradualmente, ligeramente dulce sin ser grasienta, creando un sabor relajante y juguet\u00f3n que te anima a reducir involuntariamente la velocidad. Busca un balc\u00f3n, si\u00e9ntate tranquilamente, el sol te acaricia, rel\u00e1jate y fuma tu cigarrillo electr\u00f3nico; en este momento, el mundo parece en silencio.<\/p><p><strong>Inhalaci\u00f3n inicial: la acidez de las manzanas verdes<\/strong><br \/>Al inhalar el humo, la primera sensaci\u00f3n que se experimenta es la acidez distintiva de Green Apple, similar a la que se siente al morder una manzana Granny Smith fresca. El sabor \u00e1cido es crujiente y refrescante, con un frescor afrutado natural que despierta r\u00e1pidamente las papilas gustativas. Esta sensaci\u00f3n es similar a la ligera astringencia de una manzana verde, llena de vitalidad.<\/p><p><strong>Sabor medio: equilibrado entre dulce y \u00e1cido<\/strong><br \/>A medida que se inhala el humo m\u00e1s profundamente, la acidez de la manzana verde se mezcla gradualmente con la dulzura de la piruleta, creando un equilibrio agridulce. El dulzor no es abrumador, sino que se manifiesta como un ligero sabor a caramelo, como el de un caramelo de fruta dura o una piruleta, a\u00f1adiendo un toque de dulzor a la acidez.<\/p><p><strong>Nota final: afrutado, regusto dulce<\/strong><br \/>Al exhalar, la acidez se desvanece gradualmente, dando paso al aroma fresco y afrutado de las manzanas verdes y al dulzor de las piruletas. Esta nota final ofrece un regusto dulce y azucarado, al tiempo que conserva un sabor refrescante. La exhalaci\u00f3n proporciona una agradable sensaci\u00f3n de frescor.<\/p>\t\t\t\t\t\t\t\t<\/div>\n\t\t\t\t<\/div>\n\t\t\t\t\t<\/div>\n\t\t\t\t<\/div>\n\t\t<div class=\"elementor-element elementor-element-718b380 e-flex e-con-boxed e-con e-parent\" data-id=\"718b380\" data-element_type=\"container\" data-e-type=\"container\">\n\t\t\t\t\t<div class=\"e-con-inner\">\n\t\t\t\t<div class=\"elementor-element elementor-element-d2cc8fa elementor-widget elementor-widget-text-editor\" data-id=\"d2cc8fa\" data-element_type=\"widget\" data-e-type=\"widget\" data-widget_type=\"text-editor.default\">\n\t\t\t\t<div class=\"elementor-widget-container\">\n\t\t\t\t\t\t\t\t\t<h2>Varias caladas: hasta 35.000 caladas<\/h2><p>El RandM Tornado 35000 Sour Apple Pop est\u00e1 equipado con un sistema de almacenamiento de l\u00edquido de gran capacidad y una tecnolog\u00eda de gesti\u00f3n de la bater\u00eda de alto rendimiento, que permite dar hasta 35.000 caladas. En comparaci\u00f3n con los cigarrillos electr\u00f3nicos desechables convencionales, su vida \u00fatil mejora considerablemente, lo que lo hace especialmente adecuado para usuarios intensivos o viajes largos, sin sustituci\u00f3n frecuente del equipo, para dar caladas largas sin cansarse.<\/p><h2>Elemento calefactor de doble malla: la combinaci\u00f3n perfecta de sabor intenso y atomizaci\u00f3n eficaz<\/h2><p>Adopta la avanzada tecnolog\u00eda de resistencia de doble malla de 1,2 \u03a9, que garantiza un calentamiento m\u00e1s uniforme y una atomizaci\u00f3n m\u00e1s completa. Ya se trate de sabores dulces, afrutados o helados, proporciona un nivel de sabor m\u00e1s completo y delicado. Al mismo tiempo, produce un humo m\u00e1s denso, ideal para los usuarios que buscan placer tanto gustativo como visual.<\/p><h2>Bater\u00eda recargable integrada de 700 mAh, eficiente y duradera, compatible con carga r\u00e1pida Type-C<\/h2><p>El RandM Tornado 35000 est\u00e1 equipado con una bater\u00eda de litio de 700 mAh de alto rendimiento para un uso continuo e ininterrumpido durante todo el d\u00eda. La interfaz Type-C mejora significativamente la velocidad de carga y reduce eficazmente el tiempo de espera. En comparaci\u00f3n con los cigarrillos electr\u00f3nicos desechables tradicionales, el dise\u00f1o recargable tambi\u00e9n es m\u00e1s respetuoso con el medio ambiente.<\/p><h2>Pantalla digital inteligente - Control del estado en tiempo real<\/h2><p>El RandM Tornado 35000 Sour Apple Pop est\u00e1 equipado con una pantalla digital inteligente de alta definici\u00f3n que muestra la carga restante y el nivel de e-l\u00edquido restante en tiempo real. Esto significa que los usuarios pueden realizar un seguimiento preciso de su estado de uso y evitar cualquier interrupci\u00f3n debida a un fallo de alimentaci\u00f3n o a la falta de e-l\u00edquido.<\/p><h2>Dise\u00f1o elegante y port\u00e1til, inspirado en el Digitalbox 12000<\/h2><p>Su dise\u00f1o se inspira en la famosa serie Digitalbox 12000, combinando modernidad y futurismo. Compacto y ligero, con esquinas redondeadas, ofrece una comodidad \u00f3ptima. F\u00e1cil de transportar, tambi\u00e9n es ideal para presumir de personalidad y gusto a la \u00faltima.<\/p><h2>No necesita mantenimiento: puro placer nada m\u00e1s sacarlo de la caja<\/h2><p>El RandM Tornado 35000 Sour Apple Pop no necesita mantenimiento: no es necesario a\u00f1adir e-l\u00edquido, limpiar ni sustituir piezas. Listo para usar directamente del envase, es perfecto para los usuarios que buscan practicidad y tranquilidad. Es ideal para viajes, reuniones o uso diario.<\/p><h2>Varias concentraciones de nicotina disponibles: para satisfacer sus necesidades<\/h2><p>Las concentraciones de nicotina de 0 %, 2 % y 5 % est\u00e1n disponibles para satisfacer las necesidades de cada usuario. Tanto si eres un usuario que busca reducir su dosis como un entusiasta de los cigarrillos electr\u00f3nicos que busca un potente golpe de garganta, encontrar\u00e1s la concentraci\u00f3n de nicotina ideal.<\/p>\t\t\t\t\t\t\t\t<\/div>\n\t\t\t\t<\/div>\n\t\t\t\t\t<\/div>\n\t\t\t\t<\/div>\n\t\t\t\t<\/div>","protected":false},"excerpt":{"rendered":"<p>D\u00e8s la premi\u00e8re bouff\u00e9e, la stimulation rafra\u00eechissante des pommes acidul\u00e9es vous envahit, comme si vous croquiez une pomme verte fra\u00eechement cueillie. Puis, une l\u00e9g\u00e8re sensation de bulles de soda \u00e9merge progressivement, l\u00e9g\u00e8rement sucr\u00e9e sans \u00eatre grasse, cr\u00e9ant une saveur relaxante et enjou\u00e9e qui vous incite \u00e0 ralentir involontairement le rythme. Trouvez un balcon, asseyez-vous tranquillement, [&hellip;]<\/p>\n","protected":false},"featured_media":4771,"comment_status":"open","ping_status":"closed","template":"","meta":{"site-sidebar-layout":"no-sidebar","site-content-layout":"page-builder","ast-site-content-layout":"normal-width-container","site-content-style":"default","site-sidebar-style":"default","ast-global-header-display":"","ast-banner-title-visibility":"","ast-main-header-display":"","ast-hfb-above-header-display":"","ast-hfb-below-header-display":"","ast-hfb-mobile-header-display":"","site-post-title":"disabled","ast-breadcrumbs-content":"","ast-featured-img":"disabled","footer-sml-layout":"","ast-disable-related-posts":"","theme-transparent-header-meta":"default","adv-header-id-meta":"","stick-header-meta":"default","header-above-stick-meta":"","header-main-stick-meta":"","header-below-stick-meta":"","astra-migrate-meta-layouts":"set","ast-page-background-enabled":"default","ast-page-background-meta":{"desktop":{"background-color":"","background-image":"","background-repeat":"repeat","background-position":"center center","background-size":"auto","background-attachment":"scroll","background-type":"","background-media":"","overlay-type":"","overlay-color":"","overlay-opacity":"","overlay-gradient":""},"tablet":{"background-color":"","background-image":"","background-repeat":"repeat","background-position":"center center","background-size":"auto","background-attachment":"scroll","background-type":"","background-media":"","overlay-type":"","overlay-color":"","overlay-opacity":"","overlay-gradient":""},"mobile":{"background-color":"","background-image":"","background-repeat":"repeat","background-position":"center center","background-size":"auto","background-attachment":"scroll","background-type":"","background-media":"","overlay-type":"","overlay-color":"","overlay-opacity":"","overlay-gradient":""}},"ast-content-background-meta":{"desktop":{"background-color":"var(--ast-global-color-5)","background-image":"","background-repeat":"repeat","background-position":"center center","background-size":"auto","background-attachment":"scroll","background-type":"","background-media":"","overlay-type":"","overlay-color":"","overlay-opacity":"","overlay-gradient":""},"tablet":{"background-color":"var(--ast-global-color-5)","background-image":"","background-repeat":"repeat","background-position":"center center","background-size":"auto","background-attachment":"scroll","background-type":"","background-media":"","overlay-type":"","overlay-color":"","overlay-opacity":"","overlay-gradient":""},"mobile":{"background-color":"var(--ast-global-color-5)","background-image":"","background-repeat":"repeat","background-position":"center center","background-size":"auto","background-attachment":"scroll","background-type":"","background-media":"","overlay-type":"","overlay-color":"","overlay-opacity":"","overlay-gradient":""}}},"product_brand":[42],"product_cat":[49,105,15],"product_tag":[],"class_list":{"0":"post-4924","1":"product","2":"type-product","3":"status-publish","4":"has-post-thumbnail","6":"product_brand-randm-tornado","7":"product_cat-randm-tornado-35000-offre-35000-bouffees-de-cigarettes","8":"product_cat-puff-35k","9":"product_cat-magasin-cigarette-electronique","10":"desktop-align-center","11":"tablet-align-center","12":"mobile-align-center","13":"ast-product-gallery-layout-horizontal","14":"ast-product-gallery-with-no-image","15":"ast-product-single-variable","16":"ast-product-tabs-layout-horizontal","17":"ast-qv-on-image","19":"first","20":"instock","21":"sale","22":"shipping-taxable","23":"purchasable","24":"product-type-variable","25":"has-default-attributes"},"tiered_pricing_type":"fixed","tiered_pricing_fixed_rules":{"50":12.99,"100":11.39,"200":10.79,"400":10.39},"tiered_pricing_product_settings":{"layout":"default","base_unit_name":{"singular":null,"plural":null},"default_variation":null},"tiered_pricing_minimum_quantity":null,"tiered_pricing_roles_data":[],"tiered_pricing_percentage_rules":[],"_links":{"self":[{"href":"https:\/\/puffvapestore.com\/es\/wp-json\/wp\/v2\/product\/4924","targetHints":{"allow":["GET"]}}],"collection":[{"href":"https:\/\/puffvapestore.com\/es\/wp-json\/wp\/v2\/product"}],"about":[{"href":"https:\/\/puffvapestore.com\/es\/wp-json\/wp\/v2\/types\/product"}],"replies":[{"embeddable":true,"href":"https:\/\/puffvapestore.com\/es\/wp-json\/wp\/v2\/comments?post=4924"}],"version-history":[{"count":6,"href":"https:\/\/puffvapestore.com\/es\/wp-json\/wp\/v2\/product\/4924\/revisions"}],"predecessor-version":[{"id":4933,"href":"https:\/\/puffvapestore.com\/es\/wp-json\/wp\/v2\/product\/4924\/revisions\/4933"}],"wp:featuredmedia":[{"embeddable":true,"href":"https:\/\/puffvapestore.com\/es\/wp-json\/wp\/v2\/media\/4771"}],"wp:attachment":[{"href":"https:\/\/puffvapestore.com\/es\/wp-json\/wp\/v2\/media?parent=4924"}],"wp:term":[{"taxonomy":"product_brand","embeddable":true,"href":"https:\/\/puffvapestore.com\/es\/wp-json\/wp\/v2\/product_brand?post=4924"},{"taxonomy":"product_cat","embeddable":true,"href":"https:\/\/puffvapestore.com\/es\/wp-json\/wp\/v2\/product_cat?post=4924"},{"taxonomy":"product_tag","embeddable":true,"href":"https:\/\/puffvapestore.com\/es\/wp-json\/wp\/v2\/product_tag?post=4924"}],"curies":[{"name":"wp","href":"https:\/\/api.w.org\/{rel}","templated":true}]}}