{"id":4914,"date":"2025-07-11T02:19:11","date_gmt":"2025-07-11T02:19:11","guid":{"rendered":"https:\/\/puffvapestore.com\/?post_type=product&#038;p=4914"},"modified":"2026-01-19T10:31:55","modified_gmt":"2026-01-19T10:31:55","slug":"randm-35000-cherry-bomb-limpact-aromatique-puissant","status":"publish","type":"product","link":"https:\/\/puffvapestore.com\/es\/product\/randm-35000-cherry-bomb-potente-impacto-aromatico\/","title":{"rendered":"RandM Tornado 35000 - Cherry Bomb"},"content":{"rendered":"<div data-elementor-type=\"wp-post\" data-elementor-id=\"4914\" class=\"elementor elementor-4914\">\n\t\t\t\t<div class=\"elementor-element elementor-element-08c26f9 e-flex e-con-boxed e-con e-parent\" data-id=\"08c26f9\" data-element_type=\"container\" data-e-type=\"container\">\n\t\t\t\t\t<div class=\"e-con-inner\">\n\t\t\t\t<div class=\"elementor-element elementor-element-a005a97 elementor-widget elementor-widget-text-editor\" data-id=\"a005a97\" data-element_type=\"widget\" data-e-type=\"widget\" data-widget_type=\"text-editor.default\">\n\t\t\t\t<div class=\"elementor-widget-container\">\n\t\t\t\t\t\t\t\t\t<p>RandM Tornado 35000 Cherry Bomb es un sabor de cigarrillo electr\u00f3nico con un potente impacto arom\u00e1tico, dise\u00f1ado para los amantes de la fruta y la dulzura. Este sabor, llamado \u00abCherry Bomb\u00bb, es potente, con cuerpo y rico, como su nombre indica.<\/p><h2>Nota principal : Aroma de cereza madura de color rojo oscuro<\/h2><p>La nota principal es la de una cereza roja oscura madura, con el dulzor de la pulpa natural y una ligera acidez, como una cereza jugosa reci\u00e9n cogida.<\/p><h2>Nota de coraz\u00f3n: dulzor similar al caramelo y una ligera sensaci\u00f3n de hielo<\/h2><p>Cherry Bomb no s\u00f3lo es afrutado, sino que tambi\u00e9n tiene un sabor dulce, parecido al de la cereza (como Jolly Rancher), con un dulzor moderado sin ser demasiado aceitoso.<\/p><h2>Nota de fondo: una ligera sensaci\u00f3n de explosi\u00f3n y aromas evocadores<\/h2><p>\u00abSensaci\u00f3n de bomba\u00bb: La nota de fondo de Cherry Bomb deja una ligera sensaci\u00f3n de explosi\u00f3n en el paladar, debido al impacto gustativo provocado por el aumento instant\u00e1neo de la concentraci\u00f3n olfativa, como si el sabor \u00abexplotara\u00bb en la lengua. Despu\u00e9s de fumar, el aroma agridulce de la cereza perdura en el paladar, con un regusto limpio.<\/p><p>Cherry Bomb ofrece una experiencia gustativa potente y explosiva, con un sabor afrutado concentrado, un dulzor similar al del caramelo y un ligero frescor. A medio camino entre el afrutado y el caramelo sint\u00e9tico, conserva el aroma afrutado natural al tiempo que a\u00f1ade un toque de \u2019explosi\u00f3n\u00ab para un resultado m\u00e1s atractivo. Si busca un sabor afrutado, no soso y memorable, merece la pena echarle un vistazo.<\/p>\t\t\t\t\t\t\t\t<\/div>\n\t\t\t\t<\/div>\n\t\t\t\t\t<\/div>\n\t\t\t\t<\/div>\n\t\t<div class=\"elementor-element elementor-element-718b380 e-flex e-con-boxed e-con e-parent\" data-id=\"718b380\" data-element_type=\"container\" data-e-type=\"container\">\n\t\t\t\t\t<div class=\"e-con-inner\">\n\t\t\t\t<div class=\"elementor-element elementor-element-d2cc8fa elementor-widget elementor-widget-text-editor\" data-id=\"d2cc8fa\" data-element_type=\"widget\" data-e-type=\"widget\" data-widget_type=\"text-editor.default\">\n\t\t\t\t<div class=\"elementor-widget-container\">\n\t\t\t\t\t\t\t\t\t<h2>Varias caladas: hasta 35.000 caladas<\/h2><p>El RandM Tornado 35000 est\u00e1 equipado con un sistema de almacenamiento de l\u00edquido de gran capacidad y una tecnolog\u00eda de gesti\u00f3n de la bater\u00eda de alto rendimiento, que permite dar hasta 35.000 caladas. En comparaci\u00f3n con los cigarrillos electr\u00f3nicos desechables convencionales, su vida \u00fatil mejora considerablemente, lo que lo hace especialmente adecuado para usuarios intensivos o viajes largos, sin sustituci\u00f3n frecuente del equipo, para dar caladas largas sin cansarse.<\/p><h2>Elemento calefactor de doble malla: la combinaci\u00f3n perfecta de sabor intenso y atomizaci\u00f3n eficaz<\/h2><p>Adopta la avanzada tecnolog\u00eda de resistencia de doble malla de 1,2 \u03a9, que garantiza un calentamiento m\u00e1s uniforme y una atomizaci\u00f3n m\u00e1s completa. Ya se trate de sabores dulces, afrutados o helados, proporciona un nivel de sabor m\u00e1s completo y delicado. Al mismo tiempo, produce un humo m\u00e1s denso, ideal para los usuarios que buscan placer tanto gustativo como visual.<\/p><h2>Bater\u00eda recargable integrada de 700 mAh, eficiente y duradera, compatible con carga r\u00e1pida Type-C<\/h2><p>El RandM Tornado 35000 est\u00e1 equipado con una bater\u00eda de litio de 700 mAh de alto rendimiento para un uso continuo e ininterrumpido durante todo el d\u00eda. La interfaz Type-C mejora significativamente la velocidad de carga y reduce eficazmente el tiempo de espera. En comparaci\u00f3n con los cigarrillos electr\u00f3nicos desechables tradicionales, el dise\u00f1o recargable tambi\u00e9n es m\u00e1s respetuoso con el medio ambiente.<\/p><h2>Pantalla digital inteligente - Control del estado en tiempo real<\/h2><p>El RandM Tornado 35000 est\u00e1 equipado con una pantalla digital inteligente de alta definici\u00f3n que muestra la carga restante y el nivel de e-l\u00edquido restante en tiempo real. Esto significa que los usuarios pueden realizar un seguimiento preciso de su estado de uso y evitar cualquier interrupci\u00f3n debida a un fallo de alimentaci\u00f3n o a la falta de e-l\u00edquido.<\/p><h2>Dise\u00f1o elegante y port\u00e1til, inspirado en el Digitalbox 12000<\/h2><p>Su dise\u00f1o se inspira en la famosa serie Digitalbox 12000, combinando modernidad y futurismo. Compacto y ligero, con esquinas redondeadas, ofrece una comodidad \u00f3ptima. F\u00e1cil de transportar, tambi\u00e9n es ideal para presumir de personalidad y gusto a la \u00faltima.<\/p><h2>No necesita mantenimiento: puro placer nada m\u00e1s sacarlo de la caja<\/h2><p>El RandM Tornado 35000 no necesita mantenimiento: no es necesario a\u00f1adir e-l\u00edquido, limpiar ni sustituir piezas. Listo para usar nada m\u00e1s sacarlo de la caja, es perfecto para los usuarios que buscan practicidad y tranquilidad. Es ideal para viajes, reuniones o uso diario.<\/p><h2>Varias concentraciones de nicotina disponibles: para satisfacer sus necesidades<\/h2><p>Las concentraciones de nicotina de 0 %, 2 % y 5 % est\u00e1n disponibles para satisfacer las necesidades de cada usuario. Tanto si eres un usuario que busca reducir su dosis como un entusiasta de los cigarrillos electr\u00f3nicos que busca un potente golpe de garganta, encontrar\u00e1s la concentraci\u00f3n de nicotina ideal.<\/p>\t\t\t\t\t\t\t\t<\/div>\n\t\t\t\t<\/div>\n\t\t\t\t\t<\/div>\n\t\t\t\t<\/div>\n\t\t\t\t<\/div>","protected":false},"excerpt":{"rendered":"<p>RandM Tornado 35000 Cherry Bomb est un ar\u00f4me de cigarette \u00e9lectronique \u00e0 l&rsquo;impact aromatique puissant, con\u00e7u pour les amateurs de fruits et de sucr\u00e9. Cet ar\u00f4me, appel\u00e9 \u00ab\u00a0Cherry Bomb\u00a0\u00bb, est puissant, ample et riche, comme son nom l&rsquo;indique. Note principale\u00a0: Ar\u00f4me de cerise rouge fonc\u00e9e m\u00fbre La note principale est celle d&rsquo;une cerise rouge fonc\u00e9e [&hellip;]<\/p>\n","protected":false},"featured_media":4762,"comment_status":"open","ping_status":"closed","template":"","meta":{"site-sidebar-layout":"no-sidebar","site-content-layout":"page-builder","ast-site-content-layout":"normal-width-container","site-content-style":"default","site-sidebar-style":"default","ast-global-header-display":"","ast-banner-title-visibility":"","ast-main-header-display":"","ast-hfb-above-header-display":"","ast-hfb-below-header-display":"","ast-hfb-mobile-header-display":"","site-post-title":"disabled","ast-breadcrumbs-content":"","ast-featured-img":"disabled","footer-sml-layout":"","ast-disable-related-posts":"","theme-transparent-header-meta":"default","adv-header-id-meta":"","stick-header-meta":"default","header-above-stick-meta":"","header-main-stick-meta":"","header-below-stick-meta":"","astra-migrate-meta-layouts":"set","ast-page-background-enabled":"default","ast-page-background-meta":{"desktop":{"background-color":"","background-image":"","background-repeat":"repeat","background-position":"center center","background-size":"auto","background-attachment":"scroll","background-type":"","background-media":"","overlay-type":"","overlay-color":"","overlay-opacity":"","overlay-gradient":""},"tablet":{"background-color":"","background-image":"","background-repeat":"repeat","background-position":"center center","background-size":"auto","background-attachment":"scroll","background-type":"","background-media":"","overlay-type":"","overlay-color":"","overlay-opacity":"","overlay-gradient":""},"mobile":{"background-color":"","background-image":"","background-repeat":"repeat","background-position":"center center","background-size":"auto","background-attachment":"scroll","background-type":"","background-media":"","overlay-type":"","overlay-color":"","overlay-opacity":"","overlay-gradient":""}},"ast-content-background-meta":{"desktop":{"background-color":"var(--ast-global-color-5)","background-image":"","background-repeat":"repeat","background-position":"center center","background-size":"auto","background-attachment":"scroll","background-type":"","background-media":"","overlay-type":"","overlay-color":"","overlay-opacity":"","overlay-gradient":""},"tablet":{"background-color":"var(--ast-global-color-5)","background-image":"","background-repeat":"repeat","background-position":"center center","background-size":"auto","background-attachment":"scroll","background-type":"","background-media":"","overlay-type":"","overlay-color":"","overlay-opacity":"","overlay-gradient":""},"mobile":{"background-color":"var(--ast-global-color-5)","background-image":"","background-repeat":"repeat","background-position":"center center","background-size":"auto","background-attachment":"scroll","background-type":"","background-media":"","overlay-type":"","overlay-color":"","overlay-opacity":"","overlay-gradient":""}}},"product_brand":[42],"product_cat":[49,105,15],"product_tag":[],"class_list":{"0":"post-4914","1":"product","2":"type-product","3":"status-publish","4":"has-post-thumbnail","6":"product_brand-randm-tornado","7":"product_cat-randm-tornado-35000-offre-35000-bouffees-de-cigarettes","8":"product_cat-puff-35k","9":"product_cat-magasin-cigarette-electronique","10":"desktop-align-center","11":"tablet-align-center","12":"mobile-align-center","13":"ast-product-gallery-layout-horizontal","14":"ast-product-gallery-with-no-image","15":"ast-product-single-variable","16":"ast-product-tabs-layout-horizontal","17":"ast-qv-on-image","19":"first","20":"instock","21":"sale","22":"shipping-taxable","23":"purchasable","24":"product-type-variable","25":"has-default-attributes"},"tiered_pricing_type":"fixed","tiered_pricing_fixed_rules":{"50":12.99,"100":11.39,"200":10.79,"400":10.39},"tiered_pricing_product_settings":{"layout":"default","base_unit_name":{"singular":null,"plural":null},"default_variation":null},"tiered_pricing_minimum_quantity":null,"tiered_pricing_roles_data":[],"tiered_pricing_percentage_rules":[],"_links":{"self":[{"href":"https:\/\/puffvapestore.com\/es\/wp-json\/wp\/v2\/product\/4914","targetHints":{"allow":["GET"]}}],"collection":[{"href":"https:\/\/puffvapestore.com\/es\/wp-json\/wp\/v2\/product"}],"about":[{"href":"https:\/\/puffvapestore.com\/es\/wp-json\/wp\/v2\/types\/product"}],"replies":[{"embeddable":true,"href":"https:\/\/puffvapestore.com\/es\/wp-json\/wp\/v2\/comments?post=4914"}],"version-history":[{"count":6,"href":"https:\/\/puffvapestore.com\/es\/wp-json\/wp\/v2\/product\/4914\/revisions"}],"predecessor-version":[{"id":4923,"href":"https:\/\/puffvapestore.com\/es\/wp-json\/wp\/v2\/product\/4914\/revisions\/4923"}],"wp:featuredmedia":[{"embeddable":true,"href":"https:\/\/puffvapestore.com\/es\/wp-json\/wp\/v2\/media\/4762"}],"wp:attachment":[{"href":"https:\/\/puffvapestore.com\/es\/wp-json\/wp\/v2\/media?parent=4914"}],"wp:term":[{"taxonomy":"product_brand","embeddable":true,"href":"https:\/\/puffvapestore.com\/es\/wp-json\/wp\/v2\/product_brand?post=4914"},{"taxonomy":"product_cat","embeddable":true,"href":"https:\/\/puffvapestore.com\/es\/wp-json\/wp\/v2\/product_cat?post=4914"},{"taxonomy":"product_tag","embeddable":true,"href":"https:\/\/puffvapestore.com\/es\/wp-json\/wp\/v2\/product_tag?post=4914"}],"curies":[{"name":"wp","href":"https:\/\/api.w.org\/{rel}","templated":true}]}}