{"id":4734,"date":"2025-07-09T11:26:05","date_gmt":"2025-07-09T11:26:05","guid":{"rendered":"https:\/\/puffvapestore.com\/?post_type=product&#038;p=4734"},"modified":"2026-01-19T10:36:00","modified_gmt":"2026-01-19T10:36:00","slug":"cola-ice-randm-tornado-30000","status":"publish","type":"product","link":"https:\/\/puffvapestore.com\/es\/product\/cola-ice-randm-tornado-30000\/","title":{"rendered":"Cola Ice - RandM Tornado 30000"},"content":{"rendered":"<div data-elementor-type=\"wp-post\" data-elementor-id=\"4734\" class=\"elementor elementor-4734\">\n\t\t\t\t<div class=\"elementor-element elementor-element-08c26f9 e-flex e-con-boxed e-con e-parent\" data-id=\"08c26f9\" data-element_type=\"container\" data-e-type=\"container\">\n\t\t\t\t\t<div class=\"e-con-inner\">\n\t\t\t\t<div class=\"elementor-element elementor-element-a005a97 elementor-widget elementor-widget-text-editor\" data-id=\"a005a97\" data-element_type=\"widget\" data-e-type=\"widget\" data-widget_type=\"text-editor.default\">\n\t\t\t\t<div class=\"elementor-widget-container\">\n\t\t\t\t\t\t\t\t\t<p>En el mundo de los cigarrillos electr\u00f3nicos, el RandM Tornado 30000 destaca por sus excelentes prestaciones y su dise\u00f1o \u00fanico. El sabor Cola Ice le da un toque de frescura y encanto cl\u00e1sico. Inspirado en el cl\u00e1sico refresco de cola, mezclado con el refrescante aroma de la menta helada, ofrece una experiencia de sabor vigorizante, igual que tomar un refresco de cola helado en un caluroso d\u00eda de verano. Tanto si es un entusiasta de los cigarrillos electr\u00f3nicos que busca un sabor puro o una experiencia \u00fanica, este producto le proporcionar\u00e1 una satisfacci\u00f3n inigualable.<\/p><h2>Sabor principal : Cola<\/h2><p>Sabor cl\u00e1sico y retro a Cola: Nada m\u00e1s inhalar, se percibe inmediatamente el aroma de las bebidas gaseosas, similar al de Coca-Cola o Pepsi, con un dulzor moderado. El suave dulzor a caramelo perdura en el paladar, recordando a la cl\u00e1sica Cola embotellada.<\/p><h2>Sabor secundario : Menta<\/h2><p>Al exhalar, la frescura de la menta invade el paladar, proporcionando un final fresco y embriagador. La adici\u00f3n de menta diferencia a Cola Ice de los cigarrillos electr\u00f3nicos puramente dulces, a\u00f1adiendo una dimensi\u00f3n refrescante, haciendo que cada inhalaci\u00f3n y exhalaci\u00f3n est\u00e9n llenas de vitalidad. Ideal para usar a lo largo del d\u00eda, especialmente para refrescarse o relajarse.<\/p><h2>Experiencia general<\/h2><ul><li>Nota de cabeza: El sabor suave, parecido al de la Cola, aparece primero, agradablemente.<\/li><li>Nota de coraz\u00f3n: La sensaci\u00f3n de frescor aumenta progresivamente, reforzando la sensaci\u00f3n de estratificaci\u00f3n.<\/li><li>Nota de fondo: La sensaci\u00f3n de hielo termina con un ligero dulzor a caramelo y un regusto refrescante.<\/li><\/ul>\t\t\t\t\t\t\t\t<\/div>\n\t\t\t\t<\/div>\n\t\t\t\t\t<\/div>\n\t\t\t\t<\/div>\n\t\t<div class=\"elementor-element elementor-element-718b380 e-flex e-con-boxed e-con e-parent\" data-id=\"718b380\" data-element_type=\"container\" data-e-type=\"container\">\n\t\t\t\t\t<div class=\"e-con-inner\">\n\t\t\t\t<div class=\"elementor-element elementor-element-d2cc8fa elementor-widget elementor-widget-text-editor\" data-id=\"d2cc8fa\" data-element_type=\"widget\" data-e-type=\"widget\" data-widget_type=\"text-editor.default\">\n\t\t\t\t<div class=\"elementor-widget-container\">\n\t\t\t\t\t\t\t\t\t<h2>Caracter\u00edsticas principales del RandM Tornado 30000<\/h2><p><strong>Gran autonom\u00eda: hasta 30.000 caladas<\/strong><br \/>La RandM Tornado 30000 tiene una autonom\u00eda de 30.000 inhalaciones, mucho m\u00e1s que las desechables convencionales, lo que la convierte en la opci\u00f3n ideal para usuarios intensivos.<\/p><p><strong>Bater\u00eda recargable, ecol\u00f3gica y pr\u00e1ctica<\/strong><br \/>Bater\u00eda de litio integrada de alto rendimiento de 600 mAh, compatible con la carga r\u00e1pida Type-C, m\u00e1s duradera y pr\u00e1ctica de usar, que reduce los residuos electr\u00f3nicos.<\/p><p><strong>Gran capacidad de e-l\u00edquido: 25 ml de l\u00edquido precargado<\/strong><br \/>E-l\u00edquido pre-llenado, sin necesidad de rellenar varias veces, adecuado para el uso a largo plazo. Incluso con un uso frecuente, puede durar varias semanas, y los usuarios ocasionales varios meses.<\/p><p><strong>Concentraci\u00f3n opcional de sal de nicotina: 2 % \/ 5 %<\/strong><br \/>Adaptado a las necesidades nicot\u00ednicas de cada usuario, desde el m\u00e1s ligero al m\u00e1s fuerte.<\/p><p><strong>Elemento calefactor de malla: calentamiento uniforme, sabor incomparable<\/strong><br \/>Gracias a la avanzada tecnolog\u00eda de resistencia de malla, el e-l\u00edquido se calienta de forma m\u00e1s uniforme, para una experiencia de fumada completa, suave y continua.<\/p><h2>Dise\u00f1o innovador y divertida experiencia del RandM Tornado 30000<\/h2><p><strong>Carcasa transparente y luz indicadora din\u00e1mica<\/strong><br \/>El dep\u00f3sito de aceite visual permite ver el nivel de aceite en tiempo real, mientras que el indicador luminoso LED din\u00e1mico proporciona informaci\u00f3n en tiempo real sobre el estado de funcionamiento de la m\u00e1quina: un concentrado de tecnolog\u00eda.<\/p><p><strong>Efecto de luz RGB sincronizado con la m\u00fasica: placer visual y auditivo<\/strong><br \/>El exclusivo sistema de iluminaci\u00f3n RGB parpadea al ritmo de la m\u00fasica, creando un ambiente relajado para fiestas, salidas nocturnas y otras ocasiones, para disfrutar de la mejor experiencia de entretenimiento.<\/p><p><strong>Aspecto ergon\u00f3mico: c\u00f3modo, elegante y port\u00e1til en la mano<\/strong><br \/>Su cuerpo ligero y su dise\u00f1o adaptado a la palma de la mano lo hacen ideal para un uso prolongado en casa, en el trabajo o de viaje.<\/p><h2>Ventajas del RandM Tornado 30000<\/h2><p><strong>No requiere mantenimiento<\/strong>\u00a0No es necesario a\u00f1adir e-l\u00edquido ni sustituir piezas, ideal para principiantes y usuarios perezosos.<\/p><p><strong>Alta fiabilidad<\/strong>\u00a0Fabricado con materiales de alta calidad, ofrece una excelente durabilidad y una impermeabilidad \u00f3ptima.<\/p><p><strong>Listo para usar<\/strong>\u00a0Sin necesidad de interruptor, basta con inhalar, intuitivo y pr\u00e1ctico de usar.<\/p><p><strong>Variedad de elecci\u00f3n\u00a0<\/strong>Diferentes sabores y concentraciones de nicotina para todos los gustos.<\/p>\t\t\t\t\t\t\t\t<\/div>\n\t\t\t\t<\/div>\n\t\t\t\t\t<\/div>\n\t\t\t\t<\/div>\n\t\t\t\t<\/div>","protected":false},"excerpt":{"rendered":"<p>Dans le monde de la cigarette \u00e9lectronique, la RandM Tornado 30000 se distingue par ses excellentes performances et son design unique. L&rsquo;ar\u00f4me Cola Ice lui conf\u00e8re une touche de fra\u00eecheur et de charme classique. Inspir\u00e9 du cola classique, m\u00eal\u00e9 \u00e0 l&rsquo;odeur rafra\u00eechissante de menthe glac\u00e9e, il offre une exp\u00e9rience gustative revigorante, comme si vous sirotiez [&hellip;]<\/p>\n","protected":false},"featured_media":4486,"comment_status":"open","ping_status":"closed","template":"","meta":{"site-sidebar-layout":"no-sidebar","site-content-layout":"page-builder","ast-site-content-layout":"normal-width-container","site-content-style":"default","site-sidebar-style":"default","ast-global-header-display":"","ast-banner-title-visibility":"","ast-main-header-display":"","ast-hfb-above-header-display":"","ast-hfb-below-header-display":"","ast-hfb-mobile-header-display":"","site-post-title":"disabled","ast-breadcrumbs-content":"","ast-featured-img":"disabled","footer-sml-layout":"","ast-disable-related-posts":"","theme-transparent-header-meta":"default","adv-header-id-meta":"","stick-header-meta":"default","header-above-stick-meta":"","header-main-stick-meta":"","header-below-stick-meta":"","astra-migrate-meta-layouts":"set","ast-page-background-enabled":"default","ast-page-background-meta":{"desktop":{"background-color":"","background-image":"","background-repeat":"repeat","background-position":"center center","background-size":"auto","background-attachment":"scroll","background-type":"","background-media":"","overlay-type":"","overlay-color":"","overlay-opacity":"","overlay-gradient":""},"tablet":{"background-color":"","background-image":"","background-repeat":"repeat","background-position":"center center","background-size":"auto","background-attachment":"scroll","background-type":"","background-media":"","overlay-type":"","overlay-color":"","overlay-opacity":"","overlay-gradient":""},"mobile":{"background-color":"","background-image":"","background-repeat":"repeat","background-position":"center center","background-size":"auto","background-attachment":"scroll","background-type":"","background-media":"","overlay-type":"","overlay-color":"","overlay-opacity":"","overlay-gradient":""}},"ast-content-background-meta":{"desktop":{"background-color":"var(--ast-global-color-5)","background-image":"","background-repeat":"repeat","background-position":"center center","background-size":"auto","background-attachment":"scroll","background-type":"","background-media":"","overlay-type":"","overlay-color":"","overlay-opacity":"","overlay-gradient":""},"tablet":{"background-color":"var(--ast-global-color-5)","background-image":"","background-repeat":"repeat","background-position":"center center","background-size":"auto","background-attachment":"scroll","background-type":"","background-media":"","overlay-type":"","overlay-color":"","overlay-opacity":"","overlay-gradient":""},"mobile":{"background-color":"var(--ast-global-color-5)","background-image":"","background-repeat":"repeat","background-position":"center center","background-size":"auto","background-attachment":"scroll","background-type":"","background-media":"","overlay-type":"","overlay-color":"","overlay-opacity":"","overlay-gradient":""}}},"product_brand":[42],"product_cat":[48,86,15],"product_tag":[],"class_list":{"0":"post-4734","1":"product","2":"type-product","3":"status-publish","4":"has-post-thumbnail","6":"product_brand-randm-tornado","7":"product_cat-randm-tornado-30000-concentre-de-fun","8":"product_cat-puff-30k","9":"product_cat-magasin-cigarette-electronique","10":"desktop-align-center","11":"tablet-align-center","12":"mobile-align-center","13":"ast-product-gallery-layout-horizontal","14":"ast-product-gallery-with-no-image","15":"ast-product-single-variable","16":"ast-product-tabs-layout-horizontal","17":"ast-qv-on-image","19":"first","20":"instock","21":"sale","22":"shipping-taxable","23":"purchasable","24":"product-type-variable","25":"has-default-attributes"},"tiered_pricing_type":"fixed","tiered_pricing_fixed_rules":{"50":9.38,"100":8.45,"200":7.95,"400":7.59},"tiered_pricing_product_settings":{"layout":"default","base_unit_name":{"singular":null,"plural":null},"default_variation":null},"tiered_pricing_minimum_quantity":null,"tiered_pricing_roles_data":[],"tiered_pricing_percentage_rules":[],"_links":{"self":[{"href":"https:\/\/puffvapestore.com\/es\/wp-json\/wp\/v2\/product\/4734","targetHints":{"allow":["GET"]}}],"collection":[{"href":"https:\/\/puffvapestore.com\/es\/wp-json\/wp\/v2\/product"}],"about":[{"href":"https:\/\/puffvapestore.com\/es\/wp-json\/wp\/v2\/types\/product"}],"replies":[{"embeddable":true,"href":"https:\/\/puffvapestore.com\/es\/wp-json\/wp\/v2\/comments?post=4734"}],"version-history":[{"count":14,"href":"https:\/\/puffvapestore.com\/es\/wp-json\/wp\/v2\/product\/4734\/revisions"}],"predecessor-version":[{"id":4750,"href":"https:\/\/puffvapestore.com\/es\/wp-json\/wp\/v2\/product\/4734\/revisions\/4750"}],"wp:featuredmedia":[{"embeddable":true,"href":"https:\/\/puffvapestore.com\/es\/wp-json\/wp\/v2\/media\/4486"}],"wp:attachment":[{"href":"https:\/\/puffvapestore.com\/es\/wp-json\/wp\/v2\/media?parent=4734"}],"wp:term":[{"taxonomy":"product_brand","embeddable":true,"href":"https:\/\/puffvapestore.com\/es\/wp-json\/wp\/v2\/product_brand?post=4734"},{"taxonomy":"product_cat","embeddable":true,"href":"https:\/\/puffvapestore.com\/es\/wp-json\/wp\/v2\/product_cat?post=4734"},{"taxonomy":"product_tag","embeddable":true,"href":"https:\/\/puffvapestore.com\/es\/wp-json\/wp\/v2\/product_tag?post=4734"}],"curies":[{"name":"wp","href":"https:\/\/api.w.org\/{rel}","templated":true}]}}