{"id":4716,"date":"2025-07-09T06:07:13","date_gmt":"2025-07-09T06:07:13","guid":{"rendered":"https:\/\/puffvapestore.com\/?post_type=product&#038;p=4716"},"modified":"2026-01-19T10:36:00","modified_gmt":"2026-01-19T10:36:00","slug":"vimto-randm-tornado-30000","status":"publish","type":"product","link":"https:\/\/puffvapestore.com\/es\/product\/vimto-randm-tornado-30000\/","title":{"rendered":"Vimto - RandM Tornado 30000"},"content":{"rendered":"<div data-elementor-type=\"wp-post\" data-elementor-id=\"4716\" class=\"elementor elementor-4716\">\n\t\t\t\t<div class=\"elementor-element elementor-element-08c26f9 e-flex e-con-boxed e-con e-parent\" data-id=\"08c26f9\" data-element_type=\"container\" data-e-type=\"container\">\n\t\t\t\t\t<div class=\"e-con-inner\">\n\t\t\t\t<div class=\"elementor-element elementor-element-a005a97 elementor-widget elementor-widget-text-editor\" data-id=\"a005a97\" data-element_type=\"widget\" data-e-type=\"widget\" data-widget_type=\"text-editor.default\">\n\t\t\t\t<div class=\"elementor-widget-container\">\n\t\t\t\t\t\t\t\t\t<p>En Francia, tierra de romanticismo y naturaleza, el cigarrillo electr\u00f3nico Vimto aromatizado RandM Tornado 30000 se ha convertido en un excelente compa\u00f1ero para explorar los sabores y el arte de vivir, gracias a su sabor \u00fanico y a sus excelentes prestaciones. Imag\u00ednese caminando por un sendero sin se\u00f1alizar en la campi\u00f1a francesa, rodeado de trigo dorado y lavanda en flor, con una suave brisa y el aroma de la tierra y las flores. Entonces saca de su bolsillo la ligera RandM Tornado 30000. Su carcasa transparente refleja la cristalina luz del sol. Pulsa el bot\u00f3n de encendido y un toque del aroma dulce y afrutado de Vimto florece al instante, llev\u00e1ndote a un maravilloso viaje gustativo y visual.<\/p><h2>Sabor Vimto: un encanto afrutado y dulce que despierta los sentidos<\/h2><h3>Principales ingredientes del sabor Vimto :<\/h3><ul><li>Uva: El sabor Vimto se basa en aromas de uva intensos, dulces y jugosos. Este sabor a uva aporta un dulzor rico y redondo al conjunto, proporcionando un aroma afrutado familiar, como si estuvieras sorbiendo una aut\u00e9ntica bebida Vimto.<\/li><li>Frambuesas: Las frambuesas aportan una acidez viva y afrutada al sabor. Este sabor agridulce equilibra el dulzor de la uva, a\u00f1adiendo complejidad y vivacidad a cada calada.<\/li><li>Grosella negra: La grosella negra aporta un profundo y rico sabor afrutado con un regusto ligeramente \u00e1cido. Este ingrediente profundiza la complejidad del sabor general, haci\u00e9ndolo menos dulce y nauseabundo, al tiempo que conserva una satisfactoria riqueza de sabor.<\/li><\/ul><p>Inspirado en el cl\u00e1sico aroma ingl\u00e9s de frutas mixtas, Vimto combina el intenso dulzor de la grosella negra, la frambuesa y la uva con un toque de fresca acidez, como si un fest\u00edn de verano floreciera en la punta de la lengua. Esta fragancia es especialmente popular en el mundo franc\u00e9s, donde los franceses abogan por un estilo de vida refinado y buscan la mezcla perfecta de sabor y est\u00e9tica. El sabor \u00fanico de Vimto no s\u00f3lo satisface las papilas gustativas gourmet y los antojos de dulce, sino que tambi\u00e9n est\u00e1 a la altura del alto nivel de los franceses cuando se trata de comida y bebida. En una carretera rural, d\u00e9 una ligera calada a un cigarrillo electr\u00f3nico y el aroma afrutado de Vimto se extender\u00e1 lentamente por el paladar, proporcionando un placer familiar y a la vez nuevo, como disfrutar de un batido cuidadosamente preparado, dulce sin ser grasiento, refrescante y agradable.<\/p>\t\t\t\t\t\t\t\t<\/div>\n\t\t\t\t<\/div>\n\t\t\t\t\t<\/div>\n\t\t\t\t<\/div>\n\t\t<div class=\"elementor-element elementor-element-718b380 e-flex e-con-boxed e-con e-parent\" data-id=\"718b380\" data-element_type=\"container\" data-e-type=\"container\">\n\t\t\t\t\t<div class=\"e-con-inner\">\n\t\t\t\t<div class=\"elementor-element elementor-element-d2cc8fa elementor-widget elementor-widget-text-editor\" data-id=\"d2cc8fa\" data-element_type=\"widget\" data-e-type=\"widget\" data-widget_type=\"text-editor.default\">\n\t\t\t\t<div class=\"elementor-widget-container\">\n\t\t\t\t\t\t\t\t\t<h2>Caracter\u00edsticas principales del RandM Tornado 30000<\/h2><p><strong>Gran autonom\u00eda: hasta 30.000 caladas<\/strong><br \/>La RandM Tornado 30000 tiene una autonom\u00eda de 30.000 inhalaciones, mucho m\u00e1s que las desechables convencionales, lo que la convierte en la opci\u00f3n ideal para usuarios intensivos.<\/p><p><strong>Bater\u00eda recargable, ecol\u00f3gica y pr\u00e1ctica<\/strong><br \/>Bater\u00eda de litio integrada de alto rendimiento de 600 mAh, compatible con la carga r\u00e1pida Type-C, m\u00e1s duradera y pr\u00e1ctica de usar, que reduce los residuos electr\u00f3nicos.<\/p><p><strong>Gran capacidad de e-l\u00edquido: 25 ml de l\u00edquido precargado<\/strong><br \/>E-l\u00edquido pre-llenado, sin necesidad de rellenar varias veces, adecuado para el uso a largo plazo. Incluso con un uso frecuente, puede durar varias semanas, y los usuarios ocasionales varios meses.<\/p><p><strong>Concentraci\u00f3n opcional de sal de nicotina: 2 % \/ 5 %<\/strong><br \/>Adaptado a las necesidades nicot\u00ednicas de cada usuario, desde el m\u00e1s ligero al m\u00e1s fuerte.<\/p><p><strong>Elemento calefactor de malla: calentamiento uniforme, sabor incomparable<\/strong><br \/>Gracias a la avanzada tecnolog\u00eda de resistencia de malla, el e-l\u00edquido se calienta de forma m\u00e1s uniforme, para una experiencia de fumada completa, suave y continua.<\/p><h2>Dise\u00f1o innovador y divertida experiencia del RandM Tornado 30000<\/h2><p><strong>Carcasa transparente y luz indicadora din\u00e1mica<\/strong><br \/>El dep\u00f3sito de aceite visual permite ver el nivel de aceite en tiempo real, mientras que el indicador luminoso LED din\u00e1mico proporciona informaci\u00f3n en tiempo real sobre el estado de funcionamiento de la m\u00e1quina: un concentrado de tecnolog\u00eda.<\/p><p><strong>Efecto de luz RGB sincronizado con la m\u00fasica: placer visual y auditivo<\/strong><br \/>El exclusivo sistema de iluminaci\u00f3n RGB parpadea al ritmo de la m\u00fasica, creando un ambiente relajado para fiestas, salidas nocturnas y otras ocasiones, para disfrutar de la mejor experiencia de entretenimiento.<\/p><p><strong>Aspecto ergon\u00f3mico: c\u00f3modo, elegante y port\u00e1til en la mano<\/strong><br \/>Su cuerpo ligero y su dise\u00f1o adaptado a la palma de la mano lo hacen ideal para un uso prolongado en casa, en el trabajo o de viaje.<\/p><h2>Ventajas del RandM Tornado 30000<\/h2><p><strong>No requiere mantenimiento<\/strong>\u00a0No es necesario a\u00f1adir e-l\u00edquido ni sustituir piezas, ideal para principiantes y usuarios perezosos.<\/p><p><strong>Alta fiabilidad<\/strong>\u00a0Fabricado con materiales de alta calidad, ofrece una excelente durabilidad y una impermeabilidad \u00f3ptima.<\/p><p><strong>Listo para usar<\/strong>\u00a0Sin necesidad de interruptor, basta con inhalar, intuitivo y pr\u00e1ctico de usar.<\/p><p><strong>Variedad de elecci\u00f3n\u00a0<\/strong>Diferentes sabores y concentraciones de nicotina para todos los gustos.<\/p>\t\t\t\t\t\t\t\t<\/div>\n\t\t\t\t<\/div>\n\t\t\t\t\t<\/div>\n\t\t\t\t<\/div>\n\t\t\t\t<\/div>","protected":false},"excerpt":{"rendered":"<p>En France, terre de romantisme et de nature, la cigarette \u00e9lectronique RandM Tornado 30000 aromatis\u00e9e Vimto est devenue un excellent compagnon pour explorer les saveurs et l&rsquo;art de vivre gr\u00e2ce \u00e0 son ar\u00f4me unique et ses excellentes performances. Imaginez-vous marcher sur un chemin non balis\u00e9 dans la campagne fran\u00e7aise, entour\u00e9 de bl\u00e9s dor\u00e9s et de [&hellip;]<\/p>\n","protected":false},"featured_media":4507,"comment_status":"open","ping_status":"closed","template":"","meta":{"site-sidebar-layout":"no-sidebar","site-content-layout":"page-builder","ast-site-content-layout":"normal-width-container","site-content-style":"default","site-sidebar-style":"default","ast-global-header-display":"","ast-banner-title-visibility":"","ast-main-header-display":"","ast-hfb-above-header-display":"","ast-hfb-below-header-display":"","ast-hfb-mobile-header-display":"","site-post-title":"disabled","ast-breadcrumbs-content":"","ast-featured-img":"disabled","footer-sml-layout":"","ast-disable-related-posts":"","theme-transparent-header-meta":"default","adv-header-id-meta":"","stick-header-meta":"default","header-above-stick-meta":"","header-main-stick-meta":"","header-below-stick-meta":"","astra-migrate-meta-layouts":"set","ast-page-background-enabled":"default","ast-page-background-meta":{"desktop":{"background-color":"","background-image":"","background-repeat":"repeat","background-position":"center center","background-size":"auto","background-attachment":"scroll","background-type":"","background-media":"","overlay-type":"","overlay-color":"","overlay-opacity":"","overlay-gradient":""},"tablet":{"background-color":"","background-image":"","background-repeat":"repeat","background-position":"center center","background-size":"auto","background-attachment":"scroll","background-type":"","background-media":"","overlay-type":"","overlay-color":"","overlay-opacity":"","overlay-gradient":""},"mobile":{"background-color":"","background-image":"","background-repeat":"repeat","background-position":"center center","background-size":"auto","background-attachment":"scroll","background-type":"","background-media":"","overlay-type":"","overlay-color":"","overlay-opacity":"","overlay-gradient":""}},"ast-content-background-meta":{"desktop":{"background-color":"var(--ast-global-color-5)","background-image":"","background-repeat":"repeat","background-position":"center center","background-size":"auto","background-attachment":"scroll","background-type":"","background-media":"","overlay-type":"","overlay-color":"","overlay-opacity":"","overlay-gradient":""},"tablet":{"background-color":"var(--ast-global-color-5)","background-image":"","background-repeat":"repeat","background-position":"center center","background-size":"auto","background-attachment":"scroll","background-type":"","background-media":"","overlay-type":"","overlay-color":"","overlay-opacity":"","overlay-gradient":""},"mobile":{"background-color":"var(--ast-global-color-5)","background-image":"","background-repeat":"repeat","background-position":"center center","background-size":"auto","background-attachment":"scroll","background-type":"","background-media":"","overlay-type":"","overlay-color":"","overlay-opacity":"","overlay-gradient":""}}},"product_brand":[42],"product_cat":[48,86,15],"product_tag":[],"class_list":{"0":"post-4716","1":"product","2":"type-product","3":"status-publish","4":"has-post-thumbnail","6":"product_brand-randm-tornado","7":"product_cat-randm-tornado-30000-concentre-de-fun","8":"product_cat-puff-30k","9":"product_cat-magasin-cigarette-electronique","10":"desktop-align-center","11":"tablet-align-center","12":"mobile-align-center","13":"ast-product-gallery-layout-horizontal","14":"ast-product-gallery-with-no-image","15":"ast-product-single-variable","16":"ast-product-tabs-layout-horizontal","17":"ast-qv-on-image","19":"first","20":"instock","21":"sale","22":"shipping-taxable","23":"purchasable","24":"product-type-variable","25":"has-default-attributes"},"tiered_pricing_type":"fixed","tiered_pricing_fixed_rules":{"50":9.38,"100":8.45,"200":7.95,"400":7.59},"tiered_pricing_product_settings":{"layout":"default","base_unit_name":{"singular":null,"plural":null},"default_variation":null},"tiered_pricing_minimum_quantity":null,"tiered_pricing_roles_data":[],"tiered_pricing_percentage_rules":[],"_links":{"self":[{"href":"https:\/\/puffvapestore.com\/es\/wp-json\/wp\/v2\/product\/4716","targetHints":{"allow":["GET"]}}],"collection":[{"href":"https:\/\/puffvapestore.com\/es\/wp-json\/wp\/v2\/product"}],"about":[{"href":"https:\/\/puffvapestore.com\/es\/wp-json\/wp\/v2\/types\/product"}],"replies":[{"embeddable":true,"href":"https:\/\/puffvapestore.com\/es\/wp-json\/wp\/v2\/comments?post=4716"}],"version-history":[{"count":6,"href":"https:\/\/puffvapestore.com\/es\/wp-json\/wp\/v2\/product\/4716\/revisions"}],"predecessor-version":[{"id":4724,"href":"https:\/\/puffvapestore.com\/es\/wp-json\/wp\/v2\/product\/4716\/revisions\/4724"}],"wp:featuredmedia":[{"embeddable":true,"href":"https:\/\/puffvapestore.com\/es\/wp-json\/wp\/v2\/media\/4507"}],"wp:attachment":[{"href":"https:\/\/puffvapestore.com\/es\/wp-json\/wp\/v2\/media?parent=4716"}],"wp:term":[{"taxonomy":"product_brand","embeddable":true,"href":"https:\/\/puffvapestore.com\/es\/wp-json\/wp\/v2\/product_brand?post=4716"},{"taxonomy":"product_cat","embeddable":true,"href":"https:\/\/puffvapestore.com\/es\/wp-json\/wp\/v2\/product_cat?post=4716"},{"taxonomy":"product_tag","embeddable":true,"href":"https:\/\/puffvapestore.com\/es\/wp-json\/wp\/v2\/product_tag?post=4716"}],"curies":[{"name":"wp","href":"https:\/\/api.w.org\/{rel}","templated":true}]}}