{"id":4667,"date":"2025-07-08T08:15:28","date_gmt":"2025-07-08T08:15:28","guid":{"rendered":"https:\/\/puffvapestore.com\/?post_type=product&#038;p=4667"},"modified":"2026-01-19T10:36:01","modified_gmt":"2026-01-19T10:36:01","slug":"randm-30000-puff-lush-ice","status":"publish","type":"product","link":"https:\/\/puffvapestore.com\/es\/product\/randm-30000-puff-hielo-exuberante\/","title":{"rendered":"Lush Ice - RandM Tornado 30000"},"content":{"rendered":"<div data-elementor-type=\"wp-post\" data-elementor-id=\"4667\" class=\"elementor elementor-4667\">\n\t\t\t\t<div class=\"elementor-element elementor-element-08c26f9 e-flex e-con-boxed e-con e-parent\" data-id=\"08c26f9\" data-element_type=\"container\" data-e-type=\"container\">\n\t\t\t\t\t<div class=\"e-con-inner\">\n\t\t\t\t<div class=\"elementor-element elementor-element-a005a97 elementor-widget elementor-widget-text-editor\" data-id=\"a005a97\" data-element_type=\"widget\" data-e-type=\"widget\" data-widget_type=\"text-editor.default\">\n\t\t\t\t<div class=\"elementor-widget-container\">\n\t\t\t\t\t\t\t\t\t<p>Lush Ice es un sabor cl\u00e1sico de cigarrillo electr\u00f3nico, afrutado y refrescante, dominado por la dulce sand\u00eda, con un regusto a menta fresca, para una experiencia de fumada estimulante. Este sabor est\u00e1 dise\u00f1ado tanto para los d\u00edas calurosos de verano como para el uso diario, para aquellos que buscan una sensaci\u00f3n refrescante, combinando la dulzura de la fruta con el frescor del hielo.<\/p><h2>Nota principal: jugoso aroma a sand\u00eda.<\/h2><p>Dulzor natural: El humo desprende un aroma muy realista a pulpa de sand\u00eda, lejos del sabor artificial de los caramelos, pero cercano al dulzor jugoso y ligeramente perfumado de una aut\u00e9ntica sand\u00eda madura.<\/p><p>Pulpa de fruta: Se siente la pulpa de la fruta en la boca, como si se masticara una sand\u00eda, con el zumo saliendo a borbotones. El dulzor se acompa\u00f1a de un ligero toque verde, para un sabor equilibrado.<\/p><h2>Notas secundarias : Menta fresca<\/h2><p>Sensaci\u00f3n de hielo de media a fuerte: Al inhalar, la garganta se ve inmediatamente golpeada por el fr\u00edo. Esta sensaci\u00f3n refrescante no es un fr\u00edo intenso que atraviesa la garganta, sino una sensaci\u00f3n de hielo refrescante que se extiende gradualmente, desliz\u00e1ndose desde la boca hasta la garganta.<\/p><p>Frescor y dulzor: Este frescor combina perfectamente con el dulzor y no interrumpe la continuidad del sabor afrutado, sino que hace que el sabor de la sand\u00eda sea m\u00e1s refrescante.<\/p><h2>Nota de fondo y regusto<\/h2><p>Aroma persistente: Unos segundos despu\u00e9s de la inhalaci\u00f3n, todav\u00eda se puede detectar un ligero aroma afrutado a sand\u00eda y una sensaci\u00f3n de frescor en el paladar, sin sensaci\u00f3n grasa, ideal para un consumo prolongado.<\/p><p>Limpio y no grasiento: A diferencia de algunos cigarrillos electr\u00f3nicos afrutados con un sabor \u00abgrasiento\u00bb o \u00abalmibarado\u00bb, Lush Ice tiende a ser m\u00e1s afrutado y limpio, con un sutil sabor a hierbas, ofreciendo una aut\u00e9ntica experiencia de sand\u00eda helada en verano.<\/p><h2>Detalles y experiencia<\/h2><p>Refrescante y refrescante: Lush Ice se describe como \u00abuna fusi\u00f3n perfecta de sand\u00eda tropical y menta fresca\u00bb, especialmente indicada para usuarios en busca de frescor. Su sensaci\u00f3n refrescante es comparable a la de un vaso de zumo de sand\u00eda helado en un caluroso d\u00eda de verano, proporcionando una sensaci\u00f3n instant\u00e1nea de bienestar.<\/p><p>Uso: Este aroma es ideal para el uso diario, especialmente durante actividades al aire libre, eventos sociales o como refrescante. Su mezcla fresca y afrutada lo convierte en un aroma vers\u00e1til, adecuado tanto para usuarios principiantes como experimentados.<\/p>\t\t\t\t\t\t\t\t<\/div>\n\t\t\t\t<\/div>\n\t\t\t\t\t<\/div>\n\t\t\t\t<\/div>\n\t\t<div class=\"elementor-element elementor-element-718b380 e-flex e-con-boxed e-con e-parent\" data-id=\"718b380\" data-element_type=\"container\" data-e-type=\"container\">\n\t\t\t\t\t<div class=\"e-con-inner\">\n\t\t\t\t<div class=\"elementor-element elementor-element-d2cc8fa elementor-widget elementor-widget-text-editor\" data-id=\"d2cc8fa\" data-element_type=\"widget\" data-e-type=\"widget\" data-widget_type=\"text-editor.default\">\n\t\t\t\t<div class=\"elementor-widget-container\">\n\t\t\t\t\t\t\t\t\t<h2>Especificaciones del RandM Tornado 30000 :<\/h2><p>N\u00famero de caladas: Hasta 30.000 caladas, lo que lo convierte en uno de los cigarrillos electr\u00f3nicos desechables m\u00e1s duraderos del mercado.<\/p><p>Bater\u00eda: Equipada con una bater\u00eda recargable de 600 mAh, se recarga a trav\u00e9s de un puerto Type-C para una carga r\u00e1pida y eficiente.<\/p><p>Capacidad del dep\u00f3sito : Contiene 25 ml de e-l\u00edquido precargado.<\/p><p>Dosis de nicotina: Disponible en 2 sales de nicotina % o 5 sales de nicotina % para satisfacer todas las necesidades.<\/p><p>Tecnolog\u00eda Mesh Coil: Garantiza una experiencia de vapeo consistente, suave y deliciosa al calentar uniformemente el e-l\u00edquido.<\/p><p>Dise\u00f1o: Su carcasa ligera y transparente controla el nivel de e-l\u00edquido y dispone de indicadores luminosos din\u00e1micos que muestran la actividad de la resistencia de malla.<\/p><p>Funci\u00f3n musical: Equipado con un exclusivo juego de luces RGB sincronizadas con la m\u00fasica, a\u00f1ade un toque visual y divertido a tus cigarrillos electr\u00f3nicos.<\/p><p>Durabilidad: Fabricada con materiales de \u00faltima generaci\u00f3n, es altamente fiable y cuenta con tecnolog\u00eda a prueba de fugas de e-l\u00edquido, por lo que es ideal para el uso diario y los viajes.<\/p><h2>Prestaciones y ventajas del RandM Tornado 30000<\/h2><p>Duraci\u00f3n del l\u00edquido: 25 ml de l\u00edquido precargado permiten un uso duradero sin necesidad de recarga, pero la duraci\u00f3n var\u00eda en funci\u00f3n del uso. Los usuarios habituales de cigarrillos electr\u00f3nicos pueden usarlo durante semanas, mientras que los usuarios habituales pueden usarlo durante meses.<\/p><p>Sabor: Gracias a la tecnolog\u00eda de resistencia de malla, el sabor es naturalmente rico y el volumen de humo estable.<\/p><p>F\u00e1cil de usar: Sin botones ni ajustes complicados, s\u00f3lo hay que aspirar para activar, f\u00e1cil de usar incluso para principiantes. Sin mantenimiento (no requiere recarga ni sustituci\u00f3n de la resistencia), para mayor comodidad.<\/p><p>Dise\u00f1o: Su iluminaci\u00f3n LED y su carcasa ergon\u00f3mica le a\u00f1aden atractivo.<\/p>\t\t\t\t\t\t\t\t<\/div>\n\t\t\t\t<\/div>\n\t\t\t\t\t<\/div>\n\t\t\t\t<\/div>\n\t\t\t\t<\/div>","protected":false},"excerpt":{"rendered":"<p>Lush Ice est un ar\u00f4me classique de cigarette \u00e9lectronique, fruit\u00e9 et rafra\u00eechissant, domin\u00e9 par la past\u00e8que sucr\u00e9e, avec un arri\u00e8re-go\u00fbt menthol\u00e9 frais, pour une exp\u00e9rience de fumage exaltante. Cet ar\u00f4me est con\u00e7u pour les chaudes journ\u00e9es d&rsquo;\u00e9t\u00e9 comme pour une utilisation quotidienne, pour ceux qui recherchent une sensation de fra\u00eecheur, alliant la douceur des fruits [&hellip;]<\/p>\n","protected":false},"featured_media":4494,"comment_status":"open","ping_status":"closed","template":"","meta":{"site-sidebar-layout":"no-sidebar","site-content-layout":"page-builder","ast-site-content-layout":"normal-width-container","site-content-style":"default","site-sidebar-style":"default","ast-global-header-display":"","ast-banner-title-visibility":"","ast-main-header-display":"","ast-hfb-above-header-display":"","ast-hfb-below-header-display":"","ast-hfb-mobile-header-display":"","site-post-title":"disabled","ast-breadcrumbs-content":"","ast-featured-img":"disabled","footer-sml-layout":"","ast-disable-related-posts":"","theme-transparent-header-meta":"default","adv-header-id-meta":"","stick-header-meta":"default","header-above-stick-meta":"","header-main-stick-meta":"","header-below-stick-meta":"","astra-migrate-meta-layouts":"set","ast-page-background-enabled":"default","ast-page-background-meta":{"desktop":{"background-color":"","background-image":"","background-repeat":"repeat","background-position":"center center","background-size":"auto","background-attachment":"scroll","background-type":"","background-media":"","overlay-type":"","overlay-color":"","overlay-opacity":"","overlay-gradient":""},"tablet":{"background-color":"","background-image":"","background-repeat":"repeat","background-position":"center center","background-size":"auto","background-attachment":"scroll","background-type":"","background-media":"","overlay-type":"","overlay-color":"","overlay-opacity":"","overlay-gradient":""},"mobile":{"background-color":"","background-image":"","background-repeat":"repeat","background-position":"center center","background-size":"auto","background-attachment":"scroll","background-type":"","background-media":"","overlay-type":"","overlay-color":"","overlay-opacity":"","overlay-gradient":""}},"ast-content-background-meta":{"desktop":{"background-color":"var(--ast-global-color-5)","background-image":"","background-repeat":"repeat","background-position":"center center","background-size":"auto","background-attachment":"scroll","background-type":"","background-media":"","overlay-type":"","overlay-color":"","overlay-opacity":"","overlay-gradient":""},"tablet":{"background-color":"var(--ast-global-color-5)","background-image":"","background-repeat":"repeat","background-position":"center center","background-size":"auto","background-attachment":"scroll","background-type":"","background-media":"","overlay-type":"","overlay-color":"","overlay-opacity":"","overlay-gradient":""},"mobile":{"background-color":"var(--ast-global-color-5)","background-image":"","background-repeat":"repeat","background-position":"center center","background-size":"auto","background-attachment":"scroll","background-type":"","background-media":"","overlay-type":"","overlay-color":"","overlay-opacity":"","overlay-gradient":""}}},"product_brand":[42],"product_cat":[48,86,15],"product_tag":[],"class_list":{"0":"post-4667","1":"product","2":"type-product","3":"status-publish","4":"has-post-thumbnail","6":"product_brand-randm-tornado","7":"product_cat-randm-tornado-30000-concentre-de-fun","8":"product_cat-puff-30k","9":"product_cat-magasin-cigarette-electronique","10":"desktop-align-center","11":"tablet-align-center","12":"mobile-align-center","13":"ast-product-gallery-layout-horizontal","14":"ast-product-gallery-with-no-image","15":"ast-product-single-variable","16":"ast-product-tabs-layout-horizontal","17":"ast-qv-on-image","19":"first","20":"instock","21":"sale","22":"shipping-taxable","23":"purchasable","24":"product-type-variable","25":"has-default-attributes"},"tiered_pricing_type":"fixed","tiered_pricing_fixed_rules":{"50":9.38,"100":8.45,"200":7.95,"400":7.59},"tiered_pricing_product_settings":{"layout":"default","base_unit_name":{"singular":null,"plural":null},"default_variation":null},"tiered_pricing_minimum_quantity":null,"tiered_pricing_roles_data":[],"tiered_pricing_percentage_rules":[],"_links":{"self":[{"href":"https:\/\/puffvapestore.com\/es\/wp-json\/wp\/v2\/product\/4667","targetHints":{"allow":["GET"]}}],"collection":[{"href":"https:\/\/puffvapestore.com\/es\/wp-json\/wp\/v2\/product"}],"about":[{"href":"https:\/\/puffvapestore.com\/es\/wp-json\/wp\/v2\/types\/product"}],"replies":[{"embeddable":true,"href":"https:\/\/puffvapestore.com\/es\/wp-json\/wp\/v2\/comments?post=4667"}],"version-history":[{"count":6,"href":"https:\/\/puffvapestore.com\/es\/wp-json\/wp\/v2\/product\/4667\/revisions"}],"predecessor-version":[{"id":4675,"href":"https:\/\/puffvapestore.com\/es\/wp-json\/wp\/v2\/product\/4667\/revisions\/4675"}],"wp:featuredmedia":[{"embeddable":true,"href":"https:\/\/puffvapestore.com\/es\/wp-json\/wp\/v2\/media\/4494"}],"wp:attachment":[{"href":"https:\/\/puffvapestore.com\/es\/wp-json\/wp\/v2\/media?parent=4667"}],"wp:term":[{"taxonomy":"product_brand","embeddable":true,"href":"https:\/\/puffvapestore.com\/es\/wp-json\/wp\/v2\/product_brand?post=4667"},{"taxonomy":"product_cat","embeddable":true,"href":"https:\/\/puffvapestore.com\/es\/wp-json\/wp\/v2\/product_cat?post=4667"},{"taxonomy":"product_tag","embeddable":true,"href":"https:\/\/puffvapestore.com\/es\/wp-json\/wp\/v2\/product_tag?post=4667"}],"curies":[{"name":"wp","href":"https:\/\/api.w.org\/{rel}","templated":true}]}}