{"id":4658,"date":"2025-07-08T07:09:18","date_gmt":"2025-07-08T07:09:18","guid":{"rendered":"https:\/\/puffvapestore.com\/?post_type=product&#038;p=4658"},"modified":"2026-01-19T10:36:01","modified_gmt":"2026-01-19T10:36:01","slug":"peach-ice-randm-tornado-30000","status":"publish","type":"product","link":"https:\/\/puffvapestore.com\/es\/product\/melocoton-helado-randm-tornado-30000\/","title":{"rendered":"Melocot\u00f3n Helado - RandM Tornado 30000"},"content":{"rendered":"<div data-elementor-type=\"wp-post\" data-elementor-id=\"4658\" class=\"elementor elementor-4658\">\n\t\t\t\t<div class=\"elementor-element elementor-element-08c26f9 e-flex e-con-boxed e-con e-parent\" data-id=\"08c26f9\" data-element_type=\"container\" data-e-type=\"container\">\n\t\t\t\t\t<div class=\"e-con-inner\">\n\t\t\t\t<div class=\"elementor-element elementor-element-a005a97 elementor-widget elementor-widget-text-editor\" data-id=\"a005a97\" data-element_type=\"widget\" data-e-type=\"widget\" data-widget_type=\"text-editor.default\">\n\t\t\t\t<div class=\"elementor-widget-container\">\n\t\t\t\t\t\t\t\t\t<h2>Nota de fondo de melocot\u00f3n dulce :<\/h2><p>El sabor principal es la dulzura natural de los melocotones maduros, con un ligero toque agridulce, que capta perfectamente la esencia de los melocotones frescos del verano. Con cada bocanada de humo, el aroma afrutado de los melocotones invade tu nariz, proporcion\u00e1ndote una rica experiencia afrutada, haci\u00e9ndote sentir como si estuvieras en un huerto soleado.<\/p><h2>Nota de fondo de menta fresca :<\/h2><p>Al exhalar, la frescura de la menta emerge gradualmente, a\u00f1adiendo un toque refrescante a la dulzura de los melocotones. Este frescor perdura unos segundos en el paladar, un poco como el regusto de los melocotones glaseados o de un zumo helado de verano.<\/p><h2>Caracter\u00edsticas generales del sabor :<\/h2><ul><li>Equilibrio de las notas principales: Se consigue un buen equilibrio entre dulzor y frescor, sin exagerar ninguno de los dos.<\/li><li>Sabor natural: m\u00e1s parecido a la \u00abfruta real\u00bb que a un caramelo, ideal para los amantes de los aut\u00e9nticos sabores afrutados.<\/li><li>Ligero y f\u00e1cil de fumar: ni pesado ni grasiento, ideal para un consumo prolongado, sobre todo en verano o para refrescarse.<\/li><li>Dulce sensaci\u00f3n en la garganta: ligero golpe en la garganta, ideal para los amantes de los sabores dulces.<\/li><\/ul>\t\t\t\t\t\t\t\t<\/div>\n\t\t\t\t<\/div>\n\t\t\t\t\t<\/div>\n\t\t\t\t<\/div>\n\t\t<div class=\"elementor-element elementor-element-718b380 e-flex e-con-boxed e-con e-parent\" data-id=\"718b380\" data-element_type=\"container\" data-e-type=\"container\">\n\t\t\t\t\t<div class=\"e-con-inner\">\n\t\t\t\t<div class=\"elementor-element elementor-element-d2cc8fa elementor-widget elementor-widget-text-editor\" data-id=\"d2cc8fa\" data-element_type=\"widget\" data-e-type=\"widget\" data-widget_type=\"text-editor.default\">\n\t\t\t\t<div class=\"elementor-widget-container\">\n\t\t\t\t\t\t\t\t\t<h2>Especificaciones del RandM Tornado 30000 :<\/h2><p>N\u00famero de caladas: Hasta 30.000 caladas, lo que lo convierte en uno de los cigarrillos electr\u00f3nicos desechables m\u00e1s duraderos del mercado.<\/p><p>Bater\u00eda: Equipada con una bater\u00eda recargable de 600 mAh, se recarga a trav\u00e9s de un puerto Type-C para una carga r\u00e1pida y eficiente.<\/p><p>Capacidad del dep\u00f3sito : Contiene 25 ml de e-l\u00edquido precargado.<\/p><p>Dosis de nicotina: Disponible en 2 sales de nicotina % o 5 sales de nicotina % para satisfacer todas las necesidades.<\/p><p>Tecnolog\u00eda Mesh Coil: Garantiza una experiencia de vapeo consistente, suave y deliciosa al calentar uniformemente el e-l\u00edquido.<\/p><p>Dise\u00f1o: Su carcasa ligera y transparente controla el nivel de e-l\u00edquido y dispone de indicadores luminosos din\u00e1micos que muestran la actividad de la resistencia de malla.<\/p><p>Funci\u00f3n musical: Equipado con un exclusivo juego de luces RGB sincronizadas con la m\u00fasica, a\u00f1ade un toque visual y divertido a tus cigarrillos electr\u00f3nicos.<\/p><p>Durabilidad: Fabricada con materiales de \u00faltima generaci\u00f3n, es altamente fiable y cuenta con tecnolog\u00eda a prueba de fugas de e-l\u00edquido, por lo que es ideal para el uso diario y los viajes.<\/p><h2>Prestaciones y ventajas del RandM Tornado 30000<\/h2><p>Duraci\u00f3n del l\u00edquido: 25 ml de l\u00edquido precargado permiten un uso duradero sin necesidad de recarga, pero la duraci\u00f3n var\u00eda en funci\u00f3n del uso. Los usuarios habituales de cigarrillos electr\u00f3nicos pueden usarlo durante semanas, mientras que los usuarios habituales pueden usarlo durante meses.<\/p><p>Sabor: Gracias a la tecnolog\u00eda de resistencia de malla, el sabor es naturalmente rico y el volumen de humo estable.<\/p><p>F\u00e1cil de usar: Sin botones ni ajustes complicados, s\u00f3lo hay que aspirar para activar, f\u00e1cil de usar incluso para principiantes. Sin mantenimiento (no requiere recarga ni sustituci\u00f3n de la resistencia), para mayor comodidad.<\/p><p>Dise\u00f1o: Su iluminaci\u00f3n LED y su carcasa ergon\u00f3mica le a\u00f1aden atractivo.<\/p>\t\t\t\t\t\t\t\t<\/div>\n\t\t\t\t<\/div>\n\t\t\t\t\t<\/div>\n\t\t\t\t<\/div>\n\t\t\t\t<\/div>","protected":false},"excerpt":{"rendered":"<p>Note de fond de p\u00eache sucr\u00e9e : La saveur principale est la douceur naturelle des p\u00eaches m\u00fbres, avec une l\u00e9g\u00e8re note aigre-douce, capturant parfaitement l&rsquo;essence des p\u00eaches fra\u00eeches d&rsquo;\u00e9t\u00e9. \u00c0 chaque bouff\u00e9e de fum\u00e9e, l&rsquo;ar\u00f4me fruit\u00e9 de la p\u00eache envahit votre nez, vous offrant une exp\u00e9rience fruit\u00e9e riche, vous donnant l&rsquo;impression d&rsquo;\u00eatre dans un verger [&hellip;]<\/p>\n","protected":false},"featured_media":4497,"comment_status":"open","ping_status":"closed","template":"","meta":{"site-sidebar-layout":"no-sidebar","site-content-layout":"page-builder","ast-site-content-layout":"normal-width-container","site-content-style":"default","site-sidebar-style":"default","ast-global-header-display":"","ast-banner-title-visibility":"","ast-main-header-display":"","ast-hfb-above-header-display":"","ast-hfb-below-header-display":"","ast-hfb-mobile-header-display":"","site-post-title":"disabled","ast-breadcrumbs-content":"","ast-featured-img":"disabled","footer-sml-layout":"","ast-disable-related-posts":"","theme-transparent-header-meta":"default","adv-header-id-meta":"","stick-header-meta":"default","header-above-stick-meta":"","header-main-stick-meta":"","header-below-stick-meta":"","astra-migrate-meta-layouts":"set","ast-page-background-enabled":"default","ast-page-background-meta":{"desktop":{"background-color":"","background-image":"","background-repeat":"repeat","background-position":"center center","background-size":"auto","background-attachment":"scroll","background-type":"","background-media":"","overlay-type":"","overlay-color":"","overlay-opacity":"","overlay-gradient":""},"tablet":{"background-color":"","background-image":"","background-repeat":"repeat","background-position":"center center","background-size":"auto","background-attachment":"scroll","background-type":"","background-media":"","overlay-type":"","overlay-color":"","overlay-opacity":"","overlay-gradient":""},"mobile":{"background-color":"","background-image":"","background-repeat":"repeat","background-position":"center center","background-size":"auto","background-attachment":"scroll","background-type":"","background-media":"","overlay-type":"","overlay-color":"","overlay-opacity":"","overlay-gradient":""}},"ast-content-background-meta":{"desktop":{"background-color":"var(--ast-global-color-5)","background-image":"","background-repeat":"repeat","background-position":"center center","background-size":"auto","background-attachment":"scroll","background-type":"","background-media":"","overlay-type":"","overlay-color":"","overlay-opacity":"","overlay-gradient":""},"tablet":{"background-color":"var(--ast-global-color-5)","background-image":"","background-repeat":"repeat","background-position":"center center","background-size":"auto","background-attachment":"scroll","background-type":"","background-media":"","overlay-type":"","overlay-color":"","overlay-opacity":"","overlay-gradient":""},"mobile":{"background-color":"var(--ast-global-color-5)","background-image":"","background-repeat":"repeat","background-position":"center center","background-size":"auto","background-attachment":"scroll","background-type":"","background-media":"","overlay-type":"","overlay-color":"","overlay-opacity":"","overlay-gradient":""}}},"product_brand":[42],"product_cat":[48,86,15],"product_tag":[],"class_list":{"0":"post-4658","1":"product","2":"type-product","3":"status-publish","4":"has-post-thumbnail","6":"product_brand-randm-tornado","7":"product_cat-randm-tornado-30000-concentre-de-fun","8":"product_cat-puff-30k","9":"product_cat-magasin-cigarette-electronique","10":"desktop-align-center","11":"tablet-align-center","12":"mobile-align-center","13":"ast-product-gallery-layout-horizontal","14":"ast-product-gallery-with-no-image","15":"ast-product-single-variable","16":"ast-product-tabs-layout-horizontal","17":"ast-qv-on-image","19":"first","20":"instock","21":"sale","22":"shipping-taxable","23":"purchasable","24":"product-type-variable","25":"has-default-attributes"},"tiered_pricing_type":"fixed","tiered_pricing_fixed_rules":{"50":9.38,"100":8.45,"200":7.95,"400":7.59},"tiered_pricing_product_settings":{"layout":"default","base_unit_name":{"singular":null,"plural":null},"default_variation":null},"tiered_pricing_minimum_quantity":null,"tiered_pricing_roles_data":[],"tiered_pricing_percentage_rules":[],"_links":{"self":[{"href":"https:\/\/puffvapestore.com\/es\/wp-json\/wp\/v2\/product\/4658","targetHints":{"allow":["GET"]}}],"collection":[{"href":"https:\/\/puffvapestore.com\/es\/wp-json\/wp\/v2\/product"}],"about":[{"href":"https:\/\/puffvapestore.com\/es\/wp-json\/wp\/v2\/types\/product"}],"replies":[{"embeddable":true,"href":"https:\/\/puffvapestore.com\/es\/wp-json\/wp\/v2\/comments?post=4658"}],"version-history":[{"count":6,"href":"https:\/\/puffvapestore.com\/es\/wp-json\/wp\/v2\/product\/4658\/revisions"}],"predecessor-version":[{"id":4666,"href":"https:\/\/puffvapestore.com\/es\/wp-json\/wp\/v2\/product\/4658\/revisions\/4666"}],"wp:featuredmedia":[{"embeddable":true,"href":"https:\/\/puffvapestore.com\/es\/wp-json\/wp\/v2\/media\/4497"}],"wp:attachment":[{"href":"https:\/\/puffvapestore.com\/es\/wp-json\/wp\/v2\/media?parent=4658"}],"wp:term":[{"taxonomy":"product_brand","embeddable":true,"href":"https:\/\/puffvapestore.com\/es\/wp-json\/wp\/v2\/product_brand?post=4658"},{"taxonomy":"product_cat","embeddable":true,"href":"https:\/\/puffvapestore.com\/es\/wp-json\/wp\/v2\/product_cat?post=4658"},{"taxonomy":"product_tag","embeddable":true,"href":"https:\/\/puffvapestore.com\/es\/wp-json\/wp\/v2\/product_tag?post=4658"}],"curies":[{"name":"wp","href":"https:\/\/api.w.org\/{rel}","templated":true}]}}