{"id":4518,"date":"2025-07-07T09:40:14","date_gmt":"2025-07-07T09:40:14","guid":{"rendered":"https:\/\/puffvapestore.com\/?post_type=product&#038;p=4518"},"modified":"2026-01-19T10:36:00","modified_gmt":"2026-01-19T10:36:00","slug":"randm-tornado-30000-propose-30-saveurs","status":"publish","type":"product","link":"https:\/\/puffvapestore.com\/es\/product\/randm-tornado-30000-ofrece-30-sabores\/","title":{"rendered":"RandM Tornado 30000: 30000 bocanadas de humo, recarga mediante puerto Tipo-C"},"content":{"rendered":"<div data-elementor-type=\"wp-post\" data-elementor-id=\"4518\" class=\"elementor elementor-4518\">\n\t\t\t\t<div class=\"elementor-element elementor-element-718b380 e-flex e-con-boxed e-con e-parent\" data-id=\"718b380\" data-element_type=\"container\" data-e-type=\"container\">\n\t\t\t\t\t<div class=\"e-con-inner\">\n\t\t\t\t<div class=\"elementor-element elementor-element-d2cc8fa elementor-widget elementor-widget-text-editor\" data-id=\"d2cc8fa\" data-element_type=\"widget\" data-e-type=\"widget\" data-widget_type=\"text-editor.default\">\n\t\t\t\t<div class=\"elementor-widget-container\">\n\t\t\t\t\t\t\t\t\t<h2>Especificaciones del RandM Tornado 30000 :<\/h2><p>N\u00famero de caladas: Hasta 30.000 caladas, lo que lo convierte en uno de los cigarrillos electr\u00f3nicos desechables m\u00e1s duraderos del mercado.<\/p><p>Bater\u00eda: Equipada con una bater\u00eda recargable de 600 mAh, se recarga a trav\u00e9s de un puerto Type-C para una carga r\u00e1pida y eficiente.<\/p><p>Capacidad del dep\u00f3sito : Contiene 25 ml de e-l\u00edquido precargado.<\/p><p>Dosis de nicotina: Disponible en 2 sales de nicotina % o 5 sales de nicotina % para satisfacer todas las necesidades.<\/p><p>Tecnolog\u00eda Mesh Coil: Garantiza una experiencia de vapeo consistente, suave y deliciosa al calentar uniformemente el e-l\u00edquido.<\/p><p>Dise\u00f1o: Su carcasa ligera y transparente controla el nivel de e-l\u00edquido y dispone de indicadores luminosos din\u00e1micos que muestran la actividad de la resistencia de malla.<\/p><p>Funci\u00f3n musical: Equipado con un exclusivo juego de luces RGB sincronizadas con la m\u00fasica, a\u00f1ade un toque visual y divertido a tus cigarrillos electr\u00f3nicos.<\/p><p>Durabilidad: Fabricada con materiales de \u00faltima generaci\u00f3n, es altamente fiable y cuenta con tecnolog\u00eda a prueba de fugas de e-l\u00edquido, por lo que es ideal para el uso diario y los viajes.<\/p><h2>Prestaciones y ventajas del RandM Tornado 30000<\/h2><p>Duraci\u00f3n del l\u00edquido: 25 ml de l\u00edquido precargado permiten un uso duradero sin necesidad de recarga, pero la duraci\u00f3n var\u00eda en funci\u00f3n del uso. Los usuarios habituales de cigarrillos electr\u00f3nicos pueden usarlo durante semanas, mientras que los usuarios habituales pueden usarlo durante meses.<\/p><p>Sabor: Gracias a la tecnolog\u00eda de resistencia de malla, el sabor es naturalmente rico y el volumen de humo estable.<\/p><p>F\u00e1cil de usar: Sin botones ni ajustes complicados, s\u00f3lo hay que aspirar para activar, f\u00e1cil de usar incluso para principiantes. Sin mantenimiento (no requiere recarga ni sustituci\u00f3n de la resistencia), para mayor comodidad.<\/p><p>Dise\u00f1o: Su iluminaci\u00f3n LED y su carcasa ergon\u00f3mica le a\u00f1aden atractivo.<\/p>\t\t\t\t\t\t\t\t<\/div>\n\t\t\t\t<\/div>\n\t\t\t\t\t<\/div>\n\t\t\t\t<\/div>\n\t\t<div class=\"elementor-element elementor-element-08c26f9 e-flex e-con-boxed e-con e-parent\" data-id=\"08c26f9\" data-element_type=\"container\" data-e-type=\"container\">\n\t\t\t\t\t<div class=\"e-con-inner\">\n\t\t\t\t<div class=\"elementor-element elementor-element-a005a97 elementor-widget elementor-widget-text-editor\" data-id=\"a005a97\" data-element_type=\"widget\" data-e-type=\"widget\" data-widget_type=\"text-editor.default\">\n\t\t\t\t<div class=\"elementor-widget-container\">\n\t\t\t\t\t\t\t\t\t<h2>El RandM Tornado 30000 ofrece 30 sabores ricos y variados<\/h2><p>La RandM Tornado 30000 ofrece 30 sabores ricos y variados para adaptarse a las preferencias de cada usuario. Estos sabores pueden dividirse en varias categor\u00edas: helado de fruta, mezcla de frutas y bebidas cl\u00e1sicas. Los sabores de helado de fruta son principalmente refrescantes, con \u00abBanana Ice\u00bb, \u00abBlueberry Ice\u00bb, \u00abGrape Ice\u00bb, etc., que a\u00f1aden un toque refrescante a los sabores tradicionales de fruta. Lush Ice\u00ab y \u00bbIce Pop\u00ab ofrecen una experiencia refrescante m\u00e1s intensa. La gama de sabores afrutados, como \u00bbBlueberry Raspberry\u00ab, \u00bbPeach Mango Pineapple\u00ab y \u00bbStrawberry Watermelon\u00ab, acent\u00faan la estratificaci\u00f3n de sabores afrutados y equilibran la acidez-dulzor.<\/p><p>Los sabores cl\u00e1sicos de la gama de bebidas reproducen bebidas populares, como \u00abCherry Cola\u00bb y \u00abCola Ice\u00bb, que reproducen el dulzor del refresco de cola, mientras que \u00abPink Lemonade\u00bb y \u00abVimto\u00bb aportan el familiar sabor \u00e1cido de las bebidas. Adem\u00e1s, sabores \u00fanicos como \u00abSkittles\u00bb y \u00abLove 66\u00bb (mel\u00f3n dulce + fruta de la pasi\u00f3n + sand\u00eda) a\u00f1aden un toque de fantas\u00eda, mientras que \u00abCool Mint\u00bb y \u00abBlack Ice\u00bb son perfectos para los amantes del frescor intenso. En definitiva, RandM Tornado 30000 cubre una amplia gama de sabores, desde frescos a intensos, desde un \u00fanico sabor de fruta a una mezcla compleja, que puede satisfacer las necesidades de diferentes escenarios y papilas gustativas.<\/p>\t\t\t\t\t\t\t\t<\/div>\n\t\t\t\t<\/div>\n\t\t\t\t\t<\/div>\n\t\t\t\t<\/div>\n\t\t\t\t<\/div>","protected":false},"excerpt":{"rendered":"<p>Sp\u00e9cifications de la RandM Tornado 30000\u00a0: Nombre de bouff\u00e9es\u00a0: Jusqu&rsquo;\u00e0 30000 bouff\u00e9es, ce qui en fait l&rsquo;une des cigarettes \u00e9lectroniques jetables les plus durables du march\u00e9. Batterie : \u00c9quip\u00e9e d&rsquo;une batterie rechargeable de 600 mAh, elle se recharge via un port Type-C pour une charge rapide et efficace. Capacit\u00e9 du r\u00e9servoir\u00a0: Contient 25\u00a0ml d&rsquo;e-liquide pr\u00e9rempli. [&hellip;]<\/p>\n","protected":false},"featured_media":4508,"comment_status":"open","ping_status":"closed","template":"","meta":{"site-sidebar-layout":"no-sidebar","site-content-layout":"page-builder","ast-site-content-layout":"normal-width-container","site-content-style":"default","site-sidebar-style":"default","ast-global-header-display":"","ast-banner-title-visibility":"","ast-main-header-display":"","ast-hfb-above-header-display":"","ast-hfb-below-header-display":"","ast-hfb-mobile-header-display":"","site-post-title":"disabled","ast-breadcrumbs-content":"","ast-featured-img":"disabled","footer-sml-layout":"","ast-disable-related-posts":"","theme-transparent-header-meta":"default","adv-header-id-meta":"","stick-header-meta":"default","header-above-stick-meta":"","header-main-stick-meta":"","header-below-stick-meta":"","astra-migrate-meta-layouts":"set","ast-page-background-enabled":"default","ast-page-background-meta":{"desktop":{"background-color":"","background-image":"","background-repeat":"repeat","background-position":"center center","background-size":"auto","background-attachment":"scroll","background-type":"","background-media":"","overlay-type":"","overlay-color":"","overlay-opacity":"","overlay-gradient":""},"tablet":{"background-color":"","background-image":"","background-repeat":"repeat","background-position":"center center","background-size":"auto","background-attachment":"scroll","background-type":"","background-media":"","overlay-type":"","overlay-color":"","overlay-opacity":"","overlay-gradient":""},"mobile":{"background-color":"","background-image":"","background-repeat":"repeat","background-position":"center center","background-size":"auto","background-attachment":"scroll","background-type":"","background-media":"","overlay-type":"","overlay-color":"","overlay-opacity":"","overlay-gradient":""}},"ast-content-background-meta":{"desktop":{"background-color":"var(--ast-global-color-5)","background-image":"","background-repeat":"repeat","background-position":"center center","background-size":"auto","background-attachment":"scroll","background-type":"","background-media":"","overlay-type":"","overlay-color":"","overlay-opacity":"","overlay-gradient":""},"tablet":{"background-color":"var(--ast-global-color-5)","background-image":"","background-repeat":"repeat","background-position":"center center","background-size":"auto","background-attachment":"scroll","background-type":"","background-media":"","overlay-type":"","overlay-color":"","overlay-opacity":"","overlay-gradient":""},"mobile":{"background-color":"var(--ast-global-color-5)","background-image":"","background-repeat":"repeat","background-position":"center center","background-size":"auto","background-attachment":"scroll","background-type":"","background-media":"","overlay-type":"","overlay-color":"","overlay-opacity":"","overlay-gradient":""}}},"product_brand":[42],"product_cat":[48,86,15],"product_tag":[],"class_list":{"0":"post-4518","1":"product","2":"type-product","3":"status-publish","4":"has-post-thumbnail","6":"product_brand-randm-tornado","7":"product_cat-randm-tornado-30000-concentre-de-fun","8":"product_cat-puff-30k","9":"product_cat-magasin-cigarette-electronique","10":"desktop-align-center","11":"tablet-align-center","12":"mobile-align-center","13":"ast-product-gallery-layout-horizontal","14":"ast-product-single-variable","15":"ast-product-tabs-layout-horizontal","16":"ast-qv-on-image","18":"first","19":"instock","20":"sale","21":"shipping-taxable","22":"purchasable","23":"product-type-variable","24":"has-default-attributes"},"tiered_pricing_type":"fixed","tiered_pricing_fixed_rules":{"50":9.38,"100":8.45,"200":7.95,"400":7.59},"tiered_pricing_product_settings":{"layout":"default","base_unit_name":{"singular":null,"plural":null},"default_variation":null},"tiered_pricing_minimum_quantity":null,"tiered_pricing_roles_data":[],"tiered_pricing_percentage_rules":[],"_links":{"self":[{"href":"https:\/\/puffvapestore.com\/es\/wp-json\/wp\/v2\/product\/4518","targetHints":{"allow":["GET"]}}],"collection":[{"href":"https:\/\/puffvapestore.com\/es\/wp-json\/wp\/v2\/product"}],"about":[{"href":"https:\/\/puffvapestore.com\/es\/wp-json\/wp\/v2\/types\/product"}],"replies":[{"embeddable":true,"href":"https:\/\/puffvapestore.com\/es\/wp-json\/wp\/v2\/comments?post=4518"}],"version-history":[{"count":7,"href":"https:\/\/puffvapestore.com\/es\/wp-json\/wp\/v2\/product\/4518\/revisions"}],"predecessor-version":[{"id":4647,"href":"https:\/\/puffvapestore.com\/es\/wp-json\/wp\/v2\/product\/4518\/revisions\/4647"}],"wp:featuredmedia":[{"embeddable":true,"href":"https:\/\/puffvapestore.com\/es\/wp-json\/wp\/v2\/media\/4508"}],"wp:attachment":[{"href":"https:\/\/puffvapestore.com\/es\/wp-json\/wp\/v2\/media?parent=4518"}],"wp:term":[{"taxonomy":"product_brand","embeddable":true,"href":"https:\/\/puffvapestore.com\/es\/wp-json\/wp\/v2\/product_brand?post=4518"},{"taxonomy":"product_cat","embeddable":true,"href":"https:\/\/puffvapestore.com\/es\/wp-json\/wp\/v2\/product_cat?post=4518"},{"taxonomy":"product_tag","embeddable":true,"href":"https:\/\/puffvapestore.com\/es\/wp-json\/wp\/v2\/product_tag?post=4518"}],"curies":[{"name":"wp","href":"https:\/\/api.w.org\/{rel}","templated":true}]}}