{"id":4442,"date":"2025-07-05T09:07:59","date_gmt":"2025-07-05T09:07:59","guid":{"rendered":"https:\/\/puffvapestore.com\/?post_type=product&#038;p=4442"},"modified":"2026-01-19T10:35:08","modified_gmt":"2026-01-19T10:35:08","slug":"kiwi-passionfruit-guava-randm-tornado-25000","status":"publish","type":"product","link":"https:\/\/puffvapestore.com\/es\/product\/kiwi-maracuya-guayaba-randm-tornado-25000\/","title":{"rendered":"RandM Tornado 25000 - Kiwi Fruta de la pasi\u00f3n Guayaba"},"content":{"rendered":"<div data-elementor-type=\"wp-post\" data-elementor-id=\"4442\" class=\"elementor elementor-4442\">\n\t\t\t\t<div class=\"elementor-element elementor-element-08c26f9 e-flex e-con-boxed e-con e-parent\" data-id=\"08c26f9\" data-element_type=\"container\" data-e-type=\"container\">\n\t\t\t\t\t<div class=\"e-con-inner\">\n\t\t\t\t<div class=\"elementor-element elementor-element-a005a97 elementor-widget elementor-widget-text-editor\" data-id=\"a005a97\" data-element_type=\"widget\" data-e-type=\"widget\" data-widget_type=\"text-editor.default\">\n\t\t\t\t<div class=\"elementor-widget-container\">\n\t\t\t\t\t\t\t\t\t<p>En Francia, los cigarrillos electr\u00f3nicos no son s\u00f3lo un sustituto de la nicotina, sino que expresan un estilo personal, un estilo de vida relajado y sofisticado. En el casco antiguo de Toulouse, al final de una calle adoquinada, en un peque\u00f1o caf\u00e9 escondido, el sol brilla sobre la descolorida mesa de madera, el regusto del caf\u00e9 expreso sigue presente en la punta de la lengua, y el ligero humo del RandM Tornado 25000 con Kiwi Fruta de la Pasi\u00f3n Guayaba se eleva, como transport\u00e1ndole fuera de la realidad y a una tarde tropical.<\/p><p>El sabor Kiwi Pasi\u00f3n Guayaba lanzado por RandM Tornado 25000 es un aut\u00e9ntico fest\u00edn de sabor y tecnolog\u00eda. Combina la frescura acidulada del kiwi, el aroma apasionado de la fruta de la pasi\u00f3n y el suave dulzor de la guayaba. En el paladar, el humo revela ricos matices, acariciando las papilas gustativas como un beso ardiente; al exhalar, el regusto es largo, como una suave brisa en una apacible tarde en el sur de Francia: fresco y discreto.<\/p>\t\t\t\t\t\t\t\t<\/div>\n\t\t\t\t<\/div>\n\t\t\t\t\t<\/div>\n\t\t\t\t<\/div>\n\t\t<div class=\"elementor-element elementor-element-718b380 e-flex e-con-boxed e-con e-parent\" data-id=\"718b380\" data-element_type=\"container\" data-e-type=\"container\">\n\t\t\t\t\t<div class=\"e-con-inner\">\n\t\t\t\t<div class=\"elementor-element elementor-element-d2cc8fa elementor-widget elementor-widget-text-editor\" data-id=\"d2cc8fa\" data-element_type=\"widget\" data-e-type=\"widget\" data-widget_type=\"text-editor.default\">\n\t\t\t\t<div class=\"elementor-widget-container\">\n\t\t\t\t\t\t\t\t\t<h2>Especificaciones del producto<\/h2><p>N\u00famero de caladas : Hasta 25.000 caladas, pensado para usuarios intensivos o que buscan una autonom\u00eda ultralarga, sin tener que sustituir el dispositivo con frecuencia.<\/p><p>Capacidad de la bater\u00eda: bater\u00eda recargable de alto rendimiento de 700 mAh incorporada, compatible con la carga r\u00e1pida Type-C, alta eficiencia de carga y tiempo de espera reducido.<\/p><p>Capacidad de l\u00edquido: 20 ml de e-l\u00edquido con sales de nicotina de alta calidad preinstaladas, que ofrecen concentraciones de nicotina de 2 % o 5 % para satisfacer las necesidades de cada usuario.<\/p><p>Tecnolog\u00eda de resistencia: avanzada tecnolog\u00eda de resistencia de doble malla para un sabor intenso y un humo estable desde la primera calada hasta la \u00faltima.<\/p><p>Pantalla: Equipada con una pantalla t\u00e1ctil TFT de alta definici\u00f3n, muestra la carga de la bater\u00eda, el e-l\u00edquido restante y los ajustes de potencia en tiempo real, para un uso intuitivo y una informaci\u00f3n clara de un vistazo.<\/p><p>Funcionamiento t\u00e1ctil: interruptor t\u00e1ctil innovador y f\u00e1cil de usar :<\/p><ul><li>Haga doble clic para iniciar el dispositivo;<\/li><li>Tres clics para cambiar el modo de salida de potencia; Cuatro clics para acceder al modo de minijuego integrado ;<\/li><li>Un clic para iniciar el juego.<\/li><\/ul><p>Dise\u00f1o: ligero, elegante y moderno, f\u00e1cil de transportar, atractivo y pr\u00e1ctico a la vez.<\/p><p>Caracter\u00edsticas adicionales: Los exclusivos minijuegos incorporados (como los juegos de clicker) ofrecen a los usuarios una experiencia de entretenimiento \u00fanica, que rompe con la funci\u00f3n \u00fanica de los cigarrillos electr\u00f3nicos desechables tradicionales.<\/p><h2>Caracter\u00edsticas y ventajas del producto<\/h2><p>Listo para usar: no requiere ajustes complicados ni mantenimiento, por lo que puede disfrutarlo nada m\u00e1s sacarlo de la caja, apto tanto para principiantes como para usuarios activos.<\/p><p>Sabor excelente: la tecnolog\u00eda de resistencia de doble malla proporciona un sabor suave y rico, y cada calada mantiene un sabor uniforme para la m\u00e1xima satisfacci\u00f3n.<\/p><p>Bater\u00eda de larga duraci\u00f3n: La bater\u00eda de 700 mAh combinada con la carga r\u00e1pida Type-C garantiza un uso duradero, optimiza el uso del e-l\u00edquido y evita el desperdicio.<\/p><p>Portabilidad: Compacto y ligero, f\u00e1cil de deslizar en el bolsillo o el bolso, para que pueda disfrutarlo en cualquier momento y lugar.<\/p><p>Experiencia de entretenimiento: Exclusiva funci\u00f3n integrada de minijuegos para una mayor diversi\u00f3n, que hace que el RandM Tornado 25000 destaque entre la multitud.<\/p><p>Personalizaci\u00f3n: El flujo de aire ajustable y las m\u00faltiples opciones de concentraci\u00f3n de nicotina ofrecen a los usuarios la libertad de adaptarse a sus propias preferencias para satisfacer una gran variedad de necesidades.<\/p>\t\t\t\t\t\t\t\t<\/div>\n\t\t\t\t<\/div>\n\t\t\t\t\t<\/div>\n\t\t\t\t<\/div>\n\t\t\t\t<\/div>","protected":false},"excerpt":{"rendered":"<p>En France, les cigarettes \u00e9lectroniques ne sont pas seulement un substitut \u00e0 la nicotine, elles expriment un style personnel, un style de vie d\u00e9contract\u00e9 et sophistiqu\u00e9. Dans la vieille ville de Toulouse, au bout d&rsquo;une rue pav\u00e9e, dans un petit caf\u00e9 cach\u00e9, le soleil brille sur la table en bois d\u00e9lav\u00e9, l&rsquo;arri\u00e8re-go\u00fbt de l&rsquo;expresso est [&hellip;]<\/p>\n","protected":false},"featured_media":4262,"comment_status":"open","ping_status":"closed","template":"","meta":{"site-sidebar-layout":"no-sidebar","site-content-layout":"page-builder","ast-site-content-layout":"normal-width-container","site-content-style":"default","site-sidebar-style":"default","ast-global-header-display":"","ast-banner-title-visibility":"","ast-main-header-display":"","ast-hfb-above-header-display":"","ast-hfb-below-header-display":"","ast-hfb-mobile-header-display":"","site-post-title":"disabled","ast-breadcrumbs-content":"","ast-featured-img":"disabled","footer-sml-layout":"","ast-disable-related-posts":"","theme-transparent-header-meta":"default","adv-header-id-meta":"","stick-header-meta":"default","header-above-stick-meta":"","header-main-stick-meta":"","header-below-stick-meta":"","astra-migrate-meta-layouts":"set","ast-page-background-enabled":"default","ast-page-background-meta":{"desktop":{"background-color":"","background-image":"","background-repeat":"repeat","background-position":"center center","background-size":"auto","background-attachment":"scroll","background-type":"","background-media":"","overlay-type":"","overlay-color":"","overlay-opacity":"","overlay-gradient":""},"tablet":{"background-color":"","background-image":"","background-repeat":"repeat","background-position":"center center","background-size":"auto","background-attachment":"scroll","background-type":"","background-media":"","overlay-type":"","overlay-color":"","overlay-opacity":"","overlay-gradient":""},"mobile":{"background-color":"","background-image":"","background-repeat":"repeat","background-position":"center center","background-size":"auto","background-attachment":"scroll","background-type":"","background-media":"","overlay-type":"","overlay-color":"","overlay-opacity":"","overlay-gradient":""}},"ast-content-background-meta":{"desktop":{"background-color":"var(--ast-global-color-5)","background-image":"","background-repeat":"repeat","background-position":"center center","background-size":"auto","background-attachment":"scroll","background-type":"","background-media":"","overlay-type":"","overlay-color":"","overlay-opacity":"","overlay-gradient":""},"tablet":{"background-color":"var(--ast-global-color-5)","background-image":"","background-repeat":"repeat","background-position":"center center","background-size":"auto","background-attachment":"scroll","background-type":"","background-media":"","overlay-type":"","overlay-color":"","overlay-opacity":"","overlay-gradient":""},"mobile":{"background-color":"var(--ast-global-color-5)","background-image":"","background-repeat":"repeat","background-position":"center center","background-size":"auto","background-attachment":"scroll","background-type":"","background-media":"","overlay-type":"","overlay-color":"","overlay-opacity":"","overlay-gradient":""}}},"product_brand":[42],"product_cat":[47,87,15],"product_tag":[],"class_list":{"0":"post-4442","1":"product","2":"type-product","3":"status-publish","4":"has-post-thumbnail","6":"product_brand-randm-tornado","7":"product_cat-randm-tornado-25000-allie-portabilite-et-personnalisation","8":"product_cat-puff-25k","9":"product_cat-magasin-cigarette-electronique","10":"desktop-align-center","11":"tablet-align-center","12":"mobile-align-center","13":"ast-product-gallery-layout-horizontal","14":"ast-product-single-variable","15":"ast-product-tabs-layout-horizontal","16":"ast-qv-on-image","18":"first","19":"instock","20":"sale","21":"shipping-taxable","22":"purchasable","23":"product-type-variable","24":"has-default-attributes"},"tiered_pricing_type":"fixed","tiered_pricing_fixed_rules":{"30":10.17,"60":9.22,"100":8.38,"200":8.08,"500":7.88,"1000":7.48},"tiered_pricing_product_settings":{"layout":"default","base_unit_name":{"singular":null,"plural":null},"default_variation":null},"tiered_pricing_minimum_quantity":null,"tiered_pricing_roles_data":[],"tiered_pricing_percentage_rules":[],"_links":{"self":[{"href":"https:\/\/puffvapestore.com\/es\/wp-json\/wp\/v2\/product\/4442","targetHints":{"allow":["GET"]}}],"collection":[{"href":"https:\/\/puffvapestore.com\/es\/wp-json\/wp\/v2\/product"}],"about":[{"href":"https:\/\/puffvapestore.com\/es\/wp-json\/wp\/v2\/types\/product"}],"replies":[{"embeddable":true,"href":"https:\/\/puffvapestore.com\/es\/wp-json\/wp\/v2\/comments?post=4442"}],"version-history":[{"count":7,"href":"https:\/\/puffvapestore.com\/es\/wp-json\/wp\/v2\/product\/4442\/revisions"}],"predecessor-version":[{"id":10740,"href":"https:\/\/puffvapestore.com\/es\/wp-json\/wp\/v2\/product\/4442\/revisions\/10740"}],"wp:featuredmedia":[{"embeddable":true,"href":"https:\/\/puffvapestore.com\/es\/wp-json\/wp\/v2\/media\/4262"}],"wp:attachment":[{"href":"https:\/\/puffvapestore.com\/es\/wp-json\/wp\/v2\/media?parent=4442"}],"wp:term":[{"taxonomy":"product_brand","embeddable":true,"href":"https:\/\/puffvapestore.com\/es\/wp-json\/wp\/v2\/product_brand?post=4442"},{"taxonomy":"product_cat","embeddable":true,"href":"https:\/\/puffvapestore.com\/es\/wp-json\/wp\/v2\/product_cat?post=4442"},{"taxonomy":"product_tag","embeddable":true,"href":"https:\/\/puffvapestore.com\/es\/wp-json\/wp\/v2\/product_tag?post=4442"}],"curies":[{"name":"wp","href":"https:\/\/api.w.org\/{rel}","templated":true}]}}