{"id":4433,"date":"2025-07-05T07:01:03","date_gmt":"2025-07-05T07:01:03","guid":{"rendered":"https:\/\/puffvapestore.com\/?post_type=product&#038;p=4433"},"modified":"2026-01-19T10:35:08","modified_gmt":"2026-01-19T10:35:08","slug":"banana-ice-randm-tornado-25000","status":"publish","type":"product","link":"https:\/\/puffvapestore.com\/es\/product\/banana-ice-randm-tornado-25000\/","title":{"rendered":"RandM Tornado 25000 - Banana Ice"},"content":{"rendered":"<div data-elementor-type=\"wp-post\" data-elementor-id=\"4433\" class=\"elementor elementor-4433\">\n\t\t\t\t<div class=\"elementor-element elementor-element-08c26f9 e-flex e-con-boxed e-con e-parent\" data-id=\"08c26f9\" data-element_type=\"container\" data-e-type=\"container\">\n\t\t\t\t\t<div class=\"e-con-inner\">\n\t\t\t\t<div class=\"elementor-element elementor-element-a005a97 elementor-widget elementor-widget-text-editor\" data-id=\"a005a97\" data-element_type=\"widget\" data-e-type=\"widget\" data-widget_type=\"text-editor.default\">\n\t\t\t\t<div class=\"elementor-widget-container\">\n\t\t\t\t\t\t\t\t\t<p>Saque el cigarrillo electr\u00f3nico RandM Tornado 25000 Banana Ice y d\u00e9 una ligera calada, como para a\u00f1adir un toque de dulzura fresca a esta rom\u00e1ntica escena. Este cigarrillo electr\u00f3nico con banana ice como sabor principal combina el intenso dulzor de la fruta tropical con la frescura de la menta helada, para una experiencia de sabor embriagadora, como si la brisa acariciara tu cara en un mercado nocturno de la campi\u00f1a francesa.<\/p><h2>Sabor: El encanto \u00fanico de Banana Ice<\/h2><p>El sabor Banana Ice se inspira en la sedosa dulzura de los pl\u00e1tanos maduros. En el paladar, el humo desprende un potente sabor tropical, como morder un pl\u00e1tano reci\u00e9n cogido, con un intenso aroma afrutado y notas distintivas. A continuaci\u00f3n, un suave aroma mentolado toma el relevo, como una brisa fresca que sopla en un mercado nocturno, despertando instant\u00e1neamente los sentidos, haciendo que cada calada sea refrescante y no grasa. Este maravilloso equilibrio de dulzura y frescor es ideal para relajarse en el animado ambiente de un mercado nocturno del campo franc\u00e9s, y tambi\u00e9n proporciona un agradable toque de frescor en las largas noches de verano.<\/p><p>Gracias a la avanzada tecnolog\u00eda de resistencia de doble malla del RandM Tornado 25000, cada calada del RandM Tornado 25000 sabor Pl\u00e1tano Congelado libera un rico aroma afrutado a pl\u00e1tano y un humo helado estable. Desde la primera calada hasta la 25.000, el sabor es consistente y la mezcla de dulzura y frescura es siempre satisfactoria. Ya sea paseando solo por el camino empedrado del mercado nocturno o sentado en torno a un bar al aire libre con amigos, este cigarrillo electr\u00f3nico puede convertirte en la presencia m\u00e1s adictiva de la noche de la campi\u00f1a francesa.<\/p>\t\t\t\t\t\t\t\t<\/div>\n\t\t\t\t<\/div>\n\t\t\t\t\t<\/div>\n\t\t\t\t<\/div>\n\t\t<div class=\"elementor-element elementor-element-718b380 e-flex e-con-boxed e-con e-parent\" data-id=\"718b380\" data-element_type=\"container\" data-e-type=\"container\">\n\t\t\t\t\t<div class=\"e-con-inner\">\n\t\t\t\t<div class=\"elementor-element elementor-element-d2cc8fa elementor-widget elementor-widget-text-editor\" data-id=\"d2cc8fa\" data-element_type=\"widget\" data-e-type=\"widget\" data-widget_type=\"text-editor.default\">\n\t\t\t\t<div class=\"elementor-widget-container\">\n\t\t\t\t\t\t\t\t\t<h2>Especificaciones del producto<\/h2><p>N\u00famero de caladas : Hasta 25.000 caladas, pensado para usuarios intensivos o que buscan una autonom\u00eda ultralarga, sin tener que sustituir el dispositivo con frecuencia.<\/p><p>Capacidad de la bater\u00eda: bater\u00eda recargable de alto rendimiento de 700 mAh incorporada, compatible con la carga r\u00e1pida Type-C, alta eficiencia de carga y tiempo de espera reducido.<\/p><p>Capacidad de l\u00edquido: 20 ml de e-l\u00edquido con sales de nicotina de alta calidad preinstaladas, que ofrecen concentraciones de nicotina de 2 % o 5 % para satisfacer las necesidades de cada usuario.<\/p><p>Tecnolog\u00eda de resistencia: avanzada tecnolog\u00eda de resistencia de doble malla para un sabor intenso y un humo estable desde la primera calada hasta la \u00faltima.<\/p><p>Pantalla: Equipada con una pantalla t\u00e1ctil TFT de alta definici\u00f3n, muestra la carga de la bater\u00eda, el e-l\u00edquido restante y los ajustes de potencia en tiempo real, para un uso intuitivo y una informaci\u00f3n clara de un vistazo.<\/p><p>Funcionamiento t\u00e1ctil: interruptor t\u00e1ctil innovador y f\u00e1cil de usar :<\/p><ul><li>Haga doble clic para iniciar el dispositivo;<\/li><li>Tres clics para cambiar el modo de salida de potencia; Cuatro clics para acceder al modo de minijuego integrado ;<\/li><li>Un clic para iniciar el juego.<\/li><\/ul><p>Dise\u00f1o: ligero, elegante y moderno, f\u00e1cil de transportar, atractivo y pr\u00e1ctico a la vez.<\/p><p>Caracter\u00edsticas adicionales: Los exclusivos minijuegos incorporados (como los juegos de clicker) ofrecen a los usuarios una experiencia de entretenimiento \u00fanica, que rompe con la funci\u00f3n \u00fanica de los cigarrillos electr\u00f3nicos desechables tradicionales.<\/p><h2>Caracter\u00edsticas y ventajas del producto<\/h2><p>Listo para usar: no requiere ajustes complicados ni mantenimiento, por lo que puede disfrutarlo nada m\u00e1s sacarlo de la caja, apto tanto para principiantes como para usuarios activos.<\/p><p>Sabor excelente: la tecnolog\u00eda de resistencia de doble malla proporciona un sabor suave y rico, y cada calada mantiene un sabor uniforme para la m\u00e1xima satisfacci\u00f3n.<\/p><p>Bater\u00eda de larga duraci\u00f3n: La bater\u00eda de 700 mAh combinada con la carga r\u00e1pida Type-C garantiza un uso duradero, optimiza el uso del e-l\u00edquido y evita el desperdicio.<\/p><p>Portabilidad: Compacto y ligero, f\u00e1cil de deslizar en el bolsillo o el bolso, para que pueda disfrutarlo en cualquier momento y lugar.<\/p><p>Experiencia de entretenimiento: Exclusiva funci\u00f3n integrada de minijuegos para una mayor diversi\u00f3n, que hace que el RandM Tornado 25000 destaque entre la multitud.<\/p><p>Personalizaci\u00f3n: El flujo de aire ajustable y las m\u00faltiples opciones de concentraci\u00f3n de nicotina ofrecen a los usuarios la libertad de adaptarse a sus propias preferencias para satisfacer una gran variedad de necesidades.<\/p>\t\t\t\t\t\t\t\t<\/div>\n\t\t\t\t<\/div>\n\t\t\t\t\t<\/div>\n\t\t\t\t<\/div>\n\t\t\t\t<\/div>","protected":false},"excerpt":{"rendered":"<p>Sortez la cigarette \u00e9lectronique RandM Tornado 25000 Banana Ice et prenez une l\u00e9g\u00e8re bouff\u00e9e, comme pour ajouter une touche de douceur fra\u00eeche \u00e0 cette sc\u00e8ne romantique. Cette cigarette \u00e9lectronique \u00e0 la banane glac\u00e9e comme saveur principale allie la douceur intense des fruits tropicaux \u00e0 la fra\u00eecheur de la menthe glac\u00e9e, pour une exp\u00e9rience gustative enivrante, [&hellip;]<\/p>\n","protected":false},"featured_media":4238,"comment_status":"open","ping_status":"closed","template":"","meta":{"site-sidebar-layout":"no-sidebar","site-content-layout":"page-builder","ast-site-content-layout":"normal-width-container","site-content-style":"default","site-sidebar-style":"default","ast-global-header-display":"","ast-banner-title-visibility":"","ast-main-header-display":"","ast-hfb-above-header-display":"","ast-hfb-below-header-display":"","ast-hfb-mobile-header-display":"","site-post-title":"disabled","ast-breadcrumbs-content":"","ast-featured-img":"disabled","footer-sml-layout":"","ast-disable-related-posts":"","theme-transparent-header-meta":"default","adv-header-id-meta":"","stick-header-meta":"default","header-above-stick-meta":"","header-main-stick-meta":"","header-below-stick-meta":"","astra-migrate-meta-layouts":"set","ast-page-background-enabled":"default","ast-page-background-meta":{"desktop":{"background-color":"","background-image":"","background-repeat":"repeat","background-position":"center center","background-size":"auto","background-attachment":"scroll","background-type":"","background-media":"","overlay-type":"","overlay-color":"","overlay-opacity":"","overlay-gradient":""},"tablet":{"background-color":"","background-image":"","background-repeat":"repeat","background-position":"center center","background-size":"auto","background-attachment":"scroll","background-type":"","background-media":"","overlay-type":"","overlay-color":"","overlay-opacity":"","overlay-gradient":""},"mobile":{"background-color":"","background-image":"","background-repeat":"repeat","background-position":"center center","background-size":"auto","background-attachment":"scroll","background-type":"","background-media":"","overlay-type":"","overlay-color":"","overlay-opacity":"","overlay-gradient":""}},"ast-content-background-meta":{"desktop":{"background-color":"var(--ast-global-color-5)","background-image":"","background-repeat":"repeat","background-position":"center center","background-size":"auto","background-attachment":"scroll","background-type":"","background-media":"","overlay-type":"","overlay-color":"","overlay-opacity":"","overlay-gradient":""},"tablet":{"background-color":"var(--ast-global-color-5)","background-image":"","background-repeat":"repeat","background-position":"center center","background-size":"auto","background-attachment":"scroll","background-type":"","background-media":"","overlay-type":"","overlay-color":"","overlay-opacity":"","overlay-gradient":""},"mobile":{"background-color":"var(--ast-global-color-5)","background-image":"","background-repeat":"repeat","background-position":"center center","background-size":"auto","background-attachment":"scroll","background-type":"","background-media":"","overlay-type":"","overlay-color":"","overlay-opacity":"","overlay-gradient":""}}},"product_brand":[42],"product_cat":[47,87,15],"product_tag":[],"class_list":{"0":"post-4433","1":"product","2":"type-product","3":"status-publish","4":"has-post-thumbnail","6":"product_brand-randm-tornado","7":"product_cat-randm-tornado-25000-allie-portabilite-et-personnalisation","8":"product_cat-puff-25k","9":"product_cat-magasin-cigarette-electronique","10":"desktop-align-center","11":"tablet-align-center","12":"mobile-align-center","13":"ast-product-gallery-layout-horizontal","14":"ast-product-single-variable","15":"ast-product-tabs-layout-horizontal","16":"ast-qv-on-image","18":"first","19":"instock","20":"sale","21":"shipping-taxable","22":"purchasable","23":"product-type-variable","24":"has-default-attributes"},"tiered_pricing_type":"fixed","tiered_pricing_fixed_rules":{"30":10.17,"60":9.22,"100":8.38,"200":8.08,"500":7.88,"1000":7.48},"tiered_pricing_product_settings":{"layout":"default","base_unit_name":{"singular":null,"plural":null},"default_variation":null},"tiered_pricing_minimum_quantity":null,"tiered_pricing_roles_data":[],"tiered_pricing_percentage_rules":[],"_links":{"self":[{"href":"https:\/\/puffvapestore.com\/es\/wp-json\/wp\/v2\/product\/4433","targetHints":{"allow":["GET"]}}],"collection":[{"href":"https:\/\/puffvapestore.com\/es\/wp-json\/wp\/v2\/product"}],"about":[{"href":"https:\/\/puffvapestore.com\/es\/wp-json\/wp\/v2\/types\/product"}],"replies":[{"embeddable":true,"href":"https:\/\/puffvapestore.com\/es\/wp-json\/wp\/v2\/comments?post=4433"}],"version-history":[{"count":7,"href":"https:\/\/puffvapestore.com\/es\/wp-json\/wp\/v2\/product\/4433\/revisions"}],"predecessor-version":[{"id":10741,"href":"https:\/\/puffvapestore.com\/es\/wp-json\/wp\/v2\/product\/4433\/revisions\/10741"}],"wp:featuredmedia":[{"embeddable":true,"href":"https:\/\/puffvapestore.com\/es\/wp-json\/wp\/v2\/media\/4238"}],"wp:attachment":[{"href":"https:\/\/puffvapestore.com\/es\/wp-json\/wp\/v2\/media?parent=4433"}],"wp:term":[{"taxonomy":"product_brand","embeddable":true,"href":"https:\/\/puffvapestore.com\/es\/wp-json\/wp\/v2\/product_brand?post=4433"},{"taxonomy":"product_cat","embeddable":true,"href":"https:\/\/puffvapestore.com\/es\/wp-json\/wp\/v2\/product_cat?post=4433"},{"taxonomy":"product_tag","embeddable":true,"href":"https:\/\/puffvapestore.com\/es\/wp-json\/wp\/v2\/product_tag?post=4433"}],"curies":[{"name":"wp","href":"https:\/\/api.w.org\/{rel}","templated":true}]}}