{"id":4411,"date":"2025-07-05T03:35:38","date_gmt":"2025-07-05T03:35:38","guid":{"rendered":"https:\/\/puffvapestore.com\/?post_type=product&#038;p=4411"},"modified":"2026-01-19T10:35:08","modified_gmt":"2026-01-19T10:35:08","slug":"peach-mango-watermelon-randm-tornado-25000","status":"publish","type":"product","link":"https:\/\/puffvapestore.com\/es\/product\/melocoton-mango-sandia-randm-tornado-25000\/","title":{"rendered":"RandM Tornado 25000 - Melocot\u00f3n Mango Sand\u00eda"},"content":{"rendered":"<div data-elementor-type=\"wp-post\" data-elementor-id=\"4411\" class=\"elementor elementor-4411\">\n\t\t\t\t<div class=\"elementor-element elementor-element-08c26f9 e-flex e-con-boxed e-con e-parent\" data-id=\"08c26f9\" data-element_type=\"container\" data-e-type=\"container\">\n\t\t\t\t\t<div class=\"e-con-inner\">\n\t\t\t\t<div class=\"elementor-element elementor-element-a005a97 elementor-widget elementor-widget-text-editor\" data-id=\"a005a97\" data-element_type=\"widget\" data-e-type=\"widget\" data-widget_type=\"text-editor.default\">\n\t\t\t\t<div class=\"elementor-widget-container\">\n\t\t\t\t\t\t\t\t\t<p>El sabor Melocot\u00f3n Mango Sand\u00eda es afrutado, dulce y refrescante para cigarrillos electr\u00f3nicos. Ofrece una experiencia de sabor tropical gracias a la armon\u00eda de tres frutas. Se caracteriza por su dulzor sin ser graso, notas distintas y un regusto refrescante, ideal para un consumo prolongado, especialmente para los aficionados a los cigarrillos electr\u00f3nicos con sabores afrutados.<\/p><ul><li>Dulzor: Este sabor moderadamente dulce combina el dulzor del melocot\u00f3n, la riqueza del mango y la frescura de la sand\u00eda para lograr un equilibrio perfecto.<\/li><li>Frescura: La adici\u00f3n de sand\u00eda a\u00f1ade una sensaci\u00f3n de frescura y humedad al conjunto, d\u00e1ndole una refrescante sensaci\u00f3n tropical tanto en la inhalaci\u00f3n como en la exhalaci\u00f3n.<\/li><li>Capas: Los sabores de las tres frutas se revelan capa a capa durante el proceso de ahumado, proporcionando una experiencia gustativa din\u00e1mica.<\/li><\/ul>\t\t\t\t\t\t\t\t<\/div>\n\t\t\t\t<\/div>\n\t\t\t\t\t<\/div>\n\t\t\t\t<\/div>\n\t\t<div class=\"elementor-element elementor-element-718b380 e-flex e-con-boxed e-con e-parent\" data-id=\"718b380\" data-element_type=\"container\" data-e-type=\"container\">\n\t\t\t\t\t<div class=\"e-con-inner\">\n\t\t\t\t<div class=\"elementor-element elementor-element-d2cc8fa elementor-widget elementor-widget-text-editor\" data-id=\"d2cc8fa\" data-element_type=\"widget\" data-e-type=\"widget\" data-widget_type=\"text-editor.default\">\n\t\t\t\t<div class=\"elementor-widget-container\">\n\t\t\t\t\t\t\t\t\t<h2>Especificaciones del RandM Tornado 25000 :<\/h2><p>N\u00famero de caladas : Hasta 25.000, ideal para fumadores empedernidos o aquellos que buscan un uso prolongado sin reemplazos frecuentes.<\/p><p>Bater\u00eda: bater\u00eda recargable de 700 mAh con carga r\u00e1pida Type-C.<\/p><p>E-l\u00edquido: Precargado con 20 ml de e-l\u00edquido, concentraci\u00f3n de sal de nicotina de 2 % o 5 %.<\/p><p>Tecnolog\u00eda de resistencias: Las resistencias de doble malla proporcionan un sabor rico y consistente y un vapor denso durante toda su vida \u00fatil.<\/p><p>Pantalla: Equipada con una pantalla t\u00e1ctil TFT de alta definici\u00f3n, muestra el nivel de bater\u00eda, el nivel de e-l\u00edquido restante y los ajustes de potencia de salida en tiempo real.<\/p><p>Control t\u00e1ctil: un innovador interruptor t\u00e1ctil facilita el ajuste de la potencia (doble clic para activar, triple clic para cambiar la potencia, cu\u00e1druple clic para cambiar al modo de juego, un solo clic para empezar a jugar).<\/p><p>Dise\u00f1o: compacto y ligero, f\u00e1cil de transportar, elegante y moderno.<\/p><p>Flujo de aire ajustable: flujo de vapor personalizable para adaptarse a sus preferencias de fumador.<\/p><h2>Caracter\u00edsticas y ventajas del RandM Tornado 25000 :<\/h2><p>F\u00e1cil de usar: No requiere mantenimiento, recarga ni sustituci\u00f3n de piezas; s\u00f3lo tienes que abrir el envase y utilizar este cigarrillo electr\u00f3nico.<\/p><p>Sabor: Los usuarios aprecian el sabor rico y consistente y el vapor cremoso, realzado por la resistencia de doble malla.<\/p><p>Autonom\u00eda: La bater\u00eda de 700 mAh, combinada con la funci\u00f3n de carga r\u00e1pida, permite la recarga y el uso repetidos, evitando el desperdicio de e-l\u00edquido debido a una bater\u00eda descargada.<\/p><p>Portabilidad: su dise\u00f1o ligero y compacto facilita su transporte.<\/p><p>Funci\u00f3n de minijuegos incorporada: Admite peque\u00f1os juegos, como minijuegos de hacer clic para jugar, para una experiencia de entretenimiento \u00fanica que rara vez se encuentra en otros cigarrillos electr\u00f3nicos desechables del mercado.<\/p>\t\t\t\t\t\t\t\t<\/div>\n\t\t\t\t<\/div>\n\t\t\t\t\t<\/div>\n\t\t\t\t<\/div>\n\t\t\t\t<\/div>","protected":false},"excerpt":{"rendered":"<p>La saveur P\u00eache Mangue Past\u00e8que est fruit\u00e9e, sucr\u00e9e et rafra\u00eechissante pour cigarette \u00e9lectronique. Elle offre une exp\u00e9rience gustative tropicale gr\u00e2ce \u00e0 l&rsquo;harmonie de trois fruits. Elle se caract\u00e9rise par une douceur sans \u00eatre grasse, des notes distinctes et un arri\u00e8re-go\u00fbt rafra\u00eechissant, id\u00e9al pour une consommation prolong\u00e9e, notamment pour les e-cigarettes amateurs de saveurs fruit\u00e9es. Sucrerie\u00a0: [&hellip;]<\/p>\n","protected":false},"featured_media":4268,"comment_status":"open","ping_status":"closed","template":"","meta":{"site-sidebar-layout":"no-sidebar","site-content-layout":"page-builder","ast-site-content-layout":"normal-width-container","site-content-style":"default","site-sidebar-style":"default","ast-global-header-display":"","ast-banner-title-visibility":"","ast-main-header-display":"","ast-hfb-above-header-display":"","ast-hfb-below-header-display":"","ast-hfb-mobile-header-display":"","site-post-title":"disabled","ast-breadcrumbs-content":"","ast-featured-img":"disabled","footer-sml-layout":"","ast-disable-related-posts":"","theme-transparent-header-meta":"default","adv-header-id-meta":"","stick-header-meta":"default","header-above-stick-meta":"","header-main-stick-meta":"","header-below-stick-meta":"","astra-migrate-meta-layouts":"set","ast-page-background-enabled":"default","ast-page-background-meta":{"desktop":{"background-color":"","background-image":"","background-repeat":"repeat","background-position":"center center","background-size":"auto","background-attachment":"scroll","background-type":"","background-media":"","overlay-type":"","overlay-color":"","overlay-opacity":"","overlay-gradient":""},"tablet":{"background-color":"","background-image":"","background-repeat":"repeat","background-position":"center center","background-size":"auto","background-attachment":"scroll","background-type":"","background-media":"","overlay-type":"","overlay-color":"","overlay-opacity":"","overlay-gradient":""},"mobile":{"background-color":"","background-image":"","background-repeat":"repeat","background-position":"center center","background-size":"auto","background-attachment":"scroll","background-type":"","background-media":"","overlay-type":"","overlay-color":"","overlay-opacity":"","overlay-gradient":""}},"ast-content-background-meta":{"desktop":{"background-color":"var(--ast-global-color-5)","background-image":"","background-repeat":"repeat","background-position":"center center","background-size":"auto","background-attachment":"scroll","background-type":"","background-media":"","overlay-type":"","overlay-color":"","overlay-opacity":"","overlay-gradient":""},"tablet":{"background-color":"var(--ast-global-color-5)","background-image":"","background-repeat":"repeat","background-position":"center center","background-size":"auto","background-attachment":"scroll","background-type":"","background-media":"","overlay-type":"","overlay-color":"","overlay-opacity":"","overlay-gradient":""},"mobile":{"background-color":"var(--ast-global-color-5)","background-image":"","background-repeat":"repeat","background-position":"center center","background-size":"auto","background-attachment":"scroll","background-type":"","background-media":"","overlay-type":"","overlay-color":"","overlay-opacity":"","overlay-gradient":""}}},"product_brand":[42],"product_cat":[47,87,15],"product_tag":[],"class_list":{"0":"post-4411","1":"product","2":"type-product","3":"status-publish","4":"has-post-thumbnail","6":"product_brand-randm-tornado","7":"product_cat-randm-tornado-25000-allie-portabilite-et-personnalisation","8":"product_cat-puff-25k","9":"product_cat-magasin-cigarette-electronique","10":"desktop-align-center","11":"tablet-align-center","12":"mobile-align-center","13":"ast-product-gallery-layout-horizontal","14":"ast-product-single-variable","15":"ast-product-tabs-layout-horizontal","16":"ast-qv-on-image","18":"first","19":"instock","20":"sale","21":"shipping-taxable","22":"purchasable","23":"product-type-variable","24":"has-default-attributes"},"tiered_pricing_type":"fixed","tiered_pricing_fixed_rules":{"30":10.17,"60":9.22,"100":8.38,"200":8.08,"500":7.88,"1000":7.48},"tiered_pricing_product_settings":{"layout":"default","base_unit_name":{"singular":null,"plural":null},"default_variation":null},"tiered_pricing_minimum_quantity":null,"tiered_pricing_roles_data":[],"tiered_pricing_percentage_rules":[],"_links":{"self":[{"href":"https:\/\/puffvapestore.com\/es\/wp-json\/wp\/v2\/product\/4411","targetHints":{"allow":["GET"]}}],"collection":[{"href":"https:\/\/puffvapestore.com\/es\/wp-json\/wp\/v2\/product"}],"about":[{"href":"https:\/\/puffvapestore.com\/es\/wp-json\/wp\/v2\/types\/product"}],"replies":[{"embeddable":true,"href":"https:\/\/puffvapestore.com\/es\/wp-json\/wp\/v2\/comments?post=4411"}],"version-history":[{"count":7,"href":"https:\/\/puffvapestore.com\/es\/wp-json\/wp\/v2\/product\/4411\/revisions"}],"predecessor-version":[{"id":10738,"href":"https:\/\/puffvapestore.com\/es\/wp-json\/wp\/v2\/product\/4411\/revisions\/10738"}],"wp:featuredmedia":[{"embeddable":true,"href":"https:\/\/puffvapestore.com\/es\/wp-json\/wp\/v2\/media\/4268"}],"wp:attachment":[{"href":"https:\/\/puffvapestore.com\/es\/wp-json\/wp\/v2\/media?parent=4411"}],"wp:term":[{"taxonomy":"product_brand","embeddable":true,"href":"https:\/\/puffvapestore.com\/es\/wp-json\/wp\/v2\/product_brand?post=4411"},{"taxonomy":"product_cat","embeddable":true,"href":"https:\/\/puffvapestore.com\/es\/wp-json\/wp\/v2\/product_cat?post=4411"},{"taxonomy":"product_tag","embeddable":true,"href":"https:\/\/puffvapestore.com\/es\/wp-json\/wp\/v2\/product_tag?post=4411"}],"curies":[{"name":"wp","href":"https:\/\/api.w.org\/{rel}","templated":true}]}}