{"id":4389,"date":"2025-07-04T11:15:25","date_gmt":"2025-07-04T11:15:25","guid":{"rendered":"https:\/\/puffvapestore.com\/?post_type=product&#038;p=4389"},"modified":"2026-01-19T10:35:08","modified_gmt":"2026-01-19T10:35:08","slug":"tornado-25000-puffs-lush-ice","status":"publish","type":"product","link":"https:\/\/puffvapestore.com\/es\/product\/tornado-25000-bocanadas-de-hielo-exuberante\/","title":{"rendered":"RandM Tornado 25000 - Hielo exuberante"},"content":{"rendered":"<div data-elementor-type=\"wp-post\" data-elementor-id=\"4389\" class=\"elementor elementor-4389\">\n\t\t\t\t<div class=\"elementor-element elementor-element-08c26f9 e-flex e-con-boxed e-con e-parent\" data-id=\"08c26f9\" data-element_type=\"container\" data-e-type=\"container\">\n\t\t\t\t\t<div class=\"e-con-inner\">\n\t\t\t\t<div class=\"elementor-element elementor-element-a005a97 elementor-widget elementor-widget-text-editor\" data-id=\"a005a97\" data-element_type=\"widget\" data-e-type=\"widget\" data-widget_type=\"text-editor.default\">\n\t\t\t\t<div class=\"elementor-widget-container\">\n\t\t\t\t\t\t\t\t\t<p>RandM Tornado 25000 Puffs Los cigarrillos electr\u00f3nicos Lush Ice combinan la jugosa dulzura de la sand\u00eda con un regusto a menta fresca para una experiencia de fumada refrescante, vigorizante y compleja. Su equilibrio dulce y fresco, su sabor duradero y su potencia de doble capa lo convierten en la elecci\u00f3n ideal para los amantes de la fruta.<\/p><h2>Sabor principal - Sand\u00eda :<\/h2><p>El aroma principal de Lush Ice es el de la sand\u00eda madura, con una sensaci\u00f3n rica y jugosa, como morder una sand\u00eda fresca en un caluroso d\u00eda de verano. La sand\u00eda tiene un dulzor moderado, no demasiado pronunciado, y a\u00f1ade un aroma afrutado natural.<\/p><p>Sabor fresco y afrutado: El sabor a sand\u00eda es refrescante y no graso, con un sabor ligero y un toque de acidez afrutada natural que realza el conjunto. Este sabor afrutado es particularmente pronunciado en la inhalaci\u00f3n, llenando inmediatamente la boca y proporcionando una agradable experiencia afrutada.<\/p><h2>Regusto a menta fresca :<\/h2><p>Regusto fresco: Partiendo del dulzor de la sand\u00eda, Lush Ice incorpora una nota de menta fresca. La menta no es abrumadora, pero tiene la cantidad justa de frescura, a\u00f1adiendo un refrescante efecto de \u00abbrisa helada\u00bb a la dulce sand\u00eda.<\/p><p>Acabado fresco: El mentol deja un regusto refrescante, como una brisa de verano, proporcionando una sensaci\u00f3n de frescor duradera. Este efecto refrescante es especialmente adecuado para su uso a lo largo del d\u00eda, sobre todo cuando hace calor. Proporciona una experiencia calmante.<\/p><h2>Variaciones sutiles de sabor :<\/h2><ul><li>Inhalaci\u00f3n: Al entrar, dominan el dulzor y la jugosidad de la sand\u00eda, con un ligero toque de refrescante acidez afrutada para despertar las papilas gustativas.<\/li><li>Exhalaci\u00f3n: El mentol emerge gradualmente, proporcionando un final fresco, conservando el regusto a sand\u00eda. El sabor es fresco sin perder profundidad.<\/li><li>Retrogusto: El ligero dulzor de la sand\u00eda y la frescura del mentol perduran en el paladar, ofreciendo una intensidad infinita, ideal para una inhalaci\u00f3n continua.<\/li><\/ul>\t\t\t\t\t\t\t\t<\/div>\n\t\t\t\t<\/div>\n\t\t\t\t\t<\/div>\n\t\t\t\t<\/div>\n\t\t<div class=\"elementor-element elementor-element-718b380 e-flex e-con-boxed e-con e-parent\" data-id=\"718b380\" data-element_type=\"container\" data-e-type=\"container\">\n\t\t\t\t\t<div class=\"e-con-inner\">\n\t\t\t\t<div class=\"elementor-element elementor-element-d2cc8fa elementor-widget elementor-widget-text-editor\" data-id=\"d2cc8fa\" data-element_type=\"widget\" data-e-type=\"widget\" data-widget_type=\"text-editor.default\">\n\t\t\t\t<div class=\"elementor-widget-container\">\n\t\t\t\t\t\t\t\t\t<h2>Especificaciones del RandM Tornado 25000 :<\/h2><p>N\u00famero de caladas : Hasta 25.000, ideal para fumadores empedernidos o aquellos que buscan un uso prolongado sin reemplazos frecuentes.<\/p><p>Bater\u00eda: bater\u00eda recargable de 700 mAh con carga r\u00e1pida Type-C.<\/p><p>E-l\u00edquido: Precargado con 20 ml de e-l\u00edquido, concentraci\u00f3n de sal de nicotina de 2 % o 5 %.<\/p><p>Tecnolog\u00eda de resistencias: Las resistencias de doble malla proporcionan un sabor rico y consistente y un vapor denso durante toda su vida \u00fatil.<\/p><p>Pantalla: Equipada con una pantalla t\u00e1ctil TFT de alta definici\u00f3n, muestra el nivel de bater\u00eda, el nivel de e-l\u00edquido restante y los ajustes de potencia de salida en tiempo real.<\/p><p>Control t\u00e1ctil: un innovador interruptor t\u00e1ctil facilita el ajuste de la potencia (doble clic para activar, triple clic para cambiar la potencia, cu\u00e1druple clic para cambiar al modo de juego, un solo clic para empezar a jugar).<\/p><p>Dise\u00f1o: compacto y ligero, f\u00e1cil de transportar, elegante y moderno.<\/p><p>Flujo de aire ajustable: flujo de vapor personalizable para adaptarse a sus preferencias de fumador.<\/p><h2>Caracter\u00edsticas y ventajas del RandM Tornado 25000 :<\/h2><p>F\u00e1cil de usar: No requiere mantenimiento, recarga ni sustituci\u00f3n de piezas; s\u00f3lo tienes que abrir el envase y utilizar este cigarrillo electr\u00f3nico.<\/p><p>Sabor: Los usuarios aprecian el sabor rico y consistente y el vapor cremoso, realzado por la resistencia de doble malla.<\/p><p>Autonom\u00eda: La bater\u00eda de 700 mAh, combinada con la funci\u00f3n de carga r\u00e1pida, permite la recarga y el uso repetidos, evitando el desperdicio de e-l\u00edquido debido a una bater\u00eda descargada.<\/p><p>Portabilidad: su dise\u00f1o ligero y compacto facilita su transporte.<\/p><p>Funci\u00f3n de minijuegos incorporada: Admite peque\u00f1os juegos, como minijuegos de hacer clic para jugar, para una experiencia de entretenimiento \u00fanica que rara vez se encuentra en otros cigarrillos electr\u00f3nicos desechables del mercado.<\/p>\t\t\t\t\t\t\t\t<\/div>\n\t\t\t\t<\/div>\n\t\t\t\t\t<\/div>\n\t\t\t\t<\/div>\n\t\t\t\t<\/div>","protected":false},"excerpt":{"rendered":"<p>Les cigarettes \u00e9lectroniques RandM Tornado 25000\u200b Puffs\u200b Lush Ice associent la douceur juteuse de la past\u00e8que \u00e0 un arri\u00e8re-go\u00fbt de menthe fra\u00eeche, pour une exp\u00e9rience de fumage rafra\u00eechissante, vivifiante et complexe. Son \u00e9quilibre sucr\u00e9 et frais, sa saveur longue dur\u00e9e et sa r\u00e9sistance \u00e0 double couche en font le choix id\u00e9al pour les amateurs de [&hellip;]<\/p>\n","protected":false},"featured_media":4264,"comment_status":"open","ping_status":"closed","template":"","meta":{"site-sidebar-layout":"no-sidebar","site-content-layout":"page-builder","ast-site-content-layout":"normal-width-container","site-content-style":"default","site-sidebar-style":"default","ast-global-header-display":"","ast-banner-title-visibility":"","ast-main-header-display":"","ast-hfb-above-header-display":"","ast-hfb-below-header-display":"","ast-hfb-mobile-header-display":"","site-post-title":"disabled","ast-breadcrumbs-content":"","ast-featured-img":"disabled","footer-sml-layout":"","ast-disable-related-posts":"","theme-transparent-header-meta":"default","adv-header-id-meta":"","stick-header-meta":"default","header-above-stick-meta":"","header-main-stick-meta":"","header-below-stick-meta":"","astra-migrate-meta-layouts":"set","ast-page-background-enabled":"default","ast-page-background-meta":{"desktop":{"background-color":"","background-image":"","background-repeat":"repeat","background-position":"center center","background-size":"auto","background-attachment":"scroll","background-type":"","background-media":"","overlay-type":"","overlay-color":"","overlay-opacity":"","overlay-gradient":""},"tablet":{"background-color":"","background-image":"","background-repeat":"repeat","background-position":"center center","background-size":"auto","background-attachment":"scroll","background-type":"","background-media":"","overlay-type":"","overlay-color":"","overlay-opacity":"","overlay-gradient":""},"mobile":{"background-color":"","background-image":"","background-repeat":"repeat","background-position":"center center","background-size":"auto","background-attachment":"scroll","background-type":"","background-media":"","overlay-type":"","overlay-color":"","overlay-opacity":"","overlay-gradient":""}},"ast-content-background-meta":{"desktop":{"background-color":"var(--ast-global-color-5)","background-image":"","background-repeat":"repeat","background-position":"center center","background-size":"auto","background-attachment":"scroll","background-type":"","background-media":"","overlay-type":"","overlay-color":"","overlay-opacity":"","overlay-gradient":""},"tablet":{"background-color":"var(--ast-global-color-5)","background-image":"","background-repeat":"repeat","background-position":"center center","background-size":"auto","background-attachment":"scroll","background-type":"","background-media":"","overlay-type":"","overlay-color":"","overlay-opacity":"","overlay-gradient":""},"mobile":{"background-color":"var(--ast-global-color-5)","background-image":"","background-repeat":"repeat","background-position":"center center","background-size":"auto","background-attachment":"scroll","background-type":"","background-media":"","overlay-type":"","overlay-color":"","overlay-opacity":"","overlay-gradient":""}}},"product_brand":[42],"product_cat":[47,87,15],"product_tag":[],"class_list":{"0":"post-4389","1":"product","2":"type-product","3":"status-publish","4":"has-post-thumbnail","6":"product_brand-randm-tornado","7":"product_cat-randm-tornado-25000-allie-portabilite-et-personnalisation","8":"product_cat-puff-25k","9":"product_cat-magasin-cigarette-electronique","10":"desktop-align-center","11":"tablet-align-center","12":"mobile-align-center","13":"ast-product-gallery-layout-horizontal","14":"ast-product-gallery-with-no-image","15":"ast-product-single-variable","16":"ast-product-tabs-layout-horizontal","17":"ast-qv-on-image","19":"first","20":"instock","21":"sale","22":"shipping-taxable","23":"purchasable","24":"product-type-variable","25":"has-default-attributes"},"tiered_pricing_type":"fixed","tiered_pricing_fixed_rules":{"30":10.17,"60":9.22,"100":8.38,"200":8.08,"500":7.88,"1000":7.48},"tiered_pricing_product_settings":{"layout":"default","base_unit_name":{"singular":null,"plural":null},"default_variation":null},"tiered_pricing_minimum_quantity":null,"tiered_pricing_roles_data":[],"tiered_pricing_percentage_rules":[],"_links":{"self":[{"href":"https:\/\/puffvapestore.com\/es\/wp-json\/wp\/v2\/product\/4389","targetHints":{"allow":["GET"]}}],"collection":[{"href":"https:\/\/puffvapestore.com\/es\/wp-json\/wp\/v2\/product"}],"about":[{"href":"https:\/\/puffvapestore.com\/es\/wp-json\/wp\/v2\/types\/product"}],"replies":[{"embeddable":true,"href":"https:\/\/puffvapestore.com\/es\/wp-json\/wp\/v2\/comments?post=4389"}],"version-history":[{"count":7,"href":"https:\/\/puffvapestore.com\/es\/wp-json\/wp\/v2\/product\/4389\/revisions"}],"predecessor-version":[{"id":10736,"href":"https:\/\/puffvapestore.com\/es\/wp-json\/wp\/v2\/product\/4389\/revisions\/10736"}],"wp:featuredmedia":[{"embeddable":true,"href":"https:\/\/puffvapestore.com\/es\/wp-json\/wp\/v2\/media\/4264"}],"wp:attachment":[{"href":"https:\/\/puffvapestore.com\/es\/wp-json\/wp\/v2\/media?parent=4389"}],"wp:term":[{"taxonomy":"product_brand","embeddable":true,"href":"https:\/\/puffvapestore.com\/es\/wp-json\/wp\/v2\/product_brand?post=4389"},{"taxonomy":"product_cat","embeddable":true,"href":"https:\/\/puffvapestore.com\/es\/wp-json\/wp\/v2\/product_cat?post=4389"},{"taxonomy":"product_tag","embeddable":true,"href":"https:\/\/puffvapestore.com\/es\/wp-json\/wp\/v2\/product_tag?post=4389"}],"curies":[{"name":"wp","href":"https:\/\/api.w.org\/{rel}","templated":true}]}}