{"id":4379,"date":"2025-07-04T08:00:18","date_gmt":"2025-07-04T08:00:18","guid":{"rendered":"https:\/\/puffvapestore.com\/?post_type=product&#038;p=4379"},"modified":"2026-01-19T10:35:08","modified_gmt":"2026-01-19T10:35:08","slug":"r-and-m-tornado-25000-strawberry-watermelon","status":"publish","type":"product","link":"https:\/\/puffvapestore.com\/es\/product\/r-y-m-tornado-25000-sandia-fresa\/","title":{"rendered":"RandM Tornado 25000 - Sand\u00eda Fresa"},"content":{"rendered":"<div data-elementor-type=\"wp-post\" data-elementor-id=\"4379\" class=\"elementor elementor-4379\">\n\t\t\t\t<div class=\"elementor-element elementor-element-08c26f9 e-flex e-con-boxed e-con e-parent\" data-id=\"08c26f9\" data-element_type=\"container\" data-e-type=\"container\">\n\t\t\t\t\t<div class=\"e-con-inner\">\n\t\t\t\t<div class=\"elementor-element elementor-element-a005a97 elementor-widget elementor-widget-text-editor\" data-id=\"a005a97\" data-element_type=\"widget\" data-e-type=\"widget\" data-widget_type=\"text-editor.default\">\n\t\t\t\t<div class=\"elementor-widget-container\">\n\t\t\t\t\t\t\t\t\t<p>R and M Tornado 25000 Fresa-Sand\u00eda es un popular cigarrillo electr\u00f3nico desechable. Su sabor a fresa-sand\u00eda combina la dulzura y frescura de dos frutas cl\u00e1sicas.<\/p><h2>Caracter\u00edsticas gustativas<\/h2><p><strong>La dulzura de las fresas :<\/strong><br \/>La fresa est\u00e1 en el coraz\u00f3n de este sabor, proporcionando una dulzura rica y natural que imita el aroma y el sabor de las fresas maduras. Al inhalar, la dulzura de la fresa golpea primero las papilas gustativas, ofreciendo un aroma afrutado suave y redondeado, creando una base brillante para el sabor final.<\/p><p><strong>Sand\u00eda fresca y jugosa:<\/strong><br \/>El sabor de la sand\u00eda se combina perfectamente con el de la fresa, d\u00e1ndole un sabor fresco y jugoso, como morder una sand\u00eda helada en un caluroso d\u00eda de verano. Ligeramente menos dulce que la fresa, la sand\u00eda revela m\u00e1s de la dulzura y cremosidad naturales de la fruta, equilibrando el rico dulzor de la fresa.<\/p><p><strong>Fusi\u00f3n de fresa y sand\u00eda :<\/strong><br \/>La singularidad de este sabor reside en la armon\u00eda de la fresa y la sand\u00eda. Ambos forman un equilibrio perfecto de sabor: la fresa ofrece un rico aroma afrutado y dulzor, mientras que la sand\u00eda a\u00f1ade un toque refrescante y ligero. Al inhalar, domina el dulzor de la fresa, que emerge gradualmente con el frescor de la sand\u00eda; al exhalar, el frescor de la sand\u00eda es m\u00e1s pronunciado, y el regusto a fresa resuena suavemente en el paladar, ofreciendo un final satisfactorio.<\/p><h2>Experiencia detallada<\/h2><p><strong>Inhalaci\u00f3n\u00a0<\/strong>En la primera inhalaci\u00f3n, el aroma dulce y afrutado de la fresa invade las papilas gustativas, proporcionando una sensaci\u00f3n afrutada c\u00e1lida y familiar, acompa\u00f1ada de un ligero matiz agridulce. A continuaci\u00f3n, la frescura de la sand\u00eda emerge lentamente, a\u00f1adiendo un toque de frescor acuoso al conjunto.<\/p><p><strong>Caducidad\u00a0<\/strong>Al exhalar, las caracter\u00edsticas refrescantes de la sand\u00eda son m\u00e1s evidentes, proporcionando un dulzor similar al del zumo, mientras que el regusto dulce de la fresa persiste en el paladar, formando un agradable final.<\/p><p><strong>Regusto<\/strong>\u00a0El regusto es fresco y no dulce. Los sabores a fresa y sand\u00eda perduran ligeramente en el paladar, ni demasiado fuertes ni mon\u00f3tonos.<\/p>\t\t\t\t\t\t\t\t<\/div>\n\t\t\t\t<\/div>\n\t\t\t\t\t<\/div>\n\t\t\t\t<\/div>\n\t\t<div class=\"elementor-element elementor-element-718b380 e-flex e-con-boxed e-con e-parent\" data-id=\"718b380\" data-element_type=\"container\" data-e-type=\"container\">\n\t\t\t\t\t<div class=\"e-con-inner\">\n\t\t\t\t<div class=\"elementor-element elementor-element-d2cc8fa elementor-widget elementor-widget-text-editor\" data-id=\"d2cc8fa\" data-element_type=\"widget\" data-e-type=\"widget\" data-widget_type=\"text-editor.default\">\n\t\t\t\t<div class=\"elementor-widget-container\">\n\t\t\t\t\t\t\t\t\t<h2>Especificaciones del RandM Tornado 25000 :<\/h2><p>N\u00famero de caladas : Hasta 25.000, ideal para fumadores empedernidos o aquellos que buscan un uso prolongado sin reemplazos frecuentes.<\/p><p>Bater\u00eda: bater\u00eda recargable de 700 mAh con carga r\u00e1pida Type-C.<\/p><p>E-l\u00edquido: Precargado con 20 ml de e-l\u00edquido, concentraci\u00f3n de sal de nicotina de 2 % o 5 %.<\/p><p>Tecnolog\u00eda de resistencias: Las resistencias de doble malla proporcionan un sabor rico y consistente y un vapor denso durante toda su vida \u00fatil.<\/p><p>Pantalla: Equipada con una pantalla t\u00e1ctil TFT de alta definici\u00f3n, muestra el nivel de bater\u00eda, el nivel de e-l\u00edquido restante y los ajustes de potencia de salida en tiempo real.<\/p><p>Control t\u00e1ctil: un innovador interruptor t\u00e1ctil facilita el ajuste de la potencia (doble clic para activar, triple clic para cambiar la potencia, cu\u00e1druple clic para cambiar al modo de juego, un solo clic para empezar a jugar).<\/p><p>Dise\u00f1o: compacto y ligero, f\u00e1cil de transportar, elegante y moderno.<\/p><p>Flujo de aire ajustable: flujo de vapor personalizable para adaptarse a sus preferencias de fumador.<\/p><h2>Caracter\u00edsticas y ventajas del RandM Tornado 25000 :<\/h2><p>F\u00e1cil de usar: No requiere mantenimiento, recarga ni sustituci\u00f3n de piezas; s\u00f3lo tienes que abrir el envase y utilizar este cigarrillo electr\u00f3nico.<\/p><p>Sabor: Los usuarios aprecian el sabor rico y consistente y el vapor cremoso, realzado por la resistencia de doble malla.<\/p><p>Autonom\u00eda: La bater\u00eda de 700 mAh, combinada con la funci\u00f3n de carga r\u00e1pida, permite la recarga y el uso repetidos, evitando el desperdicio de e-l\u00edquido debido a una bater\u00eda descargada.<\/p><p>Portabilidad: su dise\u00f1o ligero y compacto facilita su transporte.<\/p><p>Funci\u00f3n de minijuegos incorporada: Admite peque\u00f1os juegos, como minijuegos de hacer clic para jugar, para una experiencia de entretenimiento \u00fanica que rara vez se encuentra en otros cigarrillos electr\u00f3nicos desechables del mercado.<\/p>\t\t\t\t\t\t\t\t<\/div>\n\t\t\t\t<\/div>\n\t\t\t\t\t<\/div>\n\t\t\t\t<\/div>\n\t\t\t\t<\/div>","protected":false},"excerpt":{"rendered":"<p>R and M Tornado 25000 Fraise Past\u00e8que est une cigarette \u00e9lectronique jetable populaire. Son ar\u00f4me fraise past\u00e8que allie la douceur et la fra\u00eecheur de deux fruits classiques. Caract\u00e9ristiques gustatives La douceur et la douceur de la fraise\u00a0: La fraise est au c\u0153ur de cette saveur, apportant une douceur riche et naturelle, imitant l&rsquo;ar\u00f4me et le [&hellip;]<\/p>\n","protected":false},"featured_media":4280,"comment_status":"open","ping_status":"closed","template":"","meta":{"site-sidebar-layout":"no-sidebar","site-content-layout":"page-builder","ast-site-content-layout":"normal-width-container","site-content-style":"default","site-sidebar-style":"default","ast-global-header-display":"","ast-banner-title-visibility":"","ast-main-header-display":"","ast-hfb-above-header-display":"","ast-hfb-below-header-display":"","ast-hfb-mobile-header-display":"","site-post-title":"disabled","ast-breadcrumbs-content":"","ast-featured-img":"disabled","footer-sml-layout":"","ast-disable-related-posts":"","theme-transparent-header-meta":"default","adv-header-id-meta":"","stick-header-meta":"default","header-above-stick-meta":"","header-main-stick-meta":"","header-below-stick-meta":"","astra-migrate-meta-layouts":"set","ast-page-background-enabled":"default","ast-page-background-meta":{"desktop":{"background-color":"","background-image":"","background-repeat":"repeat","background-position":"center center","background-size":"auto","background-attachment":"scroll","background-type":"","background-media":"","overlay-type":"","overlay-color":"","overlay-opacity":"","overlay-gradient":""},"tablet":{"background-color":"","background-image":"","background-repeat":"repeat","background-position":"center center","background-size":"auto","background-attachment":"scroll","background-type":"","background-media":"","overlay-type":"","overlay-color":"","overlay-opacity":"","overlay-gradient":""},"mobile":{"background-color":"","background-image":"","background-repeat":"repeat","background-position":"center center","background-size":"auto","background-attachment":"scroll","background-type":"","background-media":"","overlay-type":"","overlay-color":"","overlay-opacity":"","overlay-gradient":""}},"ast-content-background-meta":{"desktop":{"background-color":"var(--ast-global-color-5)","background-image":"","background-repeat":"repeat","background-position":"center center","background-size":"auto","background-attachment":"scroll","background-type":"","background-media":"","overlay-type":"","overlay-color":"","overlay-opacity":"","overlay-gradient":""},"tablet":{"background-color":"var(--ast-global-color-5)","background-image":"","background-repeat":"repeat","background-position":"center center","background-size":"auto","background-attachment":"scroll","background-type":"","background-media":"","overlay-type":"","overlay-color":"","overlay-opacity":"","overlay-gradient":""},"mobile":{"background-color":"var(--ast-global-color-5)","background-image":"","background-repeat":"repeat","background-position":"center center","background-size":"auto","background-attachment":"scroll","background-type":"","background-media":"","overlay-type":"","overlay-color":"","overlay-opacity":"","overlay-gradient":""}}},"product_brand":[42],"product_cat":[47,87,15],"product_tag":[],"class_list":{"0":"post-4379","1":"product","2":"type-product","3":"status-publish","4":"has-post-thumbnail","6":"product_brand-randm-tornado","7":"product_cat-randm-tornado-25000-allie-portabilite-et-personnalisation","8":"product_cat-puff-25k","9":"product_cat-magasin-cigarette-electronique","10":"desktop-align-center","11":"tablet-align-center","12":"mobile-align-center","13":"ast-product-gallery-layout-horizontal","14":"ast-product-single-variable","15":"ast-product-tabs-layout-horizontal","16":"ast-qv-on-image","18":"first","19":"instock","20":"sale","21":"shipping-taxable","22":"purchasable","23":"product-type-variable","24":"has-default-attributes"},"tiered_pricing_type":"fixed","tiered_pricing_fixed_rules":{"30":10.17,"60":9.22,"100":8.38,"200":8.08,"500":7.88,"1000":7.48},"tiered_pricing_product_settings":{"layout":"default","base_unit_name":{"singular":null,"plural":null},"default_variation":null},"tiered_pricing_minimum_quantity":null,"tiered_pricing_roles_data":[],"tiered_pricing_percentage_rules":[],"_links":{"self":[{"href":"https:\/\/puffvapestore.com\/es\/wp-json\/wp\/v2\/product\/4379","targetHints":{"allow":["GET"]}}],"collection":[{"href":"https:\/\/puffvapestore.com\/es\/wp-json\/wp\/v2\/product"}],"about":[{"href":"https:\/\/puffvapestore.com\/es\/wp-json\/wp\/v2\/types\/product"}],"replies":[{"embeddable":true,"href":"https:\/\/puffvapestore.com\/es\/wp-json\/wp\/v2\/comments?post=4379"}],"version-history":[{"count":7,"href":"https:\/\/puffvapestore.com\/es\/wp-json\/wp\/v2\/product\/4379\/revisions"}],"predecessor-version":[{"id":4388,"href":"https:\/\/puffvapestore.com\/es\/wp-json\/wp\/v2\/product\/4379\/revisions\/4388"}],"wp:featuredmedia":[{"embeddable":true,"href":"https:\/\/puffvapestore.com\/es\/wp-json\/wp\/v2\/media\/4280"}],"wp:attachment":[{"href":"https:\/\/puffvapestore.com\/es\/wp-json\/wp\/v2\/media?parent=4379"}],"wp:term":[{"taxonomy":"product_brand","embeddable":true,"href":"https:\/\/puffvapestore.com\/es\/wp-json\/wp\/v2\/product_brand?post=4379"},{"taxonomy":"product_cat","embeddable":true,"href":"https:\/\/puffvapestore.com\/es\/wp-json\/wp\/v2\/product_cat?post=4379"},{"taxonomy":"product_tag","embeddable":true,"href":"https:\/\/puffvapestore.com\/es\/wp-json\/wp\/v2\/product_tag?post=4379"}],"curies":[{"name":"wp","href":"https:\/\/api.w.org\/{rel}","templated":true}]}}