{"id":4370,"date":"2025-07-04T06:50:46","date_gmt":"2025-07-04T06:50:46","guid":{"rendered":"https:\/\/puffvapestore.com\/?post_type=product&#038;p=4370"},"modified":"2026-01-19T10:35:08","modified_gmt":"2026-01-19T10:35:08","slug":"puff-tornado-25000-blueberry-raspberry","status":"publish","type":"product","link":"https:\/\/puffvapestore.com\/es\/product\/puff-tornado-25000-arandano-frambuesa\/","title":{"rendered":"RandM Tornado 25000 - Ar\u00e1ndano Frambuesa"},"content":{"rendered":"<div data-elementor-type=\"wp-post\" data-elementor-id=\"4370\" class=\"elementor elementor-4370\">\n\t\t\t\t<div class=\"elementor-element elementor-element-08c26f9 e-flex e-con-boxed e-con e-parent\" data-id=\"08c26f9\" data-element_type=\"container\" data-e-type=\"container\">\n\t\t\t\t\t<div class=\"e-con-inner\">\n\t\t\t\t<div class=\"elementor-element elementor-element-a005a97 elementor-widget elementor-widget-text-editor\" data-id=\"a005a97\" data-element_type=\"widget\" data-e-type=\"widget\" data-widget_type=\"text-editor.default\">\n\t\t\t\t<div class=\"elementor-widget-container\">\n\t\t\t\t\t\t\t\t\t<p>El sabor de RandM Tornado 25000 Ar\u00e1ndano Frambuesa es complejo y equilibrado, y mezcla el sabor \u00fanico de los ar\u00e1ndanos y las frambuesas. La experiencia es agridulce, rica en matices.<\/p><h2>Caracter\u00edsticas gustativas<\/h2><p><strong>La dulzura de los ar\u00e1ndanos :<\/strong><br \/>Domina el aroma a ar\u00e1ndano, el sabor es redondo y pleno, con aromas afrutados naturales y un toque de mermelada, un sutil aroma dulce que recuerda a los ar\u00e1ndanos maduros. El sabor a ar\u00e1ndano es suave y espeso, con un sedoso aroma a bayas.<\/p><p><strong>Frambuesas frescas y \u00e1cidas :<\/strong><br \/>Tras la dulzura de los ar\u00e1ndanos, el sabor de la frambuesa emerge gradualmente, aportando un toque de viva acidez y un fresco aroma afrutado. Las notas agridulces de las frambuesas a\u00f1aden un toque de frescor, como si estuvieras saboreando frambuesas reci\u00e9n recolectadas.<\/p><h3>Una experiencia armoniosa de equilibrio agridulce:<\/h3><ul><li>Sabor general: El sabor de Blueberry Raspberry se describe como una \u00abarmon\u00eda afrutada\u00bb, en la que el dulzor de los ar\u00e1ndanos complementa la acidez de las frambuesas para crear una experiencia de sabor suave y refrescante.<\/li><li>Elementos: Al inhalar, domina el dulzor de los ar\u00e1ndanos, que aportan dulzura; despu\u00e9s, la acidez de las frambuesas emerge gradualmente, aportando vitalidad; al exhalar, los sabores de las dos frutas se funden, dejando un regusto refrescante.<\/li><li>Details: El equilibrio de este sabor permite un consumo diario, satisfaciendo los antojos dulces sin ser enfermizo. La interacci\u00f3n de dulce y \u00e1cido hace que cada bocanada de humo est\u00e9 llena de frescura.<\/li><\/ul>\t\t\t\t\t\t\t\t<\/div>\n\t\t\t\t<\/div>\n\t\t\t\t\t<\/div>\n\t\t\t\t<\/div>\n\t\t<div class=\"elementor-element elementor-element-718b380 e-flex e-con-boxed e-con e-parent\" data-id=\"718b380\" data-element_type=\"container\" data-e-type=\"container\">\n\t\t\t\t\t<div class=\"e-con-inner\">\n\t\t\t\t<div class=\"elementor-element elementor-element-d2cc8fa elementor-widget elementor-widget-text-editor\" data-id=\"d2cc8fa\" data-element_type=\"widget\" data-e-type=\"widget\" data-widget_type=\"text-editor.default\">\n\t\t\t\t<div class=\"elementor-widget-container\">\n\t\t\t\t\t\t\t\t\t<h2>Especificaciones del RandM Tornado 25K Ar\u00e1ndano Frambuesa:<\/h2><p>N\u00famero de caladas : Hasta 25.000, ideal para fumadores empedernidos o aquellos que buscan un uso prolongado sin reemplazos frecuentes.<\/p><p>Bater\u00eda: bater\u00eda recargable de 700 mAh con carga r\u00e1pida Type-C.<\/p><p>E-l\u00edquido: Precargado con 20 ml de e-l\u00edquido, concentraci\u00f3n de sal de nicotina de 2 % o 5 %.<\/p><p>Tecnolog\u00eda de resistencias: Las resistencias de doble malla proporcionan un sabor rico y consistente y un vapor denso durante toda su vida \u00fatil.<\/p><p>Pantalla: Equipada con una pantalla t\u00e1ctil TFT de alta definici\u00f3n, muestra el nivel de bater\u00eda, el nivel de e-l\u00edquido restante y los ajustes de potencia de salida en tiempo real.<\/p><p>Control t\u00e1ctil: un innovador interruptor t\u00e1ctil facilita el ajuste de la potencia (doble clic para activar, triple clic para cambiar la potencia, cu\u00e1druple clic para cambiar al modo de juego, un solo clic para empezar a jugar).<\/p><p>Dise\u00f1o: compacto y ligero, f\u00e1cil de transportar, elegante y moderno.<\/p><p>Flujo de aire ajustable: flujo de vapor personalizable para adaptarse a sus preferencias de fumador.<\/p><h2>Caracter\u00edsticas y ventajas del RandM Tornado 25000 :<\/h2><p>F\u00e1cil de usar: No requiere mantenimiento, recarga ni sustituci\u00f3n de piezas; s\u00f3lo tienes que abrir el envase y utilizar este cigarrillo electr\u00f3nico.<\/p><p>Sabor: Los usuarios aprecian el sabor rico y consistente y el vapor cremoso, realzado por la resistencia de doble malla.<\/p><p>Autonom\u00eda: La bater\u00eda de 700 mAh, combinada con la funci\u00f3n de carga r\u00e1pida, permite la recarga y el uso repetidos, evitando el desperdicio de e-l\u00edquido debido a una bater\u00eda descargada.<\/p><p>Portabilidad: su dise\u00f1o ligero y compacto facilita su transporte.<\/p><p>Funci\u00f3n de minijuegos incorporada: Admite peque\u00f1os juegos, como minijuegos de hacer clic para jugar, para una experiencia de entretenimiento \u00fanica que rara vez se encuentra en otros cigarrillos electr\u00f3nicos desechables del mercado.<\/p>\t\t\t\t\t\t\t\t<\/div>\n\t\t\t\t<\/div>\n\t\t\t\t\t<\/div>\n\t\t\t\t<\/div>\n\t\t\t\t<\/div>","protected":false},"excerpt":{"rendered":"<p>Le go\u00fbt de la RandM Tornado 25000 Myrtille Framboise est complexe et \u00e9quilibr\u00e9, m\u00ealant l&rsquo;ar\u00f4me unique des myrtilles et des framboises. L&rsquo;exp\u00e9rience est aigre-douce, riche en nuances. Caract\u00e9ristiques gustatives La douceur des myrtilles\u00a0: L&rsquo;ar\u00f4me des myrtilles domine, le go\u00fbt est rond et ample, avec des ar\u00f4mes fruit\u00e9s naturels et une touche de confiture, un subtil [&hellip;]<\/p>\n","protected":false},"featured_media":4244,"comment_status":"open","ping_status":"closed","template":"","meta":{"site-sidebar-layout":"no-sidebar","site-content-layout":"page-builder","ast-site-content-layout":"normal-width-container","site-content-style":"default","site-sidebar-style":"default","ast-global-header-display":"","ast-banner-title-visibility":"","ast-main-header-display":"","ast-hfb-above-header-display":"","ast-hfb-below-header-display":"","ast-hfb-mobile-header-display":"","site-post-title":"disabled","ast-breadcrumbs-content":"","ast-featured-img":"disabled","footer-sml-layout":"","ast-disable-related-posts":"","theme-transparent-header-meta":"default","adv-header-id-meta":"","stick-header-meta":"default","header-above-stick-meta":"","header-main-stick-meta":"","header-below-stick-meta":"","astra-migrate-meta-layouts":"set","ast-page-background-enabled":"default","ast-page-background-meta":{"desktop":{"background-color":"","background-image":"","background-repeat":"repeat","background-position":"center center","background-size":"auto","background-attachment":"scroll","background-type":"","background-media":"","overlay-type":"","overlay-color":"","overlay-opacity":"","overlay-gradient":""},"tablet":{"background-color":"","background-image":"","background-repeat":"repeat","background-position":"center center","background-size":"auto","background-attachment":"scroll","background-type":"","background-media":"","overlay-type":"","overlay-color":"","overlay-opacity":"","overlay-gradient":""},"mobile":{"background-color":"","background-image":"","background-repeat":"repeat","background-position":"center center","background-size":"auto","background-attachment":"scroll","background-type":"","background-media":"","overlay-type":"","overlay-color":"","overlay-opacity":"","overlay-gradient":""}},"ast-content-background-meta":{"desktop":{"background-color":"var(--ast-global-color-5)","background-image":"","background-repeat":"repeat","background-position":"center center","background-size":"auto","background-attachment":"scroll","background-type":"","background-media":"","overlay-type":"","overlay-color":"","overlay-opacity":"","overlay-gradient":""},"tablet":{"background-color":"var(--ast-global-color-5)","background-image":"","background-repeat":"repeat","background-position":"center center","background-size":"auto","background-attachment":"scroll","background-type":"","background-media":"","overlay-type":"","overlay-color":"","overlay-opacity":"","overlay-gradient":""},"mobile":{"background-color":"var(--ast-global-color-5)","background-image":"","background-repeat":"repeat","background-position":"center center","background-size":"auto","background-attachment":"scroll","background-type":"","background-media":"","overlay-type":"","overlay-color":"","overlay-opacity":"","overlay-gradient":""}}},"product_brand":[42],"product_cat":[47,87,15],"product_tag":[],"class_list":{"0":"post-4370","1":"product","2":"type-product","3":"status-publish","4":"has-post-thumbnail","6":"product_brand-randm-tornado","7":"product_cat-randm-tornado-25000-allie-portabilite-et-personnalisation","8":"product_cat-puff-25k","9":"product_cat-magasin-cigarette-electronique","10":"desktop-align-center","11":"tablet-align-center","12":"mobile-align-center","13":"ast-product-gallery-layout-horizontal","14":"ast-product-single-variable","15":"ast-product-tabs-layout-horizontal","16":"ast-qv-on-image","18":"first","19":"instock","20":"sale","21":"shipping-taxable","22":"purchasable","23":"product-type-variable","24":"has-default-attributes"},"tiered_pricing_type":"fixed","tiered_pricing_fixed_rules":{"30":10.17,"60":9.22,"100":8.38,"200":8.08,"500":7.88,"1000":7.48},"tiered_pricing_product_settings":{"layout":"default","base_unit_name":{"singular":null,"plural":null},"default_variation":null},"tiered_pricing_minimum_quantity":null,"tiered_pricing_roles_data":[],"tiered_pricing_percentage_rules":[],"_links":{"self":[{"href":"https:\/\/puffvapestore.com\/es\/wp-json\/wp\/v2\/product\/4370","targetHints":{"allow":["GET"]}}],"collection":[{"href":"https:\/\/puffvapestore.com\/es\/wp-json\/wp\/v2\/product"}],"about":[{"href":"https:\/\/puffvapestore.com\/es\/wp-json\/wp\/v2\/types\/product"}],"replies":[{"embeddable":true,"href":"https:\/\/puffvapestore.com\/es\/wp-json\/wp\/v2\/comments?post=4370"}],"version-history":[{"count":7,"href":"https:\/\/puffvapestore.com\/es\/wp-json\/wp\/v2\/product\/4370\/revisions"}],"predecessor-version":[{"id":10737,"href":"https:\/\/puffvapestore.com\/es\/wp-json\/wp\/v2\/product\/4370\/revisions\/10737"}],"wp:featuredmedia":[{"embeddable":true,"href":"https:\/\/puffvapestore.com\/es\/wp-json\/wp\/v2\/media\/4244"}],"wp:attachment":[{"href":"https:\/\/puffvapestore.com\/es\/wp-json\/wp\/v2\/media?parent=4370"}],"wp:term":[{"taxonomy":"product_brand","embeddable":true,"href":"https:\/\/puffvapestore.com\/es\/wp-json\/wp\/v2\/product_brand?post=4370"},{"taxonomy":"product_cat","embeddable":true,"href":"https:\/\/puffvapestore.com\/es\/wp-json\/wp\/v2\/product_cat?post=4370"},{"taxonomy":"product_tag","embeddable":true,"href":"https:\/\/puffvapestore.com\/es\/wp-json\/wp\/v2\/product_tag?post=4370"}],"curies":[{"name":"wp","href":"https:\/\/api.w.org\/{rel}","templated":true}]}}