{"id":4361,"date":"2025-07-05T11:42:09","date_gmt":"2025-07-05T11:42:09","guid":{"rendered":"https:\/\/puffvapestore.com\/?post_type=product&#038;p=4361"},"modified":"2026-01-19T10:35:08","modified_gmt":"2026-01-19T10:35:08","slug":"puff-randm-tornado-25000-cherry-cola","status":"publish","type":"product","link":"https:\/\/puffvapestore.com\/es\/product\/puff-randm-tornado-25000-cherry-cola\/","title":{"rendered":"RandM Tornado 25000 - Cereza Cola"},"content":{"rendered":"<div data-elementor-type=\"wp-post\" data-elementor-id=\"4361\" class=\"elementor elementor-4361\">\n\t\t\t\t<div class=\"elementor-element elementor-element-08c26f9 e-flex e-con-boxed e-con e-parent\" data-id=\"08c26f9\" data-element_type=\"container\" data-e-type=\"container\">\n\t\t\t\t\t<div class=\"e-con-inner\">\n\t\t\t\t<div class=\"elementor-element elementor-element-a005a97 elementor-widget elementor-widget-text-editor\" data-id=\"a005a97\" data-element_type=\"widget\" data-e-type=\"widget\" data-widget_type=\"text-editor.default\">\n\t\t\t\t<div class=\"elementor-widget-container\">\n\t\t\t\t\t\t\t\t\t<p>Este sabor a Cherry Cola es ideal para los vapeadores que disfrutan de una combinaci\u00f3n afrutada y refrescante, especialmente cuando hace calor o se relajan. Evoca la nostalgia de la cl\u00e1sica Cherry Cola, al tiempo que ofrece una experiencia de vapeo totalmente nueva. Ya sea para uso diario o en movimiento, su portabilidad y capacidad de vapeo de larga duraci\u00f3n (25.000 caladas) lo convierten en una elecci\u00f3n fiable.<\/p><h3>Nota de cabeza: cereza dulce<\/h3><p>Nada m\u00e1s inhalar, la primera sensaci\u00f3n es el rico aroma a cereza. Este aroma a cereza no es un dulce artificial, sino una dulce combinaci\u00f3n de fruta fresca y cereza confitada, con una sutil nota afrutada \u00e1cida que refuerza la impresi\u00f3n de realismo y complejidad.<\/p><h3>Nota de coraz\u00f3n: intenso sabor a cola<\/h3><p>El aroma afrutado a cereza se mezcla de forma natural con el t\u00edpico sabor a cola. Este sabor a cola aporta una sensaci\u00f3n de burbujas, como si experimentaras el silbido de las bebidas gaseosas al inhalar. Sin ser demasiado fuerte, deja espacio a la cereza y mantiene el equilibrio general.<\/p><h3>Nota de fondo: frescor en boca y final<\/h3><p>La exhalaci\u00f3n del humo proporciona un ligero frescor mentolado. Esta frescura no es \u00e1spera, sino que aclara el sabor general, haciendo que el final sea m\u00e1s refrescante y limpio. Equilibra el dulzor de las notas altas y medias, evitando una sensaci\u00f3n grasienta en la boca.<\/p><h3>Impresi\u00f3n general<\/h3><ul><li>Sabor: agridulce, rico sin ser grasiento, final refrescante<\/li><li>Dulzor: medio-alto (tendencia al dulzor afrutado m\u00e1s que al az\u00facar simple)<\/li><li>Realidad: alta, la reproducci\u00f3n del sabor es excelente, como si estuvieras bebiendo un refresco de cola de cereza helado.<\/li><\/ul>\t\t\t\t\t\t\t\t<\/div>\n\t\t\t\t<\/div>\n\t\t\t\t\t<\/div>\n\t\t\t\t<\/div>\n\t\t<div class=\"elementor-element elementor-element-718b380 e-flex e-con-boxed e-con e-parent\" data-id=\"718b380\" data-element_type=\"container\" data-e-type=\"container\">\n\t\t\t\t\t<div class=\"e-con-inner\">\n\t\t\t\t<div class=\"elementor-element elementor-element-d2cc8fa elementor-widget elementor-widget-text-editor\" data-id=\"d2cc8fa\" data-element_type=\"widget\" data-e-type=\"widget\" data-widget_type=\"text-editor.default\">\n\t\t\t\t<div class=\"elementor-widget-container\">\n\t\t\t\t\t\t\t\t\t<h2>Especificaciones del RandM Tornado 25000 :<\/h2><p>N\u00famero de caladas : Hasta 25.000, ideal para fumadores empedernidos o aquellos que buscan un uso prolongado sin reemplazos frecuentes.<\/p><p>Bater\u00eda: bater\u00eda recargable de 700 mAh con carga r\u00e1pida Type-C.<\/p><p>E-l\u00edquido: Precargado con 20 ml de e-l\u00edquido, concentraci\u00f3n de sal de nicotina de 2 % o 5 %.<\/p><p>Tecnolog\u00eda de resistencias: Las resistencias de doble malla proporcionan un sabor rico y consistente y un vapor denso durante toda su vida \u00fatil.<\/p><p>Pantalla: Equipada con una pantalla t\u00e1ctil TFT de alta definici\u00f3n, muestra el nivel de bater\u00eda, el nivel de e-l\u00edquido restante y los ajustes de potencia de salida en tiempo real.<\/p><p>Control t\u00e1ctil: un innovador interruptor t\u00e1ctil facilita el ajuste de la potencia (doble clic para activar, triple clic para cambiar la potencia, cu\u00e1druple clic para cambiar al modo de juego, un solo clic para empezar a jugar).<\/p><p>Dise\u00f1o: compacto y ligero, f\u00e1cil de transportar, elegante y moderno.<\/p><p>Flujo de aire ajustable: flujo de vapor personalizable para adaptarse a sus preferencias de fumador.<\/p><h2>Caracter\u00edsticas y ventajas del RandM Tornado 25000 :<\/h2><p>F\u00e1cil de usar: No requiere mantenimiento, recarga ni sustituci\u00f3n de piezas; s\u00f3lo tienes que abrir el envase y utilizar este cigarrillo electr\u00f3nico.<\/p><p>Sabor: Los usuarios aprecian el sabor rico y consistente y el vapor cremoso, realzado por la resistencia de doble malla.<\/p><p>Autonom\u00eda: La bater\u00eda de 700 mAh, combinada con la funci\u00f3n de carga r\u00e1pida, permite la recarga y el uso repetidos, evitando el desperdicio de e-l\u00edquido debido a una bater\u00eda descargada.<\/p><p>Portabilidad: su dise\u00f1o ligero y compacto facilita su transporte.<\/p><p>Funci\u00f3n de minijuegos incorporada: Admite peque\u00f1os juegos, como minijuegos de hacer clic para jugar, para una experiencia de entretenimiento \u00fanica que rara vez se encuentra en otros cigarrillos electr\u00f3nicos desechables del mercado.<\/p>\t\t\t\t\t\t\t\t<\/div>\n\t\t\t\t<\/div>\n\t\t\t\t\t<\/div>\n\t\t\t\t<\/div>\n\t\t\t\t<\/div>","protected":false},"excerpt":{"rendered":"<p>Cet ar\u00f4me Cherry Cola est id\u00e9al pour les vapoteurs qui appr\u00e9cient une combinaison fruit\u00e9e et rafra\u00eechissante, notamment par temps chaud ou pour les moments de d\u00e9tente. Il \u00e9voque la nostalgie du Cherry Cola classique tout en offrant une exp\u00e9rience de vapotage in\u00e9dite. Que ce soit pour une utilisation quotidienne ou \u00e0 emporter, sa portabilit\u00e9 et [&hellip;]<\/p>\n","protected":false},"featured_media":4248,"comment_status":"open","ping_status":"closed","template":"","meta":{"site-sidebar-layout":"no-sidebar","site-content-layout":"page-builder","ast-site-content-layout":"normal-width-container","site-content-style":"default","site-sidebar-style":"default","ast-global-header-display":"","ast-banner-title-visibility":"","ast-main-header-display":"","ast-hfb-above-header-display":"","ast-hfb-below-header-display":"","ast-hfb-mobile-header-display":"","site-post-title":"disabled","ast-breadcrumbs-content":"","ast-featured-img":"disabled","footer-sml-layout":"","ast-disable-related-posts":"","theme-transparent-header-meta":"default","adv-header-id-meta":"","stick-header-meta":"default","header-above-stick-meta":"","header-main-stick-meta":"","header-below-stick-meta":"","astra-migrate-meta-layouts":"set","ast-page-background-enabled":"default","ast-page-background-meta":{"desktop":{"background-color":"","background-image":"","background-repeat":"repeat","background-position":"center center","background-size":"auto","background-attachment":"scroll","background-type":"","background-media":"","overlay-type":"","overlay-color":"","overlay-opacity":"","overlay-gradient":""},"tablet":{"background-color":"","background-image":"","background-repeat":"repeat","background-position":"center center","background-size":"auto","background-attachment":"scroll","background-type":"","background-media":"","overlay-type":"","overlay-color":"","overlay-opacity":"","overlay-gradient":""},"mobile":{"background-color":"","background-image":"","background-repeat":"repeat","background-position":"center center","background-size":"auto","background-attachment":"scroll","background-type":"","background-media":"","overlay-type":"","overlay-color":"","overlay-opacity":"","overlay-gradient":""}},"ast-content-background-meta":{"desktop":{"background-color":"var(--ast-global-color-5)","background-image":"","background-repeat":"repeat","background-position":"center center","background-size":"auto","background-attachment":"scroll","background-type":"","background-media":"","overlay-type":"","overlay-color":"","overlay-opacity":"","overlay-gradient":""},"tablet":{"background-color":"var(--ast-global-color-5)","background-image":"","background-repeat":"repeat","background-position":"center center","background-size":"auto","background-attachment":"scroll","background-type":"","background-media":"","overlay-type":"","overlay-color":"","overlay-opacity":"","overlay-gradient":""},"mobile":{"background-color":"var(--ast-global-color-5)","background-image":"","background-repeat":"repeat","background-position":"center center","background-size":"auto","background-attachment":"scroll","background-type":"","background-media":"","overlay-type":"","overlay-color":"","overlay-opacity":"","overlay-gradient":""}}},"product_brand":[42],"product_cat":[47,87,15],"product_tag":[],"class_list":{"0":"post-4361","1":"product","2":"type-product","3":"status-publish","4":"has-post-thumbnail","6":"product_brand-randm-tornado","7":"product_cat-randm-tornado-25000-allie-portabilite-et-personnalisation","8":"product_cat-puff-25k","9":"product_cat-magasin-cigarette-electronique","10":"desktop-align-center","11":"tablet-align-center","12":"mobile-align-center","13":"ast-product-gallery-layout-horizontal","14":"ast-product-single-variable","15":"ast-product-tabs-layout-horizontal","16":"ast-qv-on-image","18":"first","19":"instock","20":"sale","21":"shipping-taxable","22":"purchasable","23":"product-type-variable","24":"has-default-attributes"},"tiered_pricing_type":"fixed","tiered_pricing_fixed_rules":{"30":10.17,"60":9.22,"100":8.38,"200":8.08,"500":7.88,"1000":7.48},"tiered_pricing_product_settings":{"layout":"default","base_unit_name":{"singular":null,"plural":null},"default_variation":null},"tiered_pricing_minimum_quantity":null,"tiered_pricing_roles_data":[],"tiered_pricing_percentage_rules":[],"_links":{"self":[{"href":"https:\/\/puffvapestore.com\/es\/wp-json\/wp\/v2\/product\/4361","targetHints":{"allow":["GET"]}}],"collection":[{"href":"https:\/\/puffvapestore.com\/es\/wp-json\/wp\/v2\/product"}],"about":[{"href":"https:\/\/puffvapestore.com\/es\/wp-json\/wp\/v2\/types\/product"}],"replies":[{"embeddable":true,"href":"https:\/\/puffvapestore.com\/es\/wp-json\/wp\/v2\/comments?post=4361"}],"version-history":[{"count":7,"href":"https:\/\/puffvapestore.com\/es\/wp-json\/wp\/v2\/product\/4361\/revisions"}],"predecessor-version":[{"id":4753,"href":"https:\/\/puffvapestore.com\/es\/wp-json\/wp\/v2\/product\/4361\/revisions\/4753"}],"wp:featuredmedia":[{"embeddable":true,"href":"https:\/\/puffvapestore.com\/es\/wp-json\/wp\/v2\/media\/4248"}],"wp:attachment":[{"href":"https:\/\/puffvapestore.com\/es\/wp-json\/wp\/v2\/media?parent=4361"}],"wp:term":[{"taxonomy":"product_brand","embeddable":true,"href":"https:\/\/puffvapestore.com\/es\/wp-json\/wp\/v2\/product_brand?post=4361"},{"taxonomy":"product_cat","embeddable":true,"href":"https:\/\/puffvapestore.com\/es\/wp-json\/wp\/v2\/product_cat?post=4361"},{"taxonomy":"product_tag","embeddable":true,"href":"https:\/\/puffvapestore.com\/es\/wp-json\/wp\/v2\/product_tag?post=4361"}],"curies":[{"name":"wp","href":"https:\/\/api.w.org\/{rel}","templated":true}]}}