{"id":4220,"date":"2025-07-03T06:12:34","date_gmt":"2025-07-03T06:12:34","guid":{"rendered":"https:\/\/puffvapestore.com\/?post_type=product&#038;p=4220"},"modified":"2026-01-19T10:36:52","modified_gmt":"2026-01-19T10:36:52","slug":"puff-fumot-20000-lychee-hami-melon","status":"publish","type":"product","link":"https:\/\/puffvapestore.com\/es\/product\/puff-fumot-20000-lichi-melon-hami\/","title":{"rendered":"RandM Tornado 20000 - Lichi Hami Mel\u00f3n"},"content":{"rendered":"<div data-elementor-type=\"wp-post\" data-elementor-id=\"4220\" class=\"elementor elementor-4220\">\n\t\t\t\t<div class=\"elementor-element elementor-element-08c26f9 e-flex e-con-boxed e-con e-parent\" data-id=\"08c26f9\" data-element_type=\"container\" data-e-type=\"container\">\n\t\t\t\t\t<div class=\"e-con-inner\">\n\t\t\t\t<div class=\"elementor-element elementor-element-a005a97 elementor-widget elementor-widget-text-editor\" data-id=\"a005a97\" data-element_type=\"widget\" data-e-type=\"widget\" data-widget_type=\"text-editor.default\">\n\t\t\t\t<div class=\"elementor-widget-container\">\n\t\t\t\t\t\t\t\t\t<p>El sabor Melon Litchi Hami de RandM Tornado 20000 es un cigarrillo electr\u00f3nico \u00fanico que combina el aroma floral y dulce del lichi con la frescura y jugosidad del mel\u00f3n cantalupo, ofreciendo a los usuarios una experiencia de fumada rica y agradable.<\/p><ul><li><strong>Aroma dulce y floral a lichi :<\/strong><br \/>El sabor a lichi est\u00e1 en el coraz\u00f3n de este sabor, proporcionando un sabor floral dulce y no graso. Al inhalar, el aroma a lichi llega primero a la nariz, con un ligero sabor agridulce, similar al de la pulpa de lichi fresca. Esta nota floral es a la vez elegante y rica, ofreciendo una lujosa sensaci\u00f3n de fruta tropical.<\/li><li><strong>Cantalupo fresco y jugoso :<\/strong><br \/>El sabor a mel\u00f3n a\u00f1ade una dimensi\u00f3n refrescante al conjunto, caracterizado por su jugosidad y su sutil dulzor meloso. El aroma a mel\u00f3n cantalupo se revela gradualmente al exhalar, aportando un vivo sabor similar al de la fruta madura, como si degustara un mel\u00f3n cantalupo reci\u00e9n cortado.<\/li><li><strong>Retrogusto y persistencia :<\/strong><br \/>El regusto tras la inhalaci\u00f3n es fresco, con un ligero aroma floral a lichi y el dulzor infinito del mel\u00f3n cantalupo. El regusto no es demasiado pronunciado, lo que permite una inhalaci\u00f3n prolongada sin fatiga gustativa.<\/li><\/ul>\t\t\t\t\t\t\t\t<\/div>\n\t\t\t\t<\/div>\n\t\t\t\t\t<\/div>\n\t\t\t\t<\/div>\n\t\t<div class=\"elementor-element elementor-element-718b380 e-flex e-con-boxed e-con e-parent\" data-id=\"718b380\" data-element_type=\"container\" data-e-type=\"container\">\n\t\t\t\t\t<div class=\"e-con-inner\">\n\t\t\t\t<div class=\"elementor-element elementor-element-d2cc8fa elementor-widget elementor-widget-text-editor\" data-id=\"d2cc8fa\" data-element_type=\"widget\" data-e-type=\"widget\" data-widget_type=\"text-editor.default\">\n\t\t\t\t<div class=\"elementor-widget-container\">\n\t\t\t\t\t\t\t\t\t<p><strong>Capacidad de humo superior<\/strong><br \/>El RandM Tornado 20000 Lychee Hami Melon redefine el cigarrillo electr\u00f3nico desechable con una capacidad excepcional de hasta 20.000 caladas. Dise\u00f1ado para durar m\u00e1s que los cigarrillos electr\u00f3nicos desechables convencionales, es ideal para vapeadores empedernidos, viajeros frecuentes y cualquiera que busque una soluci\u00f3n de cigarrillo electr\u00f3nico fiable y duradera sin tener que sustituir su cigarrillo electr\u00f3nico con frecuencia.<\/p><p><strong>Potente bater\u00eda recargable<\/strong><br \/>El Tornado 20000 est\u00e1 equipado con una potente bater\u00eda de litio recargable de 850 mAh para un uso duradero, incluso con cargas pesadas. Su compatibilidad con la carga r\u00e1pida USB-C permite cargarla de forma r\u00e1pida, eficiente y estable, maximizando su capacidad de e-l\u00edquido y minimizando el tiempo de inactividad.<\/p><p><strong>Gran reserva de e-l\u00edquido de 20 ml<\/strong><br \/>Precargado con 20 ml de e-l\u00edquido premium, disponible en concentraciones de nicotina de 2 % (20 mg) y 5 % (50 mg) para satisfacer las necesidades de cada usuario. Fabricado con materias primas de calidad alimentaria que cumplen las normas internacionales de seguridad, este e-l\u00edquido es rico en sabor, lo que aumenta considerablemente el placer y la satisfacci\u00f3n de la inhalaci\u00f3n.<\/p><p><strong>Doble malla calefactora + sistema de aspiraci\u00f3n regulable<\/strong><br \/>Con tecnolog\u00eda de resistencia de doble malla, mejora dr\u00e1sticamente la uniformidad del calentamiento y la eficiencia de la atomizaci\u00f3n, proporcionando una experiencia de sabor m\u00e1s densa y suave, m\u00e1s cercana al humo real. Gracias al sistema de extracci\u00f3n ajustable, los usuarios pueden cambiar libremente entre los modos de bobina \u00fanica (baja potencia) y doble bobina (alta potencia) para una experiencia de extracci\u00f3n personalizada.<\/p><p><strong>Pantalla LED inteligente, clara de un vistazo<\/strong><br \/>La pantalla LED inteligente incorporada muestra la potencia y el nivel de e-l\u00edquido restante en tiempo real. Los usuarios pueden ver claramente el estado del dispositivo para evitar cortes de energ\u00eda repentinos o quedarse sin e-l\u00edquido. Su dise\u00f1o intuitivo y su facilidad de uso lo hacen apto para todos los usuarios, especialmente los principiantes.<\/p><p><strong>Exquisito, port\u00e1til y elegante<\/strong><br \/>El Puff Tornado 20000 Lychee Hami Melon combina la funcionalidad pr\u00e1ctica con la elegancia. Su dise\u00f1o compacto y ligero se desliza f\u00e1cilmente en tu bolsillo o bolso, convirti\u00e9ndolo en el compa\u00f1ero perfecto para tus desplazamientos diarios, viajes o salidas nocturnas. Disponible en una variedad de colores brillantes y dise\u00f1os elegantes, no s\u00f3lo es un cigarrillo electr\u00f3nico con estilo, sino tambi\u00e9n un accesorio de moda imprescindible.<\/p><p><strong>Una experiencia lista para usar nada m\u00e1s sacarla de la caja<\/strong><br \/>No es necesario a\u00f1adir e-l\u00edquido, sustituir los n\u00facleos atomizadores ni limpiar el dispositivo. El RandM Tornado 20000 no necesita mantenimiento y utiliza un sistema autom\u00e1tico de activaci\u00f3n por inhalaci\u00f3n. Es r\u00e1pido y f\u00e1cil de usar nada m\u00e1s sacarlo de la caja. Es especialmente adecuado para principiantes, oficinistas ocupados o usuarios que desean liberarse de las limitaciones de los cigarrillos tradicionales.<\/p><p><strong>M\u00e1s destacados :<\/strong><\/p><ul><li>Estructura a prueba de fugas: tecnolog\u00eda a prueba de fugas con m\u00faltiples sellos, no m\u00e1s fugas de e-l\u00edquido.<\/li><li>Gesti\u00f3n autom\u00e1tica del ahorro de energ\u00eda: modo de espera autom\u00e1tico en caso de inactividad para prolongar la duraci\u00f3n de la bater\u00eda.<\/li><\/ul>\t\t\t\t\t\t\t\t<\/div>\n\t\t\t\t<\/div>\n\t\t\t\t\t<\/div>\n\t\t\t\t<\/div>\n\t\t\t\t<\/div>","protected":false},"excerpt":{"rendered":"<p>La saveur Melon Litchi Hami de RandM Tornado 20000 est une cigarette \u00e9lectronique unique qui allie l&rsquo;ar\u00f4me floral et sucr\u00e9 du litchi \u00e0 la fra\u00eecheur et \u00e0 la jutosit\u00e9 du cantaloup, offrant aux utilisateurs une exp\u00e9rience de fumage riche et agr\u00e9able. Ar\u00f4me floral et sucr\u00e9 du litchi\u00a0: Le go\u00fbt du litchi est au c\u0153ur de [&hellip;]<\/p>\n","protected":false},"featured_media":8448,"comment_status":"open","ping_status":"closed","template":"","meta":{"site-sidebar-layout":"no-sidebar","site-content-layout":"page-builder","ast-site-content-layout":"normal-width-container","site-content-style":"default","site-sidebar-style":"default","ast-global-header-display":"","ast-banner-title-visibility":"","ast-main-header-display":"","ast-hfb-above-header-display":"","ast-hfb-below-header-display":"","ast-hfb-mobile-header-display":"","site-post-title":"disabled","ast-breadcrumbs-content":"","ast-featured-img":"disabled","footer-sml-layout":"","ast-disable-related-posts":"","theme-transparent-header-meta":"default","adv-header-id-meta":"","stick-header-meta":"default","header-above-stick-meta":"","header-main-stick-meta":"","header-below-stick-meta":"","astra-migrate-meta-layouts":"set","ast-page-background-enabled":"default","ast-page-background-meta":{"desktop":{"background-color":"","background-image":"","background-repeat":"repeat","background-position":"center center","background-size":"auto","background-attachment":"scroll","background-type":"","background-media":"","overlay-type":"","overlay-color":"","overlay-opacity":"","overlay-gradient":""},"tablet":{"background-color":"","background-image":"","background-repeat":"repeat","background-position":"center center","background-size":"auto","background-attachment":"scroll","background-type":"","background-media":"","overlay-type":"","overlay-color":"","overlay-opacity":"","overlay-gradient":""},"mobile":{"background-color":"","background-image":"","background-repeat":"repeat","background-position":"center center","background-size":"auto","background-attachment":"scroll","background-type":"","background-media":"","overlay-type":"","overlay-color":"","overlay-opacity":"","overlay-gradient":""}},"ast-content-background-meta":{"desktop":{"background-color":"var(--ast-global-color-5)","background-image":"","background-repeat":"repeat","background-position":"center center","background-size":"auto","background-attachment":"scroll","background-type":"","background-media":"","overlay-type":"","overlay-color":"","overlay-opacity":"","overlay-gradient":""},"tablet":{"background-color":"var(--ast-global-color-5)","background-image":"","background-repeat":"repeat","background-position":"center center","background-size":"auto","background-attachment":"scroll","background-type":"","background-media":"","overlay-type":"","overlay-color":"","overlay-opacity":"","overlay-gradient":""},"mobile":{"background-color":"var(--ast-global-color-5)","background-image":"","background-repeat":"repeat","background-position":"center center","background-size":"auto","background-attachment":"scroll","background-type":"","background-media":"","overlay-type":"","overlay-color":"","overlay-opacity":"","overlay-gradient":""}}},"product_brand":[42],"product_cat":[46,85,77,15],"product_tag":[],"class_list":{"0":"post-4220","1":"product","2":"type-product","3":"status-publish","4":"has-post-thumbnail","6":"product_brand-randm-tornado","7":"product_cat-randm-tornado-20000-performances-fiables","8":"product_cat-puff-20k","9":"product_cat-entrepot-de-lue","10":"product_cat-magasin-cigarette-electronique","11":"desktop-align-center","12":"tablet-align-center","13":"mobile-align-center","14":"ast-product-gallery-layout-horizontal","15":"ast-product-single-variable","16":"ast-product-tabs-layout-horizontal","17":"ast-qv-on-image","19":"first","20":"instock","21":"sale","22":"shipping-taxable","23":"purchasable","24":"product-type-variable","25":"has-default-attributes"},"tiered_pricing_type":"fixed","tiered_pricing_fixed_rules":{"30":10.37,"60":9.19,"100":7.85,"200":7.69,"500":7.19,"1000":7.09},"tiered_pricing_product_settings":{"layout":"default","base_unit_name":{"singular":null,"plural":null},"default_variation":null},"tiered_pricing_minimum_quantity":null,"tiered_pricing_roles_data":[],"tiered_pricing_percentage_rules":[],"_links":{"self":[{"href":"https:\/\/puffvapestore.com\/es\/wp-json\/wp\/v2\/product\/4220","targetHints":{"allow":["GET"]}}],"collection":[{"href":"https:\/\/puffvapestore.com\/es\/wp-json\/wp\/v2\/product"}],"about":[{"href":"https:\/\/puffvapestore.com\/es\/wp-json\/wp\/v2\/types\/product"}],"replies":[{"embeddable":true,"href":"https:\/\/puffvapestore.com\/es\/wp-json\/wp\/v2\/comments?post=4220"}],"version-history":[{"count":7,"href":"https:\/\/puffvapestore.com\/es\/wp-json\/wp\/v2\/product\/4220\/revisions"}],"predecessor-version":[{"id":4288,"href":"https:\/\/puffvapestore.com\/es\/wp-json\/wp\/v2\/product\/4220\/revisions\/4288"}],"wp:featuredmedia":[{"embeddable":true,"href":"https:\/\/puffvapestore.com\/es\/wp-json\/wp\/v2\/media\/8448"}],"wp:attachment":[{"href":"https:\/\/puffvapestore.com\/es\/wp-json\/wp\/v2\/media?parent=4220"}],"wp:term":[{"taxonomy":"product_brand","embeddable":true,"href":"https:\/\/puffvapestore.com\/es\/wp-json\/wp\/v2\/product_brand?post=4220"},{"taxonomy":"product_cat","embeddable":true,"href":"https:\/\/puffvapestore.com\/es\/wp-json\/wp\/v2\/product_cat?post=4220"},{"taxonomy":"product_tag","embeddable":true,"href":"https:\/\/puffvapestore.com\/es\/wp-json\/wp\/v2\/product_tag?post=4220"}],"curies":[{"name":"wp","href":"https:\/\/api.w.org\/{rel}","templated":true}]}}