{"id":4211,"date":"2025-07-03T05:05:39","date_gmt":"2025-07-03T05:05:39","guid":{"rendered":"https:\/\/puffvapestore.com\/?post_type=product&#038;p=4211"},"modified":"2026-01-19T10:36:52","modified_gmt":"2026-01-19T10:36:52","slug":"randm-20000-puffs-huckleberry","status":"publish","type":"product","link":"https:\/\/puffvapestore.com\/es\/product\/randm-20000-puffs-arandano-rojo\/","title":{"rendered":"RandM Tornado 20000 - Huckleberry"},"content":{"rendered":"<div data-elementor-type=\"wp-post\" data-elementor-id=\"4211\" class=\"elementor elementor-4211\">\n\t\t\t\t<div class=\"elementor-element elementor-element-08c26f9 e-flex e-con-boxed e-con e-parent\" data-id=\"08c26f9\" data-element_type=\"container\" data-e-type=\"container\">\n\t\t\t\t\t<div class=\"e-con-inner\">\n\t\t\t\t<div class=\"elementor-element elementor-element-a005a97 elementor-widget elementor-widget-text-editor\" data-id=\"a005a97\" data-element_type=\"widget\" data-e-type=\"widget\" data-widget_type=\"text-editor.default\">\n\t\t\t\t<div class=\"elementor-widget-container\">\n\t\t\t\t\t\t\t\t\t<p>En las calles de Francia, el arte no se limita a las salas doradas del Louvre o del Museo de Orsay, sino que se extiende libremente por los recovecos de la ciudad. Imagine una tarde soleada en las callejuelas llenas de grafitis de Belleville o Marsella, justo despu\u00e9s de una visita art\u00edstica clandestina, con la voz del gu\u00eda sobre la cultura del grafiti y el cambio social resonando a\u00fan en sus o\u00eddos. Te detienes frente a un muro de colores, sacas tu RandM Tornado 20000 Huckleberry del bolsillo, das una calada ligera y un sabor dulce y salvaje a ar\u00e1ndano rojo se revela lentamente en tu boca, como en un bosque de frutas silvestres del sur de Francia. El aroma afrutado se mezcla con un soplo de libertad, que estalla en la atm\u00f3sfera de hormig\u00f3n de la ciudad.<\/p><h3>Sabor a ar\u00e1ndano: la est\u00e9tica de la ciudad se encuentra con la naturaleza<\/h3><p>Los ar\u00e1ndanos rojos no s\u00f3lo son dulces, sino que tienen un sabor ligeramente \u00e1cido y un aroma astringente \u00fanico de fruta silvestre, que es a la vez \u00fanico y refrescante en estos d\u00edas de sabores saturados. Los ar\u00e1ndanos rojos no son tan comunes como las bayas tradicionales. Su textura recuerda a la de los bosques primitivos, a la vez agridulce y astringente, que pone de manifiesto una naturaleza salvaje y sin adornos. Refleja la b\u00fasqueda de autenticidad, rebeld\u00eda e individualidad de la generaci\u00f3n m\u00e1s joven de las ciudades francesas. Est\u00e1 m\u00e1s cerca de la naturaleza aut\u00e9ntica, igual que el impulso primitivo y la expresi\u00f3n emocional del graffiti.<\/p>\t\t\t\t\t\t\t\t<\/div>\n\t\t\t\t<\/div>\n\t\t\t\t\t<\/div>\n\t\t\t\t<\/div>\n\t\t<div class=\"elementor-element elementor-element-718b380 e-flex e-con-boxed e-con e-parent\" data-id=\"718b380\" data-element_type=\"container\" data-e-type=\"container\">\n\t\t\t\t\t<div class=\"e-con-inner\">\n\t\t\t\t<div class=\"elementor-element elementor-element-d2cc8fa elementor-widget elementor-widget-text-editor\" data-id=\"d2cc8fa\" data-element_type=\"widget\" data-e-type=\"widget\" data-widget_type=\"text-editor.default\">\n\t\t\t\t<div class=\"elementor-widget-container\">\n\t\t\t\t\t\t\t\t\t<p><strong>Capacidad de humo superior<\/strong><br \/>El RandM Tornado 20000 Huckleberry redefine el cigarrillo electr\u00f3nico desechable con una capacidad excepcional de hasta 20.000 caladas. Dise\u00f1ado para durar m\u00e1s que los cigarrillos electr\u00f3nicos desechables convencionales, es ideal para vapeadores empedernidos, viajeros frecuentes y cualquiera que busque una soluci\u00f3n de cigarrillo electr\u00f3nico fiable y duradera sin tener que sustituir su cigarrillo electr\u00f3nico con frecuencia.<\/p><p><strong>Potente bater\u00eda recargable<\/strong><br \/>El Tornado 20000 Huckleberry est\u00e1 equipado con una potente bater\u00eda de litio recargable de 850 mAh para un uso duradero, incluso con cargas pesadas. Su compatibilidad con la carga r\u00e1pida USB-C permite cargarlo de forma r\u00e1pida, eficiente y estable, maximizando su capacidad de e-l\u00edquido y minimizando el tiempo de inactividad.<\/p><p><strong>Gran reserva de e-l\u00edquido de 20 ml<\/strong><br \/>Precargado con 20 ml de e-l\u00edquido premium, disponible en concentraciones de nicotina de 2 % (20 mg) y 5 % (50 mg) para satisfacer las necesidades de cada usuario. Fabricado con materias primas de calidad alimentaria que cumplen las normas internacionales de seguridad, este e-l\u00edquido es rico en sabor, lo que aumenta considerablemente el placer y la satisfacci\u00f3n de la inhalaci\u00f3n.<\/p><p><strong>Doble malla calefactora + sistema de aspiraci\u00f3n regulable<\/strong><br \/>Con tecnolog\u00eda de resistencia de doble malla, mejora dr\u00e1sticamente la uniformidad del calentamiento y la eficiencia de la atomizaci\u00f3n, proporcionando una experiencia de sabor m\u00e1s densa y suave, m\u00e1s cercana al humo real. Gracias al sistema de extracci\u00f3n ajustable, los usuarios pueden cambiar libremente entre los modos de bobina \u00fanica (baja potencia) y doble bobina (alta potencia) para una experiencia de extracci\u00f3n personalizada.<\/p><p><strong>Pantalla LED inteligente, clara de un vistazo<\/strong><br \/>La pantalla LED inteligente incorporada muestra la potencia y el nivel de e-l\u00edquido restante en tiempo real. Los usuarios pueden ver claramente el estado del dispositivo para evitar cortes de energ\u00eda repentinos o quedarse sin e-l\u00edquido. Su dise\u00f1o intuitivo y su facilidad de uso lo hacen apto para todos los usuarios, especialmente los principiantes.<\/p><p><strong>Exquisito, port\u00e1til y elegante<\/strong><br \/>El Tornado 20000 combina funcionalidad pr\u00e1ctica y elegancia. Su dise\u00f1o compacto y ligero se desliza f\u00e1cilmente en su bolsillo o bolso, convirti\u00e9ndolo en el compa\u00f1ero perfecto para sus desplazamientos diarios, viajes o salidas nocturnas. Disponible en una variedad de colores brillantes y dise\u00f1os elegantes, no s\u00f3lo es un cigarrillo electr\u00f3nico con estilo, sino tambi\u00e9n un accesorio de moda imprescindible.<\/p><p><strong>Una experiencia lista para usar nada m\u00e1s sacarla de la caja<\/strong><br \/>No es necesario a\u00f1adir e-l\u00edquido, sustituir los n\u00facleos atomizadores ni limpiar el dispositivo. El RandM Tornado 20000 no necesita mantenimiento y utiliza un sistema autom\u00e1tico de activaci\u00f3n por inhalaci\u00f3n. Es r\u00e1pido y f\u00e1cil de usar nada m\u00e1s sacarlo de la caja. Es especialmente adecuado para principiantes, oficinistas ocupados o usuarios que desean liberarse de las limitaciones de los cigarrillos tradicionales.<\/p><p><strong>M\u00e1s destacados :<\/strong><\/p><ul><li>Estructura a prueba de fugas: tecnolog\u00eda a prueba de fugas con m\u00faltiples sellos, no m\u00e1s fugas de e-l\u00edquido.<\/li><li>Gesti\u00f3n autom\u00e1tica del ahorro de energ\u00eda: modo de espera autom\u00e1tico en caso de inactividad para prolongar la duraci\u00f3n de la bater\u00eda.<\/li><\/ul>\t\t\t\t\t\t\t\t<\/div>\n\t\t\t\t<\/div>\n\t\t\t\t\t<\/div>\n\t\t\t\t<\/div>\n\t\t\t\t<\/div>","protected":false},"excerpt":{"rendered":"<p>Dans les rues de France, l&rsquo;art ne se limite pas aux salles dor\u00e9es du Louvre ou du mus\u00e9e d&rsquo;Orsay, mais se r\u00e9pand aussi librement dans les recoins et les ruelles de la ville. Imaginez un apr\u00e8s-midi ensoleill\u00e9, dans les ruelles graff\u00e9es de Belleville ou de Marseille, juste apr\u00e8s une visite artistique underground, la voix du [&hellip;]<\/p>\n","protected":false},"featured_media":8445,"comment_status":"open","ping_status":"closed","template":"","meta":{"site-sidebar-layout":"no-sidebar","site-content-layout":"page-builder","ast-site-content-layout":"normal-width-container","site-content-style":"default","site-sidebar-style":"default","ast-global-header-display":"","ast-banner-title-visibility":"","ast-main-header-display":"","ast-hfb-above-header-display":"","ast-hfb-below-header-display":"","ast-hfb-mobile-header-display":"","site-post-title":"disabled","ast-breadcrumbs-content":"","ast-featured-img":"disabled","footer-sml-layout":"","ast-disable-related-posts":"","theme-transparent-header-meta":"default","adv-header-id-meta":"","stick-header-meta":"default","header-above-stick-meta":"","header-main-stick-meta":"","header-below-stick-meta":"","astra-migrate-meta-layouts":"set","ast-page-background-enabled":"default","ast-page-background-meta":{"desktop":{"background-color":"","background-image":"","background-repeat":"repeat","background-position":"center center","background-size":"auto","background-attachment":"scroll","background-type":"","background-media":"","overlay-type":"","overlay-color":"","overlay-opacity":"","overlay-gradient":""},"tablet":{"background-color":"","background-image":"","background-repeat":"repeat","background-position":"center center","background-size":"auto","background-attachment":"scroll","background-type":"","background-media":"","overlay-type":"","overlay-color":"","overlay-opacity":"","overlay-gradient":""},"mobile":{"background-color":"","background-image":"","background-repeat":"repeat","background-position":"center center","background-size":"auto","background-attachment":"scroll","background-type":"","background-media":"","overlay-type":"","overlay-color":"","overlay-opacity":"","overlay-gradient":""}},"ast-content-background-meta":{"desktop":{"background-color":"var(--ast-global-color-5)","background-image":"","background-repeat":"repeat","background-position":"center center","background-size":"auto","background-attachment":"scroll","background-type":"","background-media":"","overlay-type":"","overlay-color":"","overlay-opacity":"","overlay-gradient":""},"tablet":{"background-color":"var(--ast-global-color-5)","background-image":"","background-repeat":"repeat","background-position":"center center","background-size":"auto","background-attachment":"scroll","background-type":"","background-media":"","overlay-type":"","overlay-color":"","overlay-opacity":"","overlay-gradient":""},"mobile":{"background-color":"var(--ast-global-color-5)","background-image":"","background-repeat":"repeat","background-position":"center center","background-size":"auto","background-attachment":"scroll","background-type":"","background-media":"","overlay-type":"","overlay-color":"","overlay-opacity":"","overlay-gradient":""}}},"product_brand":[42],"product_cat":[46,85,77,15],"product_tag":[],"class_list":{"0":"post-4211","1":"product","2":"type-product","3":"status-publish","4":"has-post-thumbnail","6":"product_brand-randm-tornado","7":"product_cat-randm-tornado-20000-performances-fiables","8":"product_cat-puff-20k","9":"product_cat-entrepot-de-lue","10":"product_cat-magasin-cigarette-electronique","11":"desktop-align-center","12":"tablet-align-center","13":"mobile-align-center","14":"ast-product-gallery-layout-horizontal","15":"ast-product-single-variable","16":"ast-product-tabs-layout-horizontal","17":"ast-qv-on-image","19":"first","20":"instock","21":"sale","22":"shipping-taxable","23":"purchasable","24":"product-type-variable","25":"has-default-attributes"},"tiered_pricing_type":"fixed","tiered_pricing_fixed_rules":{"30":10.37,"60":9.19,"100":7.85,"200":7.69,"500":7.19,"1000":7.09},"tiered_pricing_product_settings":{"layout":"default","base_unit_name":{"singular":null,"plural":null},"default_variation":null},"tiered_pricing_minimum_quantity":null,"tiered_pricing_roles_data":[],"tiered_pricing_percentage_rules":[],"_links":{"self":[{"href":"https:\/\/puffvapestore.com\/es\/wp-json\/wp\/v2\/product\/4211","targetHints":{"allow":["GET"]}}],"collection":[{"href":"https:\/\/puffvapestore.com\/es\/wp-json\/wp\/v2\/product"}],"about":[{"href":"https:\/\/puffvapestore.com\/es\/wp-json\/wp\/v2\/types\/product"}],"replies":[{"embeddable":true,"href":"https:\/\/puffvapestore.com\/es\/wp-json\/wp\/v2\/comments?post=4211"}],"version-history":[{"count":8,"href":"https:\/\/puffvapestore.com\/es\/wp-json\/wp\/v2\/product\/4211\/revisions"}],"predecessor-version":[{"id":10324,"href":"https:\/\/puffvapestore.com\/es\/wp-json\/wp\/v2\/product\/4211\/revisions\/10324"}],"wp:featuredmedia":[{"embeddable":true,"href":"https:\/\/puffvapestore.com\/es\/wp-json\/wp\/v2\/media\/8445"}],"wp:attachment":[{"href":"https:\/\/puffvapestore.com\/es\/wp-json\/wp\/v2\/media?parent=4211"}],"wp:term":[{"taxonomy":"product_brand","embeddable":true,"href":"https:\/\/puffvapestore.com\/es\/wp-json\/wp\/v2\/product_brand?post=4211"},{"taxonomy":"product_cat","embeddable":true,"href":"https:\/\/puffvapestore.com\/es\/wp-json\/wp\/v2\/product_cat?post=4211"},{"taxonomy":"product_tag","embeddable":true,"href":"https:\/\/puffvapestore.com\/es\/wp-json\/wp\/v2\/product_tag?post=4211"}],"curies":[{"name":"wp","href":"https:\/\/api.w.org\/{rel}","templated":true}]}}