{"id":4202,"date":"2025-07-03T03:55:48","date_gmt":"2025-07-03T03:55:48","guid":{"rendered":"https:\/\/puffvapestore.com\/?post_type=product&#038;p=4202"},"modified":"2026-01-19T10:36:52","modified_gmt":"2026-01-19T10:36:52","slug":"tornado-20000-puffs-strawberry-ice","status":"publish","type":"product","link":"https:\/\/puffvapestore.com\/es\/product\/tornado-20000-bocanadas-de-hielo-de-fresa\/","title":{"rendered":"RandM Tornado 20000 - Fresa Helada"},"content":{"rendered":"<div data-elementor-type=\"wp-post\" data-elementor-id=\"4202\" class=\"elementor elementor-4202\">\n\t\t\t\t<div class=\"elementor-element elementor-element-08c26f9 e-flex e-con-boxed e-con e-parent\" data-id=\"08c26f9\" data-element_type=\"container\" data-e-type=\"container\">\n\t\t\t\t\t<div class=\"e-con-inner\">\n\t\t\t\t<div class=\"elementor-element elementor-element-a005a97 elementor-widget elementor-widget-text-editor\" data-id=\"a005a97\" data-element_type=\"widget\" data-e-type=\"widget\" data-widget_type=\"text-editor.default\">\n\t\t\t\t<div class=\"elementor-widget-container\">\n\t\t\t\t\t\t\t\t\t<p>En los vastos y dorados campos de colza de Francia sopla la brisa, que trae el aroma natural de las flores y la tierra. Durante un descanso, se apoya en la valla de madera que bordea el campo, saca de su bolsillo el cigarrillo electr\u00f3nico RandM Tornado 20000 Puffs Strawberry Ice y da una ligera calada. En un instante, un dulce sabor a fresa mezclado con menta fresca invade su boca, a\u00f1adiendo un toque de romanticismo franc\u00e9s y tecnolog\u00eda moderna a este momento de relajaci\u00f3n.<\/p><h3>Fresa helada, un encuentro franc\u00e9s para el paladar<\/h3><p>El sabor Strawberry Ice se centra en el intenso dulzor de las fresas. Al fumarlo, RandM Tornado 20000 Puffs ofrece un sabor jugoso, que recuerda a la fruta reci\u00e9n recogida, seguido de un toque de menta fresca, que equilibra el dulzor a la perfecci\u00f3n, como si estuvieras disfrutando de un batido helado de fresa en un caluroso d\u00eda de verano franc\u00e9s. Este sabor combina el aroma afrutado de las fresas maduras con la frescura de la menta, y se combina con la tecnolog\u00eda de resistencia de doble malla del RandM Tornado 20000, haciendo que cada inhalaci\u00f3n sea suave como la seda y densa, con matices de sabor distintos. Tanto si disfruta del delicado sabor de una resistencia simple como de la riqueza de una resistencia doble, proporciona con precisi\u00f3n el refrescante sabor del helado de fresa.<\/p>\t\t\t\t\t\t\t\t<\/div>\n\t\t\t\t<\/div>\n\t\t\t\t\t<\/div>\n\t\t\t\t<\/div>\n\t\t<div class=\"elementor-element elementor-element-718b380 e-flex e-con-boxed e-con e-parent\" data-id=\"718b380\" data-element_type=\"container\" data-e-type=\"container\">\n\t\t\t\t\t<div class=\"e-con-inner\">\n\t\t\t\t<div class=\"elementor-element elementor-element-d2cc8fa elementor-widget elementor-widget-text-editor\" data-id=\"d2cc8fa\" data-element_type=\"widget\" data-e-type=\"widget\" data-widget_type=\"text-editor.default\">\n\t\t\t\t<div class=\"elementor-widget-container\">\n\t\t\t\t\t\t\t\t\t<p><strong>Capacidad de humo superior<\/strong><br \/>El RandM Tornado 20000 Strawberry Ice redefine el cigarrillo electr\u00f3nico desechable con una capacidad excepcional de hasta 20.000 caladas. Dise\u00f1ado para durar m\u00e1s que los cigarrillos electr\u00f3nicos desechables convencionales, es ideal para vapeadores empedernidos, viajeros frecuentes y cualquiera que busque una soluci\u00f3n de cigarrillo electr\u00f3nico fiable y duradera sin tener que sustituir su cigarrillo electr\u00f3nico con frecuencia.<\/p><p><strong>Potente bater\u00eda recargable<\/strong><br \/>El Tornado 20000 Strawberry Ice est\u00e1 equipado con una potente bater\u00eda de litio recargable de 850 mAh para un uso duradero, incluso con cargas pesadas. Su compatibilidad con la carga r\u00e1pida USB-C permite cargarlo de forma r\u00e1pida, eficiente y estable, maximizando su capacidad de e-l\u00edquido y minimizando el tiempo de inactividad.<\/p><p><strong>Gran reserva de e-l\u00edquido de 20 ml<\/strong><br \/>Precargado con 20 ml de e-l\u00edquido premium, disponible en concentraciones de nicotina de 2 % (20 mg) y 5 % (50 mg) para satisfacer las necesidades de cada usuario. Fabricado con materias primas de calidad alimentaria que cumplen las normas internacionales de seguridad, este e-l\u00edquido es rico en sabor, lo que aumenta considerablemente el placer y la satisfacci\u00f3n de la inhalaci\u00f3n.<\/p><p><strong>Doble malla calefactora + sistema de aspiraci\u00f3n regulable<\/strong><br \/>Con tecnolog\u00eda de resistencia de doble malla, mejora dr\u00e1sticamente la uniformidad del calentamiento y la eficiencia de la atomizaci\u00f3n, proporcionando una experiencia de sabor m\u00e1s densa y suave, m\u00e1s cercana al humo real. Gracias al sistema de extracci\u00f3n ajustable, los usuarios pueden cambiar libremente entre los modos de bobina \u00fanica (baja potencia) y doble bobina (alta potencia) para una experiencia de extracci\u00f3n personalizada.<\/p><p><strong>Pantalla LED inteligente, clara de un vistazo<\/strong><br \/>La pantalla LED inteligente incorporada muestra la potencia y el nivel de e-l\u00edquido restante en tiempo real. Los usuarios pueden ver claramente el estado del dispositivo para evitar cortes de energ\u00eda repentinos o quedarse sin e-l\u00edquido. Su dise\u00f1o intuitivo y su facilidad de uso lo hacen apto para todos los usuarios, especialmente los principiantes.<\/p><p><strong>Exquisito, port\u00e1til y elegante<\/strong><br \/>El Tornado 20000 Strawberry Ice combina funcionalidad pr\u00e1ctica y elegancia. Su dise\u00f1o compacto y ligero se desliza f\u00e1cilmente en su bolsillo o bolso, convirti\u00e9ndolo en el compa\u00f1ero perfecto para sus desplazamientos diarios, viajes o salidas nocturnas. Disponible en una variedad de colores brillantes y dise\u00f1os elegantes, no s\u00f3lo es un cigarrillo electr\u00f3nico con estilo, sino tambi\u00e9n un accesorio de moda imprescindible.<\/p><p><strong>Una experiencia lista para usar nada m\u00e1s sacarla de la caja<\/strong><br \/>No es necesario a\u00f1adir e-l\u00edquido, sustituir los n\u00facleos atomizadores ni limpiar el dispositivo. El RandM Tornado 20000 no necesita mantenimiento y utiliza un sistema autom\u00e1tico de activaci\u00f3n por inhalaci\u00f3n. Es r\u00e1pido y f\u00e1cil de usar nada m\u00e1s sacarlo de la caja. Es especialmente adecuado para principiantes, oficinistas ocupados o usuarios que desean liberarse de las limitaciones de los cigarrillos tradicionales.<\/p><p><strong>M\u00e1s destacados :<\/strong><\/p><ul><li>Estructura a prueba de fugas: tecnolog\u00eda a prueba de fugas con m\u00faltiples sellos, no m\u00e1s fugas de e-l\u00edquido.<\/li><li>Gesti\u00f3n autom\u00e1tica del ahorro de energ\u00eda: modo de espera autom\u00e1tico en caso de inactividad para prolongar la duraci\u00f3n de la bater\u00eda.<\/li><\/ul>\t\t\t\t\t\t\t\t<\/div>\n\t\t\t\t<\/div>\n\t\t\t\t\t<\/div>\n\t\t\t\t<\/div>\n\t\t\t\t<\/div>","protected":false},"excerpt":{"rendered":"<p>Dans les vastes champs de colza dor\u00e9s de France, la brise souffle, apportant le parfum naturel des fleurs et de la terre. Lors d&rsquo;une pause, vous vous adossez \u00e0 la cl\u00f4ture en bois qui borde le champ, sortez la cigarette \u00e9lectronique RandM Tornado 20000\u200b Puffs Strawberry Ice de votre poche et tirez une l\u00e9g\u00e8re bouff\u00e9e. [&hellip;]<\/p>\n","protected":false},"featured_media":8458,"comment_status":"open","ping_status":"closed","template":"","meta":{"site-sidebar-layout":"no-sidebar","site-content-layout":"page-builder","ast-site-content-layout":"normal-width-container","site-content-style":"default","site-sidebar-style":"default","ast-global-header-display":"","ast-banner-title-visibility":"","ast-main-header-display":"","ast-hfb-above-header-display":"","ast-hfb-below-header-display":"","ast-hfb-mobile-header-display":"","site-post-title":"disabled","ast-breadcrumbs-content":"","ast-featured-img":"disabled","footer-sml-layout":"","ast-disable-related-posts":"","theme-transparent-header-meta":"default","adv-header-id-meta":"","stick-header-meta":"default","header-above-stick-meta":"","header-main-stick-meta":"","header-below-stick-meta":"","astra-migrate-meta-layouts":"set","ast-page-background-enabled":"default","ast-page-background-meta":{"desktop":{"background-color":"","background-image":"","background-repeat":"repeat","background-position":"center center","background-size":"auto","background-attachment":"scroll","background-type":"","background-media":"","overlay-type":"","overlay-color":"","overlay-opacity":"","overlay-gradient":""},"tablet":{"background-color":"","background-image":"","background-repeat":"repeat","background-position":"center center","background-size":"auto","background-attachment":"scroll","background-type":"","background-media":"","overlay-type":"","overlay-color":"","overlay-opacity":"","overlay-gradient":""},"mobile":{"background-color":"","background-image":"","background-repeat":"repeat","background-position":"center center","background-size":"auto","background-attachment":"scroll","background-type":"","background-media":"","overlay-type":"","overlay-color":"","overlay-opacity":"","overlay-gradient":""}},"ast-content-background-meta":{"desktop":{"background-color":"var(--ast-global-color-5)","background-image":"","background-repeat":"repeat","background-position":"center center","background-size":"auto","background-attachment":"scroll","background-type":"","background-media":"","overlay-type":"","overlay-color":"","overlay-opacity":"","overlay-gradient":""},"tablet":{"background-color":"var(--ast-global-color-5)","background-image":"","background-repeat":"repeat","background-position":"center center","background-size":"auto","background-attachment":"scroll","background-type":"","background-media":"","overlay-type":"","overlay-color":"","overlay-opacity":"","overlay-gradient":""},"mobile":{"background-color":"var(--ast-global-color-5)","background-image":"","background-repeat":"repeat","background-position":"center center","background-size":"auto","background-attachment":"scroll","background-type":"","background-media":"","overlay-type":"","overlay-color":"","overlay-opacity":"","overlay-gradient":""}}},"product_brand":[42],"product_cat":[46,85,77,15],"product_tag":[],"class_list":{"0":"post-4202","1":"product","2":"type-product","3":"status-publish","4":"has-post-thumbnail","6":"product_brand-randm-tornado","7":"product_cat-randm-tornado-20000-performances-fiables","8":"product_cat-puff-20k","9":"product_cat-entrepot-de-lue","10":"product_cat-magasin-cigarette-electronique","11":"desktop-align-center","12":"tablet-align-center","13":"mobile-align-center","14":"ast-product-gallery-layout-horizontal","15":"ast-product-single-variable","16":"ast-product-tabs-layout-horizontal","17":"ast-qv-on-image","19":"first","20":"instock","21":"sale","22":"shipping-taxable","23":"purchasable","24":"product-type-variable","25":"has-default-attributes"},"tiered_pricing_type":"fixed","tiered_pricing_fixed_rules":{"30":10.37,"60":9.19,"100":7.85,"200":7.69,"500":7.19,"1000":7.09},"tiered_pricing_product_settings":{"layout":"default","base_unit_name":{"singular":null,"plural":null},"default_variation":null},"tiered_pricing_minimum_quantity":null,"tiered_pricing_roles_data":[],"tiered_pricing_percentage_rules":[],"_links":{"self":[{"href":"https:\/\/puffvapestore.com\/es\/wp-json\/wp\/v2\/product\/4202","targetHints":{"allow":["GET"]}}],"collection":[{"href":"https:\/\/puffvapestore.com\/es\/wp-json\/wp\/v2\/product"}],"about":[{"href":"https:\/\/puffvapestore.com\/es\/wp-json\/wp\/v2\/types\/product"}],"replies":[{"embeddable":true,"href":"https:\/\/puffvapestore.com\/es\/wp-json\/wp\/v2\/comments?post=4202"}],"version-history":[{"count":7,"href":"https:\/\/puffvapestore.com\/es\/wp-json\/wp\/v2\/product\/4202\/revisions"}],"predecessor-version":[{"id":10325,"href":"https:\/\/puffvapestore.com\/es\/wp-json\/wp\/v2\/product\/4202\/revisions\/10325"}],"wp:featuredmedia":[{"embeddable":true,"href":"https:\/\/puffvapestore.com\/es\/wp-json\/wp\/v2\/media\/8458"}],"wp:attachment":[{"href":"https:\/\/puffvapestore.com\/es\/wp-json\/wp\/v2\/media?parent=4202"}],"wp:term":[{"taxonomy":"product_brand","embeddable":true,"href":"https:\/\/puffvapestore.com\/es\/wp-json\/wp\/v2\/product_brand?post=4202"},{"taxonomy":"product_cat","embeddable":true,"href":"https:\/\/puffvapestore.com\/es\/wp-json\/wp\/v2\/product_cat?post=4202"},{"taxonomy":"product_tag","embeddable":true,"href":"https:\/\/puffvapestore.com\/es\/wp-json\/wp\/v2\/product_tag?post=4202"}],"curies":[{"name":"wp","href":"https:\/\/api.w.org\/{rel}","templated":true}]}}