{"id":4180,"date":"2025-07-02T09:09:06","date_gmt":"2025-07-02T09:09:06","guid":{"rendered":"https:\/\/puffvapestore.com\/?post_type=product&#038;p=4180"},"modified":"2026-01-19T10:36:52","modified_gmt":"2026-01-19T10:36:52","slug":"fumot-tornado-20000-strawberry-kiwi","status":"publish","type":"product","link":"https:\/\/puffvapestore.com\/es\/product\/fumot-tornado-20000-fresa-kiwi\/","title":{"rendered":"RandM Tornado 20000 - Fresa Kiwi"},"content":{"rendered":"<div data-elementor-type=\"wp-post\" data-elementor-id=\"4180\" class=\"elementor elementor-4180\">\n\t\t\t\t<div class=\"elementor-element elementor-element-08c26f9 e-flex e-con-boxed e-con e-parent\" data-id=\"08c26f9\" data-element_type=\"container\" data-e-type=\"container\">\n\t\t\t\t\t<div class=\"e-con-inner\">\n\t\t\t\t<div class=\"elementor-element elementor-element-a005a97 elementor-widget elementor-widget-text-editor\" data-id=\"a005a97\" data-element_type=\"widget\" data-e-type=\"widget\" data-widget_type=\"text-editor.default\">\n\t\t\t\t<div class=\"elementor-widget-container\">\n\t\t\t\t\t\t\t\t\t<h2>Sabor Fresa Kiwi<\/h2><p>Fresa Kiwi es una combinaci\u00f3n atrevida y refrescante: el dulzor de las fresas y la acidez del kiwi crean una sensaci\u00f3n natural y sutil, como los primeros rayos de sol en un huerto al comienzo del verano, que no s\u00f3lo despierta las papilas gustativas, sino tambi\u00e9n una sensaci\u00f3n de ligereza. Este sabor forma parte de la b\u00fasqueda del \u00abyo\u00bb de los j\u00f3venes urbanitas en una sociedad como la francesa, preocupada por la calidad de vida y la experiencia sensorial. No es una tendencia deliberada, pero s\u00ed evidente.<\/p><h3>Una experiencia \u00fanica<\/h3><p>Imag\u00ednese paseando por las callejuelas cercanas a Notre-Dame de Par\u00eds, encontrando un lugar tranquilo para descansar, sentado en una silla de rat\u00e1n en la terraza de un caf\u00e9, con la suave brisa y el chapoteo del Sena a lo lejos. En ese preciso momento, coge el Fumot Tornado 20000 y da una calada a este cigarrillo electr\u00f3nico con sabor a fresa y kiwi. Le invade un aroma fresco y afrutado, acompa\u00f1ado de un toque de frescor, como si estuviera admirando el vergel franc\u00e9s. Turistas y lugare\u00f1os te miran con curiosidad. Con este cigarrillo electr\u00f3nico de moda, no s\u00f3lo llamar\u00e1 la atenci\u00f3n, sino que se impondr\u00e1 con seguridad en la vida social parisina.<\/p>\t\t\t\t\t\t\t\t<\/div>\n\t\t\t\t<\/div>\n\t\t\t\t\t<\/div>\n\t\t\t\t<\/div>\n\t\t<div class=\"elementor-element elementor-element-718b380 e-flex e-con-boxed e-con e-parent\" data-id=\"718b380\" data-element_type=\"container\" data-e-type=\"container\">\n\t\t\t\t\t<div class=\"e-con-inner\">\n\t\t\t\t<div class=\"elementor-element elementor-element-d2cc8fa elementor-widget elementor-widget-text-editor\" data-id=\"d2cc8fa\" data-element_type=\"widget\" data-e-type=\"widget\" data-widget_type=\"text-editor.default\">\n\t\t\t\t<div class=\"elementor-widget-container\">\n\t\t\t\t\t\t\t\t\t<h2>20.000 inhalaciones para un uso prolongado<\/h2><p>El RandM Tornado 20000 Strawberry Kiwi est\u00e1 preconfigurado para hasta 20.000 usos, mucho m\u00e1s que los cigarrillos electr\u00f3nicos desechables convencionales. Responde a la necesidad de un uso prolongado sin necesidad de sustituir el dispositivo con frecuencia, lo que lo hace especialmente adecuado para usuarios intensivos o viajes largos.<\/p><h2>Bater\u00eda de larga duraci\u00f3n y carga c\u00f3moda<\/h2><p>Bater\u00eda de litio recargable de 850 mAh de alta capacidad incorporada, compatible con la carga r\u00e1pida USB-C, para una carga m\u00e1s eficiente y estable. Garantiza una autonom\u00eda prolongada incluso durante un uso intensivo, para que puedas aprovechar al m\u00e1ximo el e-l\u00edquido de su interior.<\/p><h2>Gran reserva de e-l\u00edquido<\/h2><p>El RandM Tornado 20000 viene preinstalado con 20 ml de e-l\u00edquido de alta calidad, que ofrece concentraciones de nicotina de 2 % o 5 % para adaptarse a los gustos y necesidades de cada usuario. El e-l\u00edquido utiliza una f\u00f3rmula de alta calidad para garantizar un sabor puro y rico en cada calada, proporcion\u00e1ndole una experiencia de fumado suave y satisfactoria.<\/p><h2>Doble malla de resistencia y flujo de aire ajustable<\/h2><p>Adoptando la avanzada tecnolog\u00eda de resistencia de doble malla, mejora significativamente la eficiencia del calentamiento y la densidad del humo, para un sabor m\u00e1s suave e intenso. Gracias al sistema de resistencia ajustable incorporado, los usuarios pueden cambiar entre los modos de resistencia simple y doble seg\u00fan sus preferencias, y ajustar libremente entre succi\u00f3n ligera y fuerte. La resistencia se cambia f\u00e1cilmente en la pantalla t\u00e1ctil.<\/p><h2>Pantalla LED inteligente<\/h2><p>El RandM Tornado 20000 Strawberry Kiwi est\u00e1 equipado con una pantalla LED inteligente que muestra la carga de la bater\u00eda y el nivel de e-l\u00edquido restante en tiempo real. Esto significa que puedes controlar el estado de tu dispositivo en todo momento, evitando cortes de energ\u00eda o quedarte sin e-l\u00edquido. Su dise\u00f1o intuitivo hace que sea f\u00e1cil de usar, incluso para los principiantes.<\/p><h2>Moderno dise\u00f1o port\u00e1til<\/h2><p>Su dise\u00f1o elegante y moderno y su estuche ligero y f\u00e1cil de transportar caben f\u00e1cilmente en un bolsillo o bolso, por lo que son ideales para el uso diario, los viajes o las fiestas. Sus colores vivos y su elegante dise\u00f1o subrayan su estilo \u00fanico.<\/p><h2>Listo para usar nada m\u00e1s sacarlo de la caja, no requiere mantenimiento<\/h2><p>No es necesario a\u00f1adir e-l\u00edquido, sustituir el n\u00facleo del atomizador ni limpiarlo; no requiere mantenimiento. Est\u00e1 listo para usar nada m\u00e1s sacarlo de la caja, y su activaci\u00f3n autom\u00e1tica de caladas simplifica y acelera el proceso, por lo que es ideal para principiantes o usuarios que buscan una alternativa a los cigarrillos tradicionales.<\/p>\t\t\t\t\t\t\t\t<\/div>\n\t\t\t\t<\/div>\n\t\t\t\t\t<\/div>\n\t\t\t\t<\/div>\n\t\t\t\t<\/div>","protected":false},"excerpt":{"rendered":"<p>Saveur Fraise Kiwi Fraise Kiwi est une combinaison audacieuse et rafra\u00eechissante\u00a0: la douceur des fraises et l&rsquo;acidit\u00e9 du kiwi cr\u00e9ent une sensation naturelle et subtile, comme les premiers rayons de soleil dans un verger au d\u00e9but de l&rsquo;\u00e9t\u00e9, qui r\u00e9veillent non seulement les papilles, mais aussi une sensation de l\u00e9g\u00e8ret\u00e9. Cette saveur s&rsquo;inscrit dans la [&hellip;]<\/p>\n","protected":false},"featured_media":8460,"comment_status":"open","ping_status":"closed","template":"","meta":{"site-sidebar-layout":"no-sidebar","site-content-layout":"page-builder","ast-site-content-layout":"normal-width-container","site-content-style":"default","site-sidebar-style":"default","ast-global-header-display":"","ast-banner-title-visibility":"","ast-main-header-display":"","ast-hfb-above-header-display":"","ast-hfb-below-header-display":"","ast-hfb-mobile-header-display":"","site-post-title":"disabled","ast-breadcrumbs-content":"","ast-featured-img":"disabled","footer-sml-layout":"","ast-disable-related-posts":"","theme-transparent-header-meta":"default","adv-header-id-meta":"","stick-header-meta":"default","header-above-stick-meta":"","header-main-stick-meta":"","header-below-stick-meta":"","astra-migrate-meta-layouts":"set","ast-page-background-enabled":"default","ast-page-background-meta":{"desktop":{"background-color":"","background-image":"","background-repeat":"repeat","background-position":"center center","background-size":"auto","background-attachment":"scroll","background-type":"","background-media":"","overlay-type":"","overlay-color":"","overlay-opacity":"","overlay-gradient":""},"tablet":{"background-color":"","background-image":"","background-repeat":"repeat","background-position":"center center","background-size":"auto","background-attachment":"scroll","background-type":"","background-media":"","overlay-type":"","overlay-color":"","overlay-opacity":"","overlay-gradient":""},"mobile":{"background-color":"","background-image":"","background-repeat":"repeat","background-position":"center center","background-size":"auto","background-attachment":"scroll","background-type":"","background-media":"","overlay-type":"","overlay-color":"","overlay-opacity":"","overlay-gradient":""}},"ast-content-background-meta":{"desktop":{"background-color":"var(--ast-global-color-5)","background-image":"","background-repeat":"repeat","background-position":"center center","background-size":"auto","background-attachment":"scroll","background-type":"","background-media":"","overlay-type":"","overlay-color":"","overlay-opacity":"","overlay-gradient":""},"tablet":{"background-color":"var(--ast-global-color-5)","background-image":"","background-repeat":"repeat","background-position":"center center","background-size":"auto","background-attachment":"scroll","background-type":"","background-media":"","overlay-type":"","overlay-color":"","overlay-opacity":"","overlay-gradient":""},"mobile":{"background-color":"var(--ast-global-color-5)","background-image":"","background-repeat":"repeat","background-position":"center center","background-size":"auto","background-attachment":"scroll","background-type":"","background-media":"","overlay-type":"","overlay-color":"","overlay-opacity":"","overlay-gradient":""}}},"product_brand":[42],"product_cat":[46,85,77,15],"product_tag":[],"class_list":{"0":"post-4180","1":"product","2":"type-product","3":"status-publish","4":"has-post-thumbnail","6":"product_brand-randm-tornado","7":"product_cat-randm-tornado-20000-performances-fiables","8":"product_cat-puff-20k","9":"product_cat-entrepot-de-lue","10":"product_cat-magasin-cigarette-electronique","11":"desktop-align-center","12":"tablet-align-center","13":"mobile-align-center","14":"ast-product-gallery-layout-horizontal","15":"ast-product-single-variable","16":"ast-product-tabs-layout-horizontal","17":"ast-qv-on-image","19":"first","20":"instock","21":"sale","22":"shipping-taxable","23":"purchasable","24":"product-type-variable","25":"has-default-attributes"},"tiered_pricing_type":"fixed","tiered_pricing_fixed_rules":{"30":10.37,"60":9.19,"100":7.85,"200":7.69,"500":7.19,"1000":7.09},"tiered_pricing_product_settings":{"layout":"default","base_unit_name":{"singular":null,"plural":null},"default_variation":null},"tiered_pricing_minimum_quantity":null,"tiered_pricing_roles_data":[],"tiered_pricing_percentage_rules":[],"_links":{"self":[{"href":"https:\/\/puffvapestore.com\/es\/wp-json\/wp\/v2\/product\/4180","targetHints":{"allow":["GET"]}}],"collection":[{"href":"https:\/\/puffvapestore.com\/es\/wp-json\/wp\/v2\/product"}],"about":[{"href":"https:\/\/puffvapestore.com\/es\/wp-json\/wp\/v2\/types\/product"}],"replies":[{"embeddable":true,"href":"https:\/\/puffvapestore.com\/es\/wp-json\/wp\/v2\/comments?post=4180"}],"version-history":[{"count":7,"href":"https:\/\/puffvapestore.com\/es\/wp-json\/wp\/v2\/product\/4180\/revisions"}],"predecessor-version":[{"id":10318,"href":"https:\/\/puffvapestore.com\/es\/wp-json\/wp\/v2\/product\/4180\/revisions\/10318"}],"wp:featuredmedia":[{"embeddable":true,"href":"https:\/\/puffvapestore.com\/es\/wp-json\/wp\/v2\/media\/8460"}],"wp:attachment":[{"href":"https:\/\/puffvapestore.com\/es\/wp-json\/wp\/v2\/media?parent=4180"}],"wp:term":[{"taxonomy":"product_brand","embeddable":true,"href":"https:\/\/puffvapestore.com\/es\/wp-json\/wp\/v2\/product_brand?post=4180"},{"taxonomy":"product_cat","embeddable":true,"href":"https:\/\/puffvapestore.com\/es\/wp-json\/wp\/v2\/product_cat?post=4180"},{"taxonomy":"product_tag","embeddable":true,"href":"https:\/\/puffvapestore.com\/es\/wp-json\/wp\/v2\/product_tag?post=4180"}],"curies":[{"name":"wp","href":"https:\/\/api.w.org\/{rel}","templated":true}]}}