{"id":4153,"date":"2025-07-02T17:30:47","date_gmt":"2025-07-02T17:30:47","guid":{"rendered":"https:\/\/puffvapestore.com\/?post_type=product&#038;p=4153"},"modified":"2026-01-19T10:36:53","modified_gmt":"2026-01-19T10:36:53","slug":"mixed-berry-randm-tornado-20000","status":"publish","type":"product","link":"https:\/\/puffvapestore.com\/es\/product\/baya-mixta-randm-tornado-20000\/","title":{"rendered":"RandM Tornado 20000 - Mezcla de bayas"},"content":{"rendered":"<div data-elementor-type=\"wp-post\" data-elementor-id=\"4153\" class=\"elementor elementor-4153\">\n\t\t\t\t<div class=\"elementor-element elementor-element-08c26f9 e-flex e-con-boxed e-con e-parent\" data-id=\"08c26f9\" data-element_type=\"container\" data-e-type=\"container\">\n\t\t\t\t\t<div class=\"e-con-inner\">\n\t\t\t\t<div class=\"elementor-element elementor-element-a005a97 elementor-widget elementor-widget-text-editor\" data-id=\"a005a97\" data-element_type=\"widget\" data-e-type=\"widget\" data-widget_type=\"text-editor.default\">\n\t\t\t\t<div class=\"elementor-widget-container\">\n\t\t\t\t\t\t\t\t\t<h2>Carnaval de frutas con Mixed Berry<\/h2><p>El sabor Fruits rouges, con su rica y compleja experiencia afrutada, refleja el romanticismo y la libertad de Francia. Este sabor combina la dulzura de las fresas, la frescura de los ar\u00e1ndanos y la acidez de las moras, ofreciendo un fest\u00edn gustativo digno de un huerto de verano. Cada bocanada de humo es untuosa, dulce sin ser grasienta, y el aroma afrutado te atrapa en la punta de la lengua, como si bailaras al ritmo de las luces de ne\u00f3n de un festival de m\u00fasica. Ya sea la melod\u00eda apasionada del rock o la atm\u00f3sfera psicod\u00e9lica de la m\u00fasica electr\u00f3nica, el sabor fresco y afrutado de la mezcla de frutos rojos te transmite una sensaci\u00f3n de frescor y bienestar, combinando el entusiasmo carnavalesco con la paz interior.<\/p>\t\t\t\t\t\t\t\t<\/div>\n\t\t\t\t<\/div>\n\t\t\t\t\t<\/div>\n\t\t\t\t<\/div>\n\t\t<div class=\"elementor-element elementor-element-718b380 e-flex e-con-boxed e-con e-parent\" data-id=\"718b380\" data-element_type=\"container\" data-e-type=\"container\">\n\t\t\t\t\t<div class=\"e-con-inner\">\n\t\t\t\t<div class=\"elementor-element elementor-element-d2cc8fa elementor-widget elementor-widget-text-editor\" data-id=\"d2cc8fa\" data-element_type=\"widget\" data-e-type=\"widget\" data-widget_type=\"text-editor.default\">\n\t\t\t\t<div class=\"elementor-widget-container\">\n\t\t\t\t\t\t\t\t\t<h2>20.000 inhalaciones para un uso prolongado<\/h2><p>El RandM Tornado 20000 Mixed Berry est\u00e1 preconfigurado para hasta 20.000 usos, mucho m\u00e1s que los cigarrillos electr\u00f3nicos desechables convencionales. Responde a la necesidad de un uso prolongado sin necesidad de sustituir el dispositivo con frecuencia, lo que lo hace especialmente adecuado para usuarios intensivos o viajes largos.<\/p><h2>Bater\u00eda de larga duraci\u00f3n y carga c\u00f3moda<\/h2><p>Bater\u00eda de litio recargable de 850 mAh de alta capacidad incorporada, compatible con la carga r\u00e1pida USB-C, para una carga m\u00e1s eficiente y estable. Garantiza una autonom\u00eda prolongada incluso durante un uso intensivo, para que puedas aprovechar al m\u00e1ximo el e-l\u00edquido de su interior.<\/p><h2>Gran reserva de e-l\u00edquido<\/h2><p>El RandM Tornado 20000 viene preinstalado con 20 ml de e-l\u00edquido de alta calidad, que ofrece concentraciones de nicotina de 2 % o 5 % para adaptarse a los gustos y necesidades de cada usuario. El e-l\u00edquido utiliza una f\u00f3rmula de alta calidad para garantizar un sabor puro y rico en cada calada, proporcion\u00e1ndole una experiencia de fumado suave y satisfactoria.<\/p><h2>Doble malla de resistencia y flujo de aire ajustable<\/h2><p>Adoptando la avanzada tecnolog\u00eda de resistencia de doble malla, mejora significativamente la eficiencia del calentamiento y la densidad del humo, para un sabor m\u00e1s suave e intenso. Gracias al sistema de resistencia ajustable incorporado, los usuarios pueden cambiar entre los modos de resistencia simple y doble seg\u00fan sus preferencias, y ajustar libremente entre succi\u00f3n ligera y fuerte. La resistencia se cambia f\u00e1cilmente en la pantalla t\u00e1ctil.<\/p><h2>Pantalla LED inteligente<\/h2><p>El RandM Tornado 20000 Mixed Berry est\u00e1 equipado con una pantalla LED inteligente que muestra la carga de la bater\u00eda y el nivel de e-l\u00edquido restante en tiempo real. Esto significa que puedes controlar el estado de tu dispositivo en todo momento, evitando fallos de alimentaci\u00f3n o quedarte sin e-l\u00edquido. Su dise\u00f1o intuitivo lo hace f\u00e1cil de usar, incluso para los principiantes.<\/p><h2>Moderno dise\u00f1o port\u00e1til<\/h2><p>Su dise\u00f1o elegante y moderno y su estuche ligero y f\u00e1cil de transportar caben f\u00e1cilmente en un bolsillo o bolso, por lo que son ideales para el uso diario, los viajes o las fiestas. Sus colores vivos y su elegante dise\u00f1o subrayan su estilo \u00fanico.<\/p><h2>Listo para usar nada m\u00e1s sacarlo de la caja, no requiere mantenimiento<\/h2><p>No es necesario a\u00f1adir e-l\u00edquido, sustituir el n\u00facleo del atomizador ni limpiarlo; no requiere mantenimiento. Est\u00e1 listo para usar nada m\u00e1s sacarlo de la caja, y su activaci\u00f3n autom\u00e1tica de caladas simplifica y acelera el proceso, por lo que es ideal para principiantes o usuarios que buscan una alternativa a los cigarrillos tradicionales.<\/p>\t\t\t\t\t\t\t\t<\/div>\n\t\t\t\t<\/div>\n\t\t\t\t\t<\/div>\n\t\t\t\t<\/div>\n\t\t\t\t<\/div>","protected":false},"excerpt":{"rendered":"<p>Carnaval de fruits aux Mixed Berry La saveur Fruits rouges, avec son exp\u00e9rience fruit\u00e9e riche et complexe, refl\u00e8te le romantisme et la libert\u00e9 de la France. Ce parfum allie la douceur des fraises, la fra\u00eecheur des myrtilles et l&rsquo;acidit\u00e9 des m\u00fbres, offrant un festin gustatif digne d&rsquo;un verger d&rsquo;\u00e9t\u00e9. Chaque bouff\u00e9e de fum\u00e9e est onctueuse, [&hellip;]<\/p>\n","protected":false},"featured_media":8449,"comment_status":"open","ping_status":"closed","template":"","meta":{"site-sidebar-layout":"no-sidebar","site-content-layout":"page-builder","ast-site-content-layout":"normal-width-container","site-content-style":"default","site-sidebar-style":"default","ast-global-header-display":"","ast-banner-title-visibility":"","ast-main-header-display":"","ast-hfb-above-header-display":"","ast-hfb-below-header-display":"","ast-hfb-mobile-header-display":"","site-post-title":"disabled","ast-breadcrumbs-content":"","ast-featured-img":"disabled","footer-sml-layout":"","ast-disable-related-posts":"","theme-transparent-header-meta":"default","adv-header-id-meta":"","stick-header-meta":"default","header-above-stick-meta":"","header-main-stick-meta":"","header-below-stick-meta":"","astra-migrate-meta-layouts":"set","ast-page-background-enabled":"default","ast-page-background-meta":{"desktop":{"background-color":"","background-image":"","background-repeat":"repeat","background-position":"center center","background-size":"auto","background-attachment":"scroll","background-type":"","background-media":"","overlay-type":"","overlay-color":"","overlay-opacity":"","overlay-gradient":""},"tablet":{"background-color":"","background-image":"","background-repeat":"repeat","background-position":"center center","background-size":"auto","background-attachment":"scroll","background-type":"","background-media":"","overlay-type":"","overlay-color":"","overlay-opacity":"","overlay-gradient":""},"mobile":{"background-color":"","background-image":"","background-repeat":"repeat","background-position":"center center","background-size":"auto","background-attachment":"scroll","background-type":"","background-media":"","overlay-type":"","overlay-color":"","overlay-opacity":"","overlay-gradient":""}},"ast-content-background-meta":{"desktop":{"background-color":"var(--ast-global-color-5)","background-image":"","background-repeat":"repeat","background-position":"center center","background-size":"auto","background-attachment":"scroll","background-type":"","background-media":"","overlay-type":"","overlay-color":"","overlay-opacity":"","overlay-gradient":""},"tablet":{"background-color":"var(--ast-global-color-5)","background-image":"","background-repeat":"repeat","background-position":"center center","background-size":"auto","background-attachment":"scroll","background-type":"","background-media":"","overlay-type":"","overlay-color":"","overlay-opacity":"","overlay-gradient":""},"mobile":{"background-color":"var(--ast-global-color-5)","background-image":"","background-repeat":"repeat","background-position":"center center","background-size":"auto","background-attachment":"scroll","background-type":"","background-media":"","overlay-type":"","overlay-color":"","overlay-opacity":"","overlay-gradient":""}}},"product_brand":[42],"product_cat":[46,85,77,15],"product_tag":[],"class_list":{"0":"post-4153","1":"product","2":"type-product","3":"status-publish","4":"has-post-thumbnail","6":"product_brand-randm-tornado","7":"product_cat-randm-tornado-20000-performances-fiables","8":"product_cat-puff-20k","9":"product_cat-entrepot-de-lue","10":"product_cat-magasin-cigarette-electronique","11":"desktop-align-center","12":"tablet-align-center","13":"mobile-align-center","14":"ast-product-gallery-layout-horizontal","15":"ast-product-single-variable","16":"ast-product-tabs-layout-horizontal","17":"ast-qv-on-image","19":"first","20":"instock","21":"sale","22":"shipping-taxable","23":"purchasable","24":"product-type-variable","25":"has-default-attributes"},"tiered_pricing_type":"fixed","tiered_pricing_fixed_rules":{"30":10.37,"60":9.19,"100":7.85,"200":7.69,"500":7.19,"1000":7.09},"tiered_pricing_product_settings":{"layout":"default","base_unit_name":{"singular":null,"plural":null},"default_variation":null},"tiered_pricing_minimum_quantity":null,"tiered_pricing_roles_data":[],"tiered_pricing_percentage_rules":[],"_links":{"self":[{"href":"https:\/\/puffvapestore.com\/es\/wp-json\/wp\/v2\/product\/4153","targetHints":{"allow":["GET"]}}],"collection":[{"href":"https:\/\/puffvapestore.com\/es\/wp-json\/wp\/v2\/product"}],"about":[{"href":"https:\/\/puffvapestore.com\/es\/wp-json\/wp\/v2\/types\/product"}],"replies":[{"embeddable":true,"href":"https:\/\/puffvapestore.com\/es\/wp-json\/wp\/v2\/comments?post=4153"}],"version-history":[{"count":8,"href":"https:\/\/puffvapestore.com\/es\/wp-json\/wp\/v2\/product\/4153\/revisions"}],"predecessor-version":[{"id":10730,"href":"https:\/\/puffvapestore.com\/es\/wp-json\/wp\/v2\/product\/4153\/revisions\/10730"}],"wp:featuredmedia":[{"embeddable":true,"href":"https:\/\/puffvapestore.com\/es\/wp-json\/wp\/v2\/media\/8449"}],"wp:attachment":[{"href":"https:\/\/puffvapestore.com\/es\/wp-json\/wp\/v2\/media?parent=4153"}],"wp:term":[{"taxonomy":"product_brand","embeddable":true,"href":"https:\/\/puffvapestore.com\/es\/wp-json\/wp\/v2\/product_brand?post=4153"},{"taxonomy":"product_cat","embeddable":true,"href":"https:\/\/puffvapestore.com\/es\/wp-json\/wp\/v2\/product_cat?post=4153"},{"taxonomy":"product_tag","embeddable":true,"href":"https:\/\/puffvapestore.com\/es\/wp-json\/wp\/v2\/product_tag?post=4153"}],"curies":[{"name":"wp","href":"https:\/\/api.w.org\/{rel}","templated":true}]}}