{"id":4144,"date":"2025-07-01T06:15:25","date_gmt":"2025-07-01T06:15:25","guid":{"rendered":"https:\/\/puffvapestore.com\/?post_type=product&#038;p=4144"},"modified":"2026-01-19T10:36:53","modified_gmt":"2026-01-19T10:36:53","slug":"peach-pineapple-orange-randm-tornado-20000","status":"publish","type":"product","link":"https:\/\/puffvapestore.com\/es\/product\/melocoton-pina-naranja-randm-tornado-20000\/","title":{"rendered":"RandM Tornado 20000 - Melocot\u00f3n Pi\u00f1a Naranja"},"content":{"rendered":"<div data-elementor-type=\"wp-post\" data-elementor-id=\"4144\" class=\"elementor elementor-4144\">\n\t\t\t\t<div class=\"elementor-element elementor-element-08c26f9 e-flex e-con-boxed e-con e-parent\" data-id=\"08c26f9\" data-element_type=\"container\" data-e-type=\"container\">\n\t\t\t\t\t<div class=\"e-con-inner\">\n\t\t\t\t<div class=\"elementor-element elementor-element-a005a97 elementor-widget elementor-widget-text-editor\" data-id=\"a005a97\" data-element_type=\"widget\" data-e-type=\"widget\" data-widget_type=\"text-editor.default\">\n\t\t\t\t<div class=\"elementor-widget-container\">\n\t\t\t\t\t\t\t\t\t<p>El sabor Melocot\u00f3n Pi\u00f1a Naranja aporta un toque de color a tus fiestas con su sabor fresco, dulce y complejo. Es un cigarrillo electr\u00f3nico excelente para animar el ambiente en una reuni\u00f3n distendida con los compa\u00f1eros despu\u00e9s del trabajo.<\/p><h2>Sabor : Fresco, afrutado, tropical<\/h2><p>Peach Pineapple Orange es la mezcla perfecta de melocot\u00f3n dulce, pi\u00f1a agridulce y naranja refrescante. Con cada calada, el dulce aroma del melocot\u00f3n florece primero en la punta de la lengua, aportando una dulzura sedosa, como la de un melocot\u00f3n maduro y jugoso. A continuaci\u00f3n, el sabor ligeramente \u00e1cido y tropical de la pi\u00f1a te envuelve, infundiendo un toque de vitalidad a tus papilas gustativas. Por \u00faltimo, el fresco aroma c\u00edtrico de la naranja termina delicadamente, dejando un agradable regusto. Ni demasiado dulce ni demasiado grasa, esta triple mezcla afrutada ofrece una experiencia refrescante a cada calada, ideal para los paladares franceses que buscan refinamiento y equilibrio.<\/p><p>Imag\u00ednese en un bar de moda de las calles de Par\u00eds, por la noche, sentado en la terraza con sus colegas para compartir las alegr\u00edas del d\u00eda. Saca el cigarrillo electr\u00f3nico RandM Tornado 20000 y da una calada al sabor Melocot\u00f3n Pi\u00f1a Naranja. El aroma afrutado impregna el aire, como si el sol del verano y las playas tropicales se alejaran esta tarde. La uni\u00f3n del dulce melocot\u00f3n y la pi\u00f1a aporta un toque juguet\u00f3n a la conversaci\u00f3n informal, mientras que el refrescante regusto a naranja hace que cada calada sea tan fresca como la brisa, encajando perfectamente en el ambiente rom\u00e1ntico y social de Francia.<\/p>\t\t\t\t\t\t\t\t<\/div>\n\t\t\t\t<\/div>\n\t\t\t\t\t<\/div>\n\t\t\t\t<\/div>\n\t\t<div class=\"elementor-element elementor-element-718b380 e-flex e-con-boxed e-con e-parent\" data-id=\"718b380\" data-element_type=\"container\" data-e-type=\"container\">\n\t\t\t\t\t<div class=\"e-con-inner\">\n\t\t\t\t<div class=\"elementor-element elementor-element-d2cc8fa elementor-widget elementor-widget-text-editor\" data-id=\"d2cc8fa\" data-element_type=\"widget\" data-e-type=\"widget\" data-widget_type=\"text-editor.default\">\n\t\t\t\t<div class=\"elementor-widget-container\">\n\t\t\t\t\t\t\t\t\t<h2>20.000 inhalaciones para un uso prolongado<\/h2><p>El RandM Tornado 20000 Peach Pineapple Orange est\u00e1 preconfigurado para hasta 20.000 usos, mucho m\u00e1s que los cigarrillos electr\u00f3nicos desechables convencionales. Responde a la necesidad de un uso prolongado sin necesidad de sustituir el dispositivo con frecuencia, lo que lo hace especialmente adecuado para usuarios intensivos o viajes largos.<\/p><h2>Bater\u00eda de larga duraci\u00f3n y carga c\u00f3moda<\/h2><p>Bater\u00eda de litio recargable de 850 mAh de alta capacidad incorporada, compatible con la carga r\u00e1pida USB-C, para una carga m\u00e1s eficiente y estable. Garantiza una autonom\u00eda prolongada incluso durante un uso intensivo, para que puedas aprovechar al m\u00e1ximo el e-l\u00edquido de su interior.<\/p><h2>Gran reserva de e-l\u00edquido<\/h2><p>El RandM Tornado 20000 Melocot\u00f3n Pi\u00f1a Naranja viene preinstalado con 20 ml de e-l\u00edquido de alta calidad, que ofrece concentraciones de nicotina de 2 % o 5 % para adaptarse a los gustos y necesidades de cada usuario. El e-l\u00edquido utiliza una f\u00f3rmula de alta calidad para garantizar un sabor puro y rico en cada calada, proporcion\u00e1ndole una experiencia de fumada suave y satisfactoria.<\/p><h2>Doble malla de resistencia y flujo de aire ajustable<\/h2><p>Adoptando la avanzada tecnolog\u00eda de resistencia de doble malla, mejora significativamente la eficiencia del calentamiento y la densidad del humo, para un sabor m\u00e1s suave e intenso. Gracias al sistema de resistencia ajustable incorporado, los usuarios pueden cambiar entre los modos de resistencia simple y doble seg\u00fan sus preferencias, y ajustar libremente entre succi\u00f3n ligera y fuerte. La resistencia se cambia f\u00e1cilmente en la pantalla t\u00e1ctil.<\/p><h2>Pantalla LED inteligente<\/h2><p>El RandM Tornado 20000 Peach Pineapple Orange est\u00e1 equipado con una pantalla LED inteligente que muestra la carga de la bater\u00eda y el nivel de e-l\u00edquido restante en tiempo real. Esto significa que puede controlar el estado de su dispositivo en todo momento, evitando cortes de energ\u00eda o quedarse sin e-l\u00edquido. Su dise\u00f1o intuitivo lo hace f\u00e1cil de usar, incluso para los principiantes.<\/p><h2>Moderno dise\u00f1o port\u00e1til<\/h2><p>Su dise\u00f1o elegante y moderno y su estuche ligero y f\u00e1cil de transportar caben f\u00e1cilmente en un bolsillo o bolso, por lo que son ideales para el uso diario, los viajes o las fiestas. Sus colores vivos y su elegante dise\u00f1o subrayan su estilo \u00fanico.<\/p><h2>Listo para usar nada m\u00e1s sacarlo de la caja, no requiere mantenimiento<\/h2><p>No es necesario a\u00f1adir e-l\u00edquido, sustituir el n\u00facleo del atomizador ni limpiarlo; no requiere mantenimiento. Est\u00e1 listo para usar nada m\u00e1s sacarlo de la caja, y su activaci\u00f3n autom\u00e1tica de caladas simplifica y acelera el proceso, por lo que es ideal para principiantes o usuarios que buscan una alternativa a los cigarrillos tradicionales.<\/p>\t\t\t\t\t\t\t\t<\/div>\n\t\t\t\t<\/div>\n\t\t\t\t\t<\/div>\n\t\t\t\t<\/div>\n\t\t\t\t<\/div>","protected":false},"excerpt":{"rendered":"<p>La saveur P\u00eache Ananas Orange apporte une touche de couleur \u00e0 vos r\u00e9ceptions gr\u00e2ce \u00e0 sa saveur fra\u00eeche, sucr\u00e9e et complexe. C&rsquo;est une excellente cigarette \u00e9lectronique pour \u00e9gayer l&rsquo;atmosph\u00e8re lors d&rsquo;une r\u00e9union d\u00e9contract\u00e9e entre coll\u00e8gues apr\u00e8s le travail. Caract\u00e9ristiques gustatives : Frais, fruit\u00e9, tropical La saveur P\u00eache Ananas Orange allie parfaitement p\u00eache sucr\u00e9e, ananas aigre-doux [&hellip;]<\/p>\n","protected":false},"featured_media":8453,"comment_status":"open","ping_status":"closed","template":"","meta":{"site-sidebar-layout":"no-sidebar","site-content-layout":"page-builder","ast-site-content-layout":"normal-width-container","site-content-style":"default","site-sidebar-style":"default","ast-global-header-display":"","ast-banner-title-visibility":"","ast-main-header-display":"","ast-hfb-above-header-display":"","ast-hfb-below-header-display":"","ast-hfb-mobile-header-display":"","site-post-title":"disabled","ast-breadcrumbs-content":"","ast-featured-img":"disabled","footer-sml-layout":"","ast-disable-related-posts":"","theme-transparent-header-meta":"default","adv-header-id-meta":"","stick-header-meta":"default","header-above-stick-meta":"","header-main-stick-meta":"","header-below-stick-meta":"","astra-migrate-meta-layouts":"set","ast-page-background-enabled":"default","ast-page-background-meta":{"desktop":{"background-color":"","background-image":"","background-repeat":"repeat","background-position":"center center","background-size":"auto","background-attachment":"scroll","background-type":"","background-media":"","overlay-type":"","overlay-color":"","overlay-opacity":"","overlay-gradient":""},"tablet":{"background-color":"","background-image":"","background-repeat":"repeat","background-position":"center center","background-size":"auto","background-attachment":"scroll","background-type":"","background-media":"","overlay-type":"","overlay-color":"","overlay-opacity":"","overlay-gradient":""},"mobile":{"background-color":"","background-image":"","background-repeat":"repeat","background-position":"center center","background-size":"auto","background-attachment":"scroll","background-type":"","background-media":"","overlay-type":"","overlay-color":"","overlay-opacity":"","overlay-gradient":""}},"ast-content-background-meta":{"desktop":{"background-color":"var(--ast-global-color-5)","background-image":"","background-repeat":"repeat","background-position":"center center","background-size":"auto","background-attachment":"scroll","background-type":"","background-media":"","overlay-type":"","overlay-color":"","overlay-opacity":"","overlay-gradient":""},"tablet":{"background-color":"var(--ast-global-color-5)","background-image":"","background-repeat":"repeat","background-position":"center center","background-size":"auto","background-attachment":"scroll","background-type":"","background-media":"","overlay-type":"","overlay-color":"","overlay-opacity":"","overlay-gradient":""},"mobile":{"background-color":"var(--ast-global-color-5)","background-image":"","background-repeat":"repeat","background-position":"center center","background-size":"auto","background-attachment":"scroll","background-type":"","background-media":"","overlay-type":"","overlay-color":"","overlay-opacity":"","overlay-gradient":""}}},"product_brand":[42],"product_cat":[46,85,77,15],"product_tag":[],"class_list":{"0":"post-4144","1":"product","2":"type-product","3":"status-publish","4":"has-post-thumbnail","6":"product_brand-randm-tornado","7":"product_cat-randm-tornado-20000-performances-fiables","8":"product_cat-puff-20k","9":"product_cat-entrepot-de-lue","10":"product_cat-magasin-cigarette-electronique","11":"desktop-align-center","12":"tablet-align-center","13":"mobile-align-center","14":"ast-product-gallery-layout-horizontal","15":"ast-product-single-variable","16":"ast-product-tabs-layout-horizontal","17":"ast-qv-on-image","19":"first","20":"instock","21":"sale","22":"shipping-taxable","23":"purchasable","24":"product-type-variable","25":"has-default-attributes"},"tiered_pricing_type":"fixed","tiered_pricing_fixed_rules":{"30":10.37,"60":9.19,"100":7.85,"200":7.69,"500":7.19,"1000":7.09},"tiered_pricing_product_settings":{"layout":"default","base_unit_name":{"singular":null,"plural":null},"default_variation":null},"tiered_pricing_minimum_quantity":null,"tiered_pricing_roles_data":[],"tiered_pricing_percentage_rules":[],"_links":{"self":[{"href":"https:\/\/puffvapestore.com\/es\/wp-json\/wp\/v2\/product\/4144","targetHints":{"allow":["GET"]}}],"collection":[{"href":"https:\/\/puffvapestore.com\/es\/wp-json\/wp\/v2\/product"}],"about":[{"href":"https:\/\/puffvapestore.com\/es\/wp-json\/wp\/v2\/types\/product"}],"replies":[{"embeddable":true,"href":"https:\/\/puffvapestore.com\/es\/wp-json\/wp\/v2\/comments?post=4144"}],"version-history":[{"count":7,"href":"https:\/\/puffvapestore.com\/es\/wp-json\/wp\/v2\/product\/4144\/revisions"}],"predecessor-version":[{"id":10316,"href":"https:\/\/puffvapestore.com\/es\/wp-json\/wp\/v2\/product\/4144\/revisions\/10316"}],"wp:featuredmedia":[{"embeddable":true,"href":"https:\/\/puffvapestore.com\/es\/wp-json\/wp\/v2\/media\/8453"}],"wp:attachment":[{"href":"https:\/\/puffvapestore.com\/es\/wp-json\/wp\/v2\/media?parent=4144"}],"wp:term":[{"taxonomy":"product_brand","embeddable":true,"href":"https:\/\/puffvapestore.com\/es\/wp-json\/wp\/v2\/product_brand?post=4144"},{"taxonomy":"product_cat","embeddable":true,"href":"https:\/\/puffvapestore.com\/es\/wp-json\/wp\/v2\/product_cat?post=4144"},{"taxonomy":"product_tag","embeddable":true,"href":"https:\/\/puffvapestore.com\/es\/wp-json\/wp\/v2\/product_tag?post=4144"}],"curies":[{"name":"wp","href":"https:\/\/api.w.org\/{rel}","templated":true}]}}